{"id":423,"date":"2021-01-02T23:34:14","date_gmt":"2021-01-03T01:34:14","guid":{"rendered":"http:\/\/sites.usp.br\/arqueotrop\/?page_id=423"},"modified":"2021-06-02T23:52:50","modified_gmt":"2021-06-03T01:52:50","slug":"noticias","status":"publish","type":"page","link":"https:\/\/sites.usp.br\/arqueotrop\/noticias\/","title":{"rendered":"Not\u00edcias"},"content":{"rendered":"\t\t<div data-elementor-type=\"wp-page\" data-elementor-id=\"423\" class=\"elementor elementor-423\" data-elementor-post-type=\"page\">\n\t\t\t\t\t\t<section class=\"elementor-section elementor-top-section elementor-element elementor-element-e89a2ff elementor-section-boxed elementor-section-height-default elementor-section-height-default\" data-id=\"e89a2ff\" data-element_type=\"section\">\n\t\t\t\t\t\t<div class=\"elementor-container elementor-column-gap-no\">\n\t\t\t\t\t<div class=\"elementor-column elementor-col-100 elementor-top-column elementor-element elementor-element-25f26b8\" data-id=\"25f26b8\" data-element_type=\"column\">\n\t\t\t<div class=\"elementor-widget-wrap elementor-element-populated\">\n\t\t\t\t\t\t<div class=\"elementor-element elementor-element-1cc8f25 elementor-widget-divider--view-line elementor-widget elementor-widget-divider\" data-id=\"1cc8f25\" data-element_type=\"widget\" data-widget_type=\"divider.default\">\n\t\t\t\t<div class=\"elementor-widget-container\">\n\t\t\t\t\t<div class=\"elementor-divider\">\n\t\t\t<span class=\"elementor-divider-separator\">\n\t\t\t\t\t\t<\/span>\n\t\t<\/div>\n\t\t\t\t<\/div>\n\t\t\t\t<\/div>\n\t\t\t\t\t<\/div>\n\t\t<\/div>\n\t\t\t\t\t<\/div>\n\t\t<\/section>\n\t\t\t\t<section class=\"elementor-section elementor-top-section elementor-element elementor-element-8128a9a elementor-section-boxed elementor-section-height-default elementor-section-height-default\" data-id=\"8128a9a\" data-element_type=\"section\">\n\t\t\t\t\t\t<div class=\"elementor-container elementor-column-gap-no\">\n\t\t\t\t\t<div class=\"elementor-column elementor-col-100 elementor-top-column elementor-element elementor-element-28bf994\" data-id=\"28bf994\" data-element_type=\"column\">\n\t\t\t<div class=\"elementor-widget-wrap elementor-element-populated\">\n\t\t\t\t\t\t<div class=\"elementor-element elementor-element-a85e200 elementor-grid-3 elementor-grid-tablet-2 elementor-grid-mobile-1 elementor-posts--thumbnail-top elementor-card-shadow-yes elementor-posts__hover-gradient elementor-widget elementor-widget-posts\" data-id=\"a85e200\" data-element_type=\"widget\" data-settings=\"{&quot;pagination_type&quot;:&quot;numbers_and_prev_next&quot;,&quot;cards_row_gap&quot;:{&quot;unit&quot;:&quot;px&quot;,&quot;size&quot;:25,&quot;sizes&quot;:[]},&quot;cards_columns&quot;:&quot;3&quot;,&quot;cards_columns_tablet&quot;:&quot;2&quot;,&quot;cards_columns_mobile&quot;:&quot;1&quot;,&quot;cards_row_gap_tablet&quot;:{&quot;unit&quot;:&quot;px&quot;,&quot;size&quot;:&quot;&quot;,&quot;sizes&quot;:[]},&quot;cards_row_gap_mobile&quot;:{&quot;unit&quot;:&quot;px&quot;,&quot;size&quot;:&quot;&quot;,&quot;sizes&quot;:[]}}\" data-widget_type=\"posts.cards\">\n\t\t\t\t<div class=\"elementor-widget-container\">\n\t\t\t\t\t<div class=\"elementor-posts-container elementor-posts elementor-posts--skin-cards elementor-grid\">\n\t\t\t\t<article class=\"elementor-post elementor-grid-item post-1766 post type-post status-publish format-standard has-post-thumbnail hentry category-noticias entry has-media\">\n\t\t\t<div class=\"elementor-post__card\">\n\t\t\t\t<a class=\"elementor-post__thumbnail__link\" href=\"https:\/\/sites.usp.br\/arqueotrop\/revisao-arqueologica-da-floresta-amazonica\/\" tabindex=\"-1\" ><div class=\"elementor-post__thumbnail\"><img fetchpriority=\"high\" decoding=\"async\" width=\"300\" height=\"169\" src=\"https:\/\/sites.usp.br\/arqueotrop\/wp-content\/uploads\/sites\/792\/2021\/09\/CULT_273_Imagens-site10-300x169.jpg\" class=\"attachment-medium size-medium wp-image-1769\" alt=\"\" srcset=\"https:\/\/sites.usp.br\/arqueotrop\/wp-content\/uploads\/sites\/792\/2021\/09\/CULT_273_Imagens-site10-300x169.jpg 300w, https:\/\/sites.usp.br\/arqueotrop\/wp-content\/uploads\/sites\/792\/2021\/09\/CULT_273_Imagens-site10-1024x576.jpg 1024w, https:\/\/sites.usp.br\/arqueotrop\/wp-content\/uploads\/sites\/792\/2021\/09\/CULT_273_Imagens-site10-768x432.jpg 768w, https:\/\/sites.usp.br\/arqueotrop\/wp-content\/uploads\/sites\/792\/2021\/09\/CULT_273_Imagens-site10-1536x864.jpg 1536w, https:\/\/sites.usp.br\/arqueotrop\/wp-content\/uploads\/sites\/792\/2021\/09\/CULT_273_Imagens-site10-205x115.jpg 205w, https:\/\/sites.usp.br\/arqueotrop\/wp-content\/uploads\/sites\/792\/2021\/09\/CULT_273_Imagens-site10-310x174.jpg 310w, https:\/\/sites.usp.br\/arqueotrop\/wp-content\/uploads\/sites\/792\/2021\/09\/CULT_273_Imagens-site10-400x225.jpg 400w, https:\/\/sites.usp.br\/arqueotrop\/wp-content\/uploads\/sites\/792\/2021\/09\/CULT_273_Imagens-site10.jpg 1667w\" sizes=\"(max-width: 300px) 100vw, 300px\" \/><\/div><\/a>\n\t\t\t\t<div class=\"elementor-post__text\">\n\t\t\t\t<h3 class=\"elementor-post__title\">\n\t\t\t<a href=\"https:\/\/sites.usp.br\/arqueotrop\/revisao-arqueologica-da-floresta-amazonica\/\" >\n\t\t\t\tRevis\u00e3o arqueol\u00f3gica da Floresta Amaz\u00f4nica\t\t\t<\/a>\n\t\t<\/h3>\n\t\t\t\t<div class=\"elementor-post__excerpt\">\n\t\t\t<p>(Ilustra\u00e7\u00e3o: Reprodu\u00e7\u00e3o\/J. C. Mikan) Por Sandra Pandel\u00f3 para a Revista Cult, edi\u00e7\u00e3o de 1 de detembro de 2021 Revis\u00e3o arqueol\u00f3gica da Floresta Amaz\u00f4nica Pesquisas comandadas<\/p>\n\t\t<\/div>\n\t\t\n\t\t<a class=\"elementor-post__read-more\" href=\"https:\/\/sites.usp.br\/arqueotrop\/revisao-arqueologica-da-floresta-amazonica\/\" aria-label=\"Read more about Revis\u00e3o arqueol\u00f3gica da Floresta Amaz\u00f4nica\" tabindex=\"-1\" >\n\t\t\tLeia mais \u00bb\t\t<\/a>\n\n\t\t\t\t<\/div>\n\t\t\t\t<div class=\"elementor-post__meta-data\">\n\t\t\t\t\t<span class=\"elementor-post-date\">\n\t\t\t17\/09\/2021\t\t<\/span>\n\t\t\t\t<\/div>\n\t\t\t\t\t<\/div>\n\t\t<\/article>\n\t\t\t\t<article class=\"elementor-post elementor-grid-item post-1437 post type-post status-publish format-standard has-post-thumbnail hentry category-noticias entry has-media\">\n\t\t\t<div class=\"elementor-post__card\">\n\t\t\t\t<a class=\"elementor-post__thumbnail__link\" href=\"https:\/\/sites.usp.br\/arqueotrop\/passei-duas-semanas-trabalhando-em-campo-sem-saber-da-pandemia-de-covid-19\/\" tabindex=\"-1\" ><div class=\"elementor-post__thumbnail\"><img decoding=\"async\" width=\"300\" height=\"169\" src=\"https:\/\/sites.usp.br\/arqueotrop\/wp-content\/uploads\/sites\/792\/2021\/06\/WhatsApp-Image-2020-04-25-at-14.11.39-300x169.jpeg\" class=\"attachment-medium size-medium wp-image-1438\" alt=\"\" srcset=\"https:\/\/sites.usp.br\/arqueotrop\/wp-content\/uploads\/sites\/792\/2021\/06\/WhatsApp-Image-2020-04-25-at-14.11.39-300x169.jpeg 300w, https:\/\/sites.usp.br\/arqueotrop\/wp-content\/uploads\/sites\/792\/2021\/06\/WhatsApp-Image-2020-04-25-at-14.11.39-1024x576.jpeg 1024w, https:\/\/sites.usp.br\/arqueotrop\/wp-content\/uploads\/sites\/792\/2021\/06\/WhatsApp-Image-2020-04-25-at-14.11.39-768x432.jpeg 768w, https:\/\/sites.usp.br\/arqueotrop\/wp-content\/uploads\/sites\/792\/2021\/06\/WhatsApp-Image-2020-04-25-at-14.11.39-205x115.jpeg 205w, https:\/\/sites.usp.br\/arqueotrop\/wp-content\/uploads\/sites\/792\/2021\/06\/WhatsApp-Image-2020-04-25-at-14.11.39-310x174.jpeg 310w, https:\/\/sites.usp.br\/arqueotrop\/wp-content\/uploads\/sites\/792\/2021\/06\/WhatsApp-Image-2020-04-25-at-14.11.39-400x225.jpeg 400w, https:\/\/sites.usp.br\/arqueotrop\/wp-content\/uploads\/sites\/792\/2021\/06\/WhatsApp-Image-2020-04-25-at-14.11.39.jpeg 1140w\" sizes=\"(max-width: 300px) 100vw, 300px\" \/><\/div><\/a>\n\t\t\t\t<div class=\"elementor-post__text\">\n\t\t\t\t<h3 class=\"elementor-post__title\">\n\t\t\t<a href=\"https:\/\/sites.usp.br\/arqueotrop\/passei-duas-semanas-trabalhando-em-campo-sem-saber-da-pandemia-de-covid-19\/\" >\n\t\t\t\t\u201cPassei duas semanas trabalhando em campo sem saber da pandemia de Covid-19\u201d\t\t\t<\/a>\n\t\t<\/h3>\n\t\t\t\t<div class=\"elementor-post__excerpt\">\n\t\t\t<p>Embarquei para Porto Velho, em Rond\u00f4nia, no dia 29 de fevereiro, um s\u00e1bado, logo ap\u00f3s o Carnaval. De l\u00e1, segui de \u00f4nibus e, depois, de<\/p>\n\t\t<\/div>\n\t\t\n\t\t<a class=\"elementor-post__read-more\" href=\"https:\/\/sites.usp.br\/arqueotrop\/passei-duas-semanas-trabalhando-em-campo-sem-saber-da-pandemia-de-covid-19\/\" aria-label=\"Read more about \u201cPassei duas semanas trabalhando em campo sem saber da pandemia de Covid-19\u201d\" tabindex=\"-1\" >\n\t\t\tLeia mais \u00bb\t\t<\/a>\n\n\t\t\t\t<\/div>\n\t\t\t\t<div class=\"elementor-post__meta-data\">\n\t\t\t\t\t<span class=\"elementor-post-date\">\n\t\t\t09\/06\/2021\t\t<\/span>\n\t\t\t\t<\/div>\n\t\t\t\t\t<\/div>\n\t\t<\/article>\n\t\t\t\t<article class=\"elementor-post elementor-grid-item post-1434 post type-post status-publish format-standard has-post-thumbnail hentry category-noticias entry has-media\">\n\t\t\t<div class=\"elementor-post__card\">\n\t\t\t\t<a class=\"elementor-post__thumbnail__link\" href=\"https:\/\/sites.usp.br\/arqueotrop\/dossie-arqueologia-do-alto-rio-madeira\/\" tabindex=\"-1\" ><div class=\"elementor-post__thumbnail\"><img decoding=\"async\" width=\"245\" height=\"300\" src=\"https:\/\/sites.usp.br\/arqueotrop\/wp-content\/uploads\/sites\/792\/2021\/06\/Boletim-Goeldi-Alto-Madeira-245x300.jpg\" class=\"attachment-medium size-medium wp-image-1435\" alt=\"\" srcset=\"https:\/\/sites.usp.br\/arqueotrop\/wp-content\/uploads\/sites\/792\/2021\/06\/Boletim-Goeldi-Alto-Madeira-245x300.jpg 245w, https:\/\/sites.usp.br\/arqueotrop\/wp-content\/uploads\/sites\/792\/2021\/06\/Boletim-Goeldi-Alto-Madeira-837x1024.jpg 837w, https:\/\/sites.usp.br\/arqueotrop\/wp-content\/uploads\/sites\/792\/2021\/06\/Boletim-Goeldi-Alto-Madeira-768x939.jpg 768w, https:\/\/sites.usp.br\/arqueotrop\/wp-content\/uploads\/sites\/792\/2021\/06\/Boletim-Goeldi-Alto-Madeira-205x251.jpg 205w, https:\/\/sites.usp.br\/arqueotrop\/wp-content\/uploads\/sites\/792\/2021\/06\/Boletim-Goeldi-Alto-Madeira-400x489.jpg 400w, https:\/\/sites.usp.br\/arqueotrop\/wp-content\/uploads\/sites\/792\/2021\/06\/Boletim-Goeldi-Alto-Madeira.jpg 1224w\" sizes=\"(max-width: 245px) 100vw, 245px\" \/><\/div><\/a>\n\t\t\t\t<div class=\"elementor-post__text\">\n\t\t\t\t<h3 class=\"elementor-post__title\">\n\t\t\t<a href=\"https:\/\/sites.usp.br\/arqueotrop\/dossie-arqueologia-do-alto-rio-madeira\/\" >\n\t\t\t\tDossi\u00ea &#8216;Arqueologia do alto rio Madeira&#8217;\t\t\t<\/a>\n\t\t<\/h3>\n\t\t\t\t<div class=\"elementor-post__excerpt\">\n\t\t\t<p>Dossi\u00ea &#8216;Arqueologia do alto rio Madeira&#8217;, Boletim do Museu Paraense Em\u00edlio Goeldi. Ci\u00eancias Humanas, Volume: 15, N\u00famero: 2, publicado em 2020. Link: https:\/\/www.scielo.br\/j\/bgoeldi\/i\/2020.v15n2\/?section=DOSSI%C3%8A<\/p>\n\t\t<\/div>\n\t\t\n\t\t<a class=\"elementor-post__read-more\" href=\"https:\/\/sites.usp.br\/arqueotrop\/dossie-arqueologia-do-alto-rio-madeira\/\" aria-label=\"Read more about Dossi\u00ea &#8216;Arqueologia do alto rio Madeira&#8217;\" tabindex=\"-1\" >\n\t\t\tLeia mais \u00bb\t\t<\/a>\n\n\t\t\t\t<\/div>\n\t\t\t\t<div class=\"elementor-post__meta-data\">\n\t\t\t\t\t<span class=\"elementor-post-date\">\n\t\t\t09\/06\/2021\t\t<\/span>\n\t\t\t\t<\/div>\n\t\t\t\t\t<\/div>\n\t\t<\/article>\n\t\t\t\t<article class=\"elementor-post elementor-grid-item post-1430 post type-post status-publish format-standard has-post-thumbnail hentry category-noticias entry has-media\">\n\t\t\t<div class=\"elementor-post__card\">\n\t\t\t\t<a class=\"elementor-post__thumbnail__link\" href=\"https:\/\/sites.usp.br\/arqueotrop\/direct-archaeological-evidence-for-southwestern-amazonia-as-an-early-plant-domestication-and-food-production-centre\/\" tabindex=\"-1\" ><div class=\"elementor-post__thumbnail\"><img loading=\"lazy\" decoding=\"async\" width=\"300\" height=\"204\" src=\"https:\/\/sites.usp.br\/arqueotrop\/wp-content\/uploads\/sites\/792\/2021\/06\/Fitolitos-Watling-et-al-2018-300x204.png\" class=\"attachment-medium size-medium wp-image-1431\" alt=\"\" srcset=\"https:\/\/sites.usp.br\/arqueotrop\/wp-content\/uploads\/sites\/792\/2021\/06\/Fitolitos-Watling-et-al-2018-300x204.png 300w, https:\/\/sites.usp.br\/arqueotrop\/wp-content\/uploads\/sites\/792\/2021\/06\/Fitolitos-Watling-et-al-2018-1024x697.png 1024w, https:\/\/sites.usp.br\/arqueotrop\/wp-content\/uploads\/sites\/792\/2021\/06\/Fitolitos-Watling-et-al-2018-768x523.png 768w, https:\/\/sites.usp.br\/arqueotrop\/wp-content\/uploads\/sites\/792\/2021\/06\/Fitolitos-Watling-et-al-2018-1536x1046.png 1536w, https:\/\/sites.usp.br\/arqueotrop\/wp-content\/uploads\/sites\/792\/2021\/06\/Fitolitos-Watling-et-al-2018-2048x1395.png 2048w, https:\/\/sites.usp.br\/arqueotrop\/wp-content\/uploads\/sites\/792\/2021\/06\/Fitolitos-Watling-et-al-2018-205x140.png 205w, https:\/\/sites.usp.br\/arqueotrop\/wp-content\/uploads\/sites\/792\/2021\/06\/Fitolitos-Watling-et-al-2018-400x272.png 400w\" sizes=\"(max-width: 300px) 100vw, 300px\" \/><\/div><\/a>\n\t\t\t\t<div class=\"elementor-post__text\">\n\t\t\t\t<h3 class=\"elementor-post__title\">\n\t\t\t<a href=\"https:\/\/sites.usp.br\/arqueotrop\/direct-archaeological-evidence-for-southwestern-amazonia-as-an-early-plant-domestication-and-food-production-centre\/\" >\n\t\t\t\tDirect archaeological evidence for Southwestern Amazonia as an early plant domestication and food production centre\t\t\t<\/a>\n\t\t<\/h3>\n\t\t\t\t<div class=\"elementor-post__excerpt\">\n\t\t\t<p>Jennifer Watling; Myrtle P. Shock; Guilherme Z. Mongel\u00f3; Fernando O. Almeida; Thiago Kater; Paulo E. de Oliveira &amp; Eduardo G. Neves &nbsp; Resumo Southwestern Amazonia<\/p>\n\t\t<\/div>\n\t\t\n\t\t<a class=\"elementor-post__read-more\" href=\"https:\/\/sites.usp.br\/arqueotrop\/direct-archaeological-evidence-for-southwestern-amazonia-as-an-early-plant-domestication-and-food-production-centre\/\" aria-label=\"Read more about Direct archaeological evidence for Southwestern Amazonia as an early plant domestication and food production centre\" tabindex=\"-1\" >\n\t\t\tLeia mais \u00bb\t\t<\/a>\n\n\t\t\t\t<\/div>\n\t\t\t\t<div class=\"elementor-post__meta-data\">\n\t\t\t\t\t<span class=\"elementor-post-date\">\n\t\t\t09\/06\/2021\t\t<\/span>\n\t\t\t\t<\/div>\n\t\t\t\t\t<\/div>\n\t\t<\/article>\n\t\t\t\t<article class=\"elementor-post elementor-grid-item post-1427 post type-post status-publish format-standard has-post-thumbnail hentry category-noticias entry has-media\">\n\t\t\t<div class=\"elementor-post__card\">\n\t\t\t\t<a class=\"elementor-post__thumbnail__link\" href=\"https:\/\/sites.usp.br\/arqueotrop\/as-cachoeiras-como-bolsoes-de-historias-dos-grupos-indigenas-das-terras-baixas-sul-americanas\/\" tabindex=\"-1\" ><div class=\"elementor-post__thumbnail\"><img loading=\"lazy\" decoding=\"async\" width=\"300\" height=\"199\" src=\"https:\/\/sites.usp.br\/arqueotrop\/wp-content\/uploads\/sites\/792\/2021\/06\/Cachoeira-do-Teotonio-Luiz-Claudio-Marigo-300x199.jpg\" class=\"attachment-medium size-medium wp-image-1428\" alt=\"\" srcset=\"https:\/\/sites.usp.br\/arqueotrop\/wp-content\/uploads\/sites\/792\/2021\/06\/Cachoeira-do-Teotonio-Luiz-Claudio-Marigo-300x199.jpg 300w, https:\/\/sites.usp.br\/arqueotrop\/wp-content\/uploads\/sites\/792\/2021\/06\/Cachoeira-do-Teotonio-Luiz-Claudio-Marigo-1024x680.jpg 1024w, https:\/\/sites.usp.br\/arqueotrop\/wp-content\/uploads\/sites\/792\/2021\/06\/Cachoeira-do-Teotonio-Luiz-Claudio-Marigo-768x510.jpg 768w, https:\/\/sites.usp.br\/arqueotrop\/wp-content\/uploads\/sites\/792\/2021\/06\/Cachoeira-do-Teotonio-Luiz-Claudio-Marigo-205x136.jpg 205w, https:\/\/sites.usp.br\/arqueotrop\/wp-content\/uploads\/sites\/792\/2021\/06\/Cachoeira-do-Teotonio-Luiz-Claudio-Marigo-400x266.jpg 400w, https:\/\/sites.usp.br\/arqueotrop\/wp-content\/uploads\/sites\/792\/2021\/06\/Cachoeira-do-Teotonio-Luiz-Claudio-Marigo.jpg 1200w\" sizes=\"(max-width: 300px) 100vw, 300px\" \/><\/div><\/a>\n\t\t\t\t<div class=\"elementor-post__text\">\n\t\t\t\t<h3 class=\"elementor-post__title\">\n\t\t\t<a href=\"https:\/\/sites.usp.br\/arqueotrop\/as-cachoeiras-como-bolsoes-de-historias-dos-grupos-indigenas-das-terras-baixas-sul-americanas\/\" >\n\t\t\t\tAs cachoeiras como bols\u00f5es de hist\u00f3rias dos grupos ind\u00edgenas das terras baixas sul-americanas\t\t\t<\/a>\n\t\t<\/h3>\n\t\t\t\t<div class=\"elementor-post__excerpt\">\n\t\t\t<p>Fernando Ozorio de Almeida Thiago Kater &nbsp; Resumo O artigo discute o papel das cachoeiras como locais que por milhares de anos foram constantemente visitados<\/p>\n\t\t<\/div>\n\t\t\n\t\t<a class=\"elementor-post__read-more\" href=\"https:\/\/sites.usp.br\/arqueotrop\/as-cachoeiras-como-bolsoes-de-historias-dos-grupos-indigenas-das-terras-baixas-sul-americanas\/\" aria-label=\"Read more about As cachoeiras como bols\u00f5es de hist\u00f3rias dos grupos ind\u00edgenas das terras baixas sul-americanas\" tabindex=\"-1\" >\n\t\t\tLeia mais \u00bb\t\t<\/a>\n\n\t\t\t\t<\/div>\n\t\t\t\t<div class=\"elementor-post__meta-data\">\n\t\t\t\t\t<span class=\"elementor-post-date\">\n\t\t\t09\/06\/2021\t\t<\/span>\n\t\t\t\t<\/div>\n\t\t\t\t\t<\/div>\n\t\t<\/article>\n\t\t\t\t<article class=\"elementor-post elementor-grid-item post-1421 post type-post status-publish format-standard has-post-thumbnail hentry category-noticias entry has-media\">\n\t\t\t<div class=\"elementor-post__card\">\n\t\t\t\t<a class=\"elementor-post__thumbnail__link\" href=\"https:\/\/sites.usp.br\/arqueotrop\/de-tiaras-e-serpentes-a-tradicao-policroma-da-amazonia-tpa-atraves-dos-sitios-vila-nova-ii-e-conjunto-vilas\/\" tabindex=\"-1\" ><div class=\"elementor-post__thumbnail\"><img loading=\"lazy\" decoding=\"async\" width=\"300\" height=\"135\" src=\"https:\/\/sites.usp.br\/arqueotrop\/wp-content\/uploads\/sites\/792\/2021\/06\/Sem-titulo-300x135.png\" class=\"attachment-medium size-medium wp-image-1415\" alt=\"\" srcset=\"https:\/\/sites.usp.br\/arqueotrop\/wp-content\/uploads\/sites\/792\/2021\/06\/Sem-titulo-300x135.png 300w, https:\/\/sites.usp.br\/arqueotrop\/wp-content\/uploads\/sites\/792\/2021\/06\/Sem-titulo-205x92.png 205w, https:\/\/sites.usp.br\/arqueotrop\/wp-content\/uploads\/sites\/792\/2021\/06\/Sem-titulo-400x180.png 400w, https:\/\/sites.usp.br\/arqueotrop\/wp-content\/uploads\/sites\/792\/2021\/06\/Sem-titulo.png 512w\" sizes=\"(max-width: 300px) 100vw, 300px\" \/><\/div><\/a>\n\t\t\t\t<div class=\"elementor-post__text\">\n\t\t\t\t<h3 class=\"elementor-post__title\">\n\t\t\t<a href=\"https:\/\/sites.usp.br\/arqueotrop\/de-tiaras-e-serpentes-a-tradicao-policroma-da-amazonia-tpa-atraves-dos-sitios-vila-nova-ii-e-conjunto-vilas\/\" >\n\t\t\t\tDe tiaras e serpentes: a Tradi\u00e7\u00e3o Pol\u00edcroma da Amaz\u00f4nia (TPA) atrav\u00e9s dos s\u00edtios Vila Nova II e Conjunto Vilas\t\t\t<\/a>\n\t\t<\/h3>\n\t\t\t\t<div class=\"elementor-post__excerpt\">\n\t\t\t<p>Rafael de Almeida Lopes Jaqueline Belletti Resumo De tiaras e serpentes: a Tradi\u00e7\u00e3o Pol\u00edcroma da Amaz\u00f4nia (TPA) atrav\u00e9s dos s\u00edtios Vila Nova II e Conjunto<\/p>\n\t\t<\/div>\n\t\t\n\t\t<a class=\"elementor-post__read-more\" href=\"https:\/\/sites.usp.br\/arqueotrop\/de-tiaras-e-serpentes-a-tradicao-policroma-da-amazonia-tpa-atraves-dos-sitios-vila-nova-ii-e-conjunto-vilas\/\" aria-label=\"Read more about De tiaras e serpentes: a Tradi\u00e7\u00e3o Pol\u00edcroma da Amaz\u00f4nia (TPA) atrav\u00e9s dos s\u00edtios Vila Nova II e Conjunto Vilas\" tabindex=\"-1\" >\n\t\t\tLeia mais \u00bb\t\t<\/a>\n\n\t\t\t\t<\/div>\n\t\t\t\t<div class=\"elementor-post__meta-data\">\n\t\t\t\t\t<span class=\"elementor-post-date\">\n\t\t\t04\/06\/2021\t\t<\/span>\n\t\t\t\t<\/div>\n\t\t\t\t\t<\/div>\n\t\t<\/article>\n\t\t\t\t<\/div>\n\t\t\n\t\t\t\t<div class=\"e-load-more-anchor\" data-page=\"1\" data-max-page=\"2\" data-next-page=\"https:\/\/sites.usp.br\/arqueotrop\/wp-json\/wp\/v2\/pages\/423\/page\/2\/\"><\/div>\n\t\t\t\t<nav class=\"elementor-pagination\" aria-label=\"Pagina\u00e7\u00e3o\">\n\t\t\t<span class=\"page-numbers prev\">&laquo; Anterior<\/span>\n<span aria-current=\"page\" class=\"page-numbers current\"><span class=\"elementor-screen-only\">P\u00e1gina<\/span>1<\/span>\n<a class=\"page-numbers\" href=\"https:\/\/sites.usp.br\/arqueotrop\/wp-json\/wp\/v2\/pages\/423\/page\/2\/\"><span class=\"elementor-screen-only\">P\u00e1gina<\/span>2<\/a>\n<a class=\"page-numbers next\" href=\"https:\/\/sites.usp.br\/arqueotrop\/wp-json\/wp\/v2\/pages\/423\/page\/2\/\">Pr\u00f3xima &raquo;<\/a>\t\t<\/nav>\n\t\t\t\t<\/div>\n\t\t\t\t<\/div>\n\t\t\t\t\t<\/div>\n\t\t<\/div>\n\t\t\t\t\t<\/div>\n\t\t<\/section>\n\t\t\t\t<section class=\"elementor-section elementor-top-section elementor-element elementor-element-4de85a0 elementor-section-boxed elementor-section-height-default elementor-section-height-default\" data-id=\"4de85a0\" data-element_type=\"section\">\n\t\t\t\t\t\t<div class=\"elementor-container elementor-column-gap-default\">\n\t\t\t\t\t<div class=\"elementor-column elementor-col-100 elementor-top-column elementor-element elementor-element-a8bebfa\" data-id=\"a8bebfa\" data-element_type=\"column\">\n\t\t\t<div class=\"elementor-widget-wrap elementor-element-populated\">\n\t\t\t\t\t\t<div class=\"elementor-element elementor-element-2348338 elementor-widget elementor-widget-text-editor\" data-id=\"2348338\" data-element_type=\"widget\" data-widget_type=\"text-editor.default\">\n\t\t\t\t<div class=\"elementor-widget-container\">\n\t\t\t\t\t\t\t<?php\r\nfunction fix_pagination() { \r\n?> \r\n<script> \r\n\r\n\tjQuery('.elementor-pagination').find('a').each(function() { \r\n  let url=jQuery(this).attr('href');\r\n  let pieces = url.split(\"\/\"); \r\n\r\n  \/\/ Check if the url ends in a number. This will be the second to last element in pieces.\r\n  let possibleNum = pieces[pieces.length-2];\r\n  if (Number(isNaN(possibleNum) === false)) { \r\n    \/\/ Insert 'page' before the number, then turn back into a string.\r\n    let newPieces = pieces.slice();\r\n    newPieces.splice(pieces.length-2, 0, 'page')\r\n    let newHref = newPieces.join('\/');\r\n    jQuery(this).attr('href', newHref)\r\n  }\r\n});\r\n\r\n<\/script> \r\n<?php \r\n} \r\nadd_action('wp_footer', 'fix_pagination');\r\n\r\n\t\t\t\t\t\t<\/div>\n\t\t\t\t<\/div>\n\t\t\t\t\t<\/div>\n\t\t<\/div>\n\t\t\t\t\t<\/div>\n\t\t<\/section>\n\t\t\t\t<\/div>\n\t\t","protected":false},"excerpt":{"rendered":"","protected":false},"author":822,"featured_media":0,"parent":0,"menu_order":0,"comment_status":"closed","ping_status":"closed","template":"","meta":{"footnotes":"","_links_to":"","_links_to_target":""},"class_list":["post-423","page","type-page","status-publish","hentry","entry","has-media"],"_links":{"self":[{"href":"https:\/\/sites.usp.br\/arqueotrop\/wp-json\/wp\/v2\/pages\/423","targetHints":{"allow":["GET"]}}],"collection":[{"href":"https:\/\/sites.usp.br\/arqueotrop\/wp-json\/wp\/v2\/pages"}],"about":[{"href":"https:\/\/sites.usp.br\/arqueotrop\/wp-json\/wp\/v2\/types\/page"}],"author":[{"embeddable":true,"href":"https:\/\/sites.usp.br\/arqueotrop\/wp-json\/wp\/v2\/users\/822"}],"replies":[{"embeddable":true,"href":"https:\/\/sites.usp.br\/arqueotrop\/wp-json\/wp\/v2\/comments?post=423"}],"version-history":[{"count":4,"href":"https:\/\/sites.usp.br\/arqueotrop\/wp-json\/wp\/v2\/pages\/423\/revisions"}],"predecessor-version":[{"id":1400,"href":"https:\/\/sites.usp.br\/arqueotrop\/wp-json\/wp\/v2\/pages\/423\/revisions\/1400"}],"wp:attachment":[{"href":"https:\/\/sites.usp.br\/arqueotrop\/wp-json\/wp\/v2\/media?parent=423"}],"curies":[{"name":"wp","href":"https:\/\/api.w.org\/{rel}","templated":true}]}}