{"id":425,"date":"2021-01-02T23:36:42","date_gmt":"2021-01-03T01:36:42","guid":{"rendered":"http:\/\/sites.usp.br\/arqueotrop\/?page_id=425"},"modified":"2021-09-03T15:40:33","modified_gmt":"2021-09-03T17:40:33","slug":"midia","status":"publish","type":"page","link":"https:\/\/sites.usp.br\/arqueotrop\/midia\/","title":{"rendered":"M\u00eddia"},"content":{"rendered":"<h2 style=\"text-align: center;\">Palestras \/ Entrevistas \/ Aulas \/ Eventos<\/h2>\n<p style=\"text-align: center;\">_______________________________________________________________________<\/p>\n<h3 style=\"text-align: center;\">Perfil de Eduardo G\u00f3es Neves para a Pesquisa FAPESP (2018)<\/h3>\n<p class=\"responsive-video-wrap clr\"><iframe title=\"Perfil: Eduardo G\u00f3es Neves\" width=\"1200\" height=\"675\" src=\"https:\/\/www.youtube.com\/embed\/CSayFGiHEnI?feature=oembed\" frameborder=\"0\" allow=\"accelerometer; autoplay; clipboard-write; encrypted-media; gyroscope; picture-in-picture\" allowfullscreen><\/iframe><\/p>\n<h3 style=\"text-align: center;\">Ancestrais da Floresta &#8211; Eduardo G. Neves no FRUTO<\/h3>\n<p class=\"responsive-video-wrap clr\"><iframe title=\"ANCESTRAIS DA FLORESTA: ARQUEOLOGIA BRASILEIRA -  Eduardo G\u00f3es Neves | FRUTO 2019\" width=\"1200\" height=\"675\" src=\"https:\/\/www.youtube.com\/embed\/KvgJbD8FG-o?feature=oembed\" frameborder=\"0\" allow=\"accelerometer; autoplay; clipboard-write; encrypted-media; gyroscope; picture-in-picture\" allowfullscreen><\/iframe><\/p>\n<p>&nbsp;<\/p>\n<h3 style=\"text-align: center;\">Jennifer Watling durante escava\u00e7\u00f5es no Sambaqui Monte Castelo (2019)<\/h3>\n<p class=\"responsive-video-wrap clr\"><iframe title=\"Jennifer Watling on the excavation of Monte Castelo shell mound.\" width=\"1200\" height=\"675\" src=\"https:\/\/www.youtube.com\/embed\/lhBGRRyVdfM?feature=oembed\" frameborder=\"0\" allow=\"accelerometer; autoplay; clipboard-write; encrypted-media; gyroscope; picture-in-picture\" allowfullscreen><\/iframe><\/p>\n<h3 style=\"text-align: center;\">Thiago Kater Pinto para o Quintas Amer\u00edndias da FAU-USP (2019)<\/h3>\n<p class=\"responsive-video-wrap clr\"><iframe title=\"Thiago Kater - Quintas Amer\u00edndias\" width=\"1200\" height=\"900\" src=\"https:\/\/www.youtube.com\/embed\/BVHZvM8zcho?feature=oembed\" frameborder=\"0\" allow=\"accelerometer; autoplay; clipboard-write; encrypted-media; gyroscope; picture-in-picture\" allowfullscreen><\/iframe><\/p>\n<h3 style=\"text-align: center;\">Vest\u00edgios Arqueobot\u00e2nicos e as Intera\u00e7\u00f5es entre pessoas, plantas e paisagens no Brasil. Jennifer Watling para o Ciclo de Semin\u00e1rios em Arqueologia da UNESP (2020)<\/h3>\n<p class=\"responsive-video-wrap clr\"><iframe title=\"Abordagens multidisciplinares na Arqueologia do Brasil. Ciclo Semin\u00e1rios Arqueologia UNESP\" width=\"1200\" height=\"675\" src=\"https:\/\/www.youtube.com\/embed\/Oawbs5XS6qI?feature=oembed\" frameborder=\"0\" allow=\"accelerometer; autoplay; clipboard-write; encrypted-media; gyroscope; picture-in-picture\" allowfullscreen><\/iframe><\/p>\n","protected":false},"excerpt":{"rendered":"<p>Palestras \/ Entrevistas \/ Aulas \/ Eventos _______________________________________________________________________ Perfil de Eduardo G\u00f3es Neves para a Pesquisa FAPESP (2018) Ancestrais da Floresta &#8211; Eduardo G. Neves no FRUTO &nbsp; Jennifer Watling durante escava\u00e7\u00f5es no Sambaqui Monte Castelo (2019) Thiago Kater Pinto para o Quintas Amer\u00edndias da FAU-USP (2019) Vest\u00edgios Arqueobot\u00e2nicos e as Intera\u00e7\u00f5es entre pessoas, plantas [&hellip;]<\/p>\n","protected":false},"author":822,"featured_media":0,"parent":0,"menu_order":0,"comment_status":"closed","ping_status":"closed","template":"","meta":{"footnotes":"","_links_to":"","_links_to_target":""},"class_list":["post-425","page","type-page","status-publish","hentry","entry"],"_links":{"self":[{"href":"https:\/\/sites.usp.br\/arqueotrop\/wp-json\/wp\/v2\/pages\/425","targetHints":{"allow":["GET"]}}],"collection":[{"href":"https:\/\/sites.usp.br\/arqueotrop\/wp-json\/wp\/v2\/pages"}],"about":[{"href":"https:\/\/sites.usp.br\/arqueotrop\/wp-json\/wp\/v2\/types\/page"}],"author":[{"embeddable":true,"href":"https:\/\/sites.usp.br\/arqueotrop\/wp-json\/wp\/v2\/users\/822"}],"replies":[{"embeddable":true,"href":"https:\/\/sites.usp.br\/arqueotrop\/wp-json\/wp\/v2\/comments?post=425"}],"version-history":[{"count":4,"href":"https:\/\/sites.usp.br\/arqueotrop\/wp-json\/wp\/v2\/pages\/425\/revisions"}],"predecessor-version":[{"id":1671,"href":"https:\/\/sites.usp.br\/arqueotrop\/wp-json\/wp\/v2\/pages\/425\/revisions\/1671"}],"wp:attachment":[{"href":"https:\/\/sites.usp.br\/arqueotrop\/wp-json\/wp\/v2\/media?parent=425"}],"curies":[{"name":"wp","href":"https:\/\/api.w.org\/{rel}","templated":true}]}}