{"id":303,"date":"2014-10-20T18:41:02","date_gmt":"2014-10-20T20:41:02","guid":{"rendered":"http:\/\/sites.usp.br\/arquivogeral\/?page_id=303"},"modified":"2020-10-16T20:36:40","modified_gmt":"2020-10-16T23:36:40","slug":"missao","status":"publish","type":"page","link":"https:\/\/sites.usp.br\/arquivogeral\/missao\/","title":{"rendered":"Miss\u00e3o"},"content":{"rendered":"<p style=\"text-align: justify;\">O Arquivo Geral da Universidade de S\u00e3o Paulo, criado em 2005, \u00e9 \u00f3rg\u00e3o central do SAUSP, Sistema de Arquivos da USP.<br \/>\nNa estrutura da universidade, ele encontra-se vinculado ao Departamento de Administra\u00e7\u00e3o &#8211; DA.<\/p>\n<p style=\"text-align: justify;\">Dentre suas finalidades est\u00e3o:<\/p>\n<ul style=\"text-align: justify;\">\n<li style=\"list-style-type: none;\">\n<ul style=\"text-align: justify;\">\n<li>disseminar pol\u00edticas para a gest\u00e3o dos documentos (f\u00edsicos ou digitais) produzidos ou acumulados pela Universidade<\/li>\n<li>custodiar seus documentos permanentes (f\u00edsicos ou digitais), zelando por sua conserva\u00e7\u00e3o e organiza\u00e7\u00e3o com vistas \u00e0 pesquisa e difus\u00e3o<\/li>\n<\/ul>\n<\/li>\n<\/ul>\n","protected":false},"excerpt":{"rendered":"<p>O Arquivo Geral da Universidade de S\u00e3o Paulo, criado em 2005, \u00e9 \u00f3rg\u00e3o central do [&hellip;]<\/p>\n","protected":false},"author":62,"featured_media":0,"parent":0,"menu_order":0,"comment_status":"closed","ping_status":"closed","template":"","meta":{"_monsterinsights_skip_tracking":false,"_monsterinsights_sitenote_active":false,"_monsterinsights_sitenote_note":"","_monsterinsights_sitenote_category":0,"footnotes":"","_links_to":"","_links_to_target":""},"class_list":["post-303","page","type-page","status-publish","hentry"],"_links":{"self":[{"href":"https:\/\/sites.usp.br\/arquivogeral\/wp-json\/wp\/v2\/pages\/303","targetHints":{"allow":["GET"]}}],"collection":[{"href":"https:\/\/sites.usp.br\/arquivogeral\/wp-json\/wp\/v2\/pages"}],"about":[{"href":"https:\/\/sites.usp.br\/arquivogeral\/wp-json\/wp\/v2\/types\/page"}],"author":[{"embeddable":true,"href":"https:\/\/sites.usp.br\/arquivogeral\/wp-json\/wp\/v2\/users\/62"}],"replies":[{"embeddable":true,"href":"https:\/\/sites.usp.br\/arquivogeral\/wp-json\/wp\/v2\/comments?post=303"}],"version-history":[{"count":6,"href":"https:\/\/sites.usp.br\/arquivogeral\/wp-json\/wp\/v2\/pages\/303\/revisions"}],"predecessor-version":[{"id":5584,"href":"https:\/\/sites.usp.br\/arquivogeral\/wp-json\/wp\/v2\/pages\/303\/revisions\/5584"}],"wp:attachment":[{"href":"https:\/\/sites.usp.br\/arquivogeral\/wp-json\/wp\/v2\/media?parent=303"}],"curies":[{"name":"wp","href":"https:\/\/api.w.org\/{rel}","templated":true}]}}