{"id":305,"date":"2014-10-20T18:41:17","date_gmt":"2014-10-20T20:41:17","guid":{"rendered":"http:\/\/sites.usp.br\/arquivogeral\/?page_id=305"},"modified":"2026-01-06T13:15:11","modified_gmt":"2026-01-06T16:15:11","slug":"quem-somos-2","status":"publish","type":"page","link":"https:\/\/sites.usp.br\/arquivogeral\/quem-somos-2\/","title":{"rendered":"Quem Somos"},"content":{"rendered":"<p><strong>Chefe de Divis\u00e3o II<span style=\"font-family: verdana;font-size: xx-small\"><span class=\"txt_verdana_7pt_black\">\u00a0<\/span><\/span><\/strong><br \/>\nL\u00edlian Miranda Bezerra<strong>\u00a0\u2013\u00a0<\/strong>lilianmiranda@usp.br<\/p>\n<p><strong>Assistente de Gest\u00e3o II<\/strong><br \/>\nJos\u00e9 Rubens de Oliveira Val &#8211; rubensov@usp.br<\/p>\n<p><strong>T\u00e9cnico Administrativo<br \/>\n<\/strong>Ana Paula Fontanive de Amaral &#8211; paula@usp.br<br \/>\nLilian Alvarenga &#8211; lalv@usp<br \/>\nNelson da Silva Siqueira &#8211; nell@usp.br<\/p>\n<p><b>Servi\u00e7o T\u00e9cnico de Instrumentos de Gest\u00e3o e Normas T\u00e9cnicas<\/b><\/p>\n<p style=\"padding-left: 30px\"><b>Chefe de Servi\u00e7o II<br \/>\n<\/b>Jose Hermes Martins Pereira \u2013 jhermes@usp.br<\/p>\n<p style=\"padding-left: 30px\"><strong>Analista Administrativo<\/strong><br \/>\nVictor Yuji Shirai &#8211; victor.shirai@usp.br<\/p>\n<p style=\"padding-left: 30px\"><strong><b><b>Bibliotec\u00e1ria<\/b><\/b><br \/>\n<\/strong>Carla Cristina do Nascimento &#8211; carlacn@usp.br <br \/>\nEliana Rotolo \u2013 elrotolo@usp.br <\/p>\n<p style=\"padding-left: 30px\"><strong>Especialista em\u00a0Pesquisa\/Apoio de Museu<br \/>\n<\/strong>Arize Ara\u00fajo Pinheiro \u2013 arize@usp.br<b><\/b><\/p>\n<p style=\"padding-left: 30px\"><strong>T\u00e9cnico<\/strong>\u00a0\u00a0<strong>Administrativo<br \/>\n<\/strong>Ana Silvia Pires \u2013 anapires18@usp.br<\/p>\n<p style=\"padding-left: 30px\"><strong>Auxiliar Administrativo<\/strong><br \/>\nLuis Carlos Diogo &#8211; luidiogo@usp.br<b><\/b><\/p>\n<p style=\"text-align: left\"><b>Servi\u00e7o de Arquivo Intermedi\u00e1rio, Protocolo e Expediente<\/b><\/p>\n<p style=\"padding-left: 40px\"><strong>Chefe de Servi\u00e7o I<span style=\"font-family: verdana;font-size: xx-small\"><span class=\"txt_verdana_7pt_black\">\u00a0<\/span><\/span><br \/>\n<\/strong>Fernanda Aparecida Lemos Moreira &#8211; ananda@usp.br<\/p>\n<p style=\"padding-left: 40px\"><strong>T\u00e9cnicos Administrativos<br \/>\n<\/strong>Jos\u00e9 Luiz Arantes Theodoro &#8211; joseluat@usp.br<strong><br \/>\n<\/strong>Marcelo Soto Nicoleti &#8211; marcelos@usp.br<\/p>\n<p><strong>Se\u00e7\u00e3o de Protocolo e Expediente<\/strong><\/p>\n<p style=\"padding-left: 40px\"><strong>Chefe de Se\u00e7\u00e3o I<br \/>\n<\/strong>Ana Maria de Oliveira Costa Moreira &#8211; amoc@usp.br<\/p>\n<p style=\"padding-left: 40px\"><strong>T\u00e9cnicos Administrativos<br \/>\n<\/strong>Uilson Elizabeth Campos &#8211; uilson@usp.br<\/p>\n<p style=\"padding-left: 40px\"><strong>Auxiliares Administrativos<br \/>\n<\/strong>Aparecido Roberto Batista de Oliveira &#8211; galego@usp.br<br \/>\nDilson In\u00e1cio de Sousa &#8211; dilsonis@usp.br<br \/>\nEraldo Oliveira &#8211; eraol@usp.br<br \/>\nRosineide Leite de Campos &#8211; rcampos@usp.br<\/p>\n<p><strong>Se\u00e7\u00e3o de Arquivo Intermedi\u00e1rio <\/strong><\/p>\n<p style=\"padding-left: 40px\"><strong>Chefe de Se\u00e7\u00e3o I<br \/>\n<\/strong>Dagoberto Correia de Anhaia &#8211; dago@usp.br<\/p>\n<p style=\"padding-left: 40px\"><strong>T\u00e9cnico Administrativo<br \/>\n<\/strong>Paulo Daniel Bastos Monteiro &#8211; pdbm@usp.br<\/p>\n<p style=\"padding-left: 40px\"><strong>Auxiliares Administrativos<\/strong><br \/>\nAnderson Batista Gomes &#8211; peixeccs@usp.br<br \/>\nEuller Vieira Pessoa &#8211; vieira@usp.br<br \/>\nMarinaldo Pereira de Carvalho &#8211; marinaldo@usp.br<\/p>\n<p><strong>Estagi\u00e1rios<\/strong><b><\/b><\/p>\n<p>Ana Carolina Muniz dos Santos<br \/>\nJo\u00e3o Marcos Pereira Ferreira Pinheiro<br \/>\nMartin Castilho Cabral de Alcantara<br \/>\nMiguel Costa Freitas<br \/>\nMurilo Campos Lima de Barros<br \/>\nSarah Magalhaes Cardoso<br \/>\nVinicius Silva Pedruncci<\/p>\n<p><strong>Consultoras<\/strong><\/p>\n<p>Prof\u00aa. Dr\u00aa. Ana Maria de Almeida Camargo (In memoriam)<\/p>\n<p>Prof\u00aa. Dr\u00aa. Johanna Wilhelmina Smit<\/p>\n","protected":false},"excerpt":{"rendered":"<p>Chefe de Divis\u00e3o II\u00a0 L\u00edlian Miranda Bezerra\u00a0\u2013\u00a0lilianmiranda@usp.br Assistente de Gest\u00e3o II Jos\u00e9 Rubens de Oliveira [&hellip;]<\/p>\n","protected":false},"author":62,"featured_media":0,"parent":0,"menu_order":0,"comment_status":"closed","ping_status":"closed","template":"","meta":{"_monsterinsights_skip_tracking":false,"_monsterinsights_sitenote_active":false,"_monsterinsights_sitenote_note":"","_monsterinsights_sitenote_category":0,"footnotes":"","_links_to":"","_links_to_target":""},"class_list":["post-305","page","type-page","status-publish","hentry"],"_links":{"self":[{"href":"https:\/\/sites.usp.br\/arquivogeral\/wp-json\/wp\/v2\/pages\/305","targetHints":{"allow":["GET"]}}],"collection":[{"href":"https:\/\/sites.usp.br\/arquivogeral\/wp-json\/wp\/v2\/pages"}],"about":[{"href":"https:\/\/sites.usp.br\/arquivogeral\/wp-json\/wp\/v2\/types\/page"}],"author":[{"embeddable":true,"href":"https:\/\/sites.usp.br\/arquivogeral\/wp-json\/wp\/v2\/users\/62"}],"replies":[{"embeddable":true,"href":"https:\/\/sites.usp.br\/arquivogeral\/wp-json\/wp\/v2\/comments?post=305"}],"version-history":[{"count":4,"href":"https:\/\/sites.usp.br\/arquivogeral\/wp-json\/wp\/v2\/pages\/305\/revisions"}],"predecessor-version":[{"id":7564,"href":"https:\/\/sites.usp.br\/arquivogeral\/wp-json\/wp\/v2\/pages\/305\/revisions\/7564"}],"wp:attachment":[{"href":"https:\/\/sites.usp.br\/arquivogeral\/wp-json\/wp\/v2\/media?parent=305"}],"curies":[{"name":"wp","href":"https:\/\/api.w.org\/{rel}","templated":true}]}}