{"id":312,"date":"2014-10-20T18:43:02","date_gmt":"2014-10-20T20:43:02","guid":{"rendered":"http:\/\/sites.usp.br\/arquivogeral\/?page_id=312"},"modified":"2015-08-06T12:12:43","modified_gmt":"2015-08-06T15:12:43","slug":"conservacao","status":"publish","type":"page","link":"https:\/\/sites.usp.br\/arquivogeral\/conservacao\/","title":{"rendered":"Conserva\u00e7\u00e3o"},"content":{"rendered":"<p style=\"text-align: justify\">A \u00e1rea de conserva\u00e7\u00e3o \u00e9 ligada \u00e0 finalidade de um arquivo, principalmente quando de car\u00e1ter permanente, caso do Arquivo Geral da USP. O setor \u00e9 voltado para salvaguarda dos documentos, respons\u00e1vel por desenvolver e aplicar pol\u00edticas de preserva\u00e7\u00e3o em sua sede e orientar as Unidades\/\u00d3rg\u00e3os Setoriais no mesmo sentido, a fim de conscientizar sobre a import\u00e2ncia de se manter a integridade f\u00edsica dos documentos desde sua origem.<\/p>\n<p style=\"text-align: justify\">As medidas adotadas garantem ao acervo a conserva\u00e7\u00e3o dos suportes e, consequentemente, da informa\u00e7\u00e3o contida nos mesmos. No entanto, extrapola a a\u00e7\u00e3o direta no acervo. \u00c9 necess\u00e1ria a mobiliza\u00e7\u00e3o de recursos humanos e financeiros voltados a conserva\u00e7\u00e3o preventiva (prevenir para n\u00e3o remediar), reduzindo os processos de deteriora\u00e7\u00e3o. Ou seja, tais medidas devem ser constantes, desde a formula\u00e7\u00e3o do projeto de edifica\u00e7\u00e3o, estabelecimento de pol\u00edticas de emerg\u00eancia para eventuais sinistros (inc\u00eandio, inunda\u00e7\u00f5es, etc), controle de acesso \u00e0s \u00e1reas de guarda, vistorias peri\u00f3dicas (tanto da edifica\u00e7\u00e3o quanto do acervo, mobili\u00e1rio), controle ambiental (manter \u00edndices de temperatura e umidade em n\u00edveis especificados por bibliografia especializada) e de entrada de documentos (resguardando per\u00edodo de quarentena e realizar higieniza\u00e7\u00e3o), separar documentos do restante do acervo caso verificado alguma infesta\u00e7\u00e3o, encaminhamento para conserva\u00e7\u00e3o ou restauro se averiguado dano no suporte, treinamento de pessoal, entre outras a\u00e7\u00f5es.<\/p>\n<p style=\"text-align: justify\">O Arquivo Geral\u00a0 busca contemplar esses par\u00eamtros, esfor\u00e7ando-se para obter \u00edndices aceit\u00e1veis de temperatura e umidade nas \u00e1reas de guarda, manter atividades de rotina, os funcion\u00e1rios envolvidos procuram se inteirar dos novos conhecimentos tecnol\u00f3gicos desenvolvidos pela e para \u00e1rea. A edifica\u00e7\u00e3o foi pensada para seu fim e desde o projeto se tem especificado as \u00e1reas de guarda, dep\u00f3sito, quarentena, higieniza\u00e7\u00e3o, as quais, na configura\u00e7\u00e3o do espa\u00e7o, conversam com as outras \u00e1reas fim do Arquivo Geral.<\/p>\n","protected":false},"excerpt":{"rendered":"<p>A \u00e1rea de conserva\u00e7\u00e3o \u00e9 ligada \u00e0 finalidade de um arquivo, principalmente quando de car\u00e1ter [&hellip;]<\/p>\n","protected":false},"author":62,"featured_media":0,"parent":0,"menu_order":0,"comment_status":"closed","ping_status":"closed","template":"","meta":{"_monsterinsights_skip_tracking":false,"_monsterinsights_sitenote_active":false,"_monsterinsights_sitenote_note":"","_monsterinsights_sitenote_category":0,"footnotes":"","_links_to":"","_links_to_target":""},"class_list":["post-312","page","type-page","status-publish","hentry"],"_links":{"self":[{"href":"https:\/\/sites.usp.br\/arquivogeral\/wp-json\/wp\/v2\/pages\/312","targetHints":{"allow":["GET"]}}],"collection":[{"href":"https:\/\/sites.usp.br\/arquivogeral\/wp-json\/wp\/v2\/pages"}],"about":[{"href":"https:\/\/sites.usp.br\/arquivogeral\/wp-json\/wp\/v2\/types\/page"}],"author":[{"embeddable":true,"href":"https:\/\/sites.usp.br\/arquivogeral\/wp-json\/wp\/v2\/users\/62"}],"replies":[{"embeddable":true,"href":"https:\/\/sites.usp.br\/arquivogeral\/wp-json\/wp\/v2\/comments?post=312"}],"version-history":[{"count":5,"href":"https:\/\/sites.usp.br\/arquivogeral\/wp-json\/wp\/v2\/pages\/312\/revisions"}],"predecessor-version":[{"id":696,"href":"https:\/\/sites.usp.br\/arquivogeral\/wp-json\/wp\/v2\/pages\/312\/revisions\/696"}],"wp:attachment":[{"href":"https:\/\/sites.usp.br\/arquivogeral\/wp-json\/wp\/v2\/media?parent=312"}],"curies":[{"name":"wp","href":"https:\/\/api.w.org\/{rel}","templated":true}]}}