{"id":313,"date":"2014-10-20T18:43:10","date_gmt":"2014-10-20T20:43:10","guid":{"rendered":"http:\/\/sites.usp.br\/arquivogeral\/?page_id=313"},"modified":"2024-02-06T15:03:39","modified_gmt":"2024-02-06T18:03:39","slug":"pesquisa","status":"publish","type":"page","link":"https:\/\/sites.usp.br\/arquivogeral\/pesquisa\/","title":{"rendered":"Pesquisa"},"content":{"rendered":"<p style=\"text-align: justify;\">O Arquivo Geral da USP atende a demandas de pesquisa que podem estar em documentos que fazem parte ou n\u00e3o de seu acervo.<\/p>\n<p style=\"text-align: justify;\">Sendo \u00f3rg\u00e3o central do SAUSP, \u00e9 de sua responsabilidade indicar ao solicitante a unidade\/\u00f3rg\u00e3o, o respons\u00e1vel e o contato do custodiador dos documentos. No caso de o documento pertencer ao acervo do AG, ser\u00e1 realizado o agendamento pr\u00e9vio para consulta.<\/p>\n<p style=\"text-align: justify;\">As solicita\u00e7\u00f5es de pesquisa podem ser encaminhadas por mensagem eletr\u00f4nica para o endere\u00e7o: ag.pesquisa@usp.br , por telefone (11- 2648-8249) ou realizadas nas depend\u00eancias do Arquivo Geral, observando-se a agenda dispon\u00edvel.<\/p>\n<p style=\"text-align: justify;\">Qualquer cidad\u00e3o pode realizar pesquisas em suas depend\u00eancias, tomando ci\u00eancia dos \u201cProcedimentos para o acesso \u00e0s informa\u00e7\u00f5es contidas no acervo do Arquivo Geral\u201d e preenchendo o \u201cCadastro do Pesquisador \/Termo de Compromisso\u201d.<\/p>\n<p style=\"text-align: justify;\">As consultas s\u00e3o realizadas com agendamento pr\u00e9vio, de segunda a sexta-feira, nos per\u00edodos entre 08h30 &#8211; 16h30.<\/p>\n<hr \/>\n<p style=\"text-align: justify;\">Disponibilizamos abaixo modelo de Termo de Compromisso\/Identifica\u00e7\u00e3o do Pesquisador e Autoriza\u00e7\u00e3o para Fotografar documentos com o intuito de facilitar o atendimento local por parte das Unidades\/\u00d3rg\u00e3os (quando n\u00e3o h\u00e1 como a Unidade\/\u00d3rg\u00e3o enviar a documenta\u00e7\u00e3o ao AG), pois fornecem quais os dados a serem coletados do pesquisador, e o respaldo legal junto \u00e0 Universidade quanto ao uso da informa\u00e7\u00e3o a que o pesquisador teve acesso. A despeito de tais modelos preverem o atendimento a pesquisadores que estejam realizando mestrado ou doutorado, essas informa\u00e7\u00f5es podem ser adaptadas\/alteradas de acordo com a situa\u00e7\u00e3o do usu\u00e1rio em quest\u00e3o.<\/p>\n<p style=\"text-align: justify;\">Salientamos aos respons\u00e1veis pelos documentos custodiados na Universidade, que \u00e9 preciso estar atento \u00e0s restri\u00e7\u00f5es legais e ao car\u00e1ter das informa\u00e7\u00f5es a que se solicita consulta, sem contudo obstar acesso aos documentos de car\u00e1ter p\u00fablico e irrestrito. Recomendamos, neste tocante, especial aten\u00e7\u00e3o \u00e0 Lei de Acesso \u00e0 Informa\u00e7\u00e3o (Lei n\u00ba 12.527, de 18 de novembro de 2011) e ao Decreto que a regulamente em \u00e2mbito estadual (Decreto n\u00ba 58.052, de 16 de maio de 2012), al\u00e9m de manifesta\u00e7\u00e3o junto \u00e0 Comiss\u00e3o de Avalia\u00e7\u00e3o de Documentos e Acesso (CADA) em caso de demais d\u00favidas.<\/p>\n<p style=\"text-align: justify;\"><a href=\"https:\/\/sites.usp.br\/arquivogeral\/wp-content\/uploads\/sites\/39\/2022\/04\/ER-AG-PESQUISA-DEF-MODELO-Identificacao-do-Pesquisador-e-Termo-de-Compromisso-19-ABRIL-2022.docx\">Identifica\u00e7\u00e3o e Termo de Compromisso<\/a><\/p>\n<p style=\"text-align: justify;\"><a href=\"https:\/\/sites.usp.br\/arquivogeral\/wp-content\/uploads\/sites\/39\/2022\/04\/ER-AG-PESQUISA-DEF-Autorizacao-para-fotografar-19-ABRIL-2022.docx\">Autoriza\u00e7\u00e3o para fotografar<\/a><\/p>\n","protected":false},"excerpt":{"rendered":"<p>O Arquivo Geral da USP atende a demandas de pesquisa que podem estar em documentos [&hellip;]<\/p>\n","protected":false},"author":62,"featured_media":0,"parent":0,"menu_order":0,"comment_status":"closed","ping_status":"closed","template":"","meta":{"_monsterinsights_skip_tracking":false,"_monsterinsights_sitenote_active":false,"_monsterinsights_sitenote_note":"","_monsterinsights_sitenote_category":0,"footnotes":"","_links_to":"","_links_to_target":""},"class_list":["post-313","page","type-page","status-publish","hentry"],"_links":{"self":[{"href":"https:\/\/sites.usp.br\/arquivogeral\/wp-json\/wp\/v2\/pages\/313","targetHints":{"allow":["GET"]}}],"collection":[{"href":"https:\/\/sites.usp.br\/arquivogeral\/wp-json\/wp\/v2\/pages"}],"about":[{"href":"https:\/\/sites.usp.br\/arquivogeral\/wp-json\/wp\/v2\/types\/page"}],"author":[{"embeddable":true,"href":"https:\/\/sites.usp.br\/arquivogeral\/wp-json\/wp\/v2\/users\/62"}],"replies":[{"embeddable":true,"href":"https:\/\/sites.usp.br\/arquivogeral\/wp-json\/wp\/v2\/comments?post=313"}],"version-history":[{"count":6,"href":"https:\/\/sites.usp.br\/arquivogeral\/wp-json\/wp\/v2\/pages\/313\/revisions"}],"predecessor-version":[{"id":7299,"href":"https:\/\/sites.usp.br\/arquivogeral\/wp-json\/wp\/v2\/pages\/313\/revisions\/7299"}],"wp:attachment":[{"href":"https:\/\/sites.usp.br\/arquivogeral\/wp-json\/wp\/v2\/media?parent=313"}],"curies":[{"name":"wp","href":"https:\/\/api.w.org\/{rel}","templated":true}]}}