{"id":441,"date":"2015-01-12T15:55:55","date_gmt":"2015-01-12T17:55:55","guid":{"rendered":"http:\/\/sites.usp.br\/arquivogeral\/?page_id=441"},"modified":"2019-04-24T17:39:47","modified_gmt":"2019-04-24T20:39:47","slug":"seminarios","status":"publish","type":"page","link":"https:\/\/sites.usp.br\/arquivogeral\/seminarios\/","title":{"rendered":"Semin\u00e1rios"},"content":{"rendered":"<p style=\"text-align: justify;\">A \u00e1rea de arquivos \u00e9 permeada por discuss\u00f5es que envolvem outras \u00e1reas como a administra\u00e7\u00e3o, a inform\u00e1tica, a hist\u00f3ria, o direito entre outras.<\/p>\n<p style=\"text-align: justify;\">Quando os temas est\u00e3o relacionados ao cotidiano administrativo, o SAUSP por meio do Arquivo Geral, realiza semin\u00e1rios e encontros para discutir tais assuntos no \u00e2mbito da universidade.<\/p>\n<p>11\/2013:\u00a0\u00a0<a href=\"http:\/\/sites.usp.br\/arquivogeral\/?page_id=443\">3\u00ba Semin\u00e1rio de Documentos em Meio Digital (2013)<\/a><\/p>\n<p>11\/2012:\u00a0<a href=\"http:\/\/sites.usp.br\/arquivogeral\/?page_id=444\">2\u00ba Semin\u00e1rio de Documentos em Meio Digital (2011)<\/a><\/p>\n<p>09\/2009:<a href=\"http:\/\/sites.usp.br\/arquivogeral\/?page_id=445\"> 1\u00ba Semin\u00e1rio de Documentos em Meio Digital (2009)<\/a><\/p>\n<p>&nbsp;<\/p>\n","protected":false},"excerpt":{"rendered":"<p>A \u00e1rea de arquivos \u00e9 permeada por discuss\u00f5es que envolvem outras \u00e1reas como a administra\u00e7\u00e3o, [&hellip;]<\/p>\n","protected":false},"author":62,"featured_media":0,"parent":0,"menu_order":0,"comment_status":"closed","ping_status":"closed","template":"","meta":{"_monsterinsights_skip_tracking":false,"_monsterinsights_sitenote_active":false,"_monsterinsights_sitenote_note":"","_monsterinsights_sitenote_category":0,"footnotes":"","_links_to":"","_links_to_target":""},"class_list":["post-441","page","type-page","status-publish","hentry"],"_links":{"self":[{"href":"https:\/\/sites.usp.br\/arquivogeral\/wp-json\/wp\/v2\/pages\/441","targetHints":{"allow":["GET"]}}],"collection":[{"href":"https:\/\/sites.usp.br\/arquivogeral\/wp-json\/wp\/v2\/pages"}],"about":[{"href":"https:\/\/sites.usp.br\/arquivogeral\/wp-json\/wp\/v2\/types\/page"}],"author":[{"embeddable":true,"href":"https:\/\/sites.usp.br\/arquivogeral\/wp-json\/wp\/v2\/users\/62"}],"replies":[{"embeddable":true,"href":"https:\/\/sites.usp.br\/arquivogeral\/wp-json\/wp\/v2\/comments?post=441"}],"version-history":[{"count":4,"href":"https:\/\/sites.usp.br\/arquivogeral\/wp-json\/wp\/v2\/pages\/441\/revisions"}],"predecessor-version":[{"id":4997,"href":"https:\/\/sites.usp.br\/arquivogeral\/wp-json\/wp\/v2\/pages\/441\/revisions\/4997"}],"wp:attachment":[{"href":"https:\/\/sites.usp.br\/arquivogeral\/wp-json\/wp\/v2\/media?parent=441"}],"curies":[{"name":"wp","href":"https:\/\/api.w.org\/{rel}","templated":true}]}}