{"id":552,"date":"2015-02-12T12:04:55","date_gmt":"2015-02-12T14:04:55","guid":{"rendered":"http:\/\/sites.usp.br\/arquivogeral\/?page_id=552"},"modified":"2016-04-01T11:24:13","modified_gmt":"2016-04-01T14:24:13","slug":"sausp","status":"publish","type":"page","link":"https:\/\/sites.usp.br\/arquivogeral\/sausp\/","title":{"rendered":"SAUSP"},"content":{"rendered":"<p><a href=\"http:\/\/sites.usp.br\/arquivogeral\/wp-content\/uploads\/sites\/39\/2015\/02\/logo_sausp1.jpg\"><img loading=\"lazy\" decoding=\"async\" class=\"alignnone size-full wp-image-553 aligncenter\" src=\"http:\/\/sites.usp.br\/arquivogeral\/wp-content\/uploads\/sites\/39\/2015\/02\/logo_sausp1.jpg\" alt=\"logo_sausp[1]\" width=\"195\" height=\"60\" \/><\/a><\/p>\n<p style=\"text-align: justify\">O Sistema de Arquivos da USP \u2013 SAUSP \u2013 surgiu da necessidade de compatibilizar as pr\u00e1ticas administrativas da USP e os procedimentos adotados na organiza\u00e7\u00e3o e arquivamento de documentos delas resultantes. Da\u00ed a formula\u00e7\u00e3o, em 1995, de um projeto voltado para a import\u00e2ncia dos arquivos como suporte b\u00e1sico para a efici\u00eancia das diferentes a\u00e7\u00f5es da Universidade.<\/p>\n<p style=\"text-align: justify\">Na \u00e9poca, foram designados uma\u00a0Comiss\u00e3o T\u00e9cnica\u00a0e um\u00a0Grupo Executivo, para operacionalizar o projeto, cujos esfor\u00e7os resultaram nos instrumentos b\u00e1sicos de gest\u00e3o do sistema: Tabelas de Temporalidade de Documentos, Plano de Classifica\u00e7\u00e3o das Atividades da USP e Gloss\u00e1rio de Esp\u00e9cies\/Formatos e Tipos Documentais \u2013 que levariam o SAUSP \u00e0 institucionaliza\u00e7\u00e3o, em 1997, pela\u00a0Portaria GR n. 3083.<\/p>\n<p style=\"text-align: justify\">Atualmente, a Comiss\u00e3o de Avalia\u00e7\u00e3o de Documentos e Acesso (CADA), o\u00a0Corpo T\u00e9cnico e as Comiss\u00f5es Setoriais viabilizam as a\u00e7\u00f5es do projeto. A filosofia adotada foi, desde o in\u00edcio, a da descentraliza\u00e7\u00e3o. Em outras palavras, o SAUSP n\u00e3o objetivava a concentra\u00e7\u00e3o f\u00edsica dos documentos num \u00fanico espa\u00e7o, mas sua organiza\u00e7\u00e3o e padroniza\u00e7\u00e3o por meio de normas e procedimentos aprovados pela CADA e repassados \u00e0 Comiss\u00e3o Setorial de cada unidade (Faculdades, \u00d3rg\u00e3os Centrais de Dire\u00e7\u00e3o e Servi\u00e7os, Centros e Institutos Especializados, Hospitais, Prefeituras, Servi\u00e7o Anexos) mediante treinamento e publica\u00e7\u00f5es.<\/p>\n<p style=\"text-align: justify\">Como nem todas as unidades disp\u00f5em de espa\u00e7os e recursos para manter arquivos permanentes e os servi\u00e7os que lhes s\u00e3o correlatos, o SAUSP optou pela constru\u00e7\u00e3o de um edif\u00edcio que pudesse reunir, em condi\u00e7\u00f5es adequadas, os documentos origin\u00e1rios das unidades que manifestem interesse em delegar tais responsabilidades ao\u00a0Arquivo Geral da USP.<\/p>\n","protected":false},"excerpt":{"rendered":"<p>O Sistema de Arquivos da USP \u2013 SAUSP \u2013 surgiu da necessidade de compatibilizar as [&hellip;]<\/p>\n","protected":false},"author":62,"featured_media":0,"parent":0,"menu_order":0,"comment_status":"closed","ping_status":"closed","template":"","meta":{"_monsterinsights_skip_tracking":false,"_monsterinsights_sitenote_active":false,"_monsterinsights_sitenote_note":"","_monsterinsights_sitenote_category":0,"footnotes":"","_links_to":"","_links_to_target":""},"class_list":["post-552","page","type-page","status-publish","hentry"],"_links":{"self":[{"href":"https:\/\/sites.usp.br\/arquivogeral\/wp-json\/wp\/v2\/pages\/552","targetHints":{"allow":["GET"]}}],"collection":[{"href":"https:\/\/sites.usp.br\/arquivogeral\/wp-json\/wp\/v2\/pages"}],"about":[{"href":"https:\/\/sites.usp.br\/arquivogeral\/wp-json\/wp\/v2\/types\/page"}],"author":[{"embeddable":true,"href":"https:\/\/sites.usp.br\/arquivogeral\/wp-json\/wp\/v2\/users\/62"}],"replies":[{"embeddable":true,"href":"https:\/\/sites.usp.br\/arquivogeral\/wp-json\/wp\/v2\/comments?post=552"}],"version-history":[{"count":5,"href":"https:\/\/sites.usp.br\/arquivogeral\/wp-json\/wp\/v2\/pages\/552\/revisions"}],"predecessor-version":[{"id":1925,"href":"https:\/\/sites.usp.br\/arquivogeral\/wp-json\/wp\/v2\/pages\/552\/revisions\/1925"}],"wp:attachment":[{"href":"https:\/\/sites.usp.br\/arquivogeral\/wp-json\/wp\/v2\/media?parent=552"}],"curies":[{"name":"wp","href":"https:\/\/api.w.org\/{rel}","templated":true}]}}