{"id":605,"date":"2015-06-17T16:49:29","date_gmt":"2015-06-17T19:49:29","guid":{"rendered":"http:\/\/sites.usp.br\/arquivogeral\/?page_id=605"},"modified":"2019-01-30T10:13:00","modified_gmt":"2019-01-30T12:13:00","slug":"links","status":"publish","type":"page","link":"https:\/\/sites.usp.br\/arquivogeral\/links\/","title":{"rendered":"Links"},"content":{"rendered":"<p><a href=\"https:\/\/www.al.sp.gov.br\/acervo-historico\/\">Acervo Hist\u00f3rico da Assembleia Legislativa do Estado de S\u00e3o Paulo<\/a><\/p>\n<p><a href=\"http:\/\/www.ieb.usp.br\/sobre-o-ieb\/arquivo-2-2\/\">Arquivo do Instituto de Estudos Brasileiros da USP<\/a><\/p>\n<p><a href=\"http:\/\/www.prefeitura.sp.gov.br\/cidade\/secretarias\/cultura\/arquivo_historico\/arquivo_historico\/index.php?p=22255\">Arquivo Hist\u00f3rico Municipal de S\u00e3o Paulo<\/a><\/p>\n<p><a href=\"http:\/\/www.arquivonacional.gov.br\/\">Arquivo Nacional<\/a><\/p>\n<p><a href=\"http:\/\/www.arquivoestado.sp.gov.br\/\" target=\"_blank\" rel=\"noopener noreferrer\">Arquivo P\u00fablico do Estado de S\u00e3o Paulo<\/a><\/p>\n<p><a href=\"http:\/\/www.arqsp.org.br\/\" target=\"_blank\" rel=\"noopener noreferrer\">Associa\u00e7\u00e3o de Arquivistas de S\u00e3o Paulo<\/a><\/p>\n<p><a href=\"http:\/\/www.cedem.unesp.br\/\">Centro de Documenta\u00e7\u00e3o e Mem\u00f3ria da UNESP<\/a><\/p>\n<p><a href=\"http:\/\/www.camara.sp.gov.br\/memoria\/\">Centro de Mem\u00f3ria da C\u00e2mara Municipal de S\u00e3o Paulo<\/a><\/p>\n<p><a href=\"http:\/\/www.ica.org\/\">Conselho Internacional de Arquivos<\/a><\/p>\n<p><a href=\"http:\/\/conarq.arquivonacional.gov.br\/\">Conselho Nacional de Arquivos<\/a><\/p>\n<p><a href=\"http:\/\/www.interpares.org\/\">Projeto Interpares<\/a><\/p>\n<p><a href=\"http:\/\/www.arquivoestado.sp.gov.br\/site\/gestao\/sistema\" target=\"_blank\" rel=\"noopener noreferrer\">Sistema de Arquivos do Estado de S\u00e3o Paulo<\/a><\/p>\n<p><a href=\"https:\/\/www.siarq.unicamp.br\/siarq\/\">Sistema de Arquivos da UNICAMP<\/a><\/p>\n","protected":false},"excerpt":{"rendered":"<p>Acervo Hist\u00f3rico da Assembleia Legislativa do Estado de S\u00e3o Paulo Arquivo do Instituto de Estudos [&hellip;]<\/p>\n","protected":false},"author":62,"featured_media":0,"parent":0,"menu_order":0,"comment_status":"closed","ping_status":"closed","template":"","meta":{"_monsterinsights_skip_tracking":false,"_monsterinsights_sitenote_active":false,"_monsterinsights_sitenote_note":"","_monsterinsights_sitenote_category":0,"footnotes":"","_links_to":"","_links_to_target":""},"class_list":["post-605","page","type-page","status-publish","hentry"],"_links":{"self":[{"href":"https:\/\/sites.usp.br\/arquivogeral\/wp-json\/wp\/v2\/pages\/605","targetHints":{"allow":["GET"]}}],"collection":[{"href":"https:\/\/sites.usp.br\/arquivogeral\/wp-json\/wp\/v2\/pages"}],"about":[{"href":"https:\/\/sites.usp.br\/arquivogeral\/wp-json\/wp\/v2\/types\/page"}],"author":[{"embeddable":true,"href":"https:\/\/sites.usp.br\/arquivogeral\/wp-json\/wp\/v2\/users\/62"}],"replies":[{"embeddable":true,"href":"https:\/\/sites.usp.br\/arquivogeral\/wp-json\/wp\/v2\/comments?post=605"}],"version-history":[{"count":5,"href":"https:\/\/sites.usp.br\/arquivogeral\/wp-json\/wp\/v2\/pages\/605\/revisions"}],"predecessor-version":[{"id":4909,"href":"https:\/\/sites.usp.br\/arquivogeral\/wp-json\/wp\/v2\/pages\/605\/revisions\/4909"}],"wp:attachment":[{"href":"https:\/\/sites.usp.br\/arquivogeral\/wp-json\/wp\/v2\/media?parent=605"}],"curies":[{"name":"wp","href":"https:\/\/api.w.org\/{rel}","templated":true}]}}