{"id":7150,"date":"2023-12-01T15:58:18","date_gmt":"2023-12-01T18:58:18","guid":{"rendered":"https:\/\/sites.usp.br\/arquivogeral\/?page_id=7150"},"modified":"2023-12-01T15:58:18","modified_gmt":"2023-12-01T18:58:18","slug":"sectoral-commissions","status":"publish","type":"page","link":"https:\/\/sites.usp.br\/arquivogeral\/en\/sectoral-commissions\/","title":{"rendered":"Sectoral Commissions"},"content":{"rendered":"<p>The USP Archive System (SAUSP) operates in a decentralized manner, therefore, with the participation of its sectoral bodies (Sectoral Commissions).<\/p>\n<p>According to article 7 of Ordinance GR 3989\/2008, which amends the SAUSP institutionalization ordinance:<\/p>\n<p>The Sector Bodies are responsible for document management of the respective Units and Bodies, with the following responsibilities:<\/p>\n<p>comply with and enforce the rules issued by the Central Body;<br \/>\nguide the Units and Bodies regarding the quality of production, flow, evaluation, conservation, technical processing, recovery and accessibility of documents;<br \/>\nprepare proposals and apply classification plans, temporality tables and other management instruments, approved by the Board of Directors;<br \/>\nmonitor changes in the organizational structure and functioning of the respective Units and Bodies, in order to instruct SAUSP&#8217;s actions;<br \/>\nkeep your registration data updated with the Central Body;<br \/>\ncontrol the collection and provide technical treatment of permanent custody documents, in accordance with guidance from the Board of Directors;<br \/>\npresent to the Central Body proposals for reviewing and improving SAUSP.<\/p>\n<p>Sector Commissions are updated every 4 years.<\/p>\n<p>Below is the list of Sector Commissions in force:<\/p>\n<p>&nbsp;<\/p>\n<p><a href=\"https:\/\/sites.usp.br\/arquivogeral\/?page_id=1411\">Ag\u00eancia USP de Coopera\u00e7\u00e3o Acad\u00eamica Nacional e Internacional<\/a><br \/>\n<a href=\"https:\/\/sites.usp.br\/arquivogeral\/?page_id=1413\">Ag\u00eancia USP de Inova\u00e7\u00e3o<\/a><br \/>\n<a href=\"https:\/\/sites.usp.br\/arquivogeral\/?page_id=1415\">CDCC \u2013 Centro de Divulga\u00e7\u00e3o Cient\u00edfica e Cultural<\/a><br \/>\n<a href=\"https:\/\/sites.usp.br\/arquivogeral\/?page_id=1418\">CEBIMAR \u2013 Centro de Biologia Marinha<\/a><br \/>\n<a href=\"https:\/\/sites.usp.br\/arquivogeral\/?page_id=1420\">CENA \u2013 Centro de Energia Nuclear na Agricultura<\/a><br \/>\n<a href=\"https:\/\/sites.usp.br\/arquivogeral\/?page_id=1423\">CEPEUSP \u2013 Centro de Pr\u00e1ticas Esportivas da USP<\/a><br \/>\n<a href=\"https:\/\/sites.usp.br\/arquivogeral\/?page_id=1425\">CeTI-RP \u2013 Centro de Tecnologia da Informa\u00e7\u00e3o de Ribeir\u00e3o Preto<\/a><br \/>\n<a href=\"https:\/\/sites.usp.br\/arquivogeral\/?page_id=1458\">CeTI-SC \u2013 Centro de Tecnologia da Informa\u00e7\u00e3o de S\u00e3o Carlos<\/a><br \/>\n<a href=\"https:\/\/sites.usp.br\/arquivogeral\/?page_id=1430\">CeTI-SP \u2013 Centro de Tecnologia da Informa\u00e7\u00e3o de S\u00e3o Paulo<\/a><br \/>\n<a href=\"https:\/\/sites.usp.br\/arquivogeral\/?page_id=1460\">EACH \u2013 Escola de Artes, Ci\u00eancias e Humanidades da USP<\/a><br \/>\n<a href=\"https:\/\/sites.usp.br\/arquivogeral\/?page_id=1462\">ECA \u2013 Escola de Comunica\u00e7\u00f5es e Artes<\/a><br \/>\n<a href=\"https:\/\/sites.usp.br\/arquivogeral\/?page_id=1464\">EDUSP \u2013 Editora da Universidade de S\u00e3o Paulo<\/a><br \/>\n<a href=\"https:\/\/sites.usp.br\/arquivogeral\/?page_id=1466\">EE \u2013 Escola de Enfermagem<\/a><br \/>\n<a href=\"https:\/\/sites.usp.br\/arquivogeral\/?page_id=1470\">EEFE \u2013 Escola de Educa\u00e7\u00e3o F\u00edsica e Esporte<\/a><br \/>\n<a href=\"https:\/\/sites.usp.br\/arquivogeral\/?page_id=1486\">EEFERP \u2013 Escola de Educa\u00e7\u00e3o F\u00edsica de Ribeir\u00e3o Preto<\/a><br \/>\n<a href=\"https:\/\/sites.usp.br\/arquivogeral\/?page_id=1488\">EEL \u2013 Escola de Engenharia de Lorena<\/a><br \/>\n<a href=\"https:\/\/sites.usp.br\/arquivogeral\/?page_id=1490\">EERP \u2013 Escola de Enfermagem de Ribeir\u00e3o Preto<\/a><br \/>\n<a href=\"https:\/\/sites.usp.br\/arquivogeral\/?page_id=1493\">EESC \u2013 Escola de Engenharia de S\u00e3o Carlos<\/a><br \/>\n<a href=\"https:\/\/sites.usp.br\/arquivogeral\/?page_id=1496\">EP \u2013 Escola Polit\u00e9cnica<\/a><br \/>\n<a href=\"https:\/\/sites.usp.br\/arquivogeral\/?page_id=1498\">ESALQ \u2013 Escola Superior de Agricultura \u201cLuiz de Queiroz\u201d<\/a><br \/>\n<a href=\"https:\/\/sites.usp.br\/arquivogeral\/?page_id=1500\">FAU \u2013 Faculdade de Arquitetura e Urbanismo<\/a><br \/>\n<a href=\"https:\/\/sites.usp.br\/arquivogeral\/?page_id=1502\">FCF \u2013 Faculdade de Ci\u00eancias Farmac\u00eauticas<\/a><br \/>\n<a href=\"https:\/\/sites.usp.br\/arquivogeral\/?page_id=1504\">FCFRP \u2013 Faculdade de Ci\u00eancias Farmac\u00eauticas de Ribeir\u00e3o Preto<\/a><br \/>\n<a href=\"https:\/\/sites.usp.br\/arquivogeral\/?page_id=1506\">FD \u2013 Faculdade de Direito<\/a><br \/>\n<a href=\"https:\/\/sites.usp.br\/arquivogeral\/?page_id=1508\">FDRP \u2013 Faculdade de Direito de Ribeir\u00e3o Preto<\/a><br \/>\n<a href=\"https:\/\/sites.usp.br\/arquivogeral\/?page_id=1847\">FE \u2013 Faculdade de Educa\u00e7\u00e3o<\/a><br \/>\n<a href=\"https:\/\/sites.usp.br\/arquivogeral\/?page_id=1511\">FEA \u2013 Faculdade de Economia e Administra\u00e7\u00e3o<\/a><br \/>\n<a href=\"https:\/\/sites.usp.br\/arquivogeral\/?page_id=1515\">FEARP \u2013 Faculdade de Economia e Administra\u00e7\u00e3o de Ribeir\u00e3o Preto<\/a><br \/>\n<a href=\"https:\/\/sites.usp.br\/arquivogeral\/?page_id=1519\">FFCLRP \u2013 Faculdade de Filosofia, Ci\u00eancias e Letras de Ribeir\u00e3o Preto<\/a><br \/>\n<a href=\"https:\/\/sites.usp.br\/arquivogeral\/?page_id=1517\">FFLCH \u2013 Faculdade de Filosofia, Letras e Ci\u00eancias Humanas<\/a><br \/>\n<a href=\"https:\/\/sites.usp.br\/arquivogeral\/?page_id=1521\">FM \u2013 Faculdade de Medicina<\/a><br \/>\n<a href=\"https:\/\/sites.usp.br\/arquivogeral\/?page_id=1523\">FMRP \u2013 Faculdade de Medicina de Ribeir\u00e3o Preto<\/a><br \/>\n<a href=\"https:\/\/sites.usp.br\/arquivogeral\/?page_id=1525\">FMVZ \u2013 Faculdade de Medicina Veterin\u00e1ria e Zootecnia<\/a><br \/>\n<a href=\"https:\/\/sites.usp.br\/arquivogeral\/?page_id=1527\">FO \u2013 Faculdade de Odontologia<\/a><br \/>\n<a href=\"https:\/\/sites.usp.br\/arquivogeral\/?page_id=1529\">FOB \u2013 Faculdade de Odontologia de Bauru<\/a><br \/>\n<a href=\"https:\/\/sites.usp.br\/arquivogeral\/?page_id=1532\">FORP \u2013 Faculdade de Odontologia de Ribeir\u00e3o Preto<\/a><br \/>\n<a href=\"https:\/\/sites.usp.br\/arquivogeral\/?page_id=1534\">FSP \u2013 Faculdade de Sa\u00fade P\u00fablica<\/a><br \/>\n<a href=\"https:\/\/sites.usp.br\/arquivogeral\/?page_id=1536\">FZEA \u2013 Faculdade de Zootecnia e Engenharia de Alimentos<\/a><br \/>\n<a href=\"https:\/\/sites.usp.br\/arquivogeral\/?page_id=1540\">HRAC \u2013 Hospital de Reabilita\u00e7\u00e3o de Anomalias Craniofaciais<\/a><br \/>\n<a href=\"https:\/\/sites.usp.br\/arquivogeral\/?page_id=1542\">HU \u2013 Hospital Universit\u00e1rio<\/a><br \/>\n<a href=\"https:\/\/sites.usp.br\/arquivogeral\/?page_id=1544\">IAG \u2013 Instituto de Astronomia, Geof\u00edsica e Ci\u00eancias Atmosf\u00e9ricas<\/a><br \/>\n<a href=\"https:\/\/sites.usp.br\/arquivogeral\/?page_id=1546\">IAU \u2013 Instituto de Arquitetura e Urbanismo<\/a><br \/>\n<a href=\"https:\/\/sites.usp.br\/arquivogeral\/?page_id=1548\">IB \u2013 Instituto de Bioci\u00eancias<\/a><br \/>\n<a href=\"https:\/\/sites.usp.br\/arquivogeral\/?page_id=1550\">ICB \u2013 Instituto de Ci\u00eancias Biom\u00e9dicas<\/a><br \/>\n<a href=\"https:\/\/sites.usp.br\/arquivogeral\/?page_id=1552\">ICMC \u2013 Instituto de Ci\u00eancias Matem\u00e1ticas e de Computa\u00e7\u00e3o<\/a><br \/>\n<a href=\"https:\/\/sites.usp.br\/arquivogeral\/?page_id=1554\">IEA \u2013 Instituto de Estudos Avan\u00e7ados<\/a><br \/>\n<a href=\"https:\/\/sites.usp.br\/arquivogeral\/?page_id=1556\">IEB \u2013 Instituto de Estudos Brasileiros<\/a><br \/>\n<a href=\"https:\/\/sites.usp.br\/arquivogeral\/?page_id=1558\">IEE \u2013 Instituto de Energia e Ambiente<\/a><br \/>\n<a href=\"https:\/\/sites.usp.br\/arquivogeral\/?page_id=1560\">IF \u2013 Instituto de F\u00edsica<\/a><br \/>\n<a href=\"https:\/\/sites.usp.br\/arquivogeral\/?page_id=1562\">IFSC \u2013 Instituto de F\u00edsica de S\u00e3o Carlos<\/a><br \/>\n<a href=\"https:\/\/sites.usp.br\/arquivogeral\/?page_id=1564\">IGc \u2013 Instituto de Geoci\u00eancias<\/a><br \/>\n<a href=\"https:\/\/sites.usp.br\/arquivogeral\/?page_id=1566\">IME \u2013 Instituto de Matem\u00e1tica e Estat\u00edstica<\/a><br \/>\n<a href=\"https:\/\/sites.usp.br\/arquivogeral\/?page_id=1568\">IMT \u2013 Instituto de Medicina Tropical<\/a><br \/>\n<a href=\"https:\/\/sites.usp.br\/arquivogeral\/?page_id=1570\">IO \u2013 Instituto Oceanogr\u00e1fico<\/a><br \/>\n<a href=\"https:\/\/sites.usp.br\/arquivogeral\/?page_id=1572\">IP \u2013 Instituto de Psicologia<\/a><br \/>\n<a href=\"https:\/\/sites.usp.br\/arquivogeral\/?page_id=1574\">IQ \u2013 Instituto de Qu\u00edmica<\/a><br \/>\n<a href=\"https:\/\/sites.usp.br\/arquivogeral\/?page_id=1576\">IQSC \u2013 Instituto de Qu\u00edmica de S\u00e3o Carlos<\/a><br \/>\n<a href=\"https:\/\/sites.usp.br\/arquivogeral\/?page_id=1578\">MAC \u2013 Museu de Arte Contempor\u00e2nea<\/a><br \/>\n<a href=\"https:\/\/sites.usp.br\/arquivogeral\/?page_id=1580\">MAE \u2013 Museu de Arqueologia e Etnologia<\/a><br \/>\n<a href=\"https:\/\/sites.usp.br\/arquivogeral\/?page_id=1582\">MP \u2013 Museu Paulista<\/a><br \/>\n<a href=\"https:\/\/sites.usp.br\/arquivogeral\/?page_id=1584\">MZ \u2013 Museu de Zoologia<\/a><br \/>\n<a href=\"https:\/\/sites.usp.br\/arquivogeral\/?page_id=1587\">PUSP\/B \u2013 Prefeitura do Campus USP de Bauru<\/a><br \/>\n<a href=\"https:\/\/sites.usp.br\/arquivogeral\/?page_id=1589\">PUSP\/C \u2013 Prefeitura do Campus USP da Capital<\/a><br \/>\n<a href=\"https:\/\/sites.usp.br\/arquivogeral\/?page_id=1592\">PUSP\/LQ \u2013 Prefeitura do Campus USP \u201cLuiz de Queiroz\u201d<\/a><br \/>\n<a href=\"https:\/\/sites.usp.br\/arquivogeral\/?page_id=1594\">PUSP\/P \u2013 Prefeitura do Campus USP de Pirassununga<\/a><br \/>\n<a href=\"https:\/\/sites.usp.br\/arquivogeral\/?page_id=1597\">PUSP\/QSD \u2013 Prefeitura do Campus USP do Quadril\u00e1tero da Sa\u00fade\/Direito<\/a><br \/>\n<a href=\"https:\/\/sites.usp.br\/arquivogeral\/?page_id=1599\">PUSP\/RP \u2013 Prefeitura do Campus USP de Ribeir\u00e3o Preto<\/a><br \/>\n<a href=\"https:\/\/sites.usp.br\/arquivogeral\/?page_id=1602\">PUSP\/SC \u2013 Prefeitura do Campus USP de S\u00e3o Carlos<\/a><br \/>\n<a href=\"https:\/\/sites.usp.br\/arquivogeral\/?page_id=1604\">RUSP \u2013 Reitoria da USP<\/a><br \/>\n<a href=\"https:\/\/sites.usp.br\/arquivogeral\/?page_id=1606\">SAS \u2013 Superintend\u00eancia de Assist\u00eancia Social<\/a><br \/>\n<a href=\"https:\/\/sites.usp.br\/arquivogeral\/?page_id=1608\">SCS \u2013 Superintend\u00eancia de Comunica\u00e7\u00e3o Social<\/a><br \/>\n<a href=\"https:\/\/sites.usp.br\/arquivogeral\/?page_id=1610\">SEF \u2013 Superintend\u00eancia do Espa\u00e7o F\u00edsico<\/a><br \/>\n<a href=\"https:\/\/sites.usp.br\/arquivogeral\/?page_id=1843\">SESA \u2013 Servi\u00e7o Especial de Sa\u00fade de Araraquara<\/a><br \/>\n<a href=\"https:\/\/sites.usp.br\/arquivogeral\/?page_id=1612\">SIBi \u2013 Sistema Integrado de Bibliotecas<\/a><br \/>\n<a href=\"https:\/\/sites.usp.br\/arquivogeral\/?page_id=1614\">SVOC \u2013 Servi\u00e7o de Verifica\u00e7\u00e3o de \u00d3bitos da Capital<\/a><br \/>\n<a href=\"https:\/\/sites.usp.br\/arquivogeral\/?page_id=1616\">SVOI \u2013 Servi\u00e7o de Verifica\u00e7\u00e3o de \u00d3bitos do Interior<\/a><\/p>\n","protected":false},"excerpt":{"rendered":"<p>The USP Archive System (SAUSP) operates in a decentralized manner, therefore, with the participation of [&hellip;]<\/p>\n","protected":false},"author":22514,"featured_media":0,"parent":0,"menu_order":0,"comment_status":"closed","ping_status":"closed","template":"","meta":{"_monsterinsights_skip_tracking":false,"_monsterinsights_sitenote_active":false,"_monsterinsights_sitenote_note":"","_monsterinsights_sitenote_category":0,"footnotes":"","_links_to":"","_links_to_target":""},"class_list":["post-7150","page","type-page","status-publish","hentry"],"_links":{"self":[{"href":"https:\/\/sites.usp.br\/arquivogeral\/wp-json\/wp\/v2\/pages\/7150","targetHints":{"allow":["GET"]}}],"collection":[{"href":"https:\/\/sites.usp.br\/arquivogeral\/wp-json\/wp\/v2\/pages"}],"about":[{"href":"https:\/\/sites.usp.br\/arquivogeral\/wp-json\/wp\/v2\/types\/page"}],"author":[{"embeddable":true,"href":"https:\/\/sites.usp.br\/arquivogeral\/wp-json\/wp\/v2\/users\/22514"}],"replies":[{"embeddable":true,"href":"https:\/\/sites.usp.br\/arquivogeral\/wp-json\/wp\/v2\/comments?post=7150"}],"version-history":[{"count":1,"href":"https:\/\/sites.usp.br\/arquivogeral\/wp-json\/wp\/v2\/pages\/7150\/revisions"}],"predecessor-version":[{"id":7152,"href":"https:\/\/sites.usp.br\/arquivogeral\/wp-json\/wp\/v2\/pages\/7150\/revisions\/7152"}],"wp:attachment":[{"href":"https:\/\/sites.usp.br\/arquivogeral\/wp-json\/wp\/v2\/media?parent=7150"}],"curies":[{"name":"wp","href":"https:\/\/api.w.org\/{rel}","templated":true}]}}