{"id":224,"date":"2021-12-29T18:23:49","date_gmt":"2021-12-29T20:23:49","guid":{"rendered":"https:\/\/sites.usp.br\/astro_tcc\/?page_id=224"},"modified":"2026-01-31T17:01:59","modified_gmt":"2026-01-31T19:01:59","slug":"instrumentacao-computacao","status":"publish","type":"page","link":"https:\/\/sites.usp.br\/astro_tcc\/pagina-2\/instrumentacao-computacao\/","title":{"rendered":"Instrumenta\u00e7\u00e3o &#038; Computa\u00e7\u00e3o"},"content":{"rendered":"<p>Trabalhos e autores de projetos relacionados \u00e0s vertentes Instrumenta\u00e7\u00e3o e Computa\u00e7\u00e3o.<\/p>\n<table id=\"trabalhos\" border=\"0\" width=\"100%\" cellspacing=\"1\" cellpadding=\"5\">\n<thead>\n<tr>\n<th>\u00c1rea<\/th>\n<th>Trabalho e autores<\/th>\n<\/tr>\n<\/thead>\n<tbody>\n<tr title=\"Carlos Soares da Silva \">\n<td>Computa\u00e7\u00e3o<\/td>\n<td><strong><a href=\"https:\/\/sites.usp.br\/astro_tcc\/wp-content\/uploads\/sites\/894\/2026\/01\/2025B_Carlos_Henrique_Soares_da_Silva.pdf\"> Simulando a fotometria do S-PLUS<\/a><\/strong>, 2025, <strong> Carlos Soares da Silva<\/strong>, Laerte Sodr\u00e9 Junior<\/td>\n<\/tr>\n<tr title=\"Clara Navarro \">\n<td>Computa\u00e7\u00e3o<\/td>\n<td><strong><a href=\"https:\/\/sites.usp.br\/astro_tcc\/wp-content\/uploads\/sites\/894\/2026\/01\/2025B_Clara_Navarro.pdf\"> Identifica\u00e7\u00e3o de Estrelas Be em Levantamentos Fotom\u00e9tricos utilizando Aprendizado de M\u00e1quina<\/a><\/strong>, 2025, <strong> Clara Navarro <\/strong>, Alex Cavalieri Carciofi<\/td>\n<\/tr>\n<tr title=\"Marcele Pamela Santos Nunes \">\n<td>Intelig\u00eancia Artificial<\/td>\n<td><strong><a href=\" https:\/\/sites.usp.br\/astro_tcc\/wp-content\/uploads\/sites\/894\/2025\/01\/2024B_Marcele_Nunes.pdf\"> Intelig\u00eancia Artificial Explic\u00e1vel: aplica\u00e7\u00e3o \u00e0 classifica\u00e7\u00e3o de fontes astron\u00f4micas <\/a><\/strong>, 2024, <strong>Marcele Pamela Santos Nunes<\/strong>, Laerte Sodr\u00e9 Jr.<\/td>\n<\/tr>\n<tr title=\"Lucas Miguel Fanti\">\n<td>Computa\u00e7\u00e3o<\/td>\n<td><strong><a href=\"https:\/\/sites.usp.br\/astro_tcc\/wp-content\/uploads\/sites\/894\/2023\/01\/2022B_Lucas-Miguel-Fanti.pdf\"> <em>Machine Learning<\/em> em Astronomia: Uma Aplica\u00e7\u00e3o em Popula\u00e7\u00f5es Estelares<\/a><\/strong>, 2022, <strong> Lucas Miguel Fanti <\/strong>, Alex Cavalieri Carciofi<\/td>\n<\/tr>\n<tr title=\" Raquel Valen\u00e7a\">\n<td>Computa\u00e7\u00e3o<\/td>\n<td><strong><a href=\"https:\/\/sites.usp.br\/astro_tcc\/wp-content\/uploads\/sites\/894\/2023\/01\/2022B_Raquel-Ruiz-Valenca.pdf\"> Aplica\u00e7\u00f5es de <em> Machine Learning<\/em> em quasares do S-PLUS <\/a><\/strong>, 2022, <strong> Raquel Ruiz Valen\u00e7a <\/strong>, Laerte Sodr\u00e9 J\u00fanior, Claudia L. M. de Oliveira<\/td>\n<\/tr>\n<tr title=\"Matheus J. Castro\">\n<td>Instrumenta\u00e7\u00e3o<\/td>\n<td><strong><a href=\" https:\/\/sites.usp.br\/astro_tcc\/wp-content\/uploads\/sites\/894\/2021\/12\/2021B_MatheusJ_Castro.pdf\"> Calibra\u00e7\u00f5es do espectr\u00f3grafo CUBES<\/a><\/strong>, 2021, <strong> Matheus J. Castro<\/strong>, Beatriz Barbuy, Bruno Castilho (MCTI\/LNA)<\/td>\n<\/tr>\n<tr title=\"Rafael Hiroshi Doyama\">\n<td>Computa\u00e7\u00e3o \/ Instrumenta\u00e7\u00e3o<\/td>\n<td><strong><a href=\"https:\/\/sites.usp.br\/astro_tcc\/wp-content\/uploads\/sites\/894\/2022\/03\/2021B_Rafael_Doyama.pdf\"> Simula\u00e7\u00f5es de colis\u00f5es de aglomerados de gal\u00e1xias e Detec\u00e7\u00e3o de sinais s\u00edsmicos em Marte utilizando dados da miss\u00e3o InSight<\/a><\/strong>, 2021, <strong> Rafael Hiroshi Doyama<\/strong>, Gast\u00e3o B. Lima Neto, Marcelo Belentani de Bianchi, Laerte Sodr\u00e9 Jr.<\/td>\n<\/tr>\n<tr title=\"Henrique Lupinari Volpato\">\n<td>Instrumenta\u00e7\u00e3o<\/td>\n<td><strong><a href=\"https:\/\/sites.usp.br\/astro_tcc\/wp-content\/uploads\/sites\/894\/2021\/10\/2017A_Henrique_Lupinari.pdf\">G-CLEF Fiber Ratio Degradation Experiment &#8211; Adaptive Optics Impacts <\/a><\/strong>, 2017, <strong>Henrique Lupinari Volpato<\/strong>, Claudia Mendes de Oliveira, Stephen Scott Eikenberry (University of Florida)<\/td>\n<\/tr>\n<tr title=\"Rodrigo Massera\">\n<td>Instrumenta\u00e7\u00e3o<\/td>\n<td><strong><a href=\"https:\/\/sites.usp.br\/astro_tcc\/wp-content\/uploads\/sites\/894\/2022\/01\/2015_RodrigoT_Massera.pdf\">Desenvolvimento e Aprimoramento do <em>Software<\/em> de Controle do instrumento BTFI (<em>Brazilian Tunable Filter Imager<\/em>)<\/a><\/strong>, 2014, <strong> Rodrigo Massera, <\/strong> Claudia Mendes de Oliveira)<\/td>\n<\/tr>\n<\/tbody>\n<\/table>\n","protected":false},"excerpt":{"rendered":"<p>Trabalhos e autores de projetos relacionados \u00e0s vertentes Instrumenta\u00e7\u00e3o e Computa\u00e7\u00e3o. \u00c1rea Trabalho e autores Computa\u00e7\u00e3o Simulando a fotometria do S-PLUS, 2025, Carlos Soares da Silva, Laerte Sodr\u00e9 Junior Computa\u00e7\u00e3o Identifica\u00e7\u00e3o de Estrelas Be em Levantamentos Fotom\u00e9tricos utilizando Aprendizado de M\u00e1quina, 2025, Clara Navarro , Alex Cavalieri Carciofi Intelig\u00eancia Artificial Intelig\u00eancia Artificial Explic\u00e1vel: aplica\u00e7\u00e3o \u00e0 [&hellip;]<\/p>\n","protected":false},"author":22094,"featured_media":0,"parent":64,"menu_order":3,"comment_status":"closed","ping_status":"closed","template":"","meta":{"footnotes":"","_links_to":"","_links_to_target":""},"class_list":["post-224","page","type-page","status-publish","hentry"],"_links":{"self":[{"href":"https:\/\/sites.usp.br\/astro_tcc\/wp-json\/wp\/v2\/pages\/224","targetHints":{"allow":["GET"]}}],"collection":[{"href":"https:\/\/sites.usp.br\/astro_tcc\/wp-json\/wp\/v2\/pages"}],"about":[{"href":"https:\/\/sites.usp.br\/astro_tcc\/wp-json\/wp\/v2\/types\/page"}],"author":[{"embeddable":true,"href":"https:\/\/sites.usp.br\/astro_tcc\/wp-json\/wp\/v2\/users\/22094"}],"replies":[{"embeddable":true,"href":"https:\/\/sites.usp.br\/astro_tcc\/wp-json\/wp\/v2\/comments?post=224"}],"version-history":[{"count":4,"href":"https:\/\/sites.usp.br\/astro_tcc\/wp-json\/wp\/v2\/pages\/224\/revisions"}],"predecessor-version":[{"id":844,"href":"https:\/\/sites.usp.br\/astro_tcc\/wp-json\/wp\/v2\/pages\/224\/revisions\/844"}],"up":[{"embeddable":true,"href":"https:\/\/sites.usp.br\/astro_tcc\/wp-json\/wp\/v2\/pages\/64"}],"wp:attachment":[{"href":"https:\/\/sites.usp.br\/astro_tcc\/wp-json\/wp\/v2\/media?parent=224"}],"curies":[{"name":"wp","href":"https:\/\/api.w.org\/{rel}","templated":true}]}}