{"id":465,"date":"2022-01-12T09:25:19","date_gmt":"2022-01-12T11:25:19","guid":{"rendered":"https:\/\/sites.usp.br\/astro_tcc\/?page_id=465"},"modified":"2022-03-04T18:10:12","modified_gmt":"2022-03-04T20:10:12","slug":"fotos","status":"publish","type":"page","link":"https:\/\/sites.usp.br\/astro_tcc\/fotos\/","title":{"rendered":"Fotos"},"content":{"rendered":"<p>Nesta galeria de fotos s\u00e3o apresentadas mem\u00f3rias de alguns momentos marcantes para os alunos do Bacharelado em Astronomia, desde seu <a href=\"https:\/\/sites.usp.br\/astro_tcc\/fotos\/ingressantes\/\">ingresso,<\/a> passando por diferentes <a href=\"https:\/\/sites.usp.br\/astro_tcc\/fotos\/encontros\/\">eventos e atividades extraclasse<\/a> e finalizando com as lembran\u00e7as das <a href=\"https:\/\/sites.usp.br\/astro_tcc\/fotos\/ingressantes-2\/\">formaturas<\/a>.<\/p>\n<p>Est\u00e1 p\u00e1gina est\u00e1 em constru\u00e7\u00e3o.<\/p>\n<p><a href=\"https:\/\/sites.usp.br\/astro_tcc\/wp-content\/uploads\/sites\/894\/2019\/06\/Galeria_inicial.png\"><img loading=\"lazy\" decoding=\"async\" class=\"alignnone size-medium wp-image-451\" src=\"https:\/\/sites.usp.br\/astro_tcc\/wp-content\/uploads\/sites\/894\/2019\/06\/Galeria_inicial-300x70.png\" alt=\"\" width=\"600\" height=\"140\" srcset=\"https:\/\/sites.usp.br\/astro_tcc\/wp-content\/uploads\/sites\/894\/2019\/06\/Galeria_inicial-300x70.png 300w, https:\/\/sites.usp.br\/astro_tcc\/wp-content\/uploads\/sites\/894\/2019\/06\/Galeria_inicial-1024x238.png 1024w, https:\/\/sites.usp.br\/astro_tcc\/wp-content\/uploads\/sites\/894\/2019\/06\/Galeria_inicial-768x179.png 768w, https:\/\/sites.usp.br\/astro_tcc\/wp-content\/uploads\/sites\/894\/2019\/06\/Galeria_inicial-1536x357.png 1536w, https:\/\/sites.usp.br\/astro_tcc\/wp-content\/uploads\/sites\/894\/2019\/06\/Galeria_inicial-400x93.png 400w, https:\/\/sites.usp.br\/astro_tcc\/wp-content\/uploads\/sites\/894\/2019\/06\/Galeria_inicial.png 1725w\" sizes=\"auto, (max-width: 600px) 100vw, 600px\" \/><\/a><br \/>\n<a href=\"https:\/\/sites.usp.br\/astro_tcc\/wp-content\/uploads\/sites\/894\/2022\/02\/Portaria_IAG_2020-scaled.jpg\"><img loading=\"lazy\" decoding=\"async\" class=\"alignnone size-medium wp-image-610\" src=\"https:\/\/sites.usp.br\/astro_tcc\/wp-content\/uploads\/sites\/894\/2022\/02\/Portaria_IAG_2020-300x225.jpg\" alt=\"\" width=\"600\" height=\"450\" srcset=\"https:\/\/sites.usp.br\/astro_tcc\/wp-content\/uploads\/sites\/894\/2022\/02\/Portaria_IAG_2020-300x225.jpg 300w, https:\/\/sites.usp.br\/astro_tcc\/wp-content\/uploads\/sites\/894\/2022\/02\/Portaria_IAG_2020-1024x768.jpg 1024w, https:\/\/sites.usp.br\/astro_tcc\/wp-content\/uploads\/sites\/894\/2022\/02\/Portaria_IAG_2020-768x576.jpg 768w, https:\/\/sites.usp.br\/astro_tcc\/wp-content\/uploads\/sites\/894\/2022\/02\/Portaria_IAG_2020-1536x1152.jpg 1536w, https:\/\/sites.usp.br\/astro_tcc\/wp-content\/uploads\/sites\/894\/2022\/02\/Portaria_IAG_2020-2048x1536.jpg 2048w, https:\/\/sites.usp.br\/astro_tcc\/wp-content\/uploads\/sites\/894\/2022\/02\/Portaria_IAG_2020-80x60.jpg 80w, https:\/\/sites.usp.br\/astro_tcc\/wp-content\/uploads\/sites\/894\/2022\/02\/Portaria_IAG_2020-400x300.jpg 400w\" sizes=\"auto, (max-width: 600px) 100vw, 600px\" \/><\/a><\/p>\n","protected":false},"excerpt":{"rendered":"<p>Nesta galeria de fotos s\u00e3o apresentadas mem\u00f3rias de alguns momentos marcantes para os alunos do Bacharelado em Astronomia, desde seu ingresso, passando por diferentes eventos e atividades extraclasse e finalizando com as lembran\u00e7as das formaturas. Est\u00e1 p\u00e1gina est\u00e1 em constru\u00e7\u00e3o.<\/p>\n","protected":false},"author":22094,"featured_media":0,"parent":0,"menu_order":0,"comment_status":"closed","ping_status":"closed","template":"","meta":{"footnotes":"","_links_to":"","_links_to_target":""},"class_list":["post-465","page","type-page","status-publish","hentry"],"_links":{"self":[{"href":"https:\/\/sites.usp.br\/astro_tcc\/wp-json\/wp\/v2\/pages\/465","targetHints":{"allow":["GET"]}}],"collection":[{"href":"https:\/\/sites.usp.br\/astro_tcc\/wp-json\/wp\/v2\/pages"}],"about":[{"href":"https:\/\/sites.usp.br\/astro_tcc\/wp-json\/wp\/v2\/types\/page"}],"author":[{"embeddable":true,"href":"https:\/\/sites.usp.br\/astro_tcc\/wp-json\/wp\/v2\/users\/22094"}],"replies":[{"embeddable":true,"href":"https:\/\/sites.usp.br\/astro_tcc\/wp-json\/wp\/v2\/comments?post=465"}],"version-history":[{"count":4,"href":"https:\/\/sites.usp.br\/astro_tcc\/wp-json\/wp\/v2\/pages\/465\/revisions"}],"predecessor-version":[{"id":674,"href":"https:\/\/sites.usp.br\/astro_tcc\/wp-json\/wp\/v2\/pages\/465\/revisions\/674"}],"wp:attachment":[{"href":"https:\/\/sites.usp.br\/astro_tcc\/wp-json\/wp\/v2\/media?parent=465"}],"curies":[{"name":"wp","href":"https:\/\/api.w.org\/{rel}","templated":true}]}}