{"id":79,"date":"2014-02-24T16:51:20","date_gmt":"2014-02-24T18:51:20","guid":{"rendered":"http:\/\/sites.usp.br\/astro_tcc\/?page_id=79"},"modified":"2022-03-06T20:19:40","modified_gmt":"2022-03-06T22:19:40","slug":"pagina-inicial","status":"publish","type":"page","link":"https:\/\/sites.usp.br\/astro_tcc\/","title":{"rendered":"Boas-vindas"},"content":{"rendered":"<p><b>Trabalho de Conclus\u00e3o de Curso do Bacharelado em Astronomia do IAG\/USP<\/b><br \/>\n<a href=\"https:\/\/sites.usp.br\/astro_tcc\/wp-content\/uploads\/sites\/894\/2022\/03\/apod201119.png\"><img loading=\"lazy\" decoding=\"async\" class=\"alignnone size-medium wp-image-688\" src=\"https:\/\/sites.usp.br\/astro_tcc\/wp-content\/uploads\/sites\/894\/2022\/03\/apod201119-300x300.png\" alt=\"\" width=\"225\" height=\"225\" srcset=\"https:\/\/sites.usp.br\/astro_tcc\/wp-content\/uploads\/sites\/894\/2022\/03\/apod201119-300x300.png 300w, https:\/\/sites.usp.br\/astro_tcc\/wp-content\/uploads\/sites\/894\/2022\/03\/apod201119-1022x1024.png 1022w, https:\/\/sites.usp.br\/astro_tcc\/wp-content\/uploads\/sites\/894\/2022\/03\/apod201119-150x150.png 150w, https:\/\/sites.usp.br\/astro_tcc\/wp-content\/uploads\/sites\/894\/2022\/03\/apod201119-768x769.png 768w, https:\/\/sites.usp.br\/astro_tcc\/wp-content\/uploads\/sites\/894\/2022\/03\/apod201119-45x45.png 45w, https:\/\/sites.usp.br\/astro_tcc\/wp-content\/uploads\/sites\/894\/2022\/03\/apod201119-200x200.png 200w, https:\/\/sites.usp.br\/astro_tcc\/wp-content\/uploads\/sites\/894\/2022\/03\/apod201119-400x401.png 400w, https:\/\/sites.usp.br\/astro_tcc\/wp-content\/uploads\/sites\/894\/2022\/03\/apod201119.png 1138w\" sizes=\"auto, (max-width: 225px) 100vw, 225px\" \/><\/a> <a href=\"https:\/\/sites.usp.br\/astro_tcc\/wp-content\/uploads\/sites\/894\/2022\/01\/iag.jpg\"><img loading=\"lazy\" decoding=\"async\" class=\"alignnone size-medium wp-image-472\" src=\"https:\/\/sites.usp.br\/astro_tcc\/wp-content\/uploads\/sites\/894\/2022\/01\/iag-300x186.jpg\" alt=\"\" width=\"365\" height=\"225\" srcset=\"https:\/\/sites.usp.br\/astro_tcc\/wp-content\/uploads\/sites\/894\/2022\/01\/iag-300x186.jpg 300w, https:\/\/sites.usp.br\/astro_tcc\/wp-content\/uploads\/sites\/894\/2022\/01\/iag-400x247.jpg 400w, https:\/\/sites.usp.br\/astro_tcc\/wp-content\/uploads\/sites\/894\/2022\/01\/iag.jpg 608w\" sizes=\"auto, (max-width: 365px) 100vw, 365px\" \/><\/a> <a href=\"https:\/\/sites.usp.br\/astro_tcc\/wp-content\/uploads\/sites\/894\/2022\/02\/Portaria_IAG_2020-1-scaled.jpg\"><img loading=\"lazy\" decoding=\"async\" class=\"alignnone size-medium wp-image-621\" src=\"https:\/\/sites.usp.br\/astro_tcc\/wp-content\/uploads\/sites\/894\/2022\/02\/Portaria_IAG_2020-1-300x225.jpg\" alt=\"\" width=\"300\" height=\"225\" srcset=\"https:\/\/sites.usp.br\/astro_tcc\/wp-content\/uploads\/sites\/894\/2022\/02\/Portaria_IAG_2020-1-300x225.jpg 300w, https:\/\/sites.usp.br\/astro_tcc\/wp-content\/uploads\/sites\/894\/2022\/02\/Portaria_IAG_2020-1-1024x768.jpg 1024w, https:\/\/sites.usp.br\/astro_tcc\/wp-content\/uploads\/sites\/894\/2022\/02\/Portaria_IAG_2020-1-768x576.jpg 768w, https:\/\/sites.usp.br\/astro_tcc\/wp-content\/uploads\/sites\/894\/2022\/02\/Portaria_IAG_2020-1-1536x1152.jpg 1536w, https:\/\/sites.usp.br\/astro_tcc\/wp-content\/uploads\/sites\/894\/2022\/02\/Portaria_IAG_2020-1-2048x1536.jpg 2048w, https:\/\/sites.usp.br\/astro_tcc\/wp-content\/uploads\/sites\/894\/2022\/02\/Portaria_IAG_2020-1-80x60.jpg 80w, https:\/\/sites.usp.br\/astro_tcc\/wp-content\/uploads\/sites\/894\/2022\/02\/Portaria_IAG_2020-1-400x300.jpg 400w\" sizes=\"auto, (max-width: 300px) 100vw, 300px\" \/><\/a><\/p>\n<p>O Bacharelado em Astronomia do IAG\/USP tem duas disciplinas (Trabalho de Gradua\u00e7\u00e3o I e II), cursadas no \u00faltimo ano da gradua\u00e7\u00e3o, dedicadas ao desenvolvimento de um projeto de pesquisa nos mesmos moldes de uma Inicia\u00e7\u00e3o Cient\u00edfica. O resultado final \u00e9 o Trabalho de Conclus\u00e3o de Curso, apresentado para uma banca avaliadora em duas formas: oralmente (defesa do projeto), e na forma escrita (monografia).<\/p>\n<p>Esta p\u00e1gina \u00e9 dedicada \u00e0 disponibiliza\u00e7\u00e3o das <a href=\"https:\/\/sites.usp.br\/astro_tcc\/pagina-2\/\" target=\"_blank\" rel=\"noopener\">monografias<\/a> e apresenta\u00e7\u00e3o das diferentes vertentes do curso, informando a \u00e1rea de pesquisa, ano da apresenta\u00e7\u00e3o e o nome dos estudantes e dos orientadores. Ao clicar no <em>link<\/em> associado ao t\u00edtulo do projeto \u00e9 poss\u00edvel acessar o arquivo PDF da monografia.<\/p>\n","protected":false},"excerpt":{"rendered":"<p>Trabalho de Conclus\u00e3o de Curso do Bacharelado em Astronomia do IAG\/USP O Bacharelado em Astronomia do IAG\/USP tem duas disciplinas (Trabalho de Gradua\u00e7\u00e3o I e II), cursadas no \u00faltimo ano da gradua\u00e7\u00e3o, dedicadas ao desenvolvimento de um projeto de pesquisa nos mesmos moldes de uma Inicia\u00e7\u00e3o Cient\u00edfica. O resultado final \u00e9 o Trabalho de Conclus\u00e3o [&hellip;]<\/p>\n","protected":false},"author":1,"featured_media":0,"parent":0,"menu_order":0,"comment_status":"closed","ping_status":"closed","template":"","meta":{"footnotes":"","_links_to":"","_links_to_target":""},"class_list":["post-79","page","type-page","status-publish","hentry"],"_links":{"self":[{"href":"https:\/\/sites.usp.br\/astro_tcc\/wp-json\/wp\/v2\/pages\/79","targetHints":{"allow":["GET"]}}],"collection":[{"href":"https:\/\/sites.usp.br\/astro_tcc\/wp-json\/wp\/v2\/pages"}],"about":[{"href":"https:\/\/sites.usp.br\/astro_tcc\/wp-json\/wp\/v2\/types\/page"}],"author":[{"embeddable":true,"href":"https:\/\/sites.usp.br\/astro_tcc\/wp-json\/wp\/v2\/users\/1"}],"replies":[{"embeddable":true,"href":"https:\/\/sites.usp.br\/astro_tcc\/wp-json\/wp\/v2\/comments?post=79"}],"version-history":[{"count":5,"href":"https:\/\/sites.usp.br\/astro_tcc\/wp-json\/wp\/v2\/pages\/79\/revisions"}],"predecessor-version":[{"id":690,"href":"https:\/\/sites.usp.br\/astro_tcc\/wp-json\/wp\/v2\/pages\/79\/revisions\/690"}],"wp:attachment":[{"href":"https:\/\/sites.usp.br\/astro_tcc\/wp-json\/wp\/v2\/media?parent=79"}],"curies":[{"name":"wp","href":"https:\/\/api.w.org\/{rel}","templated":true}]}}