{"id":79,"date":"2014-02-24T16:51:20","date_gmt":"2014-02-24T18:51:20","guid":{"rendered":"http:\/\/sites.usp.br\/astrominas\/?page_id=79"},"modified":"2026-04-06T14:21:52","modified_gmt":"2026-04-06T16:21:52","slug":"pagina-inicial","status":"publish","type":"page","link":"https:\/\/sites.usp.br\/astrominas\/","title":{"rendered":"P\u00e1gina Inicial"},"content":{"rendered":"<div id=\"pl-79\"  class=\"panel-layout\" ><div id=\"pg-79-0\"  class=\"panel-grid panel-no-style\" ><div id=\"pgc-79-0-0\"  class=\"panel-grid-cell\" ><div id=\"panel-79-0-0-0\" class=\"so-panel widget widget_sow-image panel-first-child panel-last-child\" data-index=\"0\" ><div\n\t\t\t\n\t\t\tclass=\"so-widget-sow-image so-widget-sow-image-default-a258e6bfa2d8-79\"\n\t\t\t\n\t\t>\n<div class=\"sow-image-container\">\n\t\t<img \n\tsrc=\"https:\/\/sites.usp.br\/astrominas\/wp-content\/uploads\/sites\/722\/2024\/05\/astrominas-1.png\" width=\"811\" height=\"336\" srcset=\"https:\/\/sites.usp.br\/astrominas\/wp-content\/uploads\/sites\/722\/2024\/05\/astrominas-1.png 811w, https:\/\/sites.usp.br\/astrominas\/wp-content\/uploads\/sites\/722\/2024\/05\/astrominas-1-300x124.png 300w, https:\/\/sites.usp.br\/astrominas\/wp-content\/uploads\/sites\/722\/2024\/05\/astrominas-1-768x318.png 768w, https:\/\/sites.usp.br\/astrominas\/wp-content\/uploads\/sites\/722\/2024\/05\/astrominas-1-400x166.png 400w\" sizes=\"(max-width: 811px) 100vw, 811px\" title=\"astrominas (1)\" alt=\"\" \t\tclass=\"so-widget-image\"\/>\n\t<\/div>\n\n<\/div><\/div><\/div><\/div><div id=\"pg-79-1\"  class=\"panel-grid panel-no-style\" ><div id=\"pgc-79-1-0\"  class=\"panel-grid-cell\" ><div id=\"panel-79-1-0-0\" class=\"so-panel widget widget_sow-image panel-first-child panel-last-child\" data-index=\"1\" ><div class=\"panel-widget-style panel-widget-style-for-79-1-0-0\" ><div\n\t\t\t\n\t\t\tclass=\"so-widget-sow-image so-widget-sow-image-default-a258e6bfa2d8-79\"\n\t\t\t\n\t\t>\n<div class=\"sow-image-container\">\n\t\t<img \n\tsrc=\"https:\/\/sites.usp.br\/astrominas\/wp-content\/uploads\/sites\/722\/2021\/04\/Urania.png\" width=\"560\" height=\"700\" srcset=\"https:\/\/sites.usp.br\/astrominas\/wp-content\/uploads\/sites\/722\/2021\/04\/Urania.png 560w, https:\/\/sites.usp.br\/astrominas\/wp-content\/uploads\/sites\/722\/2021\/04\/Urania-240x300.png 240w, https:\/\/sites.usp.br\/astrominas\/wp-content\/uploads\/sites\/722\/2021\/04\/Urania-400x500.png 400w\" sizes=\"(max-width: 560px) 100vw, 560px\" alt=\"\" \t\tclass=\"so-widget-image\"\/>\n\t<\/div>\n\n<\/div><\/div><\/div><\/div><div id=\"pgc-79-1-1\"  class=\"panel-grid-cell\" ><div id=\"panel-79-1-1-0\" class=\"so-panel widget widget_sow-editor panel-first-child panel-last-child\" data-index=\"2\" ><div\n\t\t\t\n\t\t\tclass=\"so-widget-sow-editor so-widget-sow-editor-base\"\n\t\t\t\n\t\t>\n<div class=\"siteorigin-widget-tinymce textwidget\">\n\t<h2 style=\"font-family: 'Bebas Neue', cursive; text-align: center;\"><span style=\"color: #3c0068;\">O Projeto <strong>Astrominas<\/strong><\/span><\/h2>\n<p style=\"font-family: Glegoo, serif; text-align: justify;\">\u00a0\u00a0\u00a0\u00a0O <span style=\"color: #3c0068;\"><strong>ASTROMINAS<\/strong><\/span> nasceu em 2019 e foi idealizado por mulheres do Instituto de Astronomia, Geof\u00edsica e Ci\u00eancias Atmosf\u00e9ricas (IAG\/USP) e outros institutos da \u00e1rea de exatas. Nosso objetivo \u00e9 facilitar o acesso de jovens alunas \u00e0 universidade, estreitando o contato dessas com mulheres cientistas - estimulando, assim, a escolha e a manuten\u00e7\u00e3o das carreiras de Ci\u00eancia e Tecnologia - desconstruindo a ideia de que as ci\u00eancias exatas n\u00e3o s\u00e3o para meninas. Muito al\u00e9m de escolhas profissionais, acreditamos que o conhecimento das ci\u00eancias da terra e do universo \u00e9 importante para a forma\u00e7\u00e3o de todos os indiv\u00edduos da sociedade. Independente de suas escolhas de carreira no futuro, o <span style=\"color: #3c0068;\"><strong>ASTROMINAS<\/strong><\/span> busca empoderar nossas meninas para o exerc\u00edcio da cidadania.<\/p>\n<p style=\"font-family: Glegoo, serif; text-align: justify;\">\u00a0\u00a0\u00a0\u00a0A Astronomia, por seu perfil altamente interdisciplinar, \u00e9 uma \u00f3tima ferramenta para jovens alunas ampliarem o seu conhecimento em diversas \u00e1reas das ci\u00eancias naturais, matem\u00e1tica e tecnologia! Dessa forma, essa \u00e1rea t\u00e3o atraente das ci\u00eancias naturais \u00e9 usada como porta de entrada para as mais diversas \u00e1reas cient\u00edficas abordadas no nosso programa.<\/p>\n<p style=\"font-family: Glegoo, serif; text-align: justify;\">\u00a0\u00a0\u00a0 Ao longo de nossa trajet\u00f3ria com as meninas buscamos possibilitar para estudantes da educa\u00e7\u00e3o b\u00e1sica o desenvolvimento de habilidades que envolvem o m\u00e9todo cient\u00edfico, visando o empoderamento e a sensa\u00e7\u00e3o de pertencimento dessas meninas nas \u00e1reas cient\u00edficas, independente de suas escolhas de carreira no futuro. Desmistificando assim, as ci\u00eancias, especialmente, as ci\u00eancias naturais e exatas - apresentando-as como \u00e1reas poss\u00edveis de serem exploradas por todos e todas - almejando a constru\u00e7\u00e3o da igualdade de g\u00eanero e o exerc\u00edcio da cidadania.<\/p>\n<p style=\"font-family: Glegoo, serif; text-align: justify;\"><strong>\u00a0\u00a0\u00a0\u00a0<span style=\"color: #ff5715;\"><a style=\"color: #ff5715;\" href=\"https:\/\/sites.usp.br\/astrominas\/astrominas-2026\/\" target=\"_blank\" rel=\"noopener\">Clique aqui para saber mais sobre a edi\u00e7\u00e3o do ASTROMINAS 2026.<\/a><\/span><\/strong><\/p>\n<\/div>\n<\/div><\/div><\/div><\/div><div id=\"pg-79-2\"  class=\"panel-grid panel-no-style\" ><div id=\"pgc-79-2-0\"  class=\"panel-grid-cell\" ><div id=\"panel-79-2-0-0\" class=\"so-panel widget widget_sow-editor panel-first-child panel-last-child\" data-index=\"3\" ><div\n\t\t\t\n\t\t\tclass=\"so-widget-sow-editor so-widget-sow-editor-base\"\n\t\t\t\n\t\t>\n<div class=\"siteorigin-widget-tinymce textwidget\">\n\t<h2 style=\"font-family: 'Bebas Neue', cursive; text-align: center;\"><span style=\"color: #3c0068;\">Nossas cientistas!<\/span><\/h2>\n<p style=\"font-family: Glegoo, serif; text-align: justify;\">\u00a0\u00a0\u00a0\u00a0O Time <span style=\"color: #3c0068;\"><strong>ASTROMINAS<\/strong><\/span> \u00e9 composto por cientistas em diferentes momentos acad\u00eamicos, permitindo com isso que jovens meninas se enxerguem dentro do meio cient\u00edfico e possam projetar seu futuro na Universidade.<\/p>\n<p style=\"font-family: Glegoo, serif; text-align: justify;\">\u00a0\u00a0\u00a0\u00a0Atualmente, o projeto \u00e9 coordenado pela Prof\u00aa Dr\u00aa Elysandra Figueredo Cypriano.\n<\/p>\n<p style=\"font-family: Glegoo, serif; text-align: justify;\">\u00a0\u00a0\u00a0\u00a0Al\u00e9m disso, temos como volunt\u00e1rias: Ana Clara de Paula, Catarina Pasta Aydar, Giovana Barbosa Lopes, Isabela Pompolino, Isabelle Gios Martimiano, Jaqueline Cuevas Cortes, Larissa Takeda, Loreany Ferreira de Ara\u00fajo, Melyssa de Almeida Lopes, Maria Cec\u00edlia Marques, Mariane Honorio Miquellaci, N\u00edvea Maria, Patr\u00edcia Cruz, Selma Isabel Rodrigues, Stefany Santos Rocha, Ta\u00edsa Oliveira, Victoria Malta, Vit\u00f3ria Bellecerie da Fonseca e Viviane Santos Prado.<\/p>\n<p style=\"font-family: Glegoo, serif;\"><span style=\"color: #002e74;\"><strong>\u00a0 \u00a0 \u00a0<a style=\"color: #002e74;\" href=\"https:\/\/sites.usp.br\/astrominas\/quem-somos\/\">Clique aqui para nos conhecer melhor!<\/a><\/strong><\/span><\/p>\n<\/div>\n<\/div><\/div><\/div><div id=\"pgc-79-2-1\"  class=\"panel-grid-cell\" ><div id=\"panel-79-2-1-0\" class=\"so-panel widget widget_sow-editor panel-first-child panel-last-child\" data-index=\"4\" ><div\n\t\t\t\n\t\t\tclass=\"so-widget-sow-editor so-widget-sow-editor-base\"\n\t\t\t\n\t\t>\n<div class=\"siteorigin-widget-tinymce textwidget\">\n\t<p><img loading=\"lazy\" decoding=\"async\" class=\"aligncenter size-medium wp-image-1949\" src=\"https:\/\/sites.usp.br\/astrominas\/wp-content\/uploads\/sites\/722\/2021\/04\/Time-Astrominas-300x246.png\" alt=\"\" width=\"652\" height=\"535\" srcset=\"https:\/\/sites.usp.br\/astrominas\/wp-content\/uploads\/sites\/722\/2021\/04\/Time-Astrominas-300x246.png 300w, https:\/\/sites.usp.br\/astrominas\/wp-content\/uploads\/sites\/722\/2021\/04\/Time-Astrominas-400x329.png 400w, https:\/\/sites.usp.br\/astrominas\/wp-content\/uploads\/sites\/722\/2021\/04\/Time-Astrominas.png 560w\" sizes=\"auto, (max-width: 652px) 100vw, 652px\" \/><\/p>\n<\/div>\n<\/div><\/div><\/div><\/div><div id=\"pg-79-3\"  class=\"panel-grid panel-no-style\" ><div id=\"pgc-79-3-0\"  class=\"panel-grid-cell\" ><div id=\"panel-79-3-0-0\" class=\"so-panel widget widget_sow-image panel-first-child\" data-index=\"5\" ><div\n\t\t\t\n\t\t\tclass=\"so-widget-sow-image so-widget-sow-image-default-c67d20f9f743-79\"\n\t\t\t\n\t\t>\n<div class=\"sow-image-container\">\n\t\t<img \n\tsrc=\"https:\/\/sites.usp.br\/astrominas\/wp-content\/uploads\/sites\/722\/2021\/04\/Banner.png\" width=\"460\" height=\"105\" srcset=\"https:\/\/sites.usp.br\/astrominas\/wp-content\/uploads\/sites\/722\/2021\/04\/Banner.png 460w, https:\/\/sites.usp.br\/astrominas\/wp-content\/uploads\/sites\/722\/2021\/04\/Banner-300x68.png 300w, https:\/\/sites.usp.br\/astrominas\/wp-content\/uploads\/sites\/722\/2021\/04\/Banner-400x91.png 400w\" sizes=\"(max-width: 460px) 100vw, 460px\" alt=\"\" \t\tclass=\"so-widget-image\"\/>\n\t<\/div>\n\n<\/div><\/div><div id=\"panel-79-3-0-1\" class=\"so-panel widget widget_qligg_widget instagal-widget panel-last-child\" data-index=\"6\" ><\/div><\/div><\/div><\/div>","protected":false},"excerpt":{"rendered":"<p>O Projeto Astrominas \u00a0\u00a0\u00a0\u00a0O ASTROMINAS nasceu em 2019 e foi idealizado por mulheres do Instituto de Astronomia, Geof\u00edsica e Ci\u00eancias Atmosf\u00e9ricas (IAG\/USP) e outros institutos da \u00e1rea de exatas. Nosso objetivo \u00e9 facilitar o acesso de jovens alunas \u00e0 universidade, estreitando o contato dessas com mulheres cientistas &#8211; estimulando, assim, a escolha e a manuten\u00e7\u00e3o<a href=\"https:\/\/sites.usp.br\/astrominas\/\">[&#8230;]<\/a><\/p>\n","protected":false},"author":1,"featured_media":0,"parent":0,"menu_order":0,"comment_status":"closed","ping_status":"closed","template":"template-fullwidth-no-title.php","meta":{"footnotes":"","_links_to":"","_links_to_target":""},"class_list":["post-79","page","type-page","status-publish","hentry"],"_links":{"self":[{"href":"https:\/\/sites.usp.br\/astrominas\/wp-json\/wp\/v2\/pages\/79","targetHints":{"allow":["GET"]}}],"collection":[{"href":"https:\/\/sites.usp.br\/astrominas\/wp-json\/wp\/v2\/pages"}],"about":[{"href":"https:\/\/sites.usp.br\/astrominas\/wp-json\/wp\/v2\/types\/page"}],"author":[{"embeddable":true,"href":"https:\/\/sites.usp.br\/astrominas\/wp-json\/wp\/v2\/users\/1"}],"replies":[{"embeddable":true,"href":"https:\/\/sites.usp.br\/astrominas\/wp-json\/wp\/v2\/comments?post=79"}],"version-history":[{"count":6,"href":"https:\/\/sites.usp.br\/astrominas\/wp-json\/wp\/v2\/pages\/79\/revisions"}],"predecessor-version":[{"id":4720,"href":"https:\/\/sites.usp.br\/astrominas\/wp-json\/wp\/v2\/pages\/79\/revisions\/4720"}],"wp:attachment":[{"href":"https:\/\/sites.usp.br\/astrominas\/wp-json\/wp\/v2\/media?parent=79"}],"curies":[{"name":"wp","href":"https:\/\/api.w.org\/{rel}","templated":true}]}}