{"id":161,"date":"2023-06-30T15:23:45","date_gmt":"2023-06-30T18:23:45","guid":{"rendered":"https:\/\/sites.usp.br\/atlassanca\/?page_id=161"},"modified":"2024-01-23T13:29:57","modified_gmt":"2024-01-23T16:29:57","slug":"atlas","status":"publish","type":"page","link":"https:\/\/sites.usp.br\/atlassanca\/atlas\/","title":{"rendered":"Atlas"},"content":{"rendered":"\t\t<div data-elementor-type=\"wp-page\" data-elementor-id=\"161\" class=\"elementor elementor-161\">\n\t\t\t\t<div class=\"elementor-element elementor-element-6309064 e-flex e-con-boxed e-con e-parent\" data-id=\"6309064\" data-element_type=\"container\">\n\t\t\t\t\t<div class=\"e-con-inner\">\n\t\t\t\t<div class=\"elementor-element elementor-element-1548ade elementor-widget elementor-widget-spacer\" data-id=\"1548ade\" data-element_type=\"widget\" data-widget_type=\"spacer.default\">\n\t\t\t\t<div class=\"elementor-widget-container\">\n\t\t\t\t\t<div class=\"elementor-spacer\">\n\t\t\t<div class=\"elementor-spacer-inner\"><\/div>\n\t\t<\/div>\n\t\t\t\t<\/div>\n\t\t\t\t<\/div>\n\t\t\t\t<div class=\"elementor-element elementor-element-bf52642 elementor-widget elementor-widget-heading\" data-id=\"bf52642\" data-element_type=\"widget\" data-widget_type=\"heading.default\">\n\t\t\t\t<div class=\"elementor-widget-container\">\n\t\t\t<h2 class=\"elementor-heading-title elementor-size-default\">BAIXE AGORA GRATUITAMENTE O LIVRO \"ATLAS HIST\u00d3RICO E SOCIOAMBIENTAL  DAS REGI\u00d5ES HIDROGR\u00c1FICAS DE S\u00c3O CARLOS - SP\"<\/h2>\t\t<\/div>\n\t\t\t\t<\/div>\n\t\t\t\t\t<\/div>\n\t\t\t\t<\/div>\n\t\t<div class=\"elementor-element elementor-element-5eca356 e-con-full e-flex e-con e-parent\" data-id=\"5eca356\" data-element_type=\"container\">\n\t\t\t\t<div class=\"elementor-element elementor-element-e80dc36 elementor-widget__width-initial elementor-widget elementor-widget-image\" data-id=\"e80dc36\" data-element_type=\"widget\" data-widget_type=\"image.default\">\n\t\t\t\t<div class=\"elementor-widget-container\">\n\t\t\t\t\t\t\t\t\t\t\t\t\t\t<a href=\"https:\/\/drive.google.com\/file\/d\/1zqYvC_32Im98m3wfZ8exJcRsosUv3kVv\/view?usp=sharing\">\n\t\t\t\t\t\t\t<img fetchpriority=\"high\" decoding=\"async\" width=\"640\" height=\"400\" src=\"https:\/\/sites.usp.br\/atlassanca\/wp-content\/uploads\/sites\/1307\/2023\/08\/pagina-atlas-1024x640.png\" class=\"attachment-large size-large wp-image-573\" alt=\"\" srcset=\"https:\/\/sites.usp.br\/atlassanca\/wp-content\/uploads\/sites\/1307\/2023\/08\/pagina-atlas-1024x640.png 1024w, https:\/\/sites.usp.br\/atlassanca\/wp-content\/uploads\/sites\/1307\/2023\/08\/pagina-atlas-300x188.png 300w, https:\/\/sites.usp.br\/atlassanca\/wp-content\/uploads\/sites\/1307\/2023\/08\/pagina-atlas-768x480.png 768w, https:\/\/sites.usp.br\/atlassanca\/wp-content\/uploads\/sites\/1307\/2023\/08\/pagina-atlas-1536x960.png 1536w, https:\/\/sites.usp.br\/atlassanca\/wp-content\/uploads\/sites\/1307\/2023\/08\/pagina-atlas.png 1680w\" sizes=\"(max-width: 640px) 100vw, 640px\" \/>\t\t\t\t\t\t\t\t<\/a>\n\t\t\t\t\t\t\t\t\t\t\t\t\t<\/div>\n\t\t\t\t<\/div>\n\t\t\t\t<div class=\"elementor-element elementor-element-7fab6b5 elementor-align-center elementor-widget elementor-widget-button\" data-id=\"7fab6b5\" data-element_type=\"widget\" data-widget_type=\"button.default\">\n\t\t\t\t<div class=\"elementor-widget-container\">\n\t\t\t\t\t\t\t<div class=\"elementor-button-wrapper\">\n\t\t\t\t\t<a class=\"elementor-button elementor-button-link elementor-size-sm\" href=\"https:\/\/drive.google.com\/file\/d\/1zqYvC_32Im98m3wfZ8exJcRsosUv3kVv\/view?usp=sharing\" target=\"_blank\">\n\t\t\t\t\t\t<span class=\"elementor-button-content-wrapper\">\n\t\t\t\t\t\t<span class=\"elementor-button-icon\">\n\t\t\t\t<svg aria-hidden=\"true\" class=\"e-font-icon-svg e-fas-cloud-download-alt\" viewBox=\"0 0 640 512\" xmlns=\"http:\/\/www.w3.org\/2000\/svg\"><path d=\"M537.6 226.6c4.1-10.7 6.4-22.4 6.4-34.6 0-53-43-96-96-96-19.7 0-38.1 6-53.3 16.2C367 64.2 315.3 32 256 32c-88.4 0-160 71.6-160 160 0 2.7.1 5.4.2 8.1C40.2 219.8 0 273.2 0 336c0 79.5 64.5 144 144 144h368c70.7 0 128-57.3 128-128 0-61.9-44-113.6-102.4-125.4zm-132.9 88.7L299.3 420.7c-6.2 6.2-16.4 6.2-22.6 0L171.3 315.3c-10.1-10.1-2.9-27.3 11.3-27.3H248V176c0-8.8 7.2-16 16-16h48c8.8 0 16 7.2 16 16v112h65.4c14.2 0 21.4 17.2 11.3 27.3z\"><\/path><\/svg>\t\t\t<\/span>\n\t\t\t\t\t\t\t\t\t<span class=\"elementor-button-text\">Download<\/span>\n\t\t\t\t\t<\/span>\n\t\t\t\t\t<\/a>\n\t\t\t\t<\/div>\n\t\t\t\t\t\t<\/div>\n\t\t\t\t<\/div>\n\t\t\t\t<\/div>\n\t\t<div class=\"elementor-element elementor-element-99a294a e-flex e-con-boxed e-con e-parent\" data-id=\"99a294a\" data-element_type=\"container\">\n\t\t\t\t\t<div class=\"e-con-inner\">\n\t\t\t\t\t<\/div>\n\t\t\t\t<\/div>\n\t\t\t\t<\/div>\n\t\t","protected":false},"excerpt":{"rendered":"<p>BAIXE AGORA GRATUITAMENTE O LIVRO &#8220;ATLAS HIST\u00d3RICO E SOCIOAMBIENTAL DAS REGI\u00d5ES HIDROGR\u00c1FICAS DE S\u00c3O CARLOS &#8211; SP&#8221; Download<\/p>\n","protected":false},"author":23680,"featured_media":0,"parent":0,"menu_order":0,"comment_status":"closed","ping_status":"closed","template":"","meta":{"footnotes":"","_links_to":"","_links_to_target":""},"class_list":["post-161","page","type-page","status-publish","hentry"],"_links":{"self":[{"href":"https:\/\/sites.usp.br\/atlassanca\/wp-json\/wp\/v2\/pages\/161","targetHints":{"allow":["GET"]}}],"collection":[{"href":"https:\/\/sites.usp.br\/atlassanca\/wp-json\/wp\/v2\/pages"}],"about":[{"href":"https:\/\/sites.usp.br\/atlassanca\/wp-json\/wp\/v2\/types\/page"}],"author":[{"embeddable":true,"href":"https:\/\/sites.usp.br\/atlassanca\/wp-json\/wp\/v2\/users\/23680"}],"replies":[{"embeddable":true,"href":"https:\/\/sites.usp.br\/atlassanca\/wp-json\/wp\/v2\/comments?post=161"}],"version-history":[{"count":4,"href":"https:\/\/sites.usp.br\/atlassanca\/wp-json\/wp\/v2\/pages\/161\/revisions"}],"predecessor-version":[{"id":1692,"href":"https:\/\/sites.usp.br\/atlassanca\/wp-json\/wp\/v2\/pages\/161\/revisions\/1692"}],"wp:attachment":[{"href":"https:\/\/sites.usp.br\/atlassanca\/wp-json\/wp\/v2\/media?parent=161"}],"curies":[{"name":"wp","href":"https:\/\/api.w.org\/{rel}","templated":true}]}}