{"id":162,"date":"2023-06-30T15:23:45","date_gmt":"2023-06-30T18:23:45","guid":{"rendered":"https:\/\/sites.usp.br\/atlassanca\/?page_id=162"},"modified":"2024-01-23T13:35:51","modified_gmt":"2024-01-23T16:35:51","slug":"exposicao","status":"publish","type":"page","link":"https:\/\/sites.usp.br\/atlassanca\/exposicao\/","title":{"rendered":"Exposi\u00e7\u00e3o"},"content":{"rendered":"\t\t<div data-elementor-type=\"wp-page\" data-elementor-id=\"162\" class=\"elementor elementor-162\">\n\t\t\t\t<div class=\"elementor-element elementor-element-c3245dd e-flex e-con-boxed e-con e-parent\" data-id=\"c3245dd\" data-element_type=\"container\">\n\t\t\t\t\t<div class=\"e-con-inner\">\n\t\t\t\t\t<\/div>\n\t\t\t\t<\/div>\n\t\t<div class=\"elementor-element elementor-element-93a9cd6 e-flex e-con-boxed e-con e-parent\" data-id=\"93a9cd6\" data-element_type=\"container\">\n\t\t\t\t\t<div class=\"e-con-inner\">\n\t\t\t\t<div class=\"elementor-element elementor-element-c6fd99d elementor-widget elementor-widget-spacer\" data-id=\"c6fd99d\" data-element_type=\"widget\" data-widget_type=\"spacer.default\">\n\t\t\t\t<div class=\"elementor-widget-container\">\n\t\t\t\t\t<div class=\"elementor-spacer\">\n\t\t\t<div class=\"elementor-spacer-inner\"><\/div>\n\t\t<\/div>\n\t\t\t\t<\/div>\n\t\t\t\t<\/div>\n\t\t\t\t\t<\/div>\n\t\t\t\t<\/div>\n\t\t<div class=\"elementor-element elementor-element-42b677b e-con-full e-flex e-con e-parent\" data-id=\"42b677b\" data-element_type=\"container\">\n\t\t\t\t<div class=\"elementor-element elementor-element-a06d77a elementor-widget__width-initial elementor-widget elementor-widget-heading\" data-id=\"a06d77a\" data-element_type=\"widget\" data-widget_type=\"heading.default\">\n\t\t\t\t<div class=\"elementor-widget-container\">\n\t\t\t<h2 class=\"elementor-heading-title elementor-size-xl\">EXPOSI\u00c7\u00c3O ITINERANTE: S\u00c3O CARLOS POR SUAS BACIAS<\/h2>\t\t<\/div>\n\t\t\t\t<\/div>\n\t\t\t\t<div class=\"elementor-element elementor-element-2f51d11 elementor-widget__width-initial elementor-widget elementor-widget-text-editor\" data-id=\"2f51d11\" data-element_type=\"widget\" data-widget_type=\"text-editor.default\">\n\t\t\t\t<div class=\"elementor-widget-container\">\n\t\t\t\t\t\t\t<p>Esta exposi\u00e7\u00e3o tem como tema as bacias hidrogr\u00e1ficas de S\u00e3o Carlos. Seu objetivo \u00e9 contribuir para a forma\u00e7\u00e3o de cidad\u00e3os comprometidos com o exerc\u00edcio da cidadania cr\u00edtica e a sustentabilidade do ambiente, especificamente em rela\u00e7\u00e3o \u00e0s quest\u00f5es que envolvem o consumo e a gest\u00e3o sustent\u00e1vel dos recursos h\u00eddricos.<\/p>\t\t\t\t\t\t<\/div>\n\t\t\t\t<\/div>\n\t\t\t\t<\/div>\n\t\t<div class=\"elementor-element elementor-element-dde8602 e-con-full e-flex e-con e-parent\" data-id=\"dde8602\" data-element_type=\"container\">\n\t\t<div class=\"elementor-element elementor-element-5f98951 e-con-full e-flex e-con e-child\" data-id=\"5f98951\" data-element_type=\"container\">\n\t\t\t\t<div class=\"elementor-element elementor-element-c6cfb09 elementor-widget__width-initial elementor-widget elementor-widget-text-editor\" data-id=\"c6cfb09\" data-element_type=\"widget\" data-widget_type=\"text-editor.default\">\n\t\t\t\t<div class=\"elementor-widget-container\">\n\t\t\t\t\t\t\t<p>A exposi\u00e7\u00e3o \u201cS\u00e3o Carlos por suas bacias\u201d \u00e9 composta por maquetes e por uma sequ\u00eancia de banners contendo textos, ilustra\u00e7\u00f5es, fotos, mapas, imagens e depoimentos que contextualizam a ocupa\u00e7\u00e3o urbana na perspectiva das principais microbacias hidrogr\u00e1ficas da referida cidade: Greg\u00f3rio, Tijuco Preto, Medeiros, Santa Maria do Leme, Mineirinho, \u00c1gua Quente, \u00c1gua Fria, al\u00e9m das \u00c1reas de Prote\u00e7\u00e3o e Recupera\u00e7\u00e3o dos Mananciais do Munic\u00edpio (APREM) do Monjolinho e do Feij\u00e3o e as sub-bacias do Quilombo e Araras que drenam os subdistritos de \u00c1gua Vermelha e Santa Eud\u00f3xia.<\/p><p>Dessa forma, a exposi\u00e7\u00e3o tem o intuito de proporcionar aos visitantes a identifica\u00e7\u00e3o dos impactos causados pela ocupa\u00e7\u00e3o humana, assim como a reflex\u00e3o sobre poss\u00edveis maneiras de minimiz\u00e1-los.<\/p><p>\u00a0<\/p>\t\t\t\t\t\t<\/div>\n\t\t\t\t<\/div>\n\t\t\t\t<\/div>\n\t\t<div class=\"elementor-element elementor-element-c991969 e-con-full e-flex e-con e-child\" data-id=\"c991969\" data-element_type=\"container\">\n\t\t\t\t<div class=\"elementor-element elementor-element-1c3dc6b elementor-widget elementor-widget-image\" data-id=\"1c3dc6b\" data-element_type=\"widget\" data-widget_type=\"image.default\">\n\t\t\t\t<div class=\"elementor-widget-container\">\n\t\t\t\t\t\t\t\t\t\t\t\t\t<img fetchpriority=\"high\" decoding=\"async\" width=\"640\" height=\"425\" src=\"https:\/\/sites.usp.br\/atlassanca\/wp-content\/uploads\/sites\/1307\/2023\/06\/DSC00877-1024x680-1.jpg\" class=\"attachment-large size-large wp-image-206\" alt=\"\" srcset=\"https:\/\/sites.usp.br\/atlassanca\/wp-content\/uploads\/sites\/1307\/2023\/06\/DSC00877-1024x680-1.jpg 1024w, https:\/\/sites.usp.br\/atlassanca\/wp-content\/uploads\/sites\/1307\/2023\/06\/DSC00877-1024x680-1-300x199.jpg 300w, https:\/\/sites.usp.br\/atlassanca\/wp-content\/uploads\/sites\/1307\/2023\/06\/DSC00877-1024x680-1-768x510.jpg 768w\" sizes=\"(max-width: 640px) 100vw, 640px\" \/>\t\t\t\t\t\t\t\t\t\t\t\t\t<\/div>\n\t\t\t\t<\/div>\n\t\t\t\t<div class=\"elementor-element elementor-element-159e826 elementor-align-center elementor-widget elementor-widget-button\" data-id=\"159e826\" data-element_type=\"widget\" data-widget_type=\"button.default\">\n\t\t\t\t<div class=\"elementor-widget-container\">\n\t\t\t\t\t\t\t<div class=\"elementor-button-wrapper\">\n\t\t\t\t\t<a class=\"elementor-button elementor-button-link elementor-size-xl\" href=\"https:\/\/drive.google.com\/file\/d\/1TfCUDun4xMW-4ILNaKE-AdPMwcvhirmG\/view?usp=sharing\" target=\"_blank\">\n\t\t\t\t\t\t<span class=\"elementor-button-content-wrapper\">\n\t\t\t\t\t\t<span class=\"elementor-button-icon\">\n\t\t\t\t<svg aria-hidden=\"true\" class=\"e-font-icon-svg e-fas-download\" viewBox=\"0 0 512 512\" xmlns=\"http:\/\/www.w3.org\/2000\/svg\"><path d=\"M216 0h80c13.3 0 24 10.7 24 24v168h87.7c17.8 0 26.7 21.5 14.1 34.1L269.7 378.3c-7.5 7.5-19.8 7.5-27.3 0L90.1 226.1c-12.6-12.6-3.7-34.1 14.1-34.1H192V24c0-13.3 10.7-24 24-24zm296 376v112c0 13.3-10.7 24-24 24H24c-13.3 0-24-10.7-24-24V376c0-13.3 10.7-24 24-24h146.7l49 49c20.1 20.1 52.5 20.1 72.6 0l49-49H488c13.3 0 24 10.7 24 24zm-124 88c0-11-9-20-20-20s-20 9-20 20 9 20 20 20 20-9 20-20zm64 0c0-11-9-20-20-20s-20 9-20 20 9 20 20 20 20-9 20-20z\"><\/path><\/svg>\t\t\t<\/span>\n\t\t\t\t\t\t\t\t\t<span class=\"elementor-button-text\">Baixe em PDF!<\/span>\n\t\t\t\t\t<\/span>\n\t\t\t\t\t<\/a>\n\t\t\t\t<\/div>\n\t\t\t\t\t\t<\/div>\n\t\t\t\t<\/div>\n\t\t\t\t<\/div>\n\t\t\t\t<\/div>\n\t\t<div class=\"elementor-element elementor-element-2cdb7e9 e-flex e-con-boxed e-con e-parent\" data-id=\"2cdb7e9\" data-element_type=\"container\">\n\t\t\t\t\t<div class=\"e-con-inner\">\n\t\t\t\t<div class=\"elementor-element elementor-element-8c6a3ae elementor-widget elementor-widget-heading\" data-id=\"8c6a3ae\" data-element_type=\"widget\" data-widget_type=\"heading.default\">\n\t\t\t\t<div class=\"elementor-widget-container\">\n\t\t\t<h2 class=\"elementor-heading-title elementor-size-default\">HIST\u00d3RICO<\/h2>\t\t<\/div>\n\t\t\t\t<\/div>\n\t\t\t\t<div class=\"elementor-element elementor-element-f01fd27 elementor-widget__width-initial elementor-widget elementor-widget-text-editor\" data-id=\"f01fd27\" data-element_type=\"widget\" data-widget_type=\"text-editor.default\">\n\t\t\t\t<div class=\"elementor-widget-container\">\n\t\t\t\t\t\t\t<h3><span style=\"color: var( --e-global-color-text ); font-size: var( --e-global-typography-text-font-size ); text-align: var(--text-align);\">A exposi\u00e7\u00e3o foi inaugurada em junho de 2018, como parte secund\u00e1ria de uma iniciativa mais ampla do CDCC para sensibilizar a comunidade sobre quest\u00f5es fundamentais como a escassez e conserva\u00e7\u00e3o da \u00e1gua. A relev\u00e2ncia da tem\u00e1tica que aborda colocou-a em situa\u00e7\u00e3o de protagonismo e, embora de pequeno porte, desde ent\u00e3o, cerca de 2000 pessoas visitaram-na em eventos realizados em institui\u00e7\u00f5es de ensino, pesquisa e extens\u00e3o, assim como em ambientes de lazer em S\u00e3o Carlos.<\/span><\/h3><p>As informa\u00e7\u00f5es contidas nos pain\u00e9is da exposi\u00e7\u00e3o foram organizadas a partir de resultados obtidos no desenvolvimento do projeto \u201cA Utiliza\u00e7\u00e3o de Bacias Hidrogr\u00e1ficas como Unidade de Pesquisa, Ensino e Extens\u00e3o\u201d, no contexto da Difus\u00e3o e Populariza\u00e7\u00e3o da C&amp;T, apoiado pelo CNPq.\u00a0 Esse estudo que envolveu a participa\u00e7\u00e3o de muitos profissionais e estudantes, contou com uma parceria entre o Centro de Divulga\u00e7\u00e3o Cient\u00edfica e Cultural da Universidade de S\u00e3o Paulo e a Universidade Federal de S\u00e3o Carlos. Um dos resultados mais importantes foi a elabora\u00e7\u00e3o e publica\u00e7\u00e3o de um \u201cAtlas hist\u00f3rico e socioambiental das regi\u00f5es hidrogr\u00e1ficas do munic\u00edpio de S\u00e3o Carlos \u2013 SP que em breve estar\u00e1 dispon\u00edvel para a utiliza\u00e7\u00e3o nas escolas de S\u00e3o Carlos.<\/p>\t\t\t\t\t\t<\/div>\n\t\t\t\t<\/div>\n\t\t\t\t<div class=\"elementor-element elementor-element-de51910 elementor-widget elementor-widget-heading\" data-id=\"de51910\" data-element_type=\"widget\" data-widget_type=\"heading.default\">\n\t\t\t\t<div class=\"elementor-widget-container\">\n\t\t\t<h2 class=\"elementor-heading-title elementor-size-default\">PARCEIROS INSTITUCIONAIS<\/h2>\t\t<\/div>\n\t\t\t\t<\/div>\n\t\t\t\t<div class=\"elementor-element elementor-element-96df3ce elementor-widget__width-initial elementor-widget elementor-widget-text-editor\" data-id=\"96df3ce\" data-element_type=\"widget\" data-widget_type=\"text-editor.default\">\n\t\t\t\t<div class=\"elementor-widget-container\">\n\t\t\t\t\t\t\t<p>Em 2019 a exposi\u00e7\u00e3o contou com o apoio do Santander para elabora\u00e7\u00e3o e impress\u00e3o de banners que complementam informa\u00e7\u00f5es existentes naqueles que j\u00e1 compunham a exposi\u00e7\u00e3o e que as apresentam em impress\u00e3o em alta resolu\u00e7\u00e3o. E a confec\u00e7\u00e3o de modelos tridimensionais das sub-bacias hidrogr\u00e1ficas do munic\u00edpio de S\u00e3o Carlos.<\/p>\t\t\t\t\t\t<\/div>\n\t\t\t\t<\/div>\n\t\t\t\t\t<\/div>\n\t\t\t\t<\/div>\n\t\t\t\t<\/div>\n\t\t","protected":false},"excerpt":{"rendered":"<p>EXPOSI\u00c7\u00c3O ITINERANTE: S\u00c3O CARLOS POR SUAS BACIAS Esta exposi\u00e7\u00e3o tem como tema as bacias hidrogr\u00e1ficas de S\u00e3o Carlos. Seu objetivo \u00e9 contribuir para a forma\u00e7\u00e3o de cidad\u00e3os comprometidos com o exerc\u00edcio da cidadania cr\u00edtica e a sustentabilidade do ambiente, especificamente em rela\u00e7\u00e3o \u00e0s quest\u00f5es que envolvem o consumo e a gest\u00e3o sustent\u00e1vel dos recursos h\u00eddricos.<a href=\"https:\/\/sites.usp.br\/atlassanca\/exposicao\/\">[&#8230;]<\/a><\/p>\n","protected":false},"author":23680,"featured_media":0,"parent":0,"menu_order":0,"comment_status":"closed","ping_status":"closed","template":"elementor_header_footer","meta":{"footnotes":"","_links_to":"","_links_to_target":""},"class_list":["post-162","page","type-page","status-publish","hentry"],"_links":{"self":[{"href":"https:\/\/sites.usp.br\/atlassanca\/wp-json\/wp\/v2\/pages\/162","targetHints":{"allow":["GET"]}}],"collection":[{"href":"https:\/\/sites.usp.br\/atlassanca\/wp-json\/wp\/v2\/pages"}],"about":[{"href":"https:\/\/sites.usp.br\/atlassanca\/wp-json\/wp\/v2\/types\/page"}],"author":[{"embeddable":true,"href":"https:\/\/sites.usp.br\/atlassanca\/wp-json\/wp\/v2\/users\/23680"}],"replies":[{"embeddable":true,"href":"https:\/\/sites.usp.br\/atlassanca\/wp-json\/wp\/v2\/comments?post=162"}],"version-history":[{"count":4,"href":"https:\/\/sites.usp.br\/atlassanca\/wp-json\/wp\/v2\/pages\/162\/revisions"}],"predecessor-version":[{"id":1695,"href":"https:\/\/sites.usp.br\/atlassanca\/wp-json\/wp\/v2\/pages\/162\/revisions\/1695"}],"wp:attachment":[{"href":"https:\/\/sites.usp.br\/atlassanca\/wp-json\/wp\/v2\/media?parent=162"}],"curies":[{"name":"wp","href":"https:\/\/api.w.org\/{rel}","templated":true}]}}