{"id":19,"date":"2023-06-23T14:54:29","date_gmt":"2023-06-23T17:54:29","guid":{"rendered":"https:\/\/sites.usp.br\/atlassanca\/?page_id=19"},"modified":"2024-01-16T11:00:44","modified_gmt":"2024-01-16T14:00:44","slug":"microbacias","status":"publish","type":"page","link":"https:\/\/sites.usp.br\/atlassanca\/microbacias\/","title":{"rendered":"Microbacias"},"content":{"rendered":"\t\t<div data-elementor-type=\"wp-page\" data-elementor-id=\"19\" class=\"elementor elementor-19\">\n\t\t\t\t<div class=\"elementor-element elementor-element-a00371d e-flex e-con-boxed e-con e-parent\" data-id=\"a00371d\" data-element_type=\"container\" data-settings=\"{&quot;background_background&quot;:&quot;classic&quot;}\">\n\t\t\t\t\t<div class=\"e-con-inner\">\n\t\t\t\t<div class=\"elementor-element elementor-element-3e2e75b elementor-widget elementor-widget-heading\" data-id=\"3e2e75b\" data-element_type=\"widget\" data-widget_type=\"heading.default\">\n\t\t\t\t<div class=\"elementor-widget-container\">\n\t\t\t<h1 class=\"elementor-heading-title elementor-size-xxl\">Microbacias<\/h1>\t\t<\/div>\n\t\t\t\t<\/div>\n\t\t\t\t\t<\/div>\n\t\t\t\t<\/div>\n\t\t<div class=\"elementor-element elementor-element-4a8fe19 e-flex e-con-boxed e-con e-child\" data-id=\"4a8fe19\" data-element_type=\"container\" data-settings=\"{&quot;shape_divider_top&quot;:&quot;mountains&quot;}\">\n\t\t\t\t\t<div class=\"e-con-inner\">\n\t\t\t\t<div class=\"elementor-shape elementor-shape-top\" data-negative=\"false\">\n\t\t\t<svg xmlns=\"http:\/\/www.w3.org\/2000\/svg\" viewBox=\"0 0 1000 100\" preserveAspectRatio=\"none\">\n\t<path class=\"elementor-shape-fill\" opacity=\"0.33\" d=\"M473,67.3c-203.9,88.3-263.1-34-320.3,0C66,119.1,0,59.7,0,59.7V0h1000v59.7 c0,0-62.1,26.1-94.9,29.3c-32.8,3.3-62.8-12.3-75.8-22.1C806,49.6,745.3,8.7,694.9,4.7S492.4,59,473,67.3z\"\/>\n\t<path class=\"elementor-shape-fill\" opacity=\"0.66\" d=\"M734,67.3c-45.5,0-77.2-23.2-129.1-39.1c-28.6-8.7-150.3-10.1-254,39.1 s-91.7-34.4-149.2,0C115.7,118.3,0,39.8,0,39.8V0h1000v36.5c0,0-28.2-18.5-92.1-18.5C810.2,18.1,775.7,67.3,734,67.3z\"\/>\n\t<path class=\"elementor-shape-fill\" d=\"M766.1,28.9c-200-57.5-266,65.5-395.1,19.5C242,1.8,242,5.4,184.8,20.6C128,35.8,132.3,44.9,89.9,52.5C28.6,63.7,0,0,0,0 h1000c0,0-9.9,40.9-83.6,48.1S829.6,47,766.1,28.9z\"\/>\n<\/svg>\t\t<\/div>\n\t\t<div class=\"elementor-element elementor-element-f946b42 e-con-full e-flex e-con e-child\" data-id=\"f946b42\" data-element_type=\"container\">\n\t\t\t\t<div class=\"elementor-element elementor-element-38cdd51 elementor-view-stacked elementor-shape-circle elementor-widget elementor-widget-icon\" data-id=\"38cdd51\" data-element_type=\"widget\" data-widget_type=\"icon.default\">\n\t\t\t\t<div class=\"elementor-widget-container\">\n\t\t\t\t\t<div class=\"elementor-icon-wrapper\">\n\t\t\t<div class=\"elementor-icon\">\n\t\t\t<svg aria-hidden=\"true\" class=\"e-font-icon-svg e-fas-info-circle\" viewBox=\"0 0 512 512\" xmlns=\"http:\/\/www.w3.org\/2000\/svg\"><path d=\"M256 8C119.043 8 8 119.083 8 256c0 136.997 111.043 248 248 248s248-111.003 248-248C504 119.083 392.957 8 256 8zm0 110c23.196 0 42 18.804 42 42s-18.804 42-42 42-42-18.804-42-42 18.804-42 42-42zm56 254c0 6.627-5.373 12-12 12h-88c-6.627 0-12-5.373-12-12v-24c0-6.627 5.373-12 12-12h12v-64h-12c-6.627 0-12-5.373-12-12v-24c0-6.627 5.373-12 12-12h64c6.627 0 12 5.373 12 12v100h12c6.627 0 12 5.373 12 12v24z\"><\/path><\/svg>\t\t\t<\/div>\n\t\t<\/div>\n\t\t\t\t<\/div>\n\t\t\t\t<\/div>\n\t\t\t\t<div class=\"elementor-element elementor-element-68b4964 elementor-widget elementor-widget-button\" data-id=\"68b4964\" data-element_type=\"widget\" data-widget_type=\"button.default\">\n\t\t\t\t<div class=\"elementor-widget-container\">\n\t\t\t\t\t\t\t<div class=\"elementor-button-wrapper\">\n\t\t\t\t\t<a class=\"elementor-button elementor-button-link elementor-size-md\" href=\"https:\/\/drive.google.com\/drive\/u\/6\/folders\/1Av_9wQnOTCH5FfTK5rltBT09uBFqvQ4P\">\n\t\t\t\t\t\t<span class=\"elementor-button-content-wrapper\">\n\t\t\t\t\t\t<span class=\"elementor-button-icon\">\n\t\t\t\t<svg aria-hidden=\"true\" class=\"e-font-icon-svg e-fas-cloud-download-alt\" viewBox=\"0 0 640 512\" xmlns=\"http:\/\/www.w3.org\/2000\/svg\"><path d=\"M537.6 226.6c4.1-10.7 6.4-22.4 6.4-34.6 0-53-43-96-96-96-19.7 0-38.1 6-53.3 16.2C367 64.2 315.3 32 256 32c-88.4 0-160 71.6-160 160 0 2.7.1 5.4.2 8.1C40.2 219.8 0 273.2 0 336c0 79.5 64.5 144 144 144h368c70.7 0 128-57.3 128-128 0-61.9-44-113.6-102.4-125.4zm-132.9 88.7L299.3 420.7c-6.2 6.2-16.4 6.2-22.6 0L171.3 315.3c-10.1-10.1-2.9-27.3 11.3-27.3H248V176c0-8.8 7.2-16 16-16h48c8.8 0 16 7.2 16 16v112h65.4c14.2 0 21.4 17.2 11.3 27.3z\"><\/path><\/svg>\t\t\t<\/span>\n\t\t\t\t\t\t\t\t\t<span class=\"elementor-button-text\">Materiais Relacionados<\/span>\n\t\t\t\t\t<\/span>\n\t\t\t\t\t<\/a>\n\t\t\t\t<\/div>\n\t\t\t\t\t\t<\/div>\n\t\t\t\t<\/div>\n\t\t\t\t<\/div>\n\t\t<div class=\"elementor-element elementor-element-2ec3506 e-con-full e-flex e-con e-child\" data-id=\"2ec3506\" data-element_type=\"container\">\n\t\t\t\t<div class=\"elementor-element elementor-element-744faf6 elementor-widget elementor-widget-text-editor\" data-id=\"744faf6\" data-element_type=\"widget\" data-widget_type=\"text-editor.default\">\n\t\t\t\t<div class=\"elementor-widget-container\">\n\t\t\t\t\t\t\t<p>Todo o territ\u00f3rio est\u00e1 dividido em bacias hidrogr\u00e1ficas, que podem ser subdivididas em sub-bacias e microbacias, dependendo da ordem de grandeza da \u00e1rea de drenagem. As bacias hidrogr\u00e1ficas s\u00e3o separadas entre si por divisores de \u00e1guas, os ontos mais altos do relevo, em fun\u00e7\u00e3o da gravidade, as \u00e1guas fluem dos pontos mais altos para os pontos mais baixos, dessa forma, de um lado a \u00e1gua escoa em dire\u00e7\u00e3o a um rio e, do outro, escoa em dire\u00e7\u00e3o ao outro rio.\u00a0 Assim, os divisores de \u00e1gua se tornam fronteiras entre bacias.<\/p>\t\t\t\t\t\t<\/div>\n\t\t\t\t<\/div>\n\t\t\t\t<\/div>\n\t\t\t\t\t<\/div>\n\t\t\t\t<\/div>\n\t\t<div class=\"elementor-element elementor-element-d874783 e-flex e-con-boxed e-con e-parent\" data-id=\"d874783\" data-element_type=\"container\">\n\t\t\t\t\t<div class=\"e-con-inner\">\n\t\t\t\t<div class=\"elementor-element elementor-element-50ec188 elementor-widget elementor-widget-image\" data-id=\"50ec188\" data-element_type=\"widget\" data-widget_type=\"image.default\">\n\t\t\t\t<div class=\"elementor-widget-container\">\n\t\t\t\t\t\t\t\t\t\t<figure class=\"wp-caption\">\n\t\t\t\t\t\t\t\t\t\t<img fetchpriority=\"high\" decoding=\"async\" width=\"640\" height=\"453\" src=\"https:\/\/sites.usp.br\/atlassanca\/wp-content\/uploads\/sites\/1307\/2023\/06\/Mapa-do-Monjolinho-com-as-microbacias-1024x724.jpg\" class=\"attachment-large size-large wp-image-76\" alt=\"\" srcset=\"https:\/\/sites.usp.br\/atlassanca\/wp-content\/uploads\/sites\/1307\/2023\/06\/Mapa-do-Monjolinho-com-as-microbacias-1024x724.jpg 1024w, https:\/\/sites.usp.br\/atlassanca\/wp-content\/uploads\/sites\/1307\/2023\/06\/Mapa-do-Monjolinho-com-as-microbacias-300x212.jpg 300w, https:\/\/sites.usp.br\/atlassanca\/wp-content\/uploads\/sites\/1307\/2023\/06\/Mapa-do-Monjolinho-com-as-microbacias-768x543.jpg 768w, https:\/\/sites.usp.br\/atlassanca\/wp-content\/uploads\/sites\/1307\/2023\/06\/Mapa-do-Monjolinho-com-as-microbacias.jpg 1280w\" sizes=\"(max-width: 640px) 100vw, 640px\" \/>\t\t\t\t\t\t\t\t\t\t\t<figcaption class=\"widget-image-caption wp-caption-text\">Mapa das microbacias do Rio do Monjolinho  Fonte: Projeto AFLORAR \u2013 Espa\u00e7os Educadores<\/figcaption>\n\t\t\t\t\t\t\t\t\t\t<\/figure>\n\t\t\t\t\t\t\t<\/div>\n\t\t\t\t<\/div>\n\t\t\t\t<div class=\"elementor-element elementor-element-05798a1 elementor-widget elementor-widget-heading\" data-id=\"05798a1\" data-element_type=\"widget\" data-widget_type=\"heading.default\">\n\t\t\t\t<div class=\"elementor-widget-container\">\n\t\t\t<h1 class=\"elementor-heading-title elementor-size-default\">Conhe\u00e7a as microbacias do Monjolinho!<\/h1>\t\t<\/div>\n\t\t\t\t<\/div>\n\t\t\t\t\t<\/div>\n\t\t\t\t<\/div>\n\t\t<div class=\"elementor-element elementor-element-9537649 e-flex e-con-boxed e-con e-parent\" data-id=\"9537649\" data-element_type=\"container\">\n\t\t\t\t\t<div class=\"e-con-inner\">\n\t\t<div class=\"elementor-element elementor-element-9bd81e9 e-con-full e-flex e-con e-child\" data-id=\"9bd81e9\" data-element_type=\"container\">\n\t\t\t\t<div class=\"elementor-element elementor-element-05ac11c elementor-widget elementor-widget-image\" data-id=\"05ac11c\" data-element_type=\"widget\" data-widget_type=\"image.default\">\n\t\t\t\t<div class=\"elementor-widget-container\">\n\t\t\t\t\t\t\t\t\t\t<figure class=\"wp-caption\">\n\t\t\t\t\t\t\t\t\t\t<img decoding=\"async\" width=\"400\" height=\"250\" src=\"https:\/\/sites.usp.br\/atlassanca\/wp-content\/uploads\/sites\/1307\/2023\/06\/d-Tijuco-Foz_DSC_3048-400x250-1.jpg\" class=\"attachment-large size-large wp-image-77\" alt=\"\" srcset=\"https:\/\/sites.usp.br\/atlassanca\/wp-content\/uploads\/sites\/1307\/2023\/06\/d-Tijuco-Foz_DSC_3048-400x250-1.jpg 400w, https:\/\/sites.usp.br\/atlassanca\/wp-content\/uploads\/sites\/1307\/2023\/06\/d-Tijuco-Foz_DSC_3048-400x250-1-300x188.jpg 300w\" sizes=\"(max-width: 400px) 100vw, 400px\" \/>\t\t\t\t\t\t\t\t\t\t\t<figcaption class=\"widget-image-caption wp-caption-text\">Tijuco Preto<\/figcaption>\n\t\t\t\t\t\t\t\t\t\t<\/figure>\n\t\t\t\t\t\t\t<\/div>\n\t\t\t\t<\/div>\n\t\t\t\t<\/div>\n\t\t<div class=\"elementor-element elementor-element-7880811 e-con-full e-flex e-con e-child\" data-id=\"7880811\" data-element_type=\"container\">\n\t\t\t\t<div class=\"elementor-element elementor-element-5037ce1 elementor-widget elementor-widget-image\" data-id=\"5037ce1\" data-element_type=\"widget\" data-widget_type=\"image.default\">\n\t\t\t\t<div class=\"elementor-widget-container\">\n\t\t\t\t\t\t\t\t\t\t<figure class=\"wp-caption\">\n\t\t\t\t\t\t\t\t\t\t<img decoding=\"async\" width=\"400\" height=\"250\" src=\"https:\/\/sites.usp.br\/atlassanca\/wp-content\/uploads\/sites\/1307\/2023\/06\/e-Foz-DSC_5717_legenda-400x250-1.jpg\" class=\"attachment-large size-large wp-image-78\" alt=\"\" srcset=\"https:\/\/sites.usp.br\/atlassanca\/wp-content\/uploads\/sites\/1307\/2023\/06\/e-Foz-DSC_5717_legenda-400x250-1.jpg 400w, https:\/\/sites.usp.br\/atlassanca\/wp-content\/uploads\/sites\/1307\/2023\/06\/e-Foz-DSC_5717_legenda-400x250-1-300x188.jpg 300w\" sizes=\"(max-width: 400px) 100vw, 400px\" \/>\t\t\t\t\t\t\t\t\t\t\t<figcaption class=\"widget-image-caption wp-caption-text\">Santa Maria do Leme<\/figcaption>\n\t\t\t\t\t\t\t\t\t\t<\/figure>\n\t\t\t\t\t\t\t<\/div>\n\t\t\t\t<\/div>\n\t\t\t\t<\/div>\n\t\t<div class=\"elementor-element elementor-element-a412cae e-con-full e-flex e-con e-child\" data-id=\"a412cae\" data-element_type=\"container\">\n\t\t\t\t<div class=\"elementor-element elementor-element-4354761 elementor-widget elementor-widget-image\" data-id=\"4354761\" data-element_type=\"widget\" data-widget_type=\"image.default\">\n\t\t\t\t<div class=\"elementor-widget-container\">\n\t\t\t\t\t\t\t\t\t\t<figure class=\"wp-caption\">\n\t\t\t\t\t\t\t\t\t\t<img loading=\"lazy\" decoding=\"async\" width=\"400\" height=\"250\" src=\"https:\/\/sites.usp.br\/atlassanca\/wp-content\/uploads\/sites\/1307\/2023\/06\/g-Foz-Mineirinho-2017-Legendas-400x250-1.jpg\" class=\"attachment-large size-large wp-image-79\" alt=\"\" srcset=\"https:\/\/sites.usp.br\/atlassanca\/wp-content\/uploads\/sites\/1307\/2023\/06\/g-Foz-Mineirinho-2017-Legendas-400x250-1.jpg 400w, https:\/\/sites.usp.br\/atlassanca\/wp-content\/uploads\/sites\/1307\/2023\/06\/g-Foz-Mineirinho-2017-Legendas-400x250-1-300x188.jpg 300w\" sizes=\"(max-width: 400px) 100vw, 400px\" \/>\t\t\t\t\t\t\t\t\t\t\t<figcaption class=\"widget-image-caption wp-caption-text\">Mineirinho<\/figcaption>\n\t\t\t\t\t\t\t\t\t\t<\/figure>\n\t\t\t\t\t\t\t<\/div>\n\t\t\t\t<\/div>\n\t\t\t\t<\/div>\n\t\t<div class=\"elementor-element elementor-element-a3cfa44 e-con-full e-flex e-con e-child\" data-id=\"a3cfa44\" data-element_type=\"container\">\n\t\t\t\t<div class=\"elementor-element elementor-element-4ac9140 elementor-widget elementor-widget-image\" data-id=\"4ac9140\" data-element_type=\"widget\" data-widget_type=\"image.default\">\n\t\t\t\t<div class=\"elementor-widget-container\">\n\t\t\t\t\t\t\t\t\t\t<figure class=\"wp-caption\">\n\t\t\t\t\t\t\t\t\t\t<img loading=\"lazy\" decoding=\"async\" width=\"400\" height=\"250\" src=\"https:\/\/sites.usp.br\/atlassanca\/wp-content\/uploads\/sites\/1307\/2023\/06\/Vem-brincar-10-400x250-1.jpg\" class=\"attachment-large size-large wp-image-80\" alt=\"\" srcset=\"https:\/\/sites.usp.br\/atlassanca\/wp-content\/uploads\/sites\/1307\/2023\/06\/Vem-brincar-10-400x250-1.jpg 400w, https:\/\/sites.usp.br\/atlassanca\/wp-content\/uploads\/sites\/1307\/2023\/06\/Vem-brincar-10-400x250-1-300x188.jpg 300w\" sizes=\"(max-width: 400px) 100vw, 400px\" \/>\t\t\t\t\t\t\t\t\t\t\t<figcaption class=\"widget-image-caption wp-caption-text\">Medeiros<\/figcaption>\n\t\t\t\t\t\t\t\t\t\t<\/figure>\n\t\t\t\t\t\t\t<\/div>\n\t\t\t\t<\/div>\n\t\t\t\t<\/div>\n\t\t<div class=\"elementor-element elementor-element-936c0ad e-con-full e-flex e-con e-child\" data-id=\"936c0ad\" data-element_type=\"container\">\n\t\t\t\t<div class=\"elementor-element elementor-element-289cca2 elementor-widget elementor-widget-image\" data-id=\"289cca2\" data-element_type=\"widget\" data-widget_type=\"image.default\">\n\t\t\t\t<div class=\"elementor-widget-container\">\n\t\t\t\t\t\t\t\t\t\t<figure class=\"wp-caption\">\n\t\t\t\t\t\t\t\t\t\t<img loading=\"lazy\" decoding=\"async\" width=\"400\" height=\"250\" src=\"https:\/\/sites.usp.br\/atlassanca\/wp-content\/uploads\/sites\/1307\/2023\/06\/depois-400x250-1.jpg\" class=\"attachment-large size-large wp-image-81\" alt=\"\" srcset=\"https:\/\/sites.usp.br\/atlassanca\/wp-content\/uploads\/sites\/1307\/2023\/06\/depois-400x250-1.jpg 400w, https:\/\/sites.usp.br\/atlassanca\/wp-content\/uploads\/sites\/1307\/2023\/06\/depois-400x250-1-300x188.jpg 300w\" sizes=\"(max-width: 400px) 100vw, 400px\" \/>\t\t\t\t\t\t\t\t\t\t\t<figcaption class=\"widget-image-caption wp-caption-text\">Greg\u00f3rio<\/figcaption>\n\t\t\t\t\t\t\t\t\t\t<\/figure>\n\t\t\t\t\t\t\t<\/div>\n\t\t\t\t<\/div>\n\t\t\t\t<\/div>\n\t\t<div class=\"elementor-element elementor-element-ccd3765 e-con-full e-flex e-con e-child\" data-id=\"ccd3765\" data-element_type=\"container\">\n\t\t\t\t<div class=\"elementor-element elementor-element-465728a elementor-widget elementor-widget-image\" data-id=\"465728a\" data-element_type=\"widget\" data-widget_type=\"image.default\">\n\t\t\t\t<div class=\"elementor-widget-container\">\n\t\t\t\t\t\t\t\t\t\t<figure class=\"wp-caption\">\n\t\t\t\t\t\t\t\t\t\t<img loading=\"lazy\" decoding=\"async\" width=\"400\" height=\"250\" src=\"https:\/\/sites.usp.br\/atlassanca\/wp-content\/uploads\/sites\/1307\/2023\/06\/e-Foz-agua-Quente-DSC_3442-Legendas-400x250-1.jpg\" class=\"attachment-large size-large wp-image-82\" alt=\"\" srcset=\"https:\/\/sites.usp.br\/atlassanca\/wp-content\/uploads\/sites\/1307\/2023\/06\/e-Foz-agua-Quente-DSC_3442-Legendas-400x250-1.jpg 400w, https:\/\/sites.usp.br\/atlassanca\/wp-content\/uploads\/sites\/1307\/2023\/06\/e-Foz-agua-Quente-DSC_3442-Legendas-400x250-1-300x188.jpg 300w\" sizes=\"(max-width: 400px) 100vw, 400px\" \/>\t\t\t\t\t\t\t\t\t\t\t<figcaption class=\"widget-image-caption wp-caption-text\">\u00c1gua Quente<\/figcaption>\n\t\t\t\t\t\t\t\t\t\t<\/figure>\n\t\t\t\t\t\t\t<\/div>\n\t\t\t\t<\/div>\n\t\t\t\t<\/div>\n\t\t\t\t\t<\/div>\n\t\t\t\t<\/div>\n\t\t<div class=\"elementor-element elementor-element-4a0e9fd e-con-full e-flex e-con e-parent\" data-id=\"4a0e9fd\" data-element_type=\"container\">\n\t\t\t\t<div class=\"elementor-element elementor-element-f38f1ca elementor-widget elementor-widget-image\" data-id=\"f38f1ca\" data-element_type=\"widget\" data-widget_type=\"image.default\">\n\t\t\t\t<div class=\"elementor-widget-container\">\n\t\t\t\t\t\t\t\t\t\t<figure class=\"wp-caption\">\n\t\t\t\t\t\t\t\t\t\t<img loading=\"lazy\" decoding=\"async\" width=\"400\" height=\"250\" src=\"https:\/\/sites.usp.br\/atlassanca\/wp-content\/uploads\/sites\/1307\/2023\/06\/agua-fria-sao-carlos-1-400x250-1.jpg\" class=\"attachment-large size-large wp-image-83\" alt=\"\" srcset=\"https:\/\/sites.usp.br\/atlassanca\/wp-content\/uploads\/sites\/1307\/2023\/06\/agua-fria-sao-carlos-1-400x250-1.jpg 400w, https:\/\/sites.usp.br\/atlassanca\/wp-content\/uploads\/sites\/1307\/2023\/06\/agua-fria-sao-carlos-1-400x250-1-300x188.jpg 300w\" sizes=\"(max-width: 400px) 100vw, 400px\" \/>\t\t\t\t\t\t\t\t\t\t\t<figcaption class=\"widget-image-caption wp-caption-text\">\u00c1gua Fria<\/figcaption>\n\t\t\t\t\t\t\t\t\t\t<\/figure>\n\t\t\t\t\t\t\t<\/div>\n\t\t\t\t<\/div>\n\t\t\t\t<\/div>\n\t\t\t\t<\/div>\n\t\t","protected":false},"excerpt":{"rendered":"<p>Microbacias Materiais Relacionados Todo o territ\u00f3rio est\u00e1 dividido em bacias hidrogr\u00e1ficas, que podem ser subdivididas em sub-bacias e microbacias, dependendo da ordem de grandeza da \u00e1rea de drenagem. As bacias hidrogr\u00e1ficas s\u00e3o separadas entre si por divisores de \u00e1guas, os ontos mais altos do relevo, em fun\u00e7\u00e3o da gravidade, as \u00e1guas fluem dos pontos mais<a href=\"https:\/\/sites.usp.br\/atlassanca\/microbacias\/\">[&#8230;]<\/a><\/p>\n","protected":false},"author":23643,"featured_media":0,"parent":0,"menu_order":0,"comment_status":"closed","ping_status":"closed","template":"elementor_header_footer","meta":{"footnotes":"","_links_to":"","_links_to_target":""},"class_list":["post-19","page","type-page","status-publish","hentry"],"_links":{"self":[{"href":"https:\/\/sites.usp.br\/atlassanca\/wp-json\/wp\/v2\/pages\/19","targetHints":{"allow":["GET"]}}],"collection":[{"href":"https:\/\/sites.usp.br\/atlassanca\/wp-json\/wp\/v2\/pages"}],"about":[{"href":"https:\/\/sites.usp.br\/atlassanca\/wp-json\/wp\/v2\/types\/page"}],"author":[{"embeddable":true,"href":"https:\/\/sites.usp.br\/atlassanca\/wp-json\/wp\/v2\/users\/23643"}],"replies":[{"embeddable":true,"href":"https:\/\/sites.usp.br\/atlassanca\/wp-json\/wp\/v2\/comments?post=19"}],"version-history":[{"count":4,"href":"https:\/\/sites.usp.br\/atlassanca\/wp-json\/wp\/v2\/pages\/19\/revisions"}],"predecessor-version":[{"id":1498,"href":"https:\/\/sites.usp.br\/atlassanca\/wp-json\/wp\/v2\/pages\/19\/revisions\/1498"}],"wp:attachment":[{"href":"https:\/\/sites.usp.br\/atlassanca\/wp-json\/wp\/v2\/media?parent=19"}],"curies":[{"name":"wp","href":"https:\/\/api.w.org\/{rel}","templated":true}]}}