{"id":20,"date":"2023-06-23T14:54:29","date_gmt":"2023-06-23T17:54:29","guid":{"rendered":"https:\/\/sites.usp.br\/atlassanca\/?page_id=20"},"modified":"2024-01-04T11:52:53","modified_gmt":"2024-01-04T14:52:53","slug":"materiais","status":"publish","type":"page","link":"https:\/\/sites.usp.br\/atlassanca\/materiais\/","title":{"rendered":"Materiais"},"content":{"rendered":"\t\t<div data-elementor-type=\"wp-page\" data-elementor-id=\"20\" class=\"elementor elementor-20\">\n\t\t\t\t<div class=\"elementor-element elementor-element-1eae963 e-flex e-con-boxed e-con e-parent\" data-id=\"1eae963\" data-element_type=\"container\">\n\t\t\t\t\t<div class=\"e-con-inner\">\n\t\t\t\t<div class=\"elementor-element elementor-element-adbb229 elementor-widget elementor-widget-spacer\" data-id=\"adbb229\" data-element_type=\"widget\" data-widget_type=\"spacer.default\">\n\t\t\t\t<div class=\"elementor-widget-container\">\n\t\t\t\t\t<div class=\"elementor-spacer\">\n\t\t\t<div class=\"elementor-spacer-inner\"><\/div>\n\t\t<\/div>\n\t\t\t\t<\/div>\n\t\t\t\t<\/div>\n\t\t\t\t\t<\/div>\n\t\t\t\t<\/div>\n\t\t<div class=\"elementor-element elementor-element-78e7954 e-con-full e-flex e-con e-parent\" data-id=\"78e7954\" data-element_type=\"container\">\n\t\t<div class=\"elementor-element elementor-element-3bdd3f1 e-con-full e-flex e-con e-child\" data-id=\"3bdd3f1\" data-element_type=\"container\">\n\t\t\t\t<div class=\"elementor-element elementor-element-387c2dd elementor-widget elementor-widget-image\" data-id=\"387c2dd\" data-element_type=\"widget\" data-widget_type=\"image.default\">\n\t\t\t\t<div class=\"elementor-widget-container\">\n\t\t\t\t\t\t\t\t\t\t\t\t\t<img decoding=\"async\" width=\"150\" height=\"150\" src=\"https:\/\/sites.usp.br\/atlassanca\/wp-content\/uploads\/sites\/1307\/2023\/11\/bird-roxo-6-150x150.png\" class=\"attachment-thumbnail size-thumbnail wp-image-892\" alt=\"\" srcset=\"https:\/\/sites.usp.br\/atlassanca\/wp-content\/uploads\/sites\/1307\/2023\/11\/bird-roxo-6-150x150.png 150w, https:\/\/sites.usp.br\/atlassanca\/wp-content\/uploads\/sites\/1307\/2023\/11\/bird-roxo-6-300x300.png 300w, https:\/\/sites.usp.br\/atlassanca\/wp-content\/uploads\/sites\/1307\/2023\/11\/bird-roxo-6-250x250.png 250w, https:\/\/sites.usp.br\/atlassanca\/wp-content\/uploads\/sites\/1307\/2023\/11\/bird-roxo-6-174x174.png 174w, https:\/\/sites.usp.br\/atlassanca\/wp-content\/uploads\/sites\/1307\/2023\/11\/bird-roxo-6-45x45.png 45w, https:\/\/sites.usp.br\/atlassanca\/wp-content\/uploads\/sites\/1307\/2023\/11\/bird-roxo-6.png 667w\" sizes=\"(max-width: 150px) 100vw, 150px\" \/>\t\t\t\t\t\t\t\t\t\t\t\t\t<\/div>\n\t\t\t\t<\/div>\n\t\t\t\t<\/div>\n\t\t<div class=\"elementor-element elementor-element-faf3277 e-con-full e-flex e-con e-child\" data-id=\"faf3277\" data-element_type=\"container\">\n\t\t\t\t<div class=\"elementor-element elementor-element-8014ce0 elementor-widget elementor-widget-heading\" data-id=\"8014ce0\" data-element_type=\"widget\" data-widget_type=\"heading.default\">\n\t\t\t\t<div class=\"elementor-widget-container\">\n\t\t\t<h3 class=\"elementor-heading-title elementor-size-default\">\n\nSomos uma comunidade de compartilhamento de materiais e not\u00edcias sobre as \u00e1guas de S\u00e3o Carlos.\n\nAqui, voc\u00ea pode acessar o que disponibilizamos!\n<\/h3>\t\t<\/div>\n\t\t\t\t<\/div>\n\t\t\t\t<\/div>\n\t\t\t\t<\/div>\n\t\t<div class=\"elementor-element elementor-element-8221725 e-flex e-con-boxed e-con e-parent\" data-id=\"8221725\" data-element_type=\"container\">\n\t\t\t\t\t<div class=\"e-con-inner\">\n\t\t\t\t<div class=\"elementor-element elementor-element-c2acbf2 e-n-tabs-mobile elementor-widget elementor-widget-n-tabs\" data-id=\"c2acbf2\" data-element_type=\"widget\" data-settings=\"{&quot;tabs_justify_horizontal&quot;:&quot;center&quot;,&quot;horizontal_scroll&quot;:&quot;disable&quot;}\" data-widget_type=\"nested-tabs.default\">\n\t\t\t\t<div class=\"elementor-widget-container\">\n\t\t\t\t\t<div class=\"e-n-tabs\" data-widget-number=\"204131314\" aria-label=\"Abas. Abra itens com &quot;Enter&quot; ou &quot;Espa\u00e7o&quot;, feche com &quot;Escape&quot; e navegue usando as teclas de &quot;Seta&quot;.\">\n\t\t\t<div class=\"e-n-tabs-heading\" role=\"tablist\">\n\t\t\t\t\t<button id=\"e-n-tab-title-2041313141\" class=\"e-n-tab-title\" aria-selected=\"true\" data-tab-index=\"1\" role=\"tab\" tabindex=\"0\" aria-controls=\"e-n-tab-content-2041313141\" style=\"--n-tabs-title-order: 1;\">\n\t\t\t\t\t\t<span class=\"e-n-tab-title-text\">\n\t\t\t\tATLAS HIST\u00d3RICO E SOCIOAMBIENTAL DAS REGI\u00d5ES HIDROGR\u00c1FICAS DE S\u00c3O CARLOS \u2013 SP\t\t\t<\/span>\n\t\t<\/button>\n\t\t\t\t<button id=\"e-n-tab-title-2041313142\" class=\"e-n-tab-title\" aria-selected=\"false\" data-tab-index=\"2\" role=\"tab\" tabindex=\"-1\" aria-controls=\"e-n-tab-content-2041313142\" style=\"--n-tabs-title-order: 2;\">\n\t\t\t\t\t\t<span class=\"e-n-tab-title-text\">\n\t\t\t\tCONHE\u00c7A E EMPRESTE NOSSA EXPOSI\u00c7\u00c3O\t\t\t<\/span>\n\t\t<\/button>\n\t\t\t\t<button id=\"e-n-tab-title-2041313143\" class=\"e-n-tab-title\" aria-selected=\"false\" data-tab-index=\"3\" role=\"tab\" tabindex=\"-1\" aria-controls=\"e-n-tab-content-2041313143\" style=\"--n-tabs-title-order: 3;\">\n\t\t\t\t\t\t<span class=\"e-n-tab-title-text\">\n\t\t\t\tMATERIAIS PARA DOWNLOAD\t\t\t<\/span>\n\t\t<\/button>\n\t\t\t\t\t<\/div>\n\t\t\t<div class=\"e-n-tabs-content\">\n\t\t\t\t<div id=\"e-n-tab-content-2041313141\" role=\"tabpanel\" aria-labelledby=\"e-n-tab-title-2041313141\" data-tab-index=\"1\" style=\"--n-tabs-title-order: 1;\" class=\"e-active elementor-element elementor-element-4db0e61 e-con-full e-flex e-con e-child\" data-id=\"4db0e61\" data-element_type=\"container\">\n\t\t\t\t<div class=\"elementor-element elementor-element-af25ee3 elementor-widget__width-initial elementor-widget elementor-widget-image\" data-id=\"af25ee3\" data-element_type=\"widget\" data-widget_type=\"image.default\">\n\t\t\t\t<div class=\"elementor-widget-container\">\n\t\t\t\t\t\t\t\t\t\t\t\t\t<img fetchpriority=\"high\" decoding=\"async\" width=\"640\" height=\"416\" src=\"https:\/\/sites.usp.br\/atlassanca\/wp-content\/uploads\/sites\/1307\/2023\/08\/figura-1-materiais-1024x666.png\" class=\"attachment-large size-large wp-image-493\" alt=\"\" srcset=\"https:\/\/sites.usp.br\/atlassanca\/wp-content\/uploads\/sites\/1307\/2023\/08\/figura-1-materiais-1024x666.png 1024w, https:\/\/sites.usp.br\/atlassanca\/wp-content\/uploads\/sites\/1307\/2023\/08\/figura-1-materiais-300x195.png 300w, https:\/\/sites.usp.br\/atlassanca\/wp-content\/uploads\/sites\/1307\/2023\/08\/figura-1-materiais-768x500.png 768w, https:\/\/sites.usp.br\/atlassanca\/wp-content\/uploads\/sites\/1307\/2023\/08\/figura-1-materiais-1536x999.png 1536w, https:\/\/sites.usp.br\/atlassanca\/wp-content\/uploads\/sites\/1307\/2023\/08\/figura-1-materiais.png 1660w\" sizes=\"(max-width: 640px) 100vw, 640px\" \/>\t\t\t\t\t\t\t\t\t\t\t\t\t<\/div>\n\t\t\t\t<\/div>\n\t\t\t\t<div class=\"elementor-element elementor-element-8ce1188 elementor-align-center elementor-widget elementor-widget-button\" data-id=\"8ce1188\" data-element_type=\"widget\" data-widget_type=\"button.default\">\n\t\t\t\t<div class=\"elementor-widget-container\">\n\t\t\t\t\t\t\t<div class=\"elementor-button-wrapper\">\n\t\t\t\t\t<a class=\"elementor-button elementor-button-link elementor-size-sm\" href=\"https:\/\/drive.google.com\/file\/d\/1zqYvC_32Im98m3wfZ8exJcRsosUv3kVv\/view?usp=sharing\" target=\"_blank\">\n\t\t\t\t\t\t<span class=\"elementor-button-content-wrapper\">\n\t\t\t\t\t\t<span class=\"elementor-button-icon\">\n\t\t\t\t<svg aria-hidden=\"true\" class=\"e-font-icon-svg e-fas-cloud-download-alt\" viewBox=\"0 0 640 512\" xmlns=\"http:\/\/www.w3.org\/2000\/svg\"><path d=\"M537.6 226.6c4.1-10.7 6.4-22.4 6.4-34.6 0-53-43-96-96-96-19.7 0-38.1 6-53.3 16.2C367 64.2 315.3 32 256 32c-88.4 0-160 71.6-160 160 0 2.7.1 5.4.2 8.1C40.2 219.8 0 273.2 0 336c0 79.5 64.5 144 144 144h368c70.7 0 128-57.3 128-128 0-61.9-44-113.6-102.4-125.4zm-132.9 88.7L299.3 420.7c-6.2 6.2-16.4 6.2-22.6 0L171.3 315.3c-10.1-10.1-2.9-27.3 11.3-27.3H248V176c0-8.8 7.2-16 16-16h48c8.8 0 16 7.2 16 16v112h65.4c14.2 0 21.4 17.2 11.3 27.3z\"><\/path><\/svg>\t\t\t<\/span>\n\t\t\t\t\t\t\t\t\t<span class=\"elementor-button-text\">Acesse o Atlas<\/span>\n\t\t\t\t\t<\/span>\n\t\t\t\t\t<\/a>\n\t\t\t\t<\/div>\n\t\t\t\t\t\t<\/div>\n\t\t\t\t<\/div>\n\t\t\t\t<\/div>\n\t\t<div id=\"e-n-tab-content-2041313142\" role=\"tabpanel\" aria-labelledby=\"e-n-tab-title-2041313142\" data-tab-index=\"2\" style=\"--n-tabs-title-order: 2;\" class=\" elementor-element elementor-element-ffc0ace e-con-full e-flex e-con e-child\" data-id=\"ffc0ace\" data-element_type=\"container\">\n\t\t\t\t<div class=\"elementor-element elementor-element-c2a0701 elementor-widget__width-initial elementor-widget elementor-widget-image\" data-id=\"c2a0701\" data-element_type=\"widget\" data-widget_type=\"image.default\">\n\t\t\t\t<div class=\"elementor-widget-container\">\n\t\t\t\t\t\t\t\t\t\t\t\t\t<img decoding=\"async\" width=\"640\" height=\"360\" src=\"https:\/\/sites.usp.br\/atlassanca\/wp-content\/uploads\/sites\/1307\/2023\/08\/figura-2-materiais-1024x576.jpg\" class=\"attachment-large size-large wp-image-494\" alt=\"\" srcset=\"https:\/\/sites.usp.br\/atlassanca\/wp-content\/uploads\/sites\/1307\/2023\/08\/figura-2-materiais-1024x576.jpg 1024w, https:\/\/sites.usp.br\/atlassanca\/wp-content\/uploads\/sites\/1307\/2023\/08\/figura-2-materiais-300x169.jpg 300w, https:\/\/sites.usp.br\/atlassanca\/wp-content\/uploads\/sites\/1307\/2023\/08\/figura-2-materiais-768x432.jpg 768w, https:\/\/sites.usp.br\/atlassanca\/wp-content\/uploads\/sites\/1307\/2023\/08\/figura-2-materiais-1536x864.jpg 1536w, https:\/\/sites.usp.br\/atlassanca\/wp-content\/uploads\/sites\/1307\/2023\/08\/figura-2-materiais-310x174.jpg 310w, https:\/\/sites.usp.br\/atlassanca\/wp-content\/uploads\/sites\/1307\/2023\/08\/figura-2-materiais.jpg 1920w\" sizes=\"(max-width: 640px) 100vw, 640px\" \/>\t\t\t\t\t\t\t\t\t\t\t\t\t<\/div>\n\t\t\t\t<\/div>\n\t\t\t\t<div class=\"elementor-element elementor-element-d95681a elementor-align-center elementor-widget elementor-widget-button\" data-id=\"d95681a\" data-element_type=\"widget\" data-widget_type=\"button.default\">\n\t\t\t\t<div class=\"elementor-widget-container\">\n\t\t\t\t\t\t\t<div class=\"elementor-button-wrapper\">\n\t\t\t\t\t<a class=\"elementor-button elementor-button-link elementor-size-sm\" href=\"\" target=\"_blank\">\n\t\t\t\t\t\t<span class=\"elementor-button-content-wrapper\">\n\t\t\t\t\t\t<span class=\"elementor-button-icon\">\n\t\t\t\t<svg aria-hidden=\"true\" class=\"e-font-icon-svg e-fas-search\" viewBox=\"0 0 512 512\" xmlns=\"http:\/\/www.w3.org\/2000\/svg\"><path d=\"M505 442.7L405.3 343c-4.5-4.5-10.6-7-17-7H372c27.6-35.3 44-79.7 44-128C416 93.1 322.9 0 208 0S0 93.1 0 208s93.1 208 208 208c48.3 0 92.7-16.4 128-44v16.3c0 6.4 2.5 12.5 7 17l99.7 99.7c9.4 9.4 24.6 9.4 33.9 0l28.3-28.3c9.4-9.4 9.4-24.6.1-34zM208 336c-70.7 0-128-57.2-128-128 0-70.7 57.2-128 128-128 70.7 0 128 57.2 128 128 0 70.7-57.2 128-128 128z\"><\/path><\/svg>\t\t\t<\/span>\n\t\t\t\t\t\t\t\t\t<span class=\"elementor-button-text\">Conhecer a exposi\u00e7\u00e3o<\/span>\n\t\t\t\t\t<\/span>\n\t\t\t\t\t<\/a>\n\t\t\t\t<\/div>\n\t\t\t\t\t\t<\/div>\n\t\t\t\t<\/div>\n\t\t\t\t<\/div>\n\t\t<div id=\"e-n-tab-content-2041313143\" role=\"tabpanel\" aria-labelledby=\"e-n-tab-title-2041313143\" data-tab-index=\"3\" style=\"--n-tabs-title-order: 3;\" class=\" elementor-element elementor-element-a819003 e-con-full e-flex e-con e-child\" data-id=\"a819003\" data-element_type=\"container\">\n\t\t\t\t<div class=\"elementor-element elementor-element-9902654 elementor-widget__width-initial elementor-widget elementor-widget-image\" data-id=\"9902654\" data-element_type=\"widget\" data-widget_type=\"image.default\">\n\t\t\t\t<div class=\"elementor-widget-container\">\n\t\t\t\t\t\t\t\t\t\t\t\t\t<img loading=\"lazy\" decoding=\"async\" width=\"640\" height=\"320\" src=\"https:\/\/sites.usp.br\/atlassanca\/wp-content\/uploads\/sites\/1307\/2023\/08\/figura-3-materiais-1024x512.png\" class=\"attachment-large size-large wp-image-495\" alt=\"\" srcset=\"https:\/\/sites.usp.br\/atlassanca\/wp-content\/uploads\/sites\/1307\/2023\/08\/figura-3-materiais-1024x512.png 1024w, https:\/\/sites.usp.br\/atlassanca\/wp-content\/uploads\/sites\/1307\/2023\/08\/figura-3-materiais-300x150.png 300w, https:\/\/sites.usp.br\/atlassanca\/wp-content\/uploads\/sites\/1307\/2023\/08\/figura-3-materiais-768x384.png 768w, https:\/\/sites.usp.br\/atlassanca\/wp-content\/uploads\/sites\/1307\/2023\/08\/figura-3-materiais-1536x768.png 1536w, https:\/\/sites.usp.br\/atlassanca\/wp-content\/uploads\/sites\/1307\/2023\/08\/figura-3-materiais-2048x1024.png 2048w, https:\/\/sites.usp.br\/atlassanca\/wp-content\/uploads\/sites\/1307\/2023\/08\/figura-3-materiais-600x300.png 600w, https:\/\/sites.usp.br\/atlassanca\/wp-content\/uploads\/sites\/1307\/2023\/08\/figura-3-materiais-400x200.png 400w\" sizes=\"(max-width: 640px) 100vw, 640px\" \/>\t\t\t\t\t\t\t\t\t\t\t\t\t<\/div>\n\t\t\t\t<\/div>\n\t\t\t\t<div class=\"elementor-element elementor-element-df61216 elementor-align-center elementor-widget elementor-widget-button\" data-id=\"df61216\" data-element_type=\"widget\" data-widget_type=\"button.default\">\n\t\t\t\t<div class=\"elementor-widget-container\">\n\t\t\t\t\t\t\t<div class=\"elementor-button-wrapper\">\n\t\t\t\t\t<a class=\"elementor-button elementor-button-link elementor-size-sm\" href=\"https:\/\/drive.google.com\/drive\/folders\/1h0gxbFPkNchBbGn7SQz7xzAUK_fJqzq4\" target=\"_blank\">\n\t\t\t\t\t\t<span class=\"elementor-button-content-wrapper\">\n\t\t\t\t\t\t<span class=\"elementor-button-icon\">\n\t\t\t\t<svg aria-hidden=\"true\" class=\"e-font-icon-svg e-fas-cloud-download-alt\" viewBox=\"0 0 640 512\" xmlns=\"http:\/\/www.w3.org\/2000\/svg\"><path d=\"M537.6 226.6c4.1-10.7 6.4-22.4 6.4-34.6 0-53-43-96-96-96-19.7 0-38.1 6-53.3 16.2C367 64.2 315.3 32 256 32c-88.4 0-160 71.6-160 160 0 2.7.1 5.4.2 8.1C40.2 219.8 0 273.2 0 336c0 79.5 64.5 144 144 144h368c70.7 0 128-57.3 128-128 0-61.9-44-113.6-102.4-125.4zm-132.9 88.7L299.3 420.7c-6.2 6.2-16.4 6.2-22.6 0L171.3 315.3c-10.1-10.1-2.9-27.3 11.3-27.3H248V176c0-8.8 7.2-16 16-16h48c8.8 0 16 7.2 16 16v112h65.4c14.2 0 21.4 17.2 11.3 27.3z\"><\/path><\/svg>\t\t\t<\/span>\n\t\t\t\t\t\t\t\t\t<span class=\"elementor-button-text\">Acessar<\/span>\n\t\t\t\t\t<\/span>\n\t\t\t\t\t<\/a>\n\t\t\t\t<\/div>\n\t\t\t\t\t\t<\/div>\n\t\t\t\t<\/div>\n\t\t\t\t<\/div>\n\t\t\t\t\t<\/div>\n\t\t<\/div>\n\t\t\t\t<\/div>\n\t\t\t\t<\/div>\n\t\t\t\t\t<\/div>\n\t\t\t\t<\/div>\n\t\t<div class=\"elementor-element elementor-element-9a2f853 e-flex e-con-boxed e-con e-parent\" data-id=\"9a2f853\" data-element_type=\"container\">\n\t\t\t\t\t<div class=\"e-con-inner\">\n\t\t\t\t\t<\/div>\n\t\t\t\t<\/div>\n\t\t\t\t<\/div>\n\t\t","protected":false},"excerpt":{"rendered":"<p>Somos uma comunidade de compartilhamento de materiais e not\u00edcias sobre as \u00e1guas de S\u00e3o Carlos. Aqui, voc\u00ea pode acessar o que disponibilizamos! ATLAS HIST\u00d3RICO E SOCIOAMBIENTAL DAS REGI\u00d5ES HIDROGR\u00c1FICAS DE S\u00c3O CARLOS \u2013 SP CONHE\u00c7A E EMPRESTE NOSSA EXPOSI\u00c7\u00c3O MATERIAIS PARA DOWNLOAD Acesse o Atlas Conhecer a exposi\u00e7\u00e3o Acessar Acesse o Atlas Conhecer a exposi\u00e7\u00e3o<a href=\"https:\/\/sites.usp.br\/atlassanca\/materiais\/\">[&#8230;]<\/a><\/p>\n","protected":false},"author":23643,"featured_media":0,"parent":0,"menu_order":0,"comment_status":"closed","ping_status":"closed","template":"","meta":{"footnotes":"","_links_to":"","_links_to_target":""},"class_list":["post-20","page","type-page","status-publish","hentry"],"_links":{"self":[{"href":"https:\/\/sites.usp.br\/atlassanca\/wp-json\/wp\/v2\/pages\/20","targetHints":{"allow":["GET"]}}],"collection":[{"href":"https:\/\/sites.usp.br\/atlassanca\/wp-json\/wp\/v2\/pages"}],"about":[{"href":"https:\/\/sites.usp.br\/atlassanca\/wp-json\/wp\/v2\/types\/page"}],"author":[{"embeddable":true,"href":"https:\/\/sites.usp.br\/atlassanca\/wp-json\/wp\/v2\/users\/23643"}],"replies":[{"embeddable":true,"href":"https:\/\/sites.usp.br\/atlassanca\/wp-json\/wp\/v2\/comments?post=20"}],"version-history":[{"count":4,"href":"https:\/\/sites.usp.br\/atlassanca\/wp-json\/wp\/v2\/pages\/20\/revisions"}],"predecessor-version":[{"id":1450,"href":"https:\/\/sites.usp.br\/atlassanca\/wp-json\/wp\/v2\/pages\/20\/revisions\/1450"}],"wp:attachment":[{"href":"https:\/\/sites.usp.br\/atlassanca\/wp-json\/wp\/v2\/media?parent=20"}],"curies":[{"name":"wp","href":"https:\/\/api.w.org\/{rel}","templated":true}]}}