{"id":23,"date":"2023-06-23T14:54:29","date_gmt":"2023-06-23T17:54:29","guid":{"rendered":"https:\/\/sites.usp.br\/atlassanca\/?page_id=23"},"modified":"2023-07-06T21:51:38","modified_gmt":"2023-07-07T00:51:38","slug":"contato","status":"publish","type":"page","link":"https:\/\/sites.usp.br\/atlassanca\/contato\/","title":{"rendered":"Contato"},"content":{"rendered":"\t\t<div data-elementor-type=\"wp-page\" data-elementor-id=\"23\" class=\"elementor elementor-23\">\n\t\t\t\t<div class=\"elementor-element elementor-element-852f01f e-flex e-con-boxed e-con e-parent\" data-id=\"852f01f\" data-element_type=\"container\">\n\t\t\t\t\t<div class=\"e-con-inner\">\n\t\t<div class=\"elementor-element elementor-element-570be32 e-con-full e-flex e-con e-parent\" data-id=\"570be32\" data-element_type=\"container\">\n\t\t\t\t<div class=\"elementor-element elementor-element-a661fed elementor-widget elementor-widget-text-editor\" data-id=\"a661fed\" data-element_type=\"widget\" data-widget_type=\"text-editor.default\">\n\t\t\t\t<div class=\"elementor-widget-container\">\n\t\t\t\t\t\t\t<p>O Atlas Sanca \u00e9 administrado pelo CDCC \u2013 Centro de Divulga\u00e7\u00e3o Cient\u00edfico e Cultural da Universidade de S\u00e3o Paulo \u2013 Campus S\u00e3o Carlos<\/p>\t\t\t\t\t\t<\/div>\n\t\t\t\t<\/div>\n\t\t\t\t<div class=\"elementor-element elementor-element-d096f85 elementor-align-center elementor-widget elementor-widget-button\" data-id=\"d096f85\" data-element_type=\"widget\" data-widget_type=\"button.default\">\n\t\t\t\t<div class=\"elementor-widget-container\">\n\t\t\t\t\t\t\t<div class=\"elementor-button-wrapper\">\n\t\t\t\t\t<a class=\"elementor-button elementor-button-link elementor-size-sm\" href=\"#\">\n\t\t\t\t\t\t<span class=\"elementor-button-content-wrapper\">\n\t\t\t\t\t\t\t\t\t<span class=\"elementor-button-text\">Site CDCC<\/span>\n\t\t\t\t\t<\/span>\n\t\t\t\t\t<\/a>\n\t\t\t\t<\/div>\n\t\t\t\t\t\t<\/div>\n\t\t\t\t<\/div>\n\t\t\t\t<\/div>\n\t\t<div class=\"elementor-element elementor-element-dc3e058 e-con-full e-flex e-con e-parent\" data-id=\"dc3e058\" data-element_type=\"container\">\n\t\t\t\t<div class=\"elementor-element elementor-element-b55ca6e elementor-widget elementor-widget-image\" data-id=\"b55ca6e\" data-element_type=\"widget\" data-widget_type=\"image.default\">\n\t\t\t\t<div class=\"elementor-widget-container\">\n\t\t\t\t\t\t\t\t\t\t\t\t\t<img fetchpriority=\"high\" decoding=\"async\" width=\"640\" height=\"425\" src=\"https:\/\/sites.usp.br\/atlassanca\/wp-content\/uploads\/sites\/1307\/2023\/07\/cdcc-2019.jpg\" class=\"attachment-large size-large wp-image-295\" alt=\"\" srcset=\"https:\/\/sites.usp.br\/atlassanca\/wp-content\/uploads\/sites\/1307\/2023\/07\/cdcc-2019.jpg 1024w, https:\/\/sites.usp.br\/atlassanca\/wp-content\/uploads\/sites\/1307\/2023\/07\/cdcc-2019-300x199.jpg 300w, https:\/\/sites.usp.br\/atlassanca\/wp-content\/uploads\/sites\/1307\/2023\/07\/cdcc-2019-768x510.jpg 768w\" sizes=\"(max-width: 640px) 100vw, 640px\" \/>\t\t\t\t\t\t\t\t\t\t\t\t\t<\/div>\n\t\t\t\t<\/div>\n\t\t\t\t<\/div>\n\t\t\t\t\t<\/div>\n\t\t\t\t<\/div>\n\t\t<div class=\"elementor-element elementor-element-0ae1697 e-flex e-con-boxed e-con e-parent\" data-id=\"0ae1697\" data-element_type=\"container\">\n\t\t\t\t\t<div class=\"e-con-inner\">\n\t\t\t\t<div class=\"elementor-element elementor-element-b5dc2c3 elementor-widget elementor-widget-google_maps\" data-id=\"b5dc2c3\" data-element_type=\"widget\" data-widget_type=\"google_maps.default\">\n\t\t\t\t<div class=\"elementor-widget-container\">\n\t\t\t\t\t<div class=\"elementor-custom-embed\">\n\t\t\t<iframe loading=\"lazy\"\n\t\t\t\t\tsrc=\"https:\/\/maps.google.com\/maps?q=R.%20Nove%20de%20Julho%2C%201227%20-%20Centro%2C%20S%C3%A3o%20Carlos%20-%20SP%2C%2013560-042&#038;t=m&#038;z=16&#038;output=embed&#038;iwloc=near\"\n\t\t\t\t\ttitle=\"R. Nove de Julho, 1227 - Centro, S\u00e3o Carlos - SP, 13560-042\"\n\t\t\t\t\taria-label=\"R. Nove de Julho, 1227 - Centro, S\u00e3o Carlos - SP, 13560-042\"\n\t\t\t><\/iframe>\n\t\t<\/div>\n\t\t\t\t<\/div>\n\t\t\t\t<\/div>\n\t\t\t\t\t<\/div>\n\t\t\t\t<\/div>\n\t\t<div class=\"elementor-element elementor-element-25909d6 e-flex e-con-boxed e-con e-parent\" data-id=\"25909d6\" data-element_type=\"container\">\n\t\t\t\t\t<div class=\"e-con-inner\">\n\t\t<div class=\"elementor-element elementor-element-79ebdef e-con-full e-flex e-con e-parent\" data-id=\"79ebdef\" data-element_type=\"container\">\n\t\t\t\t<div class=\"elementor-element elementor-element-f35bf8c elementor-widget elementor-widget-text-editor\" data-id=\"f35bf8c\" data-element_type=\"widget\" data-widget_type=\"text-editor.default\">\n\t\t\t\t<div class=\"elementor-widget-container\">\n\t\t\t\t\t\t\t<h1>Ligue<\/h1><h3>(16) 3373-8030<\/h3><h5>Silvia Martins<\/h5><h3>(16) 3373-9772<\/h3><h5>Portaria<\/h5>\t\t\t\t\t\t<\/div>\n\t\t\t\t<\/div>\n\t\t\t\t<\/div>\n\t\t<div class=\"elementor-element elementor-element-8dca215 e-con-full e-flex e-con e-parent\" data-id=\"8dca215\" data-element_type=\"container\">\n\t\t\t\t<div class=\"elementor-element elementor-element-c48a29f elementor-widget elementor-widget-text-editor\" data-id=\"c48a29f\" data-element_type=\"widget\" data-widget_type=\"text-editor.default\">\n\t\t\t\t<div class=\"elementor-widget-container\">\n\t\t\t\t\t\t\t<h2>EMAIL<\/h2><h3>atlassanca@cdcc.usp.br<\/h3>\t\t\t\t\t\t<\/div>\n\t\t\t\t<\/div>\n\t\t\t\t<\/div>\n\t\t\t\t\t<\/div>\n\t\t\t\t<\/div>\n\t\t\t\t<\/div>\n\t\t","protected":false},"excerpt":{"rendered":"<p>O Atlas Sanca \u00e9 administrado pelo CDCC \u2013 Centro de Divulga\u00e7\u00e3o Cient\u00edfico e Cultural da Universidade de S\u00e3o Paulo \u2013 Campus S\u00e3o Carlos Site CDCC Ligue (16) 3373-8030 Silvia Martins (16) 3373-9772 Portaria EMAIL atlassanca@cdcc.usp.br<\/p>\n","protected":false},"author":23643,"featured_media":0,"parent":0,"menu_order":0,"comment_status":"closed","ping_status":"closed","template":"","meta":{"footnotes":"","_links_to":"","_links_to_target":""},"class_list":["post-23","page","type-page","status-publish","hentry"],"_links":{"self":[{"href":"https:\/\/sites.usp.br\/atlassanca\/wp-json\/wp\/v2\/pages\/23","targetHints":{"allow":["GET"]}}],"collection":[{"href":"https:\/\/sites.usp.br\/atlassanca\/wp-json\/wp\/v2\/pages"}],"about":[{"href":"https:\/\/sites.usp.br\/atlassanca\/wp-json\/wp\/v2\/types\/page"}],"author":[{"embeddable":true,"href":"https:\/\/sites.usp.br\/atlassanca\/wp-json\/wp\/v2\/users\/23643"}],"replies":[{"embeddable":true,"href":"https:\/\/sites.usp.br\/atlassanca\/wp-json\/wp\/v2\/comments?post=23"}],"version-history":[{"count":4,"href":"https:\/\/sites.usp.br\/atlassanca\/wp-json\/wp\/v2\/pages\/23\/revisions"}],"predecessor-version":[{"id":301,"href":"https:\/\/sites.usp.br\/atlassanca\/wp-json\/wp\/v2\/pages\/23\/revisions\/301"}],"wp:attachment":[{"href":"https:\/\/sites.usp.br\/atlassanca\/wp-json\/wp\/v2\/media?parent=23"}],"curies":[{"name":"wp","href":"https:\/\/api.w.org\/{rel}","templated":true}]}}