{"id":204,"date":"2025-04-26T20:17:38","date_gmt":"2025-04-26T23:17:38","guid":{"rendered":"https:\/\/sites.usp.br\/bcrp\/?page_id=204"},"modified":"2025-11-26T21:35:18","modified_gmt":"2025-11-27T00:35:18","slug":"blog","status":"publish","type":"page","link":"https:\/\/sites.usp.br\/bcrp\/blog\/","title":{"rendered":"Not\u00edcias"},"content":{"rendered":"\t\t<div data-elementor-type=\"wp-page\" data-elementor-id=\"204\" class=\"elementor elementor-204\" data-elementor-post-type=\"page\">\n\t\t\t\t\t\t<section class=\"elementor-section elementor-top-section elementor-element elementor-element-7561897 elementor-section-full_width elementor-hidden-desktop elementor-section-height-default elementor-section-height-default\" data-id=\"7561897\" data-element_type=\"section\">\n\t\t\t\t\t\t<div class=\"elementor-container elementor-column-gap-default\">\n\t\t\t\t\t<div class=\"elementor-column elementor-col-100 elementor-top-column elementor-element elementor-element-0dc4d6d\" data-id=\"0dc4d6d\" data-element_type=\"column\">\n\t\t\t<div class=\"elementor-widget-wrap elementor-element-populated\">\n\t\t\t\t\t\t<div class=\"elementor-element elementor-element-b1c9eab elementor-widget elementor-widget-spacer\" data-id=\"b1c9eab\" data-element_type=\"widget\" data-widget_type=\"spacer.default\">\n\t\t\t\t<div class=\"elementor-widget-container\">\n\t\t\t\t\t<div class=\"elementor-spacer\">\n\t\t\t<div class=\"elementor-spacer-inner\"><\/div>\n\t\t<\/div>\n\t\t\t\t<\/div>\n\t\t\t\t<\/div>\n\t\t\t\t\t<\/div>\n\t\t<\/div>\n\t\t\t\t\t<\/div>\n\t\t<\/section>\n\t\t\t\t<section class=\"elementor-section elementor-top-section elementor-element elementor-element-c4ac5d5 elementor-section-full_width elementor-section-height-default elementor-section-height-default\" data-id=\"c4ac5d5\" data-element_type=\"section\">\n\t\t\t\t\t\t<div class=\"elementor-container elementor-column-gap-default\">\n\t\t\t\t\t<div class=\"elementor-column elementor-col-100 elementor-top-column elementor-element elementor-element-bc71506\" data-id=\"bc71506\" data-element_type=\"column\">\n\t\t\t<div class=\"elementor-widget-wrap elementor-element-populated\">\n\t\t\t\t\t\t<div class=\"elementor-element elementor-element-aeaac5d elementor-widget elementor-widget-heading\" data-id=\"aeaac5d\" data-element_type=\"widget\" data-widget_type=\"heading.default\">\n\t\t\t\t<div class=\"elementor-widget-container\">\n\t\t\t<h4 class=\"elementor-heading-title elementor-size-default\">Nosso canal de not\u00edcias<\/h4>\t\t<\/div>\n\t\t\t\t<\/div>\n\t\t\t\t\t<\/div>\n\t\t<\/div>\n\t\t\t\t\t<\/div>\n\t\t<\/section>\n\t\t\t\t<section class=\"elementor-section elementor-top-section elementor-element elementor-element-e2c4970 elementor-section-boxed elementor-section-height-default elementor-section-height-default\" data-id=\"e2c4970\" data-element_type=\"section\">\n\t\t\t\t\t\t<div class=\"elementor-container elementor-column-gap-default\">\n\t\t\t\t\t<div class=\"elementor-column elementor-col-100 elementor-top-column elementor-element elementor-element-189aa4e\" data-id=\"189aa4e\" data-element_type=\"column\">\n\t\t\t<div class=\"elementor-widget-wrap elementor-element-populated\">\n\t\t\t\t\t\t<div class=\"elementor-element elementor-element-17789f2 elementor-grid-3 elementor-grid-tablet-2 elementor-grid-mobile-1 elementor-posts--thumbnail-top elementor-card-shadow-yes elementor-posts__hover-gradient elementor-widget elementor-widget-posts\" data-id=\"17789f2\" data-element_type=\"widget\" data-settings=\"{&quot;pagination_type&quot;:&quot;prev_next&quot;,&quot;cards_columns&quot;:&quot;3&quot;,&quot;cards_columns_tablet&quot;:&quot;2&quot;,&quot;cards_columns_mobile&quot;:&quot;1&quot;,&quot;cards_row_gap&quot;:{&quot;unit&quot;:&quot;px&quot;,&quot;size&quot;:35,&quot;sizes&quot;:[]},&quot;cards_row_gap_tablet&quot;:{&quot;unit&quot;:&quot;px&quot;,&quot;size&quot;:&quot;&quot;,&quot;sizes&quot;:[]},&quot;cards_row_gap_mobile&quot;:{&quot;unit&quot;:&quot;px&quot;,&quot;size&quot;:&quot;&quot;,&quot;sizes&quot;:[]}}\" data-widget_type=\"posts.cards\">\n\t\t\t\t<div class=\"elementor-widget-container\">\n\t\t\t\t\t<div class=\"elementor-posts-container elementor-posts elementor-posts--skin-cards elementor-grid\">\n\t\t\t\t<article class=\"elementor-post elementor-grid-item post-63 post type-post status-publish format-image has-post-thumbnail hentry category-novidades post_format-post-format-image\">\n\t\t\t<div class=\"elementor-post__card\">\n\t\t\t\t<a class=\"elementor-post__thumbnail__link\" href=\"https:\/\/sites.usp.br\/bcrp\/campus-de-ribeirao-preto-reinaugura-biblioteca-central-e-teatro\/\" tabindex=\"-1\" ><div class=\"elementor-post__thumbnail\"><img fetchpriority=\"high\" decoding=\"async\" width=\"300\" height=\"170\" src=\"https:\/\/sites.usp.br\/bcrp\/wp-content\/uploads\/sites\/1663\/2025\/04\/Biblioteca-Central-RP-01_Marcos-Santos-1024x580-1-300x170.jpg\" class=\"attachment-medium size-medium wp-image-66\" alt=\"\" srcset=\"https:\/\/sites.usp.br\/bcrp\/wp-content\/uploads\/sites\/1663\/2025\/04\/Biblioteca-Central-RP-01_Marcos-Santos-1024x580-1-300x170.jpg 300w, https:\/\/sites.usp.br\/bcrp\/wp-content\/uploads\/sites\/1663\/2025\/04\/Biblioteca-Central-RP-01_Marcos-Santos-1024x580-1-768x435.jpg 768w, https:\/\/sites.usp.br\/bcrp\/wp-content\/uploads\/sites\/1663\/2025\/04\/Biblioteca-Central-RP-01_Marcos-Santos-1024x580-1.jpg 1024w\" sizes=\"(max-width: 300px) 100vw, 300px\" \/><\/div><\/a>\n\t\t\t\t<div class=\"elementor-post__badge\">NOVIDADES<\/div>\n\t\t\t\t<div class=\"elementor-post__text\">\n\t\t\t\t<h3 class=\"elementor-post__title\">\n\t\t\t<a href=\"https:\/\/sites.usp.br\/bcrp\/campus-de-ribeirao-preto-reinaugura-biblioteca-central-e-teatro\/\" >\n\t\t\t\tCampus de Ribeir\u00e3o Preto reinaugura Biblioteca Central e teatro\t\t\t<\/a>\n\t\t<\/h3>\n\t\t\t\t<div class=\"elementor-post__excerpt\">\n\t\t\t<p>Os novos espa\u00e7os do campus \u2013 Biblioteca Central, Teatro do Campus e Centro de Viv\u00eancia Estudantil \u2013 foram pensados para incentivar o conv\u00edvio e a<\/p>\n\t\t<\/div>\n\t\t\t\t\t<div class=\"elementor-post__read-more-wrapper\">\n\t\t\n\t\t<a class=\"elementor-post__read-more\" href=\"https:\/\/sites.usp.br\/bcrp\/campus-de-ribeirao-preto-reinaugura-biblioteca-central-e-teatro\/\" aria-label=\"Read more about Campus de Ribeir\u00e3o Preto reinaugura Biblioteca Central e teatro\" tabindex=\"-1\" >\n\t\t\tLeia mais \u00bb\t\t<\/a>\n\n\t\t\t\t\t<\/div>\n\t\t\t\t<\/div>\n\t\t\t\t<div class=\"elementor-post__meta-data\">\n\t\t\t\t\t<span class=\"elementor-post-date\">\n\t\t\t23\/04\/2025\t\t<\/span>\n\t\t\t\t<\/div>\n\t\t\t\t\t<\/div>\n\t\t<\/article>\n\t\t\t\t<article class=\"elementor-post elementor-grid-item post-19 post type-post status-publish format-image has-post-thumbnail hentry category-novidades post_format-post-format-image\">\n\t\t\t<div class=\"elementor-post__card\">\n\t\t\t\t<a class=\"elementor-post__thumbnail__link\" href=\"https:\/\/sites.usp.br\/bcrp\/dicionario-critico-jorge-amado-reune-analises-sobre-a-obra-e-trajetoria-do-escritor\/\" tabindex=\"-1\" ><div class=\"elementor-post__thumbnail\"><img decoding=\"async\" width=\"300\" height=\"170\" src=\"https:\/\/sites.usp.br\/bcrp\/wp-content\/uploads\/sites\/1663\/2025\/04\/2160f0d3d85b0913ba82f26b8c946674_16600716087822_915378825-300x170.jpg\" class=\"attachment-medium size-medium wp-image-20\" alt=\"\" srcset=\"https:\/\/sites.usp.br\/bcrp\/wp-content\/uploads\/sites\/1663\/2025\/04\/2160f0d3d85b0913ba82f26b8c946674_16600716087822_915378825-300x170.jpg 300w, https:\/\/sites.usp.br\/bcrp\/wp-content\/uploads\/sites\/1663\/2025\/04\/2160f0d3d85b0913ba82f26b8c946674_16600716087822_915378825.jpg 620w\" sizes=\"(max-width: 300px) 100vw, 300px\" \/><\/div><\/a>\n\t\t\t\t<div class=\"elementor-post__badge\">NOVIDADES<\/div>\n\t\t\t\t<div class=\"elementor-post__text\">\n\t\t\t\t<h3 class=\"elementor-post__title\">\n\t\t\t<a href=\"https:\/\/sites.usp.br\/bcrp\/dicionario-critico-jorge-amado-reune-analises-sobre-a-obra-e-trajetoria-do-escritor\/\" >\n\t\t\t\tDicion\u00e1rio Cr\u00edtico Jorge Amado re\u00fane an\u00e1lises sobre a obra e trajet\u00f3ria do escritor\t\t\t<\/a>\n\t\t<\/h3>\n\t\t\t\t<div class=\"elementor-post__excerpt\">\n\t\t\t<p>\u2018Dicion\u00e1rio Cr\u00edtico Jorge Amado\u2019\u00a0oferece um comp\u00eandio da obra de um dos mais c\u00e9lebres autores do Brasil. Organizado por\u00a0Nelson Tomelin Jr. e Marcos Silva, o lan\u00e7amento<\/p>\n\t\t<\/div>\n\t\t\t\t\t<div class=\"elementor-post__read-more-wrapper\">\n\t\t\n\t\t<a class=\"elementor-post__read-more\" href=\"https:\/\/sites.usp.br\/bcrp\/dicionario-critico-jorge-amado-reune-analises-sobre-a-obra-e-trajetoria-do-escritor\/\" aria-label=\"Read more about Dicion\u00e1rio Cr\u00edtico Jorge Amado re\u00fane an\u00e1lises sobre a obra e trajet\u00f3ria do escritor\" tabindex=\"-1\" >\n\t\t\tLeia mais \u00bb\t\t<\/a>\n\n\t\t\t\t\t<\/div>\n\t\t\t\t<\/div>\n\t\t\t\t<div class=\"elementor-post__meta-data\">\n\t\t\t\t\t<span class=\"elementor-post-date\">\n\t\t\t22\/04\/2025\t\t<\/span>\n\t\t\t\t<\/div>\n\t\t\t\t\t<\/div>\n\t\t<\/article>\n\t\t\t\t<article class=\"elementor-post elementor-grid-item post-16 post type-post status-publish format-image has-post-thumbnail hentry category-novidades post_format-post-format-image\">\n\t\t\t<div class=\"elementor-post__card\">\n\t\t\t\t<a class=\"elementor-post__thumbnail__link\" href=\"https:\/\/sites.usp.br\/bcrp\/feliz-ano-novo-de-rubem-fonseca\/\" tabindex=\"-1\" ><div class=\"elementor-post__thumbnail\"><img decoding=\"async\" width=\"300\" height=\"169\" src=\"https:\/\/sites.usp.br\/bcrp\/wp-content\/uploads\/sites\/1663\/2025\/04\/design_sem_nome_2_ejfQOOc_widelg-300x169.jpg\" class=\"attachment-medium size-medium wp-image-17\" alt=\"\" srcset=\"https:\/\/sites.usp.br\/bcrp\/wp-content\/uploads\/sites\/1663\/2025\/04\/design_sem_nome_2_ejfQOOc_widelg-300x169.jpg 300w, https:\/\/sites.usp.br\/bcrp\/wp-content\/uploads\/sites\/1663\/2025\/04\/design_sem_nome_2_ejfQOOc_widelg-768x432.jpg 768w, https:\/\/sites.usp.br\/bcrp\/wp-content\/uploads\/sites\/1663\/2025\/04\/design_sem_nome_2_ejfQOOc_widelg-310x174.jpg 310w, https:\/\/sites.usp.br\/bcrp\/wp-content\/uploads\/sites\/1663\/2025\/04\/design_sem_nome_2_ejfQOOc_widelg.jpg 800w\" sizes=\"(max-width: 300px) 100vw, 300px\" \/><\/div><\/a>\n\t\t\t\t<div class=\"elementor-post__badge\">NOVIDADES<\/div>\n\t\t\t\t<div class=\"elementor-post__text\">\n\t\t\t\t<h3 class=\"elementor-post__title\">\n\t\t\t<a href=\"https:\/\/sites.usp.br\/bcrp\/feliz-ano-novo-de-rubem-fonseca\/\" >\n\t\t\t\tFeliz ano novo, de Rubem Fonseca\t\t\t<\/a>\n\t\t<\/h3>\n\t\t\t\t<div class=\"elementor-post__excerpt\">\n\t\t\t<p>Feliz ano novo\u00a0\u00e9 a hist\u00f3ria de um assalto, praticado por tr\u00eas indiv\u00edduos, a uma mans\u00e3o da Zona Sul do Rio de Janeiro. Durante o assalto,<\/p>\n\t\t<\/div>\n\t\t\t\t\t<div class=\"elementor-post__read-more-wrapper\">\n\t\t\n\t\t<a class=\"elementor-post__read-more\" href=\"https:\/\/sites.usp.br\/bcrp\/feliz-ano-novo-de-rubem-fonseca\/\" aria-label=\"Read more about Feliz ano novo, de Rubem Fonseca\" tabindex=\"-1\" >\n\t\t\tLeia mais \u00bb\t\t<\/a>\n\n\t\t\t\t\t<\/div>\n\t\t\t\t<\/div>\n\t\t\t\t<div class=\"elementor-post__meta-data\">\n\t\t\t\t\t<span class=\"elementor-post-date\">\n\t\t\t22\/04\/2025\t\t<\/span>\n\t\t\t\t<\/div>\n\t\t\t\t\t<\/div>\n\t\t<\/article>\n\t\t\t\t<article class=\"elementor-post elementor-grid-item post-1973 post type-post status-publish format-standard hentry category-bcrp category-e-volution category-elsevier category-fmrp category-semana-e-volution\">\n\t\t\t<div class=\"elementor-post__card\">\n\t\t\t\t<div class=\"elementor-post__text\">\n\t\t\t\t<h3 class=\"elementor-post__title\">\n\t\t\t<a href=\"https:\/\/sites.usp.br\/bcrp\/semana-e-volution-no-campus-ribeirao\/\" >\n\t\t\t\tSemana e-volution no campus Ribeir\u00e3o\t\t\t<\/a>\n\t\t<\/h3>\n\t\t\t\t<div class=\"elementor-post__excerpt\">\n\t\t\t<p>Participe da Semana e-volution no campus da USP de Ribeir\u00e3o Preto.&nbsp; e-volution, a&nbsp;biblioteca digital de livros eletr\u00f4nicos da Elsevier<\/p>\n\t\t<\/div>\n\t\t\t\t\t<div class=\"elementor-post__read-more-wrapper\">\n\t\t\n\t\t<a class=\"elementor-post__read-more\" href=\"https:\/\/sites.usp.br\/bcrp\/semana-e-volution-no-campus-ribeirao\/\" aria-label=\"Read more about Semana e-volution no campus Ribeir\u00e3o\" tabindex=\"-1\" >\n\t\t\tLeia mais \u00bb\t\t<\/a>\n\n\t\t\t\t\t<\/div>\n\t\t\t\t<\/div>\n\t\t\t\t<div class=\"elementor-post__meta-data\">\n\t\t\t\t\t<span class=\"elementor-post-date\">\n\t\t\t12\/03\/2019\t\t<\/span>\n\t\t\t\t<\/div>\n\t\t\t\t\t<\/div>\n\t\t<\/article>\n\t\t\t\t<article class=\"elementor-post elementor-grid-item post-1932 post type-post status-publish format-standard hentry category-ex-alunos-usp category-plataforma-alumni-usp\">\n\t\t\t<div class=\"elementor-post__card\">\n\t\t\t\t<div class=\"elementor-post__text\">\n\t\t\t\t<h3 class=\"elementor-post__title\">\n\t\t\t<a href=\"https:\/\/sites.usp.br\/bcrp\/plataforma-alumni-usp\/\" >\n\t\t\t\tPlataforma Alumni USP\t\t\t<\/a>\n\t\t<\/h3>\n\t\t\t\t<div class=\"elementor-post__excerpt\">\n\t\t\t<p>Voc\u00ea ex-aluno da USP, conhece a Plataforma Alumni USP? Foi criada para reunir antigos alunos de gradua\u00e7\u00e3o e p\u00f3s-gradua\u00e7\u00e3o e ainda oferece v\u00e1rias vantagens, entre<\/p>\n\t\t<\/div>\n\t\t\t\t\t<div class=\"elementor-post__read-more-wrapper\">\n\t\t\n\t\t<a class=\"elementor-post__read-more\" href=\"https:\/\/sites.usp.br\/bcrp\/plataforma-alumni-usp\/\" aria-label=\"Read more about Plataforma Alumni USP\" tabindex=\"-1\" >\n\t\t\tLeia mais \u00bb\t\t<\/a>\n\n\t\t\t\t\t<\/div>\n\t\t\t\t<\/div>\n\t\t\t\t<div class=\"elementor-post__meta-data\">\n\t\t\t\t\t<span class=\"elementor-post-date\">\n\t\t\t29\/01\/2019\t\t<\/span>\n\t\t\t\t<\/div>\n\t\t\t\t\t<\/div>\n\t\t<\/article>\n\t\t\t\t<article class=\"elementor-post elementor-grid-item post-1933 post type-post status-publish format-standard hentry category-curadoria-de-dados-de-pesquisa category-dados-de-pesquisa category-gestao-de-dados-de-pesquisa\">\n\t\t\t<div class=\"elementor-post__card\">\n\t\t\t\t<div class=\"elementor-post__text\">\n\t\t\t\t<h3 class=\"elementor-post__title\">\n\t\t\t<a href=\"https:\/\/sites.usp.br\/bcrp\/o-que-e-curadoria-de-dados-de-pesquisa\/\" >\n\t\t\t\tO que \u00e9 Curadoria de dados de pesquisa?\t\t\t<\/a>\n\t\t<\/h3>\n\t\t\t\t<div class=\"elementor-post__excerpt\">\n\t\t\t<p>A curadoria de dados de pesquisa \u00e9 o processo de gerenciamento de dados de pesquisa durante todo o seu ciclo de vida para disponibilidade em<\/p>\n\t\t<\/div>\n\t\t\t\t\t<div class=\"elementor-post__read-more-wrapper\">\n\t\t\n\t\t<a class=\"elementor-post__read-more\" href=\"https:\/\/sites.usp.br\/bcrp\/o-que-e-curadoria-de-dados-de-pesquisa\/\" aria-label=\"Read more about O que \u00e9 Curadoria de dados de pesquisa?\" tabindex=\"-1\" >\n\t\t\tLeia mais \u00bb\t\t<\/a>\n\n\t\t\t\t\t<\/div>\n\t\t\t\t<\/div>\n\t\t\t\t<div class=\"elementor-post__meta-data\">\n\t\t\t\t\t<span class=\"elementor-post-date\">\n\t\t\t09\/01\/2019\t\t<\/span>\n\t\t\t\t<\/div>\n\t\t\t\t\t<\/div>\n\t\t<\/article>\n\t\t\t\t<\/div>\n\t\t\n\t\t\t\t<div class=\"e-load-more-anchor\" data-page=\"1\" data-max-page=\"114\" data-next-page=\"https:\/\/sites.usp.br\/bcrp\/wp-json\/wp\/v2\/pages\/204\/page\/2\/\"><\/div>\n\t\t\t\t<nav class=\"elementor-pagination\" aria-label=\"Pagina\u00e7\u00e3o\">\n\t\t\t<span class=\"page-numbers prev\">&laquo; Anterior<\/span>\n<a class=\"page-numbers next\" href=\"https:\/\/sites.usp.br\/bcrp\/wp-json\/wp\/v2\/pages\/204\/page\/2\/\">Seguinte &raquo;<\/a>\t\t<\/nav>\n\t\t\t\t<\/div>\n\t\t\t\t<\/div>\n\t\t\t\t\t<\/div>\n\t\t<\/div>\n\t\t\t\t\t<\/div>\n\t\t<\/section>\n\t\t\t\t<section class=\"elementor-section elementor-top-section elementor-element elementor-element-2d083f0 elementor-section-boxed elementor-section-height-default elementor-section-height-default\" data-id=\"2d083f0\" data-element_type=\"section\">\n\t\t\t\t\t\t<div class=\"elementor-container elementor-column-gap-default\">\n\t\t\t\t\t<div class=\"elementor-column elementor-col-100 elementor-top-column elementor-element elementor-element-3aaf7f7\" data-id=\"3aaf7f7\" data-element_type=\"column\">\n\t\t\t<div class=\"elementor-widget-wrap elementor-element-populated\">\n\t\t\t\t\t\t<div class=\"elementor-element elementor-element-ed5131a elementor-widget elementor-widget-spacer\" data-id=\"ed5131a\" data-element_type=\"widget\" data-widget_type=\"spacer.default\">\n\t\t\t\t<div class=\"elementor-widget-container\">\n\t\t\t\t\t<div class=\"elementor-spacer\">\n\t\t\t<div class=\"elementor-spacer-inner\"><\/div>\n\t\t<\/div>\n\t\t\t\t<\/div>\n\t\t\t\t<\/div>\n\t\t\t\t\t<\/div>\n\t\t<\/div>\n\t\t\t\t\t<\/div>\n\t\t<\/section>\n\t\t\t\t<\/div>\n\t\t","protected":false},"excerpt":{"rendered":"<p>Nosso canal de not\u00edcias<\/p>\n","protected":false},"author":24703,"featured_media":0,"parent":0,"menu_order":0,"comment_status":"closed","ping_status":"closed","template":"","meta":{"footnotes":"","_links_to":"","_links_to_target":""},"class_list":["post-204","page","type-page","status-publish","hentry"],"_links":{"self":[{"href":"https:\/\/sites.usp.br\/bcrp\/wp-json\/wp\/v2\/pages\/204","targetHints":{"allow":["GET"]}}],"collection":[{"href":"https:\/\/sites.usp.br\/bcrp\/wp-json\/wp\/v2\/pages"}],"about":[{"href":"https:\/\/sites.usp.br\/bcrp\/wp-json\/wp\/v2\/types\/page"}],"author":[{"embeddable":true,"href":"https:\/\/sites.usp.br\/bcrp\/wp-json\/wp\/v2\/users\/24703"}],"replies":[{"embeddable":true,"href":"https:\/\/sites.usp.br\/bcrp\/wp-json\/wp\/v2\/comments?post=204"}],"version-history":[{"count":4,"href":"https:\/\/sites.usp.br\/bcrp\/wp-json\/wp\/v2\/pages\/204\/revisions"}],"predecessor-version":[{"id":4516,"href":"https:\/\/sites.usp.br\/bcrp\/wp-json\/wp\/v2\/pages\/204\/revisions\/4516"}],"wp:attachment":[{"href":"https:\/\/sites.usp.br\/bcrp\/wp-json\/wp\/v2\/media?parent=204"}],"curies":[{"name":"wp","href":"https:\/\/api.w.org\/{rel}","templated":true}]}}