{"id":2572,"date":"2025-05-30T14:16:02","date_gmt":"2025-05-30T17:16:02","guid":{"rendered":"https:\/\/sites.usp.br\/bcrp\/?page_id=2572"},"modified":"2025-11-07T13:01:49","modified_gmt":"2025-11-07T16:01:49","slug":"catalogo-bcrp","status":"publish","type":"page","link":"https:\/\/sites.usp.br\/bcrp\/catalogo-bcrp\/","title":{"rendered":"Cat\u00e1logo BCRP"},"content":{"rendered":"\t\t<div data-elementor-type=\"wp-page\" data-elementor-id=\"2572\" class=\"elementor elementor-2572\">\n\t\t\t\t\t\t<section class=\"elementor-section elementor-top-section elementor-element elementor-element-07943dc elementor-section-full_width elementor-section-height-min-height elementor-hidden-desktop elementor-section-height-default elementor-section-items-middle\" data-id=\"07943dc\" data-element_type=\"section\">\n\t\t\t\t\t\t<div class=\"elementor-container elementor-column-gap-default\">\n\t\t\t\t\t<div class=\"elementor-column elementor-col-100 elementor-top-column elementor-element elementor-element-c229fff\" data-id=\"c229fff\" data-element_type=\"column\">\n\t\t\t<div class=\"elementor-widget-wrap elementor-element-populated\">\n\t\t\t\t\t\t<div class=\"elementor-element elementor-element-d37b9c2 elementor-widget elementor-widget-spacer\" data-id=\"d37b9c2\" data-element_type=\"widget\" data-widget_type=\"spacer.default\">\n\t\t\t\t<div class=\"elementor-widget-container\">\n\t\t\t\t\t<div class=\"elementor-spacer\">\n\t\t\t<div class=\"elementor-spacer-inner\"><\/div>\n\t\t<\/div>\n\t\t\t\t<\/div>\n\t\t\t\t<\/div>\n\t\t\t\t\t<\/div>\n\t\t<\/div>\n\t\t\t\t\t<\/div>\n\t\t<\/section>\n\t\t\t\t<section class=\"elementor-section elementor-top-section elementor-element elementor-element-60ef9e1 elementor-section-boxed elementor-section-height-default elementor-section-height-default\" data-id=\"60ef9e1\" data-element_type=\"section\">\n\t\t\t\t\t\t<div class=\"elementor-container elementor-column-gap-default\">\n\t\t\t\t\t<div class=\"elementor-column elementor-col-100 elementor-top-column elementor-element elementor-element-643d7ca\" data-id=\"643d7ca\" data-element_type=\"column\">\n\t\t\t<div class=\"elementor-widget-wrap elementor-element-populated\">\n\t\t\t\t\t\t<div class=\"elementor-element elementor-element-7a4870a elementor-widget elementor-widget-heading\" data-id=\"7a4870a\" data-element_type=\"widget\" data-widget_type=\"heading.default\">\n\t\t\t\t<div class=\"elementor-widget-container\">\n\t\t\t<h4 class=\"elementor-heading-title elementor-size-default\">Cat\u00e1logo Ribeir\u00e3o Preto<\/h4>\t\t<\/div>\n\t\t\t\t<\/div>\n\t\t\t\t\t<\/div>\n\t\t<\/div>\n\t\t\t\t\t<\/div>\n\t\t<\/section>\n\t\t\t\t<section class=\"elementor-section elementor-top-section elementor-element elementor-element-a7a9506 elementor-section-full_width elementor-section-height-default elementor-section-height-default\" data-id=\"a7a9506\" data-element_type=\"section\">\n\t\t\t\t\t\t<div class=\"elementor-container elementor-column-gap-default\">\n\t\t\t\t\t<div class=\"elementor-column elementor-col-100 elementor-top-column elementor-element elementor-element-a70d911\" data-id=\"a70d911\" data-element_type=\"column\">\n\t\t\t<div class=\"elementor-widget-wrap elementor-element-populated\">\n\t\t\t\t\t\t<div class=\"elementor-element elementor-element-5630839 elementor-widget elementor-widget-html\" data-id=\"5630839\" data-element_type=\"widget\" data-widget_type=\"html.default\">\n\t\t\t\t<div class=\"elementor-widget-container\">\n\t\t\t<div style=\"max-width: 100%;\">\r\n  <iframe \r\n    src=\"https:\/\/dedalus.usp.br\" \r\n    frameborder=\"0\" \r\n    scrolling=\"yes\" \r\n    style=\"width: 100%; height: 800px;\">\r\n  <\/iframe>\r\n<\/div>\t\t<\/div>\n\t\t\t\t<\/div>\n\t\t\t\t<div class=\"elementor-element elementor-element-35307d3 elementor-widget elementor-widget-text-editor\" data-id=\"35307d3\" data-element_type=\"widget\" data-widget_type=\"text-editor.default\">\n\t\t\t\t<div class=\"elementor-widget-container\">\n\t\t\t\t\t\t\t<p style=\"text-align: center;\"><span style=\"font-size: 10pt;\"><em>Voc\u00ea est\u00e1 acessando agora dedalus.usp.br<\/em><\/span><\/p>\t\t\t\t\t\t<\/div>\n\t\t\t\t<\/div>\n\t\t\t\t\t<\/div>\n\t\t<\/div>\n\t\t\t\t\t<\/div>\n\t\t<\/section>\n\t\t\t\t<\/div>\n\t\t","protected":false},"excerpt":{"rendered":"<p>Cat\u00e1logo Ribeir\u00e3o Preto Voc\u00ea est\u00e1 acessando agora dedalus.usp.br<\/p>\n","protected":false},"author":24703,"featured_media":0,"parent":0,"menu_order":0,"comment_status":"closed","ping_status":"closed","template":"","meta":{"footnotes":"","_links_to":"","_links_to_target":""},"class_list":["post-2572","page","type-page","status-publish","hentry"],"_links":{"self":[{"href":"https:\/\/sites.usp.br\/bcrp\/wp-json\/wp\/v2\/pages\/2572","targetHints":{"allow":["GET"]}}],"collection":[{"href":"https:\/\/sites.usp.br\/bcrp\/wp-json\/wp\/v2\/pages"}],"about":[{"href":"https:\/\/sites.usp.br\/bcrp\/wp-json\/wp\/v2\/types\/page"}],"author":[{"embeddable":true,"href":"https:\/\/sites.usp.br\/bcrp\/wp-json\/wp\/v2\/users\/24703"}],"replies":[{"embeddable":true,"href":"https:\/\/sites.usp.br\/bcrp\/wp-json\/wp\/v2\/comments?post=2572"}],"version-history":[{"count":4,"href":"https:\/\/sites.usp.br\/bcrp\/wp-json\/wp\/v2\/pages\/2572\/revisions"}],"predecessor-version":[{"id":3588,"href":"https:\/\/sites.usp.br\/bcrp\/wp-json\/wp\/v2\/pages\/2572\/revisions\/3588"}],"wp:attachment":[{"href":"https:\/\/sites.usp.br\/bcrp\/wp-json\/wp\/v2\/media?parent=2572"}],"curies":[{"name":"wp","href":"https:\/\/api.w.org\/{rel}","templated":true}]}}