{"id":3073,"date":"2025-08-20T13:48:26","date_gmt":"2025-08-20T16:48:26","guid":{"rendered":"https:\/\/sites.usp.br\/bcrp\/?page_id=3073"},"modified":"2025-08-22T14:56:02","modified_gmt":"2025-08-22T17:56:02","slug":"eventos","status":"publish","type":"page","link":"https:\/\/sites.usp.br\/bcrp\/eventos\/","title":{"rendered":"Eventos"},"content":{"rendered":"\t\t<div data-elementor-type=\"wp-page\" data-elementor-id=\"3073\" class=\"elementor elementor-3073\">\n\t\t\t\t\t\t<section class=\"elementor-section elementor-top-section elementor-element elementor-element-b94883a elementor-section-full_width elementor-section-height-default elementor-section-height-default\" data-id=\"b94883a\" data-element_type=\"section\">\n\t\t\t\t\t\t<div class=\"elementor-container elementor-column-gap-default\">\n\t\t\t\t\t<div class=\"elementor-column elementor-col-100 elementor-top-column elementor-element elementor-element-55ff7ae\" data-id=\"55ff7ae\" data-element_type=\"column\">\n\t\t\t<div class=\"elementor-widget-wrap elementor-element-populated\">\n\t\t\t\t\t\t<div class=\"elementor-element elementor-element-7d68192 elementor-widget elementor-widget-heading\" data-id=\"7d68192\" data-element_type=\"widget\" data-widget_type=\"heading.default\">\n\t\t\t\t<div class=\"elementor-widget-container\">\n\t\t\t<h4 class=\"elementor-heading-title elementor-size-default\">Eventos<\/h4>\t\t<\/div>\n\t\t\t\t<\/div>\n\t\t\t\t<div class=\"elementor-element elementor-element-08f555b elementor-widget elementor-widget-spacer\" data-id=\"08f555b\" data-element_type=\"widget\" data-widget_type=\"spacer.default\">\n\t\t\t\t<div class=\"elementor-widget-container\">\n\t\t\t\t\t<div class=\"elementor-spacer\">\n\t\t\t<div class=\"elementor-spacer-inner\"><\/div>\n\t\t<\/div>\n\t\t\t\t<\/div>\n\t\t\t\t<\/div>\n\t\t\t\t\t<\/div>\n\t\t<\/div>\n\t\t\t\t\t<\/div>\n\t\t<\/section>\n\t\t\t\t<section class=\"elementor-section elementor-top-section elementor-element elementor-element-554d303 elementor-section-full_width elementor-section-height-default elementor-section-height-default\" data-id=\"554d303\" data-element_type=\"section\">\n\t\t\t\t\t\t<div class=\"elementor-container elementor-column-gap-default\">\n\t\t\t\t\t<div class=\"elementor-column elementor-col-25 elementor-top-column elementor-element elementor-element-724da1a\" data-id=\"724da1a\" data-element_type=\"column\">\n\t\t\t<div class=\"elementor-widget-wrap elementor-element-populated\">\n\t\t\t\t\t\t<div class=\"elementor-element elementor-element-2ca207e elementor-widget elementor-widget-text-editor\" data-id=\"2ca207e\" data-element_type=\"widget\" data-widget_type=\"text-editor.default\">\n\t\t\t\t<div class=\"elementor-widget-container\">\n\t\t\t\t\t\t\t<p style=\"text-align: center;\"><strong><span style=\"color: #000000;\">Di\u00e1rio<\/span><\/strong><\/p>\t\t\t\t\t\t<\/div>\n\t\t\t\t<\/div>\n\t\t\t\t<div class=\"elementor-element elementor-element-1fc1237 elementor-widget-divider--view-line elementor-widget elementor-widget-divider\" data-id=\"1fc1237\" data-element_type=\"widget\" data-widget_type=\"divider.default\">\n\t\t\t\t<div class=\"elementor-widget-container\">\n\t\t\t\t\t<div class=\"elementor-divider\">\n\t\t\t<span class=\"elementor-divider-separator\">\n\t\t\t\t\t\t<\/span>\n\t\t<\/div>\n\t\t\t\t<\/div>\n\t\t\t\t<\/div>\n\t\t\t\t<div class=\"elementor-element elementor-element-2615cdf elementor-widget elementor-widget-image\" data-id=\"2615cdf\" data-element_type=\"widget\" data-widget_type=\"image.default\">\n\t\t\t\t<div class=\"elementor-widget-container\">\n\t\t\t\t\t\t\t\t\t\t\t\t\t<img fetchpriority=\"high\" decoding=\"async\" width=\"800\" height=\"534\" src=\"https:\/\/sites.usp.br\/bcrp\/wp-content\/uploads\/sites\/1663\/2025\/08\/1200-x-800-para-pagina-de-eventos-1-1024x683.png\" class=\"attachment-large size-large wp-image-3085\" alt=\"Roda de Escuta itinerante na \u00e1rea externa a Biblioteca Central USP Ribeir\u00e3o com a media\u00e7\u00e3o da Psic\u00f3loga da PRIP\" srcset=\"https:\/\/sites.usp.br\/bcrp\/wp-content\/uploads\/sites\/1663\/2025\/08\/1200-x-800-para-pagina-de-eventos-1-1024x683.png 1024w, https:\/\/sites.usp.br\/bcrp\/wp-content\/uploads\/sites\/1663\/2025\/08\/1200-x-800-para-pagina-de-eventos-1-300x200.png 300w, https:\/\/sites.usp.br\/bcrp\/wp-content\/uploads\/sites\/1663\/2025\/08\/1200-x-800-para-pagina-de-eventos-1-768x512.png 768w, https:\/\/sites.usp.br\/bcrp\/wp-content\/uploads\/sites\/1663\/2025\/08\/1200-x-800-para-pagina-de-eventos-1.png 1200w\" sizes=\"(max-width: 800px) 100vw, 800px\" \/>\t\t\t\t\t\t\t\t\t\t\t\t\t<\/div>\n\t\t\t\t<\/div>\n\t\t\t\t<div class=\"elementor-element elementor-element-edeae19 elementor-widget elementor-widget-text-editor\" data-id=\"edeae19\" data-element_type=\"widget\" data-widget_type=\"text-editor.default\">\n\t\t\t\t<div class=\"elementor-widget-container\">\n\t\t\t\t\t\t\t<p style=\"text-align: left;\"><span class=\"a_GcMg font-feature-liga-off font-feature-clig-off font-feature-calt-off text-decoration-none text-strikethrough-none\" style=\"font-size: 12pt;\">Qual a import\u00e2ncia da participa\u00e7\u00e3o social e do pertencimento nos dias de hoje?<\/span><\/p>\t\t\t\t\t\t<\/div>\n\t\t\t\t<\/div>\n\t\t\t\t<div class=\"elementor-element elementor-element-a8befe6 elementor-widget-divider--view-line elementor-widget elementor-widget-divider\" data-id=\"a8befe6\" data-element_type=\"widget\" data-widget_type=\"divider.default\">\n\t\t\t\t<div class=\"elementor-widget-container\">\n\t\t\t\t\t<div class=\"elementor-divider\">\n\t\t\t<span class=\"elementor-divider-separator\">\n\t\t\t\t\t\t<\/span>\n\t\t<\/div>\n\t\t\t\t<\/div>\n\t\t\t\t<\/div>\n\t\t\t\t\t<\/div>\n\t\t<\/div>\n\t\t\t\t<div class=\"elementor-column elementor-col-25 elementor-top-column elementor-element elementor-element-77082e6\" data-id=\"77082e6\" data-element_type=\"column\">\n\t\t\t<div class=\"elementor-widget-wrap elementor-element-populated\">\n\t\t\t\t\t\t<div class=\"elementor-element elementor-element-32afea5 elementor-widget elementor-widget-text-editor\" data-id=\"32afea5\" data-element_type=\"widget\" data-widget_type=\"text-editor.default\">\n\t\t\t\t<div class=\"elementor-widget-container\">\n\t\t\t\t\t\t\t<p style=\"text-align: center;\"><strong><span style=\"color: #000000;\">Semanal<\/span><\/strong><\/p>\t\t\t\t\t\t<\/div>\n\t\t\t\t<\/div>\n\t\t\t\t<div class=\"elementor-element elementor-element-4c57e40 elementor-widget-divider--view-line elementor-widget elementor-widget-divider\" data-id=\"4c57e40\" data-element_type=\"widget\" data-widget_type=\"divider.default\">\n\t\t\t\t<div class=\"elementor-widget-container\">\n\t\t\t\t\t<div class=\"elementor-divider\">\n\t\t\t<span class=\"elementor-divider-separator\">\n\t\t\t\t\t\t<\/span>\n\t\t<\/div>\n\t\t\t\t<\/div>\n\t\t\t\t<\/div>\n\t\t\t\t<div class=\"elementor-element elementor-element-0d5b15a elementor-widget elementor-widget-image\" data-id=\"0d5b15a\" data-element_type=\"widget\" data-widget_type=\"image.default\">\n\t\t\t\t<div class=\"elementor-widget-container\">\n\t\t\t\t\t\t\t\t\t\t\t\t\t<img decoding=\"async\" width=\"800\" height=\"534\" src=\"https:\/\/sites.usp.br\/bcrp\/wp-content\/uploads\/sites\/1663\/2025\/08\/1200-x-800-para-pagina-de-eventos-2-1024x683.png\" class=\"attachment-large size-large wp-image-3086\" alt=\"Bases de Dados em Sa\u00fade na EERP-USP\" srcset=\"https:\/\/sites.usp.br\/bcrp\/wp-content\/uploads\/sites\/1663\/2025\/08\/1200-x-800-para-pagina-de-eventos-2-1024x683.png 1024w, https:\/\/sites.usp.br\/bcrp\/wp-content\/uploads\/sites\/1663\/2025\/08\/1200-x-800-para-pagina-de-eventos-2-300x200.png 300w, https:\/\/sites.usp.br\/bcrp\/wp-content\/uploads\/sites\/1663\/2025\/08\/1200-x-800-para-pagina-de-eventos-2-768x512.png 768w, https:\/\/sites.usp.br\/bcrp\/wp-content\/uploads\/sites\/1663\/2025\/08\/1200-x-800-para-pagina-de-eventos-2.png 1200w\" sizes=\"(max-width: 800px) 100vw, 800px\" \/>\t\t\t\t\t\t\t\t\t\t\t\t\t<\/div>\n\t\t\t\t<\/div>\n\t\t\t\t<div class=\"elementor-element elementor-element-ad201dd elementor-widget elementor-widget-text-editor\" data-id=\"ad201dd\" data-element_type=\"widget\" data-widget_type=\"text-editor.default\">\n\t\t\t\t<div class=\"elementor-widget-container\">\n\t\t\t\t\t\t\t<p style=\"text-align: left;\">Treinamento sobre Bases de Dados em Sa\u00fade \u00e9 realizado na EERP-USP<\/p>\t\t\t\t\t\t<\/div>\n\t\t\t\t<\/div>\n\t\t\t\t<div class=\"elementor-element elementor-element-7d0f2fb elementor-widget-divider--view-line elementor-widget elementor-widget-divider\" data-id=\"7d0f2fb\" data-element_type=\"widget\" data-widget_type=\"divider.default\">\n\t\t\t\t<div class=\"elementor-widget-container\">\n\t\t\t\t\t<div class=\"elementor-divider\">\n\t\t\t<span class=\"elementor-divider-separator\">\n\t\t\t\t\t\t<\/span>\n\t\t<\/div>\n\t\t\t\t<\/div>\n\t\t\t\t<\/div>\n\t\t\t\t\t<\/div>\n\t\t<\/div>\n\t\t\t\t<div class=\"elementor-column elementor-col-25 elementor-top-column elementor-element elementor-element-fe36f2f\" data-id=\"fe36f2f\" data-element_type=\"column\">\n\t\t\t<div class=\"elementor-widget-wrap elementor-element-populated\">\n\t\t\t\t\t\t<div class=\"elementor-element elementor-element-c597685 elementor-widget elementor-widget-text-editor\" data-id=\"c597685\" data-element_type=\"widget\" data-widget_type=\"text-editor.default\">\n\t\t\t\t<div class=\"elementor-widget-container\">\n\t\t\t\t\t\t\t<p style=\"text-align: center;\"><strong><span style=\"color: #000000;\">Mensal<\/span><\/strong><\/p>\t\t\t\t\t\t<\/div>\n\t\t\t\t<\/div>\n\t\t\t\t<div class=\"elementor-element elementor-element-d9723ca elementor-widget-divider--view-line elementor-widget elementor-widget-divider\" data-id=\"d9723ca\" data-element_type=\"widget\" data-widget_type=\"divider.default\">\n\t\t\t\t<div class=\"elementor-widget-container\">\n\t\t\t\t\t<div class=\"elementor-divider\">\n\t\t\t<span class=\"elementor-divider-separator\">\n\t\t\t\t\t\t<\/span>\n\t\t<\/div>\n\t\t\t\t<\/div>\n\t\t\t\t<\/div>\n\t\t\t\t<div class=\"elementor-element elementor-element-5f0f76e elementor-widget elementor-widget-image\" data-id=\"5f0f76e\" data-element_type=\"widget\" data-widget_type=\"image.default\">\n\t\t\t\t<div class=\"elementor-widget-container\">\n\t\t\t\t\t\t\t\t\t\t\t\t\t<img decoding=\"async\" width=\"800\" height=\"534\" src=\"https:\/\/sites.usp.br\/bcrp\/wp-content\/uploads\/sites\/1663\/2025\/08\/1200-x-800-para-pagina-de-eventos-3-1024x683.png\" class=\"attachment-large size-large wp-image-3088\" alt=\"Aula na FMRP no curso de Fisioterapia\" srcset=\"https:\/\/sites.usp.br\/bcrp\/wp-content\/uploads\/sites\/1663\/2025\/08\/1200-x-800-para-pagina-de-eventos-3-1024x683.png 1024w, https:\/\/sites.usp.br\/bcrp\/wp-content\/uploads\/sites\/1663\/2025\/08\/1200-x-800-para-pagina-de-eventos-3-300x200.png 300w, https:\/\/sites.usp.br\/bcrp\/wp-content\/uploads\/sites\/1663\/2025\/08\/1200-x-800-para-pagina-de-eventos-3-768x512.png 768w, https:\/\/sites.usp.br\/bcrp\/wp-content\/uploads\/sites\/1663\/2025\/08\/1200-x-800-para-pagina-de-eventos-3.png 1200w\" sizes=\"(max-width: 800px) 100vw, 800px\" \/>\t\t\t\t\t\t\t\t\t\t\t\t\t<\/div>\n\t\t\t\t<\/div>\n\t\t\t\t<div class=\"elementor-element elementor-element-466e0a6 elementor-widget elementor-widget-text-editor\" data-id=\"466e0a6\" data-element_type=\"widget\" data-widget_type=\"text-editor.default\">\n\t\t\t\t<div class=\"elementor-widget-container\">\n\t\t\t\t\t\t\t<p>Aula sobre Recursos Informacionais na FMRP no curso de Fisioterapiano<\/p>\t\t\t\t\t\t<\/div>\n\t\t\t\t<\/div>\n\t\t\t\t<div class=\"elementor-element elementor-element-0881d76 elementor-widget-divider--view-line elementor-widget elementor-widget-divider\" data-id=\"0881d76\" data-element_type=\"widget\" data-widget_type=\"divider.default\">\n\t\t\t\t<div class=\"elementor-widget-container\">\n\t\t\t\t\t<div class=\"elementor-divider\">\n\t\t\t<span class=\"elementor-divider-separator\">\n\t\t\t\t\t\t<\/span>\n\t\t<\/div>\n\t\t\t\t<\/div>\n\t\t\t\t<\/div>\n\t\t\t\t\t<\/div>\n\t\t<\/div>\n\t\t\t\t<div class=\"elementor-column elementor-col-25 elementor-top-column elementor-element elementor-element-55ea503\" data-id=\"55ea503\" data-element_type=\"column\">\n\t\t\t<div class=\"elementor-widget-wrap elementor-element-populated\">\n\t\t\t\t\t\t<div class=\"elementor-element elementor-element-9e7943a elementor-widget elementor-widget-text-editor\" data-id=\"9e7943a\" data-element_type=\"widget\" data-widget_type=\"text-editor.default\">\n\t\t\t\t<div class=\"elementor-widget-container\">\n\t\t\t\t\t\t\t<p style=\"text-align: center;\"><strong><span style=\"color: #000000;\">Anual<\/span><\/strong><\/p>\t\t\t\t\t\t<\/div>\n\t\t\t\t<\/div>\n\t\t\t\t<div class=\"elementor-element elementor-element-2bc6969 elementor-widget-divider--view-line elementor-widget elementor-widget-divider\" data-id=\"2bc6969\" data-element_type=\"widget\" data-widget_type=\"divider.default\">\n\t\t\t\t<div class=\"elementor-widget-container\">\n\t\t\t\t\t<div class=\"elementor-divider\">\n\t\t\t<span class=\"elementor-divider-separator\">\n\t\t\t\t\t\t<\/span>\n\t\t<\/div>\n\t\t\t\t<\/div>\n\t\t\t\t<\/div>\n\t\t\t\t<div class=\"elementor-element elementor-element-783f3a8 elementor-widget elementor-widget-image\" data-id=\"783f3a8\" data-element_type=\"widget\" data-widget_type=\"image.default\">\n\t\t\t\t<div class=\"elementor-widget-container\">\n\t\t\t\t\t\t\t\t\t\t\t\t\t\t<a href=\"https:\/\/sites.usp.br\/bcrp\/campus-de-ribeirao-preto-reinaugura-biblioteca-central-e-teatro\/\">\n\t\t\t\t\t\t\t<img loading=\"lazy\" decoding=\"async\" width=\"800\" height=\"534\" src=\"https:\/\/sites.usp.br\/bcrp\/wp-content\/uploads\/sites\/1663\/2025\/08\/1200-x-800-para-pagina-de-eventos-4-1024x683.png\" class=\"attachment-large size-large wp-image-3089\" alt=\"Campus de Ribeir\u00e3o Preto reinaugura Biblioteca Central e teatro\" srcset=\"https:\/\/sites.usp.br\/bcrp\/wp-content\/uploads\/sites\/1663\/2025\/08\/1200-x-800-para-pagina-de-eventos-4-1024x683.png 1024w, https:\/\/sites.usp.br\/bcrp\/wp-content\/uploads\/sites\/1663\/2025\/08\/1200-x-800-para-pagina-de-eventos-4-300x200.png 300w, https:\/\/sites.usp.br\/bcrp\/wp-content\/uploads\/sites\/1663\/2025\/08\/1200-x-800-para-pagina-de-eventos-4-768x512.png 768w, https:\/\/sites.usp.br\/bcrp\/wp-content\/uploads\/sites\/1663\/2025\/08\/1200-x-800-para-pagina-de-eventos-4.png 1200w\" sizes=\"(max-width: 800px) 100vw, 800px\" \/>\t\t\t\t\t\t\t\t<\/a>\n\t\t\t\t\t\t\t\t\t\t\t\t\t<\/div>\n\t\t\t\t<\/div>\n\t\t\t\t<div class=\"elementor-element elementor-element-0e6a08f elementor-widget elementor-widget-text-editor\" data-id=\"0e6a08f\" data-element_type=\"widget\" data-widget_type=\"text-editor.default\">\n\t\t\t\t<div class=\"elementor-widget-container\">\n\t\t\t\t\t\t\t<p>Campus de Ribeir\u00e3o Preto reinaugura Biblioteca Central e teatro<\/p>\t\t\t\t\t\t<\/div>\n\t\t\t\t<\/div>\n\t\t\t\t<div class=\"elementor-element elementor-element-a2a22e1 elementor-widget-divider--view-line elementor-widget elementor-widget-divider\" data-id=\"a2a22e1\" data-element_type=\"widget\" data-widget_type=\"divider.default\">\n\t\t\t\t<div class=\"elementor-widget-container\">\n\t\t\t\t\t<div class=\"elementor-divider\">\n\t\t\t<span class=\"elementor-divider-separator\">\n\t\t\t\t\t\t<\/span>\n\t\t<\/div>\n\t\t\t\t<\/div>\n\t\t\t\t<\/div>\n\t\t\t\t\t<\/div>\n\t\t<\/div>\n\t\t\t\t\t<\/div>\n\t\t<\/section>\n\t\t\t\t<\/div>\n\t\t","protected":false},"excerpt":{"rendered":"<p>Eventos Di\u00e1rio Qual a import\u00e2ncia da participa\u00e7\u00e3o social e do pertencimento nos dias de hoje? Semanal Treinamento sobre Bases de Dados em Sa\u00fade \u00e9 realizado na EERP-USP Mensal Aula sobre Recursos Informacionais na FMRP no curso de Fisioterapiano Anual Campus de Ribeir\u00e3o Preto reinaugura Biblioteca Central e teatro<\/p>\n","protected":false},"author":24703,"featured_media":0,"parent":0,"menu_order":0,"comment_status":"closed","ping_status":"closed","template":"","meta":{"footnotes":"","_links_to":"","_links_to_target":""},"class_list":["post-3073","page","type-page","status-publish","hentry"],"_links":{"self":[{"href":"https:\/\/sites.usp.br\/bcrp\/wp-json\/wp\/v2\/pages\/3073","targetHints":{"allow":["GET"]}}],"collection":[{"href":"https:\/\/sites.usp.br\/bcrp\/wp-json\/wp\/v2\/pages"}],"about":[{"href":"https:\/\/sites.usp.br\/bcrp\/wp-json\/wp\/v2\/types\/page"}],"author":[{"embeddable":true,"href":"https:\/\/sites.usp.br\/bcrp\/wp-json\/wp\/v2\/users\/24703"}],"replies":[{"embeddable":true,"href":"https:\/\/sites.usp.br\/bcrp\/wp-json\/wp\/v2\/comments?post=3073"}],"version-history":[{"count":4,"href":"https:\/\/sites.usp.br\/bcrp\/wp-json\/wp\/v2\/pages\/3073\/revisions"}],"predecessor-version":[{"id":3158,"href":"https:\/\/sites.usp.br\/bcrp\/wp-json\/wp\/v2\/pages\/3073\/revisions\/3158"}],"wp:attachment":[{"href":"https:\/\/sites.usp.br\/bcrp\/wp-json\/wp\/v2\/media?parent=3073"}],"curies":[{"name":"wp","href":"https:\/\/api.w.org\/{rel}","templated":true}]}}