{"id":3915,"date":"2025-11-16T19:02:31","date_gmt":"2025-11-16T22:02:31","guid":{"rendered":"https:\/\/sites.usp.br\/bcrp\/?page_id=3915"},"modified":"2025-11-16T19:09:52","modified_gmt":"2025-11-16T22:09:52","slug":"emprestimo-unificado-usp","status":"publish","type":"page","link":"https:\/\/sites.usp.br\/bcrp\/emprestimo-unificado-usp\/","title":{"rendered":"Empr\u00e9stimo Unificado USP"},"content":{"rendered":"\t\t<div data-elementor-type=\"wp-page\" data-elementor-id=\"3915\" class=\"elementor elementor-3915\">\n\t\t\t\t\t\t<section class=\"elementor-section elementor-top-section elementor-element elementor-element-85556f2 elementor-section-boxed elementor-section-height-default elementor-section-height-default\" data-id=\"85556f2\" data-element_type=\"section\">\n\t\t\t\t\t\t<div class=\"elementor-container elementor-column-gap-default\">\n\t\t\t\t\t<div class=\"elementor-column elementor-col-100 elementor-top-column elementor-element elementor-element-441e0c7\" data-id=\"441e0c7\" data-element_type=\"column\">\n\t\t\t<div class=\"elementor-widget-wrap elementor-element-populated\">\n\t\t\t\t\t\t<div class=\"elementor-element elementor-element-afcef6a elementor-widget elementor-widget-spacer\" data-id=\"afcef6a\" data-element_type=\"widget\" data-widget_type=\"spacer.default\">\n\t\t\t\t<div class=\"elementor-widget-container\">\n\t\t\t\t\t<div class=\"elementor-spacer\">\n\t\t\t<div class=\"elementor-spacer-inner\"><\/div>\n\t\t<\/div>\n\t\t\t\t<\/div>\n\t\t\t\t<\/div>\n\t\t\t\t\t<\/div>\n\t\t<\/div>\n\t\t\t\t\t<\/div>\n\t\t<\/section>\n\t\t\t\t<section class=\"elementor-section elementor-top-section elementor-element elementor-element-3eab5fb elementor-section-boxed elementor-section-height-default elementor-section-height-default\" data-id=\"3eab5fb\" data-element_type=\"section\">\n\t\t\t\t\t\t<div class=\"elementor-container elementor-column-gap-default\">\n\t\t\t\t\t<div class=\"elementor-column elementor-col-100 elementor-top-column elementor-element elementor-element-fd4078d\" data-id=\"fd4078d\" data-element_type=\"column\">\n\t\t\t<div class=\"elementor-widget-wrap elementor-element-populated\">\n\t\t\t\t\t\t<div class=\"elementor-element elementor-element-d5367ed elementor-widget elementor-widget-heading\" data-id=\"d5367ed\" data-element_type=\"widget\" data-widget_type=\"heading.default\">\n\t\t\t\t<div class=\"elementor-widget-container\">\n\t\t\t<h2 class=\"elementor-heading-title elementor-size-default\">Empr\u00e9stimo Unificado USP: Regulamento.<br>\nBibliotecas do Sistema Integrado de Bibliotecas da USP (SIBiUSP)<\/h2>\t\t<\/div>\n\t\t\t\t<\/div>\n\t\t\t\t<div class=\"elementor-element elementor-element-5439363 elementor-widget elementor-widget-text-editor\" data-id=\"5439363\" data-element_type=\"widget\" data-widget_type=\"text-editor.default\">\n\t\t\t\t<div class=\"elementor-widget-container\">\n\t\t\t\t\t\t\t<p>O empr\u00e9stimo unificado de materiais bibliogr\u00e1ficos nas Bibliotecas do SIBiUSP, previsto pela\u00a0<a class=\"ltinta\" href=\"http:\/\/www.leginf.usp.br\/?portaria=portaria-gr-no-6915-de-28-de-junho-de-2017\">Portaria GR N\u00ba 6915<\/a>, iniciou-se em 1\u00ba de fevereiro de 2011, possibilitando aos docentes, funcion\u00e1rios, alunos de gradua\u00e7\u00e3o e p\u00f3s-gradua\u00e7\u00e3o da USP realizarem empr\u00e9stimos em qualquer Biblioteca, utilizando apenas a Carteira USP de identifica\u00e7\u00e3o.\u00a0<br \/><br \/>O usu\u00e1rio\u00a0dever\u00e1 ativar seu registro em qualquer Biblioteca do SIBiUSP ao realizar seu primeiro empr\u00e9stimo.\u00a0<br \/><br \/>Endere\u00e7os das bibliotecas em: <a href=\"https:\/\/www.abcd.usp.br\/bibliotecas\/fisicas\/\">www.abcd.usp.br\/bibliotecas\/fisicas<\/a><br \/><br \/>Para localizar, reservar, renovar e acompanhar as transa\u00e7\u00f5es de empr\u00e9stimo o usu\u00e1rio dever\u00e1 acessar o Banco DEDALUS (<a class=\"ltinta\" href=\"http:\/\/www.dedalus.usp.br\/\">www.dedalus.usp.br<\/a>) e seguir as instru\u00e7\u00f5es abaixo<br \/><br \/>* Clicar em\u00a0<strong>Identifica\u00e7\u00e3o<\/strong>\u00a0(no menu superior)<br \/>* Digitar N\u00ba USP, senha e clicar em\u00a0<strong>Identifica\u00e7\u00e3o<\/strong>\u00a0para confirmar<br \/>* Clicar em\u00a0<strong>Usu\u00e1rio<\/strong>\u00a0(no menu superior) para ter acesso \u00e0 sua conta<\/p>\t\t\t\t\t\t<\/div>\n\t\t\t\t<\/div>\n\t\t\t\t\t<\/div>\n\t\t<\/div>\n\t\t\t\t\t<\/div>\n\t\t<\/section>\n\t\t\t\t<section class=\"elementor-section elementor-top-section elementor-element elementor-element-626ad66 elementor-section-boxed elementor-section-height-default elementor-section-height-default\" data-id=\"626ad66\" data-element_type=\"section\">\n\t\t\t\t\t\t<div class=\"elementor-container elementor-column-gap-default\">\n\t\t\t\t\t<div class=\"elementor-column elementor-col-100 elementor-top-column elementor-element elementor-element-1a25dd7\" data-id=\"1a25dd7\" data-element_type=\"column\">\n\t\t\t<div class=\"elementor-widget-wrap elementor-element-populated\">\n\t\t\t\t\t\t<div class=\"elementor-element elementor-element-9d1009c elementor-widget elementor-widget-spacer\" data-id=\"9d1009c\" data-element_type=\"widget\" data-widget_type=\"spacer.default\">\n\t\t\t\t<div class=\"elementor-widget-container\">\n\t\t\t\t\t<div class=\"elementor-spacer\">\n\t\t\t<div class=\"elementor-spacer-inner\"><\/div>\n\t\t<\/div>\n\t\t\t\t<\/div>\n\t\t\t\t<\/div>\n\t\t\t\t\t<\/div>\n\t\t<\/div>\n\t\t\t\t\t<\/div>\n\t\t<\/section>\n\t\t\t\t<\/div>\n\t\t","protected":false},"excerpt":{"rendered":"<p>Empr\u00e9stimo Unificado USP: Regulamento. Bibliotecas do Sistema Integrado de Bibliotecas da USP (SIBiUSP) O empr\u00e9stimo unificado de materiais bibliogr\u00e1ficos nas Bibliotecas do SIBiUSP, previsto pela\u00a0Portaria GR N\u00ba 6915, iniciou-se em 1\u00ba de fevereiro de 2011, possibilitando aos docentes, funcion\u00e1rios, alunos de gradua\u00e7\u00e3o e p\u00f3s-gradua\u00e7\u00e3o da USP realizarem empr\u00e9stimos em qualquer Biblioteca, utilizando apenas a Carteira [&hellip;]<\/p>\n","protected":false},"author":24703,"featured_media":0,"parent":0,"menu_order":0,"comment_status":"closed","ping_status":"closed","template":"","meta":{"footnotes":"","_links_to":"","_links_to_target":""},"class_list":["post-3915","page","type-page","status-publish","hentry"],"_links":{"self":[{"href":"https:\/\/sites.usp.br\/bcrp\/wp-json\/wp\/v2\/pages\/3915","targetHints":{"allow":["GET"]}}],"collection":[{"href":"https:\/\/sites.usp.br\/bcrp\/wp-json\/wp\/v2\/pages"}],"about":[{"href":"https:\/\/sites.usp.br\/bcrp\/wp-json\/wp\/v2\/types\/page"}],"author":[{"embeddable":true,"href":"https:\/\/sites.usp.br\/bcrp\/wp-json\/wp\/v2\/users\/24703"}],"replies":[{"embeddable":true,"href":"https:\/\/sites.usp.br\/bcrp\/wp-json\/wp\/v2\/comments?post=3915"}],"version-history":[{"count":3,"href":"https:\/\/sites.usp.br\/bcrp\/wp-json\/wp\/v2\/pages\/3915\/revisions"}],"predecessor-version":[{"id":3918,"href":"https:\/\/sites.usp.br\/bcrp\/wp-json\/wp\/v2\/pages\/3915\/revisions\/3918"}],"wp:attachment":[{"href":"https:\/\/sites.usp.br\/bcrp\/wp-json\/wp\/v2\/media?parent=3915"}],"curies":[{"name":"wp","href":"https:\/\/api.w.org\/{rel}","templated":true}]}}