{"id":4517,"date":"2025-11-26T21:52:05","date_gmt":"2025-11-27T00:52:05","guid":{"rendered":"https:\/\/sites.usp.br\/bcrp\/?page_id=4517"},"modified":"2026-01-22T09:46:44","modified_gmt":"2026-01-22T12:46:44","slug":"normas-teses","status":"publish","type":"page","link":"https:\/\/sites.usp.br\/bcrp\/normas-teses\/","title":{"rendered":"Normas &#8211; Teses"},"content":{"rendered":"\t\t<div data-elementor-type=\"wp-page\" data-elementor-id=\"4517\" class=\"elementor elementor-4517\" data-elementor-post-type=\"page\">\n\t\t\t\t\t\t<section class=\"elementor-section elementor-top-section elementor-element elementor-element-2f39298 elementor-section-full_width elementor-section-height-default elementor-section-height-default\" data-id=\"2f39298\" data-element_type=\"section\">\n\t\t\t\t\t\t<div class=\"elementor-container elementor-column-gap-no\">\n\t\t\t\t\t<div class=\"elementor-column elementor-col-100 elementor-top-column elementor-element elementor-element-f7b3659\" data-id=\"f7b3659\" data-element_type=\"column\">\n\t\t\t<div class=\"elementor-widget-wrap elementor-element-populated\">\n\t\t\t\t\t\t<div class=\"elementor-element elementor-element-a66c4cf elementor--h-position-center elementor--v-position-middle elementor-arrows-position-inside elementor-pagination-position-inside elementor-widget elementor-widget-slides\" data-id=\"a66c4cf\" data-element_type=\"widget\" data-settings=\"{&quot;transition&quot;:&quot;fade&quot;,&quot;navigation&quot;:&quot;both&quot;,&quot;autoplay&quot;:&quot;yes&quot;,&quot;pause_on_hover&quot;:&quot;yes&quot;,&quot;pause_on_interaction&quot;:&quot;yes&quot;,&quot;autoplay_speed&quot;:5000,&quot;infinite&quot;:&quot;yes&quot;,&quot;transition_speed&quot;:500}\" data-widget_type=\"slides.default\">\n\t\t\t\t<div class=\"elementor-widget-container\">\n\t\t\t\t\t<div class=\"elementor-swiper\">\n\t\t\t<div class=\"elementor-slides-wrapper elementor-main-swiper swiper\" dir=\"ltr\" data-animation=\"\">\n\t\t\t\t<div class=\"swiper-wrapper elementor-slides\">\n\t\t\t\t\t\t\t\t\t\t<div class=\"elementor-repeater-item-ce6d528 swiper-slide\"><div class=\"swiper-slide-bg elementor-ken-burns elementor-ken-burns--out\" role=\"img\"><\/div><div class=\"elementor-background-overlay\"><\/div><div class=\"swiper-slide-inner\" ><div class=\"swiper-slide-contents\"><div class=\"elementor-slide-heading\">Normaliza\u00e7\u00e3o - Teses<\/div><\/div><\/div><\/div>\t\t\t\t<\/div>\n\t\t\t\t\t\t\t<\/div>\n\t\t<\/div>\n\t\t\t\t<\/div>\n\t\t\t\t<\/div>\n\t\t\t\t\t<\/div>\n\t\t<\/div>\n\t\t\t\t\t<\/div>\n\t\t<\/section>\n\t\t\t\t<section class=\"elementor-section elementor-top-section elementor-element elementor-element-f19df43 elementor-section-boxed elementor-section-height-default elementor-section-height-default\" data-id=\"f19df43\" data-element_type=\"section\">\n\t\t\t\t\t\t<div class=\"elementor-container elementor-column-gap-default\">\n\t\t\t\t\t<div class=\"elementor-column elementor-col-100 elementor-top-column elementor-element elementor-element-373f242\" data-id=\"373f242\" data-element_type=\"column\">\n\t\t\t<div class=\"elementor-widget-wrap elementor-element-populated\">\n\t\t\t\t\t\t<div class=\"elementor-element elementor-element-6a31c8e elementor-widget elementor-widget-spacer\" data-id=\"6a31c8e\" data-element_type=\"widget\" data-widget_type=\"spacer.default\">\n\t\t\t\t<div class=\"elementor-widget-container\">\n\t\t\t\t\t<div class=\"elementor-spacer\">\n\t\t\t<div class=\"elementor-spacer-inner\"><\/div>\n\t\t<\/div>\n\t\t\t\t<\/div>\n\t\t\t\t<\/div>\n\t\t\t\t\t<\/div>\n\t\t<\/div>\n\t\t\t\t\t<\/div>\n\t\t<\/section>\n\t\t\t\t<section class=\"elementor-section elementor-top-section elementor-element elementor-element-44b920a elementor-section-boxed elementor-section-height-default elementor-section-height-default\" data-id=\"44b920a\" data-element_type=\"section\">\n\t\t\t\t\t\t<div class=\"elementor-container elementor-column-gap-default\">\n\t\t\t\t\t<div class=\"elementor-column elementor-col-100 elementor-top-column elementor-element elementor-element-03109b7\" data-id=\"03109b7\" data-element_type=\"column\">\n\t\t\t<div class=\"elementor-widget-wrap elementor-element-populated\">\n\t\t\t\t\t\t<div class=\"elementor-element elementor-element-ed565c2 elementor-widget elementor-widget-text-editor\" data-id=\"ed565c2\" data-element_type=\"widget\" data-widget_type=\"text-editor.default\">\n\t\t\t\t<div class=\"elementor-widget-container\">\n\t\t\t\t\t\t\t<p><strong><span style=\"color: #000000;\">Orienta\u00e7\u00e3o e Normaliza\u00e7\u00e3o de Trabalhos acad\u00eamicos e cient\u00edficos<\/span><\/strong><br \/><span style=\"color: #000000;\">Orienta\u00e7\u00e3o e Normaliza\u00e7\u00e3o de Trabalhos\u00a0\u00a0<\/span><\/p><p align=\"justify\"><span style=\"color: #000000;\">Para normaliza\u00e7\u00e3o de teses e disserta\u00e7\u00f5es, a Biblioteca Central adota o manual:\u00a0Diretrizes para Apresenta\u00e7\u00e3o de Disserta\u00e7\u00f5es e Teses da USP: documento eletr\u00f4nico ou impresso.\u00a0<\/span><\/p><table width=\"30%\" align=\"center\"><tbody><tr><td align=\"center\"><p><span style=\"color: #000000;\"><a class=\"ltinta\" style=\"color: #000000;\" href=\"https:\/\/www.livrosabertos.abcd.usp.br\/portaldelivrosUSP\/catalog\/view\/1353\/1233\/5507\" target=\"_blank\" rel=\"noopener\">Parte I (ABNT)<\/a><\/span><\/p><p><span style=\"color: #000000;\"><a class=\"ltinta\" style=\"color: #000000;\" href=\"https:\/\/www.livrosabertos.sibi.usp.br\/portaldelivrosUSP\/catalog\/view\/112\/96\/493-1\" target=\"_blank\" rel=\"noopener\">Parte II (APA)<\/a><\/span><\/p><p><span style=\"color: #000000;\"><a class=\"ltinta\" style=\"color: #000000;\" href=\"https:\/\/www.livrosabertos.sibi.usp.br\/portaldelivrosUSP\/catalog\/view\/113\/97\/494-1\" target=\"_blank\" rel=\"noopener\">Parte III (ISO)<\/a><\/span><\/p><p><span style=\"color: #000000;\"><a class=\"ltinta\" style=\"color: #000000;\" href=\"https:\/\/www.livrosabertos.sibi.usp.br\/portaldelivrosUSP\/catalog\/view\/115\/98\/495-1\" target=\"_blank\" rel=\"noopener\">Parte IV (Vancouver)<\/a><\/span><\/p><\/td><\/tr><\/tbody><\/table><p><span style=\"color: #000000;\">Clique em\u00a0<a class=\"ltinta\" style=\"color: #000000;\" href=\"https:\/\/bcrp.prefeiturarp.usp.br\/pdf\/ficat.doc\" target=\"_blank\" rel=\"noopener\"><strong>Ficha catalogr\u00e1fica<\/strong><\/a><strong>\u00a0(arquivo do WORD)<\/strong>\u00a0para baixar a ficha catalogr\u00e1fica:<\/span><\/p><p><span style=\"color: #000000;\"><strong><em>OBS:<\/em><\/strong>\u00a0Se voce n\u00e3o possui o\u00a0<strong>ADOBE ACROBAT READER,\u00a0<\/strong><a class=\"ltinta\" style=\"color: #000000;\" href=\"https:\/\/get.adobe.com\/br\/reader\/\" target=\"_blank\" rel=\"noopener\">Clique Aqui para baixar o Instalador.<\/a><\/span><\/p><p align=\"justify\"><span style=\"color: #000000;\"><strong><br \/>Maiores informa\u00e7\u00f5es <span style=\"color: #000000;\"><a style=\"color: #000000;\" href=\"mailto:bcrp@usp.br\">bcrp@usp.br<\/a><\/span><\/strong><\/span><\/p>\t\t\t\t\t\t<\/div>\n\t\t\t\t<\/div>\n\t\t\t\t\t<\/div>\n\t\t<\/div>\n\t\t\t\t\t<\/div>\n\t\t<\/section>\n\t\t\t\t<\/div>\n\t\t","protected":false},"excerpt":{"rendered":"<p>Normaliza\u00e7\u00e3o &#8211; Teses Orienta\u00e7\u00e3o e Normaliza\u00e7\u00e3o de Trabalhos acad\u00eamicos e cient\u00edficosOrienta\u00e7\u00e3o e Normaliza\u00e7\u00e3o de Trabalhos\u00a0\u00a0 Para normaliza\u00e7\u00e3o de teses e disserta\u00e7\u00f5es, a Biblioteca Central adota o manual:\u00a0Diretrizes para Apresenta\u00e7\u00e3o de Disserta\u00e7\u00f5es e Teses da USP: documento eletr\u00f4nico ou impresso.\u00a0 Parte I (ABNT) Parte II (APA) Parte III (ISO) Parte IV (Vancouver) Clique em\u00a0Ficha catalogr\u00e1fica\u00a0(arquivo do [&hellip;]<\/p>\n","protected":false},"author":24703,"featured_media":0,"parent":0,"menu_order":0,"comment_status":"closed","ping_status":"closed","template":"","meta":{"footnotes":"","_links_to":"","_links_to_target":""},"class_list":["post-4517","page","type-page","status-publish","hentry"],"_links":{"self":[{"href":"https:\/\/sites.usp.br\/bcrp\/wp-json\/wp\/v2\/pages\/4517","targetHints":{"allow":["GET"]}}],"collection":[{"href":"https:\/\/sites.usp.br\/bcrp\/wp-json\/wp\/v2\/pages"}],"about":[{"href":"https:\/\/sites.usp.br\/bcrp\/wp-json\/wp\/v2\/types\/page"}],"author":[{"embeddable":true,"href":"https:\/\/sites.usp.br\/bcrp\/wp-json\/wp\/v2\/users\/24703"}],"replies":[{"embeddable":true,"href":"https:\/\/sites.usp.br\/bcrp\/wp-json\/wp\/v2\/comments?post=4517"}],"version-history":[{"count":4,"href":"https:\/\/sites.usp.br\/bcrp\/wp-json\/wp\/v2\/pages\/4517\/revisions"}],"predecessor-version":[{"id":4763,"href":"https:\/\/sites.usp.br\/bcrp\/wp-json\/wp\/v2\/pages\/4517\/revisions\/4763"}],"wp:attachment":[{"href":"https:\/\/sites.usp.br\/bcrp\/wp-json\/wp\/v2\/media?parent=4517"}],"curies":[{"name":"wp","href":"https:\/\/api.w.org\/{rel}","templated":true}]}}