{"id":4528,"date":"2025-11-26T22:05:18","date_gmt":"2025-11-27T01:05:18","guid":{"rendered":"https:\/\/sites.usp.br\/bcrp\/?page_id=4528"},"modified":"2026-01-26T15:43:56","modified_gmt":"2026-01-26T18:43:56","slug":"doacoes-de-livros","status":"publish","type":"page","link":"https:\/\/sites.usp.br\/bcrp\/doacoes-de-livros\/","title":{"rendered":"Doa\u00e7\u00f5es de Livros"},"content":{"rendered":"\t\t<div data-elementor-type=\"wp-page\" data-elementor-id=\"4528\" class=\"elementor elementor-4528\" data-elementor-post-type=\"page\">\n\t\t\t\t\t\t<section class=\"elementor-section elementor-top-section elementor-element elementor-element-7c4b65c elementor-section-full_width elementor-section-height-default elementor-section-height-default\" data-id=\"7c4b65c\" data-element_type=\"section\">\n\t\t\t\t\t\t<div class=\"elementor-container elementor-column-gap-no\">\n\t\t\t\t\t<div class=\"elementor-column elementor-col-100 elementor-top-column elementor-element elementor-element-d7b6797\" data-id=\"d7b6797\" data-element_type=\"column\">\n\t\t\t<div class=\"elementor-widget-wrap elementor-element-populated\">\n\t\t\t\t\t\t<div class=\"elementor-element elementor-element-3e0e292 elementor--h-position-center elementor--v-position-middle elementor-arrows-position-inside elementor-pagination-position-inside elementor-widget elementor-widget-slides\" data-id=\"3e0e292\" data-element_type=\"widget\" data-settings=\"{&quot;transition&quot;:&quot;fade&quot;,&quot;navigation&quot;:&quot;both&quot;,&quot;autoplay&quot;:&quot;yes&quot;,&quot;pause_on_hover&quot;:&quot;yes&quot;,&quot;pause_on_interaction&quot;:&quot;yes&quot;,&quot;autoplay_speed&quot;:5000,&quot;infinite&quot;:&quot;yes&quot;,&quot;transition_speed&quot;:500}\" data-widget_type=\"slides.default\">\n\t\t\t\t<div class=\"elementor-widget-container\">\n\t\t\t\t\t<div class=\"elementor-swiper\">\n\t\t\t<div class=\"elementor-slides-wrapper elementor-main-swiper swiper\" dir=\"ltr\" data-animation=\"\">\n\t\t\t\t<div class=\"swiper-wrapper elementor-slides\">\n\t\t\t\t\t\t\t\t\t\t<div class=\"elementor-repeater-item-ce6d528 swiper-slide\"><div class=\"swiper-slide-bg elementor-ken-burns elementor-ken-burns--out\" role=\"img\"><\/div><div class=\"elementor-background-overlay\"><\/div><div class=\"swiper-slide-inner\" ><div class=\"swiper-slide-contents\"><div class=\"elementor-slide-heading\">Doa\u00e7\u00f5es de Livros<\/div><\/div><\/div><\/div>\t\t\t\t<\/div>\n\t\t\t\t\t\t\t<\/div>\n\t\t<\/div>\n\t\t\t\t<\/div>\n\t\t\t\t<\/div>\n\t\t\t\t\t<\/div>\n\t\t<\/div>\n\t\t\t\t\t<\/div>\n\t\t<\/section>\n\t\t\t\t<section class=\"elementor-section elementor-top-section elementor-element elementor-element-1921ef0 elementor-section-boxed elementor-section-height-default elementor-section-height-default\" data-id=\"1921ef0\" data-element_type=\"section\">\n\t\t\t\t\t\t<div class=\"elementor-container elementor-column-gap-default\">\n\t\t\t\t\t<div class=\"elementor-column elementor-col-100 elementor-top-column elementor-element elementor-element-b704145\" data-id=\"b704145\" data-element_type=\"column\">\n\t\t\t<div class=\"elementor-widget-wrap elementor-element-populated\">\n\t\t\t\t\t\t<div class=\"elementor-element elementor-element-5a628fe elementor-widget elementor-widget-spacer\" data-id=\"5a628fe\" data-element_type=\"widget\" data-widget_type=\"spacer.default\">\n\t\t\t\t<div class=\"elementor-widget-container\">\n\t\t\t\t\t<div class=\"elementor-spacer\">\n\t\t\t<div class=\"elementor-spacer-inner\"><\/div>\n\t\t<\/div>\n\t\t\t\t<\/div>\n\t\t\t\t<\/div>\n\t\t\t\t\t<\/div>\n\t\t<\/div>\n\t\t\t\t\t<\/div>\n\t\t<\/section>\n\t\t\t\t<section class=\"elementor-section elementor-top-section elementor-element elementor-element-da9d3f0 elementor-section-boxed elementor-section-height-default elementor-section-height-default\" data-id=\"da9d3f0\" data-element_type=\"section\">\n\t\t\t\t\t\t<div class=\"elementor-container elementor-column-gap-default\">\n\t\t\t\t\t<div class=\"elementor-column elementor-col-100 elementor-top-column elementor-element elementor-element-d25f3a1\" data-id=\"d25f3a1\" data-element_type=\"column\">\n\t\t\t<div class=\"elementor-widget-wrap elementor-element-populated\">\n\t\t\t\t\t\t<div class=\"elementor-element elementor-element-3b7b401 elementor-widget elementor-widget-text-editor\" data-id=\"3b7b401\" data-element_type=\"widget\" data-widget_type=\"text-editor.default\">\n\t\t\t\t<div class=\"elementor-widget-container\">\n\t\t\t\t\t\t\t<p align=\"Left\">Caso deseje realizar doa\u00e7\u00e3o \u00e0 Biblioteca Central, solicitamos o envio de uma listagem pr\u00e9via das obras a serem doadas.<\/p><p align=\"Left\">Ap\u00f3s an\u00e1lise pela <a href=\"https:\/\/sites.usp.br\/bcrp\/equipe\/\">equipe<\/a> da Biblioteca Central, informaremos quais obras aceitaremos como doa\u00e7\u00e3o, e o doador poder\u00e1 entregar os exemplares na Biblioteca Central.<\/p><p align=\"Left\">\u00c9 importante ressaltar que os livros devem estar em boas condi\u00e7\u00f5es.<\/p><p align=\"Left\">Uma vez doado, o doador ceder\u00e1 \u00e0 Biblioteca Central a transfer\u00eancia do t\u00edtulo completo, livre e desonerado para a institui\u00e7\u00e3o, sendo que a Biblioteca Central isenta-se de qualquer responsabilidade de prestar contas sobre as obras doadas.<\/p><p align=\"Left\">A Biblioteca Central aceita doa\u00e7\u00f5es que refletem os atuais interesses e necessidades da comunidade USP e que complementa sua cole\u00e7\u00e3o atual, em formato, cobertura de assunto, profundidade e filosofia para fornecer um equil\u00edbrio de informa\u00e7\u00f5es, pontos de vista e formatos. A Biblioteca Central aprecia essas doa\u00e7\u00f5es como atos de coes\u00e3o c\u00edvica.<\/p>\t\t\t\t\t\t<\/div>\n\t\t\t\t<\/div>\n\t\t\t\t\t<\/div>\n\t\t<\/div>\n\t\t\t\t\t<\/div>\n\t\t<\/section>\n\t\t\t\t<section class=\"elementor-section elementor-top-section elementor-element elementor-element-0a92c07 elementor-section-boxed elementor-section-height-default elementor-section-height-default\" data-id=\"0a92c07\" data-element_type=\"section\">\n\t\t\t\t\t\t<div class=\"elementor-container elementor-column-gap-default\">\n\t\t\t\t\t<div class=\"elementor-column elementor-col-100 elementor-top-column elementor-element elementor-element-ed18c8e\" data-id=\"ed18c8e\" data-element_type=\"column\">\n\t\t\t<div class=\"elementor-widget-wrap elementor-element-populated\">\n\t\t\t\t\t\t<div class=\"elementor-element elementor-element-8a9c4cd elementor-widget elementor-widget-spacer\" data-id=\"8a9c4cd\" data-element_type=\"widget\" data-widget_type=\"spacer.default\">\n\t\t\t\t<div class=\"elementor-widget-container\">\n\t\t\t\t\t<div class=\"elementor-spacer\">\n\t\t\t<div class=\"elementor-spacer-inner\"><\/div>\n\t\t<\/div>\n\t\t\t\t<\/div>\n\t\t\t\t<\/div>\n\t\t\t\t\t<\/div>\n\t\t<\/div>\n\t\t\t\t\t<\/div>\n\t\t<\/section>\n\t\t\t\t<section class=\"elementor-section elementor-top-section elementor-element elementor-element-0879b2a elementor-section-boxed elementor-section-height-default elementor-section-height-default\" data-id=\"0879b2a\" data-element_type=\"section\">\n\t\t\t\t\t\t<div class=\"elementor-container elementor-column-gap-default\">\n\t\t\t\t\t<div class=\"elementor-column elementor-col-100 elementor-top-column elementor-element elementor-element-7347f21\" data-id=\"7347f21\" data-element_type=\"column\">\n\t\t\t<div class=\"elementor-widget-wrap\">\n\t\t\t\t\t\t\t<\/div>\n\t\t<\/div>\n\t\t\t\t\t<\/div>\n\t\t<\/section>\n\t\t\t\t<\/div>\n\t\t","protected":false},"excerpt":{"rendered":"<p>Doa\u00e7\u00f5es de Livros Caso deseje realizar doa\u00e7\u00e3o \u00e0 Biblioteca Central, solicitamos o envio de uma listagem pr\u00e9via das obras a serem doadas. Ap\u00f3s an\u00e1lise pela equipe da Biblioteca Central, informaremos quais obras aceitaremos como doa\u00e7\u00e3o, e o doador poder\u00e1 entregar os exemplares na Biblioteca Central. \u00c9 importante ressaltar que os livros devem estar em boas [&hellip;]<\/p>\n","protected":false},"author":24703,"featured_media":0,"parent":0,"menu_order":0,"comment_status":"closed","ping_status":"closed","template":"","meta":{"footnotes":"","_links_to":"","_links_to_target":""},"class_list":["post-4528","page","type-page","status-publish","hentry"],"_links":{"self":[{"href":"https:\/\/sites.usp.br\/bcrp\/wp-json\/wp\/v2\/pages\/4528","targetHints":{"allow":["GET"]}}],"collection":[{"href":"https:\/\/sites.usp.br\/bcrp\/wp-json\/wp\/v2\/pages"}],"about":[{"href":"https:\/\/sites.usp.br\/bcrp\/wp-json\/wp\/v2\/types\/page"}],"author":[{"embeddable":true,"href":"https:\/\/sites.usp.br\/bcrp\/wp-json\/wp\/v2\/users\/24703"}],"replies":[{"embeddable":true,"href":"https:\/\/sites.usp.br\/bcrp\/wp-json\/wp\/v2\/comments?post=4528"}],"version-history":[{"count":4,"href":"https:\/\/sites.usp.br\/bcrp\/wp-json\/wp\/v2\/pages\/4528\/revisions"}],"predecessor-version":[{"id":4779,"href":"https:\/\/sites.usp.br\/bcrp\/wp-json\/wp\/v2\/pages\/4528\/revisions\/4779"}],"wp:attachment":[{"href":"https:\/\/sites.usp.br\/bcrp\/wp-json\/wp\/v2\/media?parent=4528"}],"curies":[{"name":"wp","href":"https:\/\/api.w.org\/{rel}","templated":true}]}}