{"id":4598,"date":"2025-12-16T12:36:19","date_gmt":"2025-12-16T15:36:19","guid":{"rendered":"https:\/\/sites.usp.br\/bcrp\/?page_id=4598"},"modified":"2026-01-30T13:03:28","modified_gmt":"2026-01-30T16:03:28","slug":"carteirinha-da-biblioteca","status":"publish","type":"page","link":"https:\/\/sites.usp.br\/bcrp\/carteirinha-da-biblioteca\/","title":{"rendered":"Carteirinha da Biblioteca"},"content":{"rendered":"\t\t<div data-elementor-type=\"wp-page\" data-elementor-id=\"4598\" class=\"elementor elementor-4598\">\n\t\t\t\t\t\t<section class=\"elementor-section elementor-top-section elementor-element elementor-element-0efe237 elementor-section-full_width elementor-section-height-default elementor-section-height-default\" data-id=\"0efe237\" data-element_type=\"section\">\n\t\t\t\t\t\t<div class=\"elementor-container elementor-column-gap-no\">\n\t\t\t\t\t<div class=\"elementor-column elementor-col-100 elementor-top-column elementor-element elementor-element-65ad736\" data-id=\"65ad736\" data-element_type=\"column\">\n\t\t\t<div class=\"elementor-widget-wrap elementor-element-populated\">\n\t\t\t\t\t\t<div class=\"elementor-element elementor-element-f9fa692 elementor-widget elementor-widget-slides\" data-id=\"f9fa692\" data-element_type=\"widget\" data-widget_type=\"slides.default\">\n\t\t\t\t<div class=\"elementor-widget-container\">\n\t\t\t \t\t<\/div>\n\t\t\t\t<\/div>\n\t\t\t\t\t<\/div>\n\t\t<\/div>\n\t\t\t\t\t<\/div>\n\t\t<\/section>\n\t\t\t\t<section class=\"elementor-section elementor-top-section elementor-element elementor-element-ec1a83e elementor-section-boxed elementor-section-height-default elementor-section-height-default\" data-id=\"ec1a83e\" data-element_type=\"section\">\n\t\t\t\t\t\t<div class=\"elementor-container elementor-column-gap-default\">\n\t\t\t\t\t<div class=\"elementor-column elementor-col-100 elementor-top-column elementor-element elementor-element-bd4c80b\" data-id=\"bd4c80b\" data-element_type=\"column\">\n\t\t\t<div class=\"elementor-widget-wrap elementor-element-populated\">\n\t\t\t\t\t\t<div class=\"elementor-element elementor-element-60a1896 elementor-widget elementor-widget-spacer\" data-id=\"60a1896\" data-element_type=\"widget\" data-widget_type=\"spacer.default\">\n\t\t\t\t<div class=\"elementor-widget-container\">\n\t\t\t\t\t<div class=\"elementor-spacer\">\n\t\t\t<div class=\"elementor-spacer-inner\"><\/div>\n\t\t<\/div>\n\t\t\t\t<\/div>\n\t\t\t\t<\/div>\n\t\t\t\t\t<\/div>\n\t\t<\/div>\n\t\t\t\t\t<\/div>\n\t\t<\/section>\n\t\t\t\t<section class=\"elementor-section elementor-top-section elementor-element elementor-element-efcc7f4 elementor-section-boxed elementor-section-height-default elementor-section-height-default\" data-id=\"efcc7f4\" data-element_type=\"section\">\n\t\t\t\t\t\t<div class=\"elementor-container elementor-column-gap-default\">\n\t\t\t\t\t<div class=\"elementor-column elementor-col-100 elementor-top-column elementor-element elementor-element-c348263\" data-id=\"c348263\" data-element_type=\"column\">\n\t\t\t<div class=\"elementor-widget-wrap elementor-element-populated\">\n\t\t\t\t\t\t<div class=\"elementor-element elementor-element-b05b893 elementor-widget elementor-widget-text-editor\" data-id=\"b05b893\" data-element_type=\"widget\" data-widget_type=\"text-editor.default\">\n\t\t\t\t<div class=\"elementor-widget-container\">\n\t\t\t\t\t\t\t<p style=\"text-align: left;\"><span style=\"color: #ff0000;\"><strong>C\u00f3digo n\u00e3o fornecido at\u00e9 o momento\u00a0<b>pela<\/b>\u00a0<b>Se\u00e7\u00e3o T\u00e9cnica de Inform\u00e1tica da PUSP-RP<\/b>, para integra\u00e7\u00e3o autom\u00e1tica dos livros recebidos. Solicitado por Fonte-Boa L\u00e1zaro Torres no dia 26\/06\/2025 a Emerson Renato Cavallari \u00e0s 17:51 via e-mail.<\/strong><\/span><\/p>\t\t\t\t\t\t<\/div>\n\t\t\t\t<\/div>\n\t\t\t\t\t<\/div>\n\t\t<\/div>\n\t\t\t\t\t<\/div>\n\t\t<\/section>\n\t\t\t\t<\/div>\n\t\t","protected":false},"excerpt":{"rendered":"<p>Carteirinha da Biblioteca C\u00f3digo n\u00e3o fornecido at\u00e9 o momento\u00a0pela\u00a0Se\u00e7\u00e3o T\u00e9cnica de Inform\u00e1tica da PUSP-RP, para integra\u00e7\u00e3o autom\u00e1tica dos livros recebidos. Solicitado por Fonte-Boa L\u00e1zaro Torres no dia 26\/06\/2025 a Emerson Renato Cavallari \u00e0s 17:51 via e-mail.<\/p>\n","protected":false},"author":24703,"featured_media":0,"parent":0,"menu_order":0,"comment_status":"closed","ping_status":"closed","template":"","meta":{"footnotes":"","_links_to":"","_links_to_target":""},"class_list":["post-4598","page","type-page","status-publish","hentry"],"_links":{"self":[{"href":"https:\/\/sites.usp.br\/bcrp\/wp-json\/wp\/v2\/pages\/4598","targetHints":{"allow":["GET"]}}],"collection":[{"href":"https:\/\/sites.usp.br\/bcrp\/wp-json\/wp\/v2\/pages"}],"about":[{"href":"https:\/\/sites.usp.br\/bcrp\/wp-json\/wp\/v2\/types\/page"}],"author":[{"embeddable":true,"href":"https:\/\/sites.usp.br\/bcrp\/wp-json\/wp\/v2\/users\/24703"}],"replies":[{"embeddable":true,"href":"https:\/\/sites.usp.br\/bcrp\/wp-json\/wp\/v2\/comments?post=4598"}],"version-history":[{"count":4,"href":"https:\/\/sites.usp.br\/bcrp\/wp-json\/wp\/v2\/pages\/4598\/revisions"}],"predecessor-version":[{"id":4855,"href":"https:\/\/sites.usp.br\/bcrp\/wp-json\/wp\/v2\/pages\/4598\/revisions\/4855"}],"wp:attachment":[{"href":"https:\/\/sites.usp.br\/bcrp\/wp-json\/wp\/v2\/media?parent=4598"}],"curies":[{"name":"wp","href":"https:\/\/api.w.org\/{rel}","templated":true}]}}