{"id":478,"date":"2024-08-13T20:37:21","date_gmt":"2024-08-13T22:37:21","guid":{"rendered":"https:\/\/sites.usp.br\/bemestaranimal\/?page_id=478"},"modified":"2024-08-22T13:00:43","modified_gmt":"2024-08-22T15:00:43","slug":"2018-2","status":"publish","type":"page","link":"https:\/\/sites.usp.br\/bemestaranimal\/2018-2\/","title":{"rendered":"2018"},"content":{"rendered":"\t\t<div data-elementor-type=\"wp-page\" data-elementor-id=\"478\" class=\"elementor elementor-478\" data-elementor-post-type=\"page\">\n\t\t\t\t\t\t<section class=\"elementor-section elementor-top-section elementor-element elementor-element-77a036e elementor-section-boxed elementor-section-height-default elementor-section-height-default\" data-id=\"77a036e\" data-element_type=\"section\">\n\t\t\t\t\t\t<div class=\"elementor-container elementor-column-gap-default\">\n\t\t\t\t\t<div class=\"elementor-column elementor-col-100 elementor-top-column elementor-element elementor-element-5c9eaba\" data-id=\"5c9eaba\" data-element_type=\"column\">\n\t\t\t<div class=\"elementor-widget-wrap elementor-element-populated\">\n\t\t\t\t\t\t<div class=\"elementor-element elementor-element-9e3f262 elementor-widget elementor-widget-heading\" data-id=\"9e3f262\" data-element_type=\"widget\" data-widget_type=\"heading.default\">\n\t\t\t\t<div class=\"elementor-widget-container\">\n\t\t\t<h2 class=\"elementor-heading-title elementor-size-default\">2018<\/h2>\t\t<\/div>\n\t\t\t\t<\/div>\n\t\t\t\t\t<\/div>\n\t\t<\/div>\n\t\t\t\t\t<\/div>\n\t\t<\/section>\n\t\t\t\t<section class=\"elementor-section elementor-top-section elementor-element elementor-element-edddcc5 elementor-section-boxed elementor-section-height-default elementor-section-height-default\" data-id=\"edddcc5\" data-element_type=\"section\">\n\t\t\t\t\t\t<div class=\"elementor-container elementor-column-gap-default\">\n\t\t\t\t\t<div class=\"elementor-column elementor-col-100 elementor-top-column elementor-element elementor-element-c9be467\" data-id=\"c9be467\" data-element_type=\"column\">\n\t\t\t<div class=\"elementor-widget-wrap elementor-element-populated\">\n\t\t\t\t\t\t<div class=\"elementor-element elementor-element-adff844 elementor-skin-slideshow elementor-arrows-yes elementor-widget elementor-widget-media-carousel\" data-id=\"adff844\" data-element_type=\"widget\" data-settings=\"{&quot;skin&quot;:&quot;slideshow&quot;,&quot;effect&quot;:&quot;slide&quot;,&quot;show_arrows&quot;:&quot;yes&quot;,&quot;speed&quot;:500,&quot;autoplay&quot;:&quot;yes&quot;,&quot;autoplay_speed&quot;:5000,&quot;loop&quot;:&quot;yes&quot;,&quot;pause_on_hover&quot;:&quot;yes&quot;,&quot;pause_on_interaction&quot;:&quot;yes&quot;,&quot;space_between&quot;:{&quot;unit&quot;:&quot;px&quot;,&quot;size&quot;:10,&quot;sizes&quot;:[]},&quot;space_between_tablet&quot;:{&quot;unit&quot;:&quot;px&quot;,&quot;size&quot;:10,&quot;sizes&quot;:[]},&quot;space_between_mobile&quot;:{&quot;unit&quot;:&quot;px&quot;,&quot;size&quot;:10,&quot;sizes&quot;:[]}}\" data-widget_type=\"media-carousel.default\">\n\t\t\t\t<div class=\"elementor-widget-container\">\n\t\t\t\t\t<div class=\"elementor-swiper\">\n\t\t\t<div class=\"elementor-main-swiper swiper\">\n\t\t\t\t<div class=\"swiper-wrapper\">\n\t\t\t\t\t\t\t\t\t\t\t<div class=\"swiper-slide\">\n\t\t\t\t\t\t\t<a href=\"https:\/\/sites.usp.br\/bemestaranimal\/wp-content\/uploads\/sites\/1273\/2024\/08\/grupo1.png\" data-elementor-open-lightbox=\"yes\" data-elementor-lightbox-slideshow=\"adff844\" data-elementor-lightbox-title=\"grupo1\" data-e-action-hash=\"#elementor-action%3Aaction%3Dlightbox%26settings%3DeyJpZCI6NDk2LCJ1cmwiOiJodHRwczpcL1wvc2l0ZXMudXNwLmJyXC9iZW1lc3RhcmFuaW1hbFwvd3AtY29udGVudFwvdXBsb2Fkc1wvc2l0ZXNcLzEyNzNcLzIwMjRcLzA4XC9ncnVwbzEucG5nIiwic2xpZGVzaG93IjoiYWRmZjg0NCJ9\" data-elementor-lightbox-video=\"https:\/\/www.youtube.com\/embed\/U3CeUpQpDLQ?feature=oembed&amp;autoplay=1&amp;rel=0&amp;controls=0\">\t\t<div class=\"elementor-carousel-image\" role=\"img\" aria-label=\"grupo1\" style=\"background-image: url(&#039;https:\/\/sites.usp.br\/bemestaranimal\/wp-content\/uploads\/sites\/1273\/2024\/08\/grupo1.png&#039;)\">\n\n\t\t\t\n\t\t\t\t\t\t\t<div class=\"elementor-custom-embed-play\">\n\t\t\t\t\t<i aria-hidden=\"true\" class=\"eicon-play\"><\/i>\t\t\t\t\t<span class=\"elementor-screen-only\">Reproduzir<\/span>\n\t\t\t\t<\/div>\n\t\t\t\t\t<\/div>\n\t\t<\/a>\t\t\t\t\t\t<\/div>\n\t\t\t\t\t\t\t\t\t\t\t<div class=\"swiper-slide\">\n\t\t\t\t\t\t\t<a href=\"https:\/\/sites.usp.br\/bemestaranimal\/wp-content\/uploads\/sites\/1273\/2024\/08\/grupo2.png\" data-elementor-open-lightbox=\"yes\" data-elementor-lightbox-slideshow=\"adff844\" data-elementor-lightbox-title=\"grupo2\" data-e-action-hash=\"#elementor-action%3Aaction%3Dlightbox%26settings%3DeyJpZCI6NDk3LCJ1cmwiOiJodHRwczpcL1wvc2l0ZXMudXNwLmJyXC9iZW1lc3RhcmFuaW1hbFwvd3AtY29udGVudFwvdXBsb2Fkc1wvc2l0ZXNcLzEyNzNcLzIwMjRcLzA4XC9ncnVwbzIucG5nIiwic2xpZGVzaG93IjoiYWRmZjg0NCJ9\" data-elementor-lightbox-video=\"https:\/\/www.youtube.com\/embed\/diHGvd5TyQg?feature=oembed&amp;autoplay=1&amp;rel=0&amp;controls=0\">\t\t<div class=\"elementor-carousel-image\" role=\"img\" aria-label=\"grupo2\" style=\"background-image: url(&#039;https:\/\/sites.usp.br\/bemestaranimal\/wp-content\/uploads\/sites\/1273\/2024\/08\/grupo2.png&#039;)\">\n\n\t\t\t\n\t\t\t\t\t\t\t<div class=\"elementor-custom-embed-play\">\n\t\t\t\t\t<i aria-hidden=\"true\" class=\"eicon-play\"><\/i>\t\t\t\t\t<span class=\"elementor-screen-only\">Reproduzir<\/span>\n\t\t\t\t<\/div>\n\t\t\t\t\t<\/div>\n\t\t<\/a>\t\t\t\t\t\t<\/div>\n\t\t\t\t\t\t\t\t\t\t\t<div class=\"swiper-slide\">\n\t\t\t\t\t\t\t<a href=\"https:\/\/sites.usp.br\/bemestaranimal\/wp-content\/uploads\/sites\/1273\/2024\/08\/grupo3.png\" data-elementor-open-lightbox=\"yes\" data-elementor-lightbox-slideshow=\"adff844\" data-elementor-lightbox-title=\"grupo3\" data-e-action-hash=\"#elementor-action%3Aaction%3Dlightbox%26settings%3DeyJpZCI6NDk4LCJ1cmwiOiJodHRwczpcL1wvc2l0ZXMudXNwLmJyXC9iZW1lc3RhcmFuaW1hbFwvd3AtY29udGVudFwvdXBsb2Fkc1wvc2l0ZXNcLzEyNzNcLzIwMjRcLzA4XC9ncnVwbzMucG5nIiwic2xpZGVzaG93IjoiYWRmZjg0NCJ9\" data-elementor-lightbox-video=\"https:\/\/www.youtube.com\/embed\/gUDV3qym1BI?feature=oembed&amp;autoplay=1&amp;rel=0&amp;controls=0\">\t\t<div class=\"elementor-carousel-image\" role=\"img\" aria-label=\"grupo3\" style=\"background-image: url(&#039;https:\/\/sites.usp.br\/bemestaranimal\/wp-content\/uploads\/sites\/1273\/2024\/08\/grupo3.png&#039;)\">\n\n\t\t\t\n\t\t\t\t\t\t\t<div class=\"elementor-custom-embed-play\">\n\t\t\t\t\t<i aria-hidden=\"true\" class=\"eicon-play\"><\/i>\t\t\t\t\t<span class=\"elementor-screen-only\">Reproduzir<\/span>\n\t\t\t\t<\/div>\n\t\t\t\t\t<\/div>\n\t\t<\/a>\t\t\t\t\t\t<\/div>\n\t\t\t\t\t\t\t\t\t\t\t<div class=\"swiper-slide\">\n\t\t\t\t\t\t\t<a href=\"https:\/\/sites.usp.br\/bemestaranimal\/wp-content\/uploads\/sites\/1273\/2024\/08\/grupo4.png\" data-elementor-open-lightbox=\"yes\" data-elementor-lightbox-slideshow=\"adff844\" data-elementor-lightbox-title=\"grupo4\" data-e-action-hash=\"#elementor-action%3Aaction%3Dlightbox%26settings%3DeyJpZCI6NDk5LCJ1cmwiOiJodHRwczpcL1wvc2l0ZXMudXNwLmJyXC9iZW1lc3RhcmFuaW1hbFwvd3AtY29udGVudFwvdXBsb2Fkc1wvc2l0ZXNcLzEyNzNcLzIwMjRcLzA4XC9ncnVwbzQucG5nIiwic2xpZGVzaG93IjoiYWRmZjg0NCJ9\" data-elementor-lightbox-video=\"https:\/\/www.youtube.com\/embed\/FOaOsMMzWXw?feature=oembed&amp;autoplay=1&amp;rel=0&amp;controls=0\">\t\t<div class=\"elementor-carousel-image\" role=\"img\" aria-label=\"grupo4\" style=\"background-image: url(&#039;https:\/\/sites.usp.br\/bemestaranimal\/wp-content\/uploads\/sites\/1273\/2024\/08\/grupo4.png&#039;)\">\n\n\t\t\t\n\t\t\t\t\t\t\t<div class=\"elementor-custom-embed-play\">\n\t\t\t\t\t<i aria-hidden=\"true\" class=\"eicon-play\"><\/i>\t\t\t\t\t<span class=\"elementor-screen-only\">Reproduzir<\/span>\n\t\t\t\t<\/div>\n\t\t\t\t\t<\/div>\n\t\t<\/a>\t\t\t\t\t\t<\/div>\n\t\t\t\t\t\t\t\t\t\t\t<div class=\"swiper-slide\">\n\t\t\t\t\t\t\t<a href=\"https:\/\/sites.usp.br\/bemestaranimal\/wp-content\/uploads\/sites\/1273\/2024\/08\/grupo5.png\" data-elementor-open-lightbox=\"yes\" data-elementor-lightbox-slideshow=\"adff844\" data-elementor-lightbox-title=\"grupo5\" data-e-action-hash=\"#elementor-action%3Aaction%3Dlightbox%26settings%3DeyJpZCI6NTAwLCJ1cmwiOiJodHRwczpcL1wvc2l0ZXMudXNwLmJyXC9iZW1lc3RhcmFuaW1hbFwvd3AtY29udGVudFwvdXBsb2Fkc1wvc2l0ZXNcLzEyNzNcLzIwMjRcLzA4XC9ncnVwbzUucG5nIiwic2xpZGVzaG93IjoiYWRmZjg0NCJ9\" data-elementor-lightbox-video=\"https:\/\/www.youtube.com\/embed\/Ov0qN4OJQLU?feature=oembed&amp;autoplay=1&amp;rel=0&amp;controls=0\">\t\t<div class=\"elementor-carousel-image\" role=\"img\" aria-label=\"grupo5\" style=\"background-image: url(&#039;https:\/\/sites.usp.br\/bemestaranimal\/wp-content\/uploads\/sites\/1273\/2024\/08\/grupo5.png&#039;)\">\n\n\t\t\t\n\t\t\t\t\t\t\t<div class=\"elementor-custom-embed-play\">\n\t\t\t\t\t<i aria-hidden=\"true\" class=\"eicon-play\"><\/i>\t\t\t\t\t<span class=\"elementor-screen-only\">Reproduzir<\/span>\n\t\t\t\t<\/div>\n\t\t\t\t\t<\/div>\n\t\t<\/a>\t\t\t\t\t\t<\/div>\n\t\t\t\t\t\t\t\t\t\t\t<div class=\"swiper-slide\">\n\t\t\t\t\t\t\t<a href=\"https:\/\/sites.usp.br\/bemestaranimal\/wp-content\/uploads\/sites\/1273\/2024\/08\/grupo6.png\" data-elementor-open-lightbox=\"yes\" data-elementor-lightbox-slideshow=\"adff844\" data-elementor-lightbox-title=\"grupo6\" data-e-action-hash=\"#elementor-action%3Aaction%3Dlightbox%26settings%3DeyJpZCI6NTAxLCJ1cmwiOiJodHRwczpcL1wvc2l0ZXMudXNwLmJyXC9iZW1lc3RhcmFuaW1hbFwvd3AtY29udGVudFwvdXBsb2Fkc1wvc2l0ZXNcLzEyNzNcLzIwMjRcLzA4XC9ncnVwbzYucG5nIiwic2xpZGVzaG93IjoiYWRmZjg0NCJ9\" data-elementor-lightbox-video=\"https:\/\/www.youtube.com\/embed\/P6QS9cQcszY?feature=oembed&amp;autoplay=1&amp;rel=0&amp;controls=0\">\t\t<div class=\"elementor-carousel-image\" role=\"img\" aria-label=\"grupo6\" style=\"background-image: url(&#039;https:\/\/sites.usp.br\/bemestaranimal\/wp-content\/uploads\/sites\/1273\/2024\/08\/grupo6.png&#039;)\">\n\n\t\t\t\n\t\t\t\t\t\t\t<div class=\"elementor-custom-embed-play\">\n\t\t\t\t\t<i aria-hidden=\"true\" class=\"eicon-play\"><\/i>\t\t\t\t\t<span class=\"elementor-screen-only\">Reproduzir<\/span>\n\t\t\t\t<\/div>\n\t\t\t\t\t<\/div>\n\t\t<\/a>\t\t\t\t\t\t<\/div>\n\t\t\t\t\t\t\t\t\t\t\t<div class=\"swiper-slide\">\n\t\t\t\t\t\t\t<a href=\"https:\/\/sites.usp.br\/bemestaranimal\/wp-content\/uploads\/sites\/1273\/2024\/08\/grupo7.png\" data-elementor-open-lightbox=\"yes\" data-elementor-lightbox-slideshow=\"adff844\" data-elementor-lightbox-title=\"grupo7\" data-e-action-hash=\"#elementor-action%3Aaction%3Dlightbox%26settings%3DeyJpZCI6NTAyLCJ1cmwiOiJodHRwczpcL1wvc2l0ZXMudXNwLmJyXC9iZW1lc3RhcmFuaW1hbFwvd3AtY29udGVudFwvdXBsb2Fkc1wvc2l0ZXNcLzEyNzNcLzIwMjRcLzA4XC9ncnVwbzcucG5nIiwic2xpZGVzaG93IjoiYWRmZjg0NCJ9\" data-elementor-lightbox-video=\"https:\/\/www.youtube.com\/embed\/neCutJPPH74?feature=oembed&amp;autoplay=1&amp;rel=0&amp;controls=0\">\t\t<div class=\"elementor-carousel-image\" role=\"img\" aria-label=\"grupo7\" style=\"background-image: url(&#039;https:\/\/sites.usp.br\/bemestaranimal\/wp-content\/uploads\/sites\/1273\/2024\/08\/grupo7.png&#039;)\">\n\n\t\t\t\n\t\t\t\t\t\t\t<div class=\"elementor-custom-embed-play\">\n\t\t\t\t\t<i aria-hidden=\"true\" class=\"eicon-play\"><\/i>\t\t\t\t\t<span class=\"elementor-screen-only\">Reproduzir<\/span>\n\t\t\t\t<\/div>\n\t\t\t\t\t<\/div>\n\t\t<\/a>\t\t\t\t\t\t<\/div>\n\t\t\t\t\t\t\t\t\t\t\t<div class=\"swiper-slide\">\n\t\t\t\t\t\t\t<a href=\"https:\/\/sites.usp.br\/bemestaranimal\/wp-content\/uploads\/sites\/1273\/2024\/08\/grupo8.png\" data-elementor-open-lightbox=\"yes\" data-elementor-lightbox-slideshow=\"adff844\" data-elementor-lightbox-title=\"grupo8\" data-e-action-hash=\"#elementor-action%3Aaction%3Dlightbox%26settings%3DeyJpZCI6NTAzLCJ1cmwiOiJodHRwczpcL1wvc2l0ZXMudXNwLmJyXC9iZW1lc3RhcmFuaW1hbFwvd3AtY29udGVudFwvdXBsb2Fkc1wvc2l0ZXNcLzEyNzNcLzIwMjRcLzA4XC9ncnVwbzgucG5nIiwic2xpZGVzaG93IjoiYWRmZjg0NCJ9\" data-elementor-lightbox-video=\"https:\/\/www.youtube.com\/embed\/3aIlt7ugzHc?feature=oembed&amp;autoplay=1&amp;rel=0&amp;controls=0\">\t\t<div class=\"elementor-carousel-image\" role=\"img\" aria-label=\"grupo8\" style=\"background-image: url(&#039;https:\/\/sites.usp.br\/bemestaranimal\/wp-content\/uploads\/sites\/1273\/2024\/08\/grupo8.png&#039;)\">\n\n\t\t\t\n\t\t\t\t\t\t\t<div class=\"elementor-custom-embed-play\">\n\t\t\t\t\t<i aria-hidden=\"true\" class=\"eicon-play\"><\/i>\t\t\t\t\t<span class=\"elementor-screen-only\">Reproduzir<\/span>\n\t\t\t\t<\/div>\n\t\t\t\t\t<\/div>\n\t\t<\/a>\t\t\t\t\t\t<\/div>\n\t\t\t\t\t\t\t\t\t<\/div>\n\t\t\t\t\t\t\t\t\t\t\t\t\t\t\t\t\t\t\t\t<div class=\"elementor-swiper-button elementor-swiper-button-prev\" role=\"button\" tabindex=\"0\">\n\t\t\t\t\t\t\t<i aria-hidden=\"true\" class=\"eicon-chevron-left\"><\/i>\t\t\t\t\t\t\t<span class=\"elementor-screen-only\">Anterior<\/span>\n\t\t\t\t\t\t<\/div>\n\t\t\t\t\t\t<div class=\"elementor-swiper-button elementor-swiper-button-next\" role=\"button\" tabindex=\"0\">\n\t\t\t\t\t\t\t<i aria-hidden=\"true\" class=\"eicon-chevron-right\"><\/i>\t\t\t\t\t\t\t<span class=\"elementor-screen-only\">Pr\u00f3ximo<\/span>\n\t\t\t\t\t\t<\/div>\n\t\t\t\t\t\t\t\t\t\t\t\t<\/div>\n\t\t<\/div>\n\t\t\t\t<div class=\"elementor-swiper\">\n\t\t\t<div class=\"elementor-thumbnails-swiper swiper\">\n\t\t\t\t<div class=\"swiper-wrapper\">\n\t\t\t\t\t\t\t\t\t\t\t<div class=\"swiper-slide\">\n\t\t\t\t\t\t\t\t\t<div class=\"elementor-carousel-image\" role=\"img\" aria-label=\"grupo1\" style=\"background-image: url(&#039;https:\/\/sites.usp.br\/bemestaranimal\/wp-content\/uploads\/sites\/1273\/2024\/08\/grupo1.png&#039;)\">\n\n\t\t\t\n\t\t\t\t\t<\/div>\n\t\t<\/a>\t\t\t\t\t\t<\/div>\n\t\t\t\t\t\t\t\t\t\t\t<div class=\"swiper-slide\">\n\t\t\t\t\t\t\t\t\t<div class=\"elementor-carousel-image\" role=\"img\" aria-label=\"grupo2\" style=\"background-image: url(&#039;https:\/\/sites.usp.br\/bemestaranimal\/wp-content\/uploads\/sites\/1273\/2024\/08\/grupo2.png&#039;)\">\n\n\t\t\t\n\t\t\t\t\t<\/div>\n\t\t<\/a>\t\t\t\t\t\t<\/div>\n\t\t\t\t\t\t\t\t\t\t\t<div class=\"swiper-slide\">\n\t\t\t\t\t\t\t\t\t<div class=\"elementor-carousel-image\" role=\"img\" aria-label=\"grupo3\" style=\"background-image: url(&#039;https:\/\/sites.usp.br\/bemestaranimal\/wp-content\/uploads\/sites\/1273\/2024\/08\/grupo3.png&#039;)\">\n\n\t\t\t\n\t\t\t\t\t<\/div>\n\t\t<\/a>\t\t\t\t\t\t<\/div>\n\t\t\t\t\t\t\t\t\t\t\t<div class=\"swiper-slide\">\n\t\t\t\t\t\t\t\t\t<div class=\"elementor-carousel-image\" role=\"img\" aria-label=\"grupo4\" style=\"background-image: url(&#039;https:\/\/sites.usp.br\/bemestaranimal\/wp-content\/uploads\/sites\/1273\/2024\/08\/grupo4.png&#039;)\">\n\n\t\t\t\n\t\t\t\t\t<\/div>\n\t\t<\/a>\t\t\t\t\t\t<\/div>\n\t\t\t\t\t\t\t\t\t\t\t<div class=\"swiper-slide\">\n\t\t\t\t\t\t\t\t\t<div class=\"elementor-carousel-image\" role=\"img\" aria-label=\"grupo5\" style=\"background-image: url(&#039;https:\/\/sites.usp.br\/bemestaranimal\/wp-content\/uploads\/sites\/1273\/2024\/08\/grupo5.png&#039;)\">\n\n\t\t\t\n\t\t\t\t\t<\/div>\n\t\t<\/a>\t\t\t\t\t\t<\/div>\n\t\t\t\t\t\t\t\t\t\t\t<div class=\"swiper-slide\">\n\t\t\t\t\t\t\t\t\t<div class=\"elementor-carousel-image\" role=\"img\" aria-label=\"grupo6\" style=\"background-image: url(&#039;https:\/\/sites.usp.br\/bemestaranimal\/wp-content\/uploads\/sites\/1273\/2024\/08\/grupo6.png&#039;)\">\n\n\t\t\t\n\t\t\t\t\t<\/div>\n\t\t<\/a>\t\t\t\t\t\t<\/div>\n\t\t\t\t\t\t\t\t\t\t\t<div class=\"swiper-slide\">\n\t\t\t\t\t\t\t\t\t<div class=\"elementor-carousel-image\" role=\"img\" aria-label=\"grupo7\" style=\"background-image: url(&#039;https:\/\/sites.usp.br\/bemestaranimal\/wp-content\/uploads\/sites\/1273\/2024\/08\/grupo7.png&#039;)\">\n\n\t\t\t\n\t\t\t\t\t<\/div>\n\t\t<\/a>\t\t\t\t\t\t<\/div>\n\t\t\t\t\t\t\t\t\t\t\t<div class=\"swiper-slide\">\n\t\t\t\t\t\t\t\t\t<div class=\"elementor-carousel-image\" role=\"img\" aria-label=\"grupo8\" style=\"background-image: url(&#039;https:\/\/sites.usp.br\/bemestaranimal\/wp-content\/uploads\/sites\/1273\/2024\/08\/grupo8.png&#039;)\">\n\n\t\t\t\n\t\t\t\t\t<\/div>\n\t\t<\/a>\t\t\t\t\t\t<\/div>\n\t\t\t\t\t\t\t\t\t<\/div>\n\t\t\t\t\t\t\t\t\t\t\t\t\t\t\t\t\t\t\t\t\t<\/div>\n\t\t<\/div>\n\t\t\t\t<\/div>\n\t\t\t\t<\/div>\n\t\t\t\t<div class=\"elementor-element elementor-element-75c2f1f elementor-widget elementor-widget-spacer\" data-id=\"75c2f1f\" data-element_type=\"widget\" data-widget_type=\"spacer.default\">\n\t\t\t\t<div class=\"elementor-widget-container\">\n\t\t\t\t\t<div class=\"elementor-spacer\">\n\t\t\t<div class=\"elementor-spacer-inner\"><\/div>\n\t\t<\/div>\n\t\t\t\t<\/div>\n\t\t\t\t<\/div>\n\t\t\t\t<div class=\"elementor-element elementor-element-ab28244 elementor-widget elementor-widget-heading\" data-id=\"ab28244\" data-element_type=\"widget\" data-widget_type=\"heading.default\">\n\t\t\t\t<div class=\"elementor-widget-container\">\n\t\t\t<h2 class=\"elementor-heading-title elementor-size-default\">Conhe\u00e7a as outras edi\u00e7\u00f5es das Olimp\u00edadas<\/h2>\t\t<\/div>\n\t\t\t\t<\/div>\n\t\t\t\t\t<\/div>\n\t\t<\/div>\n\t\t\t\t\t<\/div>\n\t\t<\/section>\n\t\t\t\t<section class=\"elementor-section elementor-top-section elementor-element elementor-element-a7250df elementor-section-boxed elementor-section-height-default elementor-section-height-default\" data-id=\"a7250df\" data-element_type=\"section\">\n\t\t\t\t\t\t<div class=\"elementor-container elementor-column-gap-default\">\n\t\t\t\t\t<div class=\"elementor-column elementor-col-25 elementor-top-column elementor-element elementor-element-0c9460a\" data-id=\"0c9460a\" data-element_type=\"column\">\n\t\t\t<div class=\"elementor-widget-wrap elementor-element-populated\">\n\t\t\t\t\t\t<div class=\"elementor-element elementor-element-fe6033d elementor-align-center elementor-widget elementor-widget-button\" data-id=\"fe6033d\" data-element_type=\"widget\" data-widget_type=\"button.default\">\n\t\t\t\t<div class=\"elementor-widget-container\">\n\t\t\t\t\t\t\t<div class=\"elementor-button-wrapper\">\n\t\t\t\t\t<a class=\"elementor-button elementor-button-link elementor-size-sm\" href=\"https:\/\/sites.usp.br\/bemestaranimal\/elementor-599\/\">\n\t\t\t\t\t\t<span class=\"elementor-button-content-wrapper\">\n\t\t\t\t\t\t\t\t\t<span class=\"elementor-button-text\">2019<\/span>\n\t\t\t\t\t<\/span>\n\t\t\t\t\t<\/a>\n\t\t\t\t<\/div>\n\t\t\t\t\t\t<\/div>\n\t\t\t\t<\/div>\n\t\t\t\t\t<\/div>\n\t\t<\/div>\n\t\t\t\t<div class=\"elementor-column elementor-col-25 elementor-top-column elementor-element elementor-element-e1cab9c\" data-id=\"e1cab9c\" data-element_type=\"column\">\n\t\t\t<div class=\"elementor-widget-wrap elementor-element-populated\">\n\t\t\t\t\t\t<div class=\"elementor-element elementor-element-5097054 elementor-align-center elementor-widget elementor-widget-button\" data-id=\"5097054\" data-element_type=\"widget\" data-widget_type=\"button.default\">\n\t\t\t\t<div class=\"elementor-widget-container\">\n\t\t\t\t\t\t\t<div class=\"elementor-button-wrapper\">\n\t\t\t\t\t<a class=\"elementor-button elementor-button-link elementor-size-sm\" href=\"https:\/\/sites.usp.br\/bemestaranimal\/elementor-537\/\">\n\t\t\t\t\t\t<span class=\"elementor-button-content-wrapper\">\n\t\t\t\t\t\t\t\t\t<span class=\"elementor-button-text\">2020<\/span>\n\t\t\t\t\t<\/span>\n\t\t\t\t\t<\/a>\n\t\t\t\t<\/div>\n\t\t\t\t\t\t<\/div>\n\t\t\t\t<\/div>\n\t\t\t\t\t<\/div>\n\t\t<\/div>\n\t\t\t\t<div class=\"elementor-column elementor-col-25 elementor-top-column elementor-element elementor-element-ab2c583\" data-id=\"ab2c583\" data-element_type=\"column\">\n\t\t\t<div class=\"elementor-widget-wrap elementor-element-populated\">\n\t\t\t\t\t\t<div class=\"elementor-element elementor-element-95dd3ad elementor-align-center elementor-widget elementor-widget-button\" data-id=\"95dd3ad\" data-element_type=\"widget\" data-widget_type=\"button.default\">\n\t\t\t\t<div class=\"elementor-widget-container\">\n\t\t\t\t\t\t\t<div class=\"elementor-button-wrapper\">\n\t\t\t\t\t<a class=\"elementor-button elementor-button-link elementor-size-sm\" href=\"https:\/\/sites.usp.br\/bemestaranimal\/elementor-547\/\">\n\t\t\t\t\t\t<span class=\"elementor-button-content-wrapper\">\n\t\t\t\t\t\t\t\t\t<span class=\"elementor-button-text\">2021<\/span>\n\t\t\t\t\t<\/span>\n\t\t\t\t\t<\/a>\n\t\t\t\t<\/div>\n\t\t\t\t\t\t<\/div>\n\t\t\t\t<\/div>\n\t\t\t\t\t<\/div>\n\t\t<\/div>\n\t\t\t\t<div class=\"elementor-column elementor-col-25 elementor-top-column elementor-element elementor-element-6bb51b5\" data-id=\"6bb51b5\" data-element_type=\"column\">\n\t\t\t<div class=\"elementor-widget-wrap elementor-element-populated\">\n\t\t\t\t\t\t<div class=\"elementor-element elementor-element-49bf873 elementor-align-center elementor-widget elementor-widget-button\" data-id=\"49bf873\" data-element_type=\"widget\" data-widget_type=\"button.default\">\n\t\t\t\t<div class=\"elementor-widget-container\">\n\t\t\t\t\t\t\t<div class=\"elementor-button-wrapper\">\n\t\t\t\t\t<a class=\"elementor-button elementor-button-link elementor-size-sm\" href=\"https:\/\/sites.usp.br\/bemestaranimal\/elementor-558\/\">\n\t\t\t\t\t\t<span class=\"elementor-button-content-wrapper\">\n\t\t\t\t\t\t\t\t\t<span class=\"elementor-button-text\">2024<\/span>\n\t\t\t\t\t<\/span>\n\t\t\t\t\t<\/a>\n\t\t\t\t<\/div>\n\t\t\t\t\t\t<\/div>\n\t\t\t\t<\/div>\n\t\t\t\t\t<\/div>\n\t\t<\/div>\n\t\t\t\t\t<\/div>\n\t\t<\/section>\n\t\t\t\t<section class=\"elementor-section elementor-top-section elementor-element elementor-element-69ae7eb elementor-section-boxed elementor-section-height-default elementor-section-height-default\" data-id=\"69ae7eb\" data-element_type=\"section\">\n\t\t\t\t\t\t<div class=\"elementor-container elementor-column-gap-default\">\n\t\t\t\t\t<div class=\"elementor-column elementor-col-100 elementor-top-column elementor-element elementor-element-854fbc9\" data-id=\"854fbc9\" data-element_type=\"column\">\n\t\t\t<div class=\"elementor-widget-wrap elementor-element-populated\">\n\t\t\t\t\t\t<div class=\"elementor-element elementor-element-b0d66d2 elementor-widget elementor-widget-spacer\" data-id=\"b0d66d2\" data-element_type=\"widget\" data-widget_type=\"spacer.default\">\n\t\t\t\t<div class=\"elementor-widget-container\">\n\t\t\t\t\t<div class=\"elementor-spacer\">\n\t\t\t<div class=\"elementor-spacer-inner\"><\/div>\n\t\t<\/div>\n\t\t\t\t<\/div>\n\t\t\t\t<\/div>\n\t\t\t\t\t<\/div>\n\t\t<\/div>\n\t\t\t\t\t<\/div>\n\t\t<\/section>\n\t\t\t\t<\/div>\n\t\t","protected":false},"excerpt":{"rendered":"<p><a class=\"more-link\" href=\"https:\/\/sites.usp.br\/bemestaranimal\/2018-2\/\"><span class=\"more-text\">Continue reading <span class=\"icon-long-arrow-right\"><\/span><\/span><\/a><\/p>\n","protected":false},"author":23787,"featured_media":0,"parent":0,"menu_order":0,"comment_status":"closed","ping_status":"closed","template":"elementor_header_footer","meta":{"footnotes":"","_links_to":"","_links_to_target":""},"categories":[],"tags":[],"class_list":["post-478","page","type-page","status-publish","hentry","post"],"_links":{"self":[{"href":"https:\/\/sites.usp.br\/bemestaranimal\/wp-json\/wp\/v2\/pages\/478","targetHints":{"allow":["GET"]}}],"collection":[{"href":"https:\/\/sites.usp.br\/bemestaranimal\/wp-json\/wp\/v2\/pages"}],"about":[{"href":"https:\/\/sites.usp.br\/bemestaranimal\/wp-json\/wp\/v2\/types\/page"}],"author":[{"embeddable":true,"href":"https:\/\/sites.usp.br\/bemestaranimal\/wp-json\/wp\/v2\/users\/23787"}],"replies":[{"embeddable":true,"href":"https:\/\/sites.usp.br\/bemestaranimal\/wp-json\/wp\/v2\/comments?post=478"}],"version-history":[{"count":4,"href":"https:\/\/sites.usp.br\/bemestaranimal\/wp-json\/wp\/v2\/pages\/478\/revisions"}],"predecessor-version":[{"id":907,"href":"https:\/\/sites.usp.br\/bemestaranimal\/wp-json\/wp\/v2\/pages\/478\/revisions\/907"}],"wp:attachment":[{"href":"https:\/\/sites.usp.br\/bemestaranimal\/wp-json\/wp\/v2\/media?parent=478"}],"wp:term":[{"taxonomy":"category","embeddable":true,"href":"https:\/\/sites.usp.br\/bemestaranimal\/wp-json\/wp\/v2\/categories?post=478"},{"taxonomy":"post_tag","embeddable":true,"href":"https:\/\/sites.usp.br\/bemestaranimal\/wp-json\/wp\/v2\/tags?post=478"}],"curies":[{"name":"wp","href":"https:\/\/api.w.org\/{rel}","templated":true}]}}