{"id":62,"date":"2014-02-12T11:28:30","date_gmt":"2014-02-12T13:28:30","guid":{"rendered":"http:\/\/sites.usp.br\/bemestaranimal\/?page_id=62"},"modified":"2024-08-22T12:57:09","modified_gmt":"2024-08-22T14:57:09","slug":"pagina-1","status":"publish","type":"page","link":"https:\/\/sites.usp.br\/bemestaranimal\/pagina-1\/","title":{"rendered":"Sobre"},"content":{"rendered":"\t\t<div data-elementor-type=\"wp-post\" data-elementor-id=\"62\" class=\"elementor elementor-62\" data-elementor-post-type=\"page\">\n\t\t\t\t\t\t<section class=\"elementor-section elementor-top-section elementor-element elementor-element-7f5f1b1 elementor-section-boxed elementor-section-height-default elementor-section-height-default\" data-id=\"7f5f1b1\" data-element_type=\"section\">\n\t\t\t\t\t\t<div class=\"elementor-container elementor-column-gap-default\">\n\t\t\t\t\t<div class=\"elementor-column elementor-col-100 elementor-top-column elementor-element elementor-element-06b5606\" data-id=\"06b5606\" data-element_type=\"column\">\n\t\t\t<div class=\"elementor-widget-wrap elementor-element-populated\">\n\t\t\t\t\t\t<div class=\"elementor-element elementor-element-a5c72bd elementor-widget elementor-widget-heading\" data-id=\"a5c72bd\" data-element_type=\"widget\" data-widget_type=\"heading.default\">\n\t\t\t\t<div class=\"elementor-widget-container\">\n\t\t\t<h1 class=\"elementor-heading-title elementor-size-default\">Sobre n\u00f3s<\/h1>\t\t<\/div>\n\t\t\t\t<\/div>\n\t\t\t\t<div class=\"elementor-element elementor-element-54efab7 elementor-drop-cap-yes elementor-drop-cap-view-default elementor-invisible elementor-widget elementor-widget-text-editor\" data-id=\"54efab7\" data-element_type=\"widget\" data-settings=\"{&quot;drop_cap&quot;:&quot;yes&quot;,&quot;_animation&quot;:&quot;fadeIn&quot;}\" data-widget_type=\"text-editor.default\">\n\t\t\t\t<div class=\"elementor-widget-container\">\n\t\t\t\t\t\t\t<h4 style=\"text-align: left;\">\u00a0 \u00a0 \u00a0 \u00a0 Localizada no campus de Pirassununga, interior de S\u00e3o Paulo, a Faculdade de Zootecnia e Engenharia de Alimentos da Universidade de S\u00e3o Paulo \u00e9 uma das institui\u00e7\u00f5es de ensino superior mais renomadas do Brasil e do mundo em diversas \u00e1reas de pesquisa e forma\u00e7\u00e3o. Com uma hist\u00f3ria de excel\u00eancia acad\u00eamica que remonta a d\u00e9cadas, a faculdade tem desempenhado um papel crucial no avan\u00e7o do conhecimento e na forma\u00e7\u00e3o de profissionais altamente qualificados.<\/h4><h4 style=\"text-align: left;\">\u00a0 \u00a0 \u00a0 \u00a0 \u00a0Atualmente, s\u00e3o ministrados quatro cursos de gradua\u00e7\u00e3o: <span style=\"color: #993366;\"><a style=\"color: #993366;\" href=\"https:\/\/www.fzea.usp.br\/?page_id=1072\">Medicina Veterin\u00e1ria<\/a><\/span>, <span style=\"color: #993366;\"><a style=\"color: #993366;\" href=\"https:\/\/www.fzea.usp.br\/?page_id=1078\">Zootecnia<\/a><\/span>, <span style=\"color: #993366;\"><a style=\"color: #993366;\" href=\"https:\/\/www.fzea.usp.br\/?page_id=1055\">Engenharia de Alimentos<\/a><\/span> e <a href=\"https:\/\/www.fzea.usp.br\/?page_id=1066\"><span style=\"color: #993366;\">Engenharia de Biossistemas<\/span><\/a>, isso sem contar nos programas de p\u00f3s-gradua\u00e7\u00e3o, que ampliam ainda mais as oportunidades de pesquisa e desenvolvimento acad\u00eamico. Essa diversidade de cursos reflete o compromisso em preparar os alunos para enfrentar os desafios complexos do mercado de trabalho e contribuir de forma significativa para o avan\u00e7o da ci\u00eancia e da ind\u00fastria. <a href=\"https:\/\/www.fzea.usp.br\/\"><span style=\"color: #993366;\">Saiba mais sobre a universidade clicando aqui.<\/span><\/a><\/h4>\t\t\t\t\t\t<\/div>\n\t\t\t\t<\/div>\n\t\t\t\t<div class=\"elementor-element elementor-element-d0a336d elementor-invisible elementor-widget elementor-widget-video\" data-id=\"d0a336d\" data-element_type=\"widget\" data-settings=\"{&quot;youtube_url&quot;:&quot;https:\\\/\\\/www.youtube.com\\\/watch?v=Ehj6cgUOdao&quot;,&quot;autoplay&quot;:&quot;yes&quot;,&quot;play_on_mobile&quot;:&quot;yes&quot;,&quot;modestbranding&quot;:&quot;yes&quot;,&quot;_animation&quot;:&quot;fadeIn&quot;,&quot;video_type&quot;:&quot;youtube&quot;,&quot;controls&quot;:&quot;yes&quot;}\" data-widget_type=\"video.default\">\n\t\t\t\t<div class=\"elementor-widget-container\">\n\t\t\t\t\t<div class=\"elementor-wrapper elementor-open-inline\">\n\t\t\t<div class=\"elementor-video\"><\/div>\t\t<\/div>\n\t\t\t\t<\/div>\n\t\t\t\t<\/div>\n\t\t\t\t<div class=\"elementor-element elementor-element-b0b8a53 elementor-invisible elementor-widget elementor-widget-text-editor\" data-id=\"b0b8a53\" data-element_type=\"widget\" data-settings=\"{&quot;_animation&quot;:&quot;fadeIn&quot;}\" data-widget_type=\"text-editor.default\">\n\t\t\t\t<div class=\"elementor-widget-container\">\n\t\t\t\t\t\t\t<h4 style=\"text-align: left;\">\u00a0 \u00a0 \u00a0 \u00a0 A plataforma BEA foi um projeto idealizado e desenvolvido pela <span style=\"color: #993366;\"><a style=\"color: #993366;\" href=\"https:\/\/www.fzea.usp.br\/?page_id=3186\">Profa. Dra. Cristiane Gon\u00e7alves Titto<\/a>, <\/span><a href=\"https:\/\/www.fzea.usp.br\/?page_id=3440\"><span style=\"color: #993366;\">Profa. Dra. Daniele dos Santos Martins<\/span><\/a> e outros alunos da gradua\u00e7\u00e3o. Seu objetivo principal \u00e9 disseminar informa\u00e7\u00f5es de qualidade e trabalhos cient\u00edficos de todo o mundo sobre Bem-Estar Animal. A iniciativa visa proporcionar um espa\u00e7o virtual que re\u00fana conhecimento relevante e atualizado nessa \u00e1rea crucial, contribuindo assim para a promo\u00e7\u00e3o do bem-estar dos animais e para o avan\u00e7o da pesquisa cient\u00edfica nesse campo t\u00e3o importante.<\/h4>\t\t\t\t\t\t<\/div>\n\t\t\t\t<\/div>\n\t\t\t\t\t<\/div>\n\t\t<\/div>\n\t\t\t\t\t<\/div>\n\t\t<\/section>\n\t\t\t\t<section class=\"elementor-section elementor-top-section elementor-element elementor-element-d097b6b elementor-section-boxed elementor-section-height-default elementor-section-height-default\" data-id=\"d097b6b\" data-element_type=\"section\">\n\t\t\t\t\t\t<div class=\"elementor-container elementor-column-gap-default\">\n\t\t\t\t\t<div class=\"elementor-column elementor-col-33 elementor-top-column elementor-element elementor-element-a8c1245\" data-id=\"a8c1245\" data-element_type=\"column\">\n\t\t\t<div class=\"elementor-widget-wrap elementor-element-populated\">\n\t\t\t\t\t\t<div class=\"elementor-element elementor-element-3f6feb6 elementor-align-center elementor-widget elementor-widget-button\" data-id=\"3f6feb6\" data-element_type=\"widget\" data-widget_type=\"button.default\">\n\t\t\t\t<div class=\"elementor-widget-container\">\n\t\t\t\t\t\t\t<div class=\"elementor-button-wrapper\">\n\t\t\t\t\t<a class=\"elementor-button elementor-button-link elementor-size-md\" href=\"https:\/\/www.instagram.com\/geebeausp\/\">\n\t\t\t\t\t\t<span class=\"elementor-button-content-wrapper\">\n\t\t\t\t\t\t<span class=\"elementor-button-icon\">\n\t\t\t\t<i aria-hidden=\"true\" class=\"fab fa-instagram\"><\/i>\t\t\t<\/span>\n\t\t\t\t\t\t\t\t\t<span class=\"elementor-button-text\">geebeausp<\/span>\n\t\t\t\t\t<\/span>\n\t\t\t\t\t<\/a>\n\t\t\t\t<\/div>\n\t\t\t\t\t\t<\/div>\n\t\t\t\t<\/div>\n\t\t\t\t\t<\/div>\n\t\t<\/div>\n\t\t\t\t<div class=\"elementor-column elementor-col-33 elementor-top-column elementor-element elementor-element-582cc3a\" data-id=\"582cc3a\" data-element_type=\"column\">\n\t\t\t<div class=\"elementor-widget-wrap elementor-element-populated\">\n\t\t\t\t\t\t<div class=\"elementor-element elementor-element-e3cdc5c elementor-align-center elementor-widget elementor-widget-button\" data-id=\"e3cdc5c\" data-element_type=\"widget\" data-widget_type=\"button.default\">\n\t\t\t\t<div class=\"elementor-widget-container\">\n\t\t\t\t\t\t\t<div class=\"elementor-button-wrapper\">\n\t\t\t\t\t<a class=\"elementor-button elementor-button-link elementor-size-md\" href=\"https:\/\/www.instagram.com\/labefzea\/\">\n\t\t\t\t\t\t<span class=\"elementor-button-content-wrapper\">\n\t\t\t\t\t\t<span class=\"elementor-button-icon\">\n\t\t\t\t<i aria-hidden=\"true\" class=\"fab fa-instagram\"><\/i>\t\t\t<\/span>\n\t\t\t\t\t\t\t\t\t<span class=\"elementor-button-text\">labefzea<\/span>\n\t\t\t\t\t<\/span>\n\t\t\t\t\t<\/a>\n\t\t\t\t<\/div>\n\t\t\t\t\t\t<\/div>\n\t\t\t\t<\/div>\n\t\t\t\t\t<\/div>\n\t\t<\/div>\n\t\t\t\t<div class=\"elementor-column elementor-col-33 elementor-top-column elementor-element elementor-element-ea18abc\" data-id=\"ea18abc\" data-element_type=\"column\">\n\t\t\t<div class=\"elementor-widget-wrap elementor-element-populated\">\n\t\t\t\t\t\t<div class=\"elementor-element elementor-element-c0744b1 elementor-align-center elementor-widget elementor-widget-button\" data-id=\"c0744b1\" data-element_type=\"widget\" data-widget_type=\"button.default\">\n\t\t\t\t<div class=\"elementor-widget-container\">\n\t\t\t\t\t\t\t<div class=\"elementor-button-wrapper\">\n\t\t\t\t\t<a class=\"elementor-button elementor-button-link elementor-size-md\" href=\"https:\/\/www.instagram.com\/beafzea?igsh=cGJhY2tkem5qMGV5\">\n\t\t\t\t\t\t<span class=\"elementor-button-content-wrapper\">\n\t\t\t\t\t\t<span class=\"elementor-button-icon\">\n\t\t\t\t<i aria-hidden=\"true\" class=\"fab fa-instagram\"><\/i>\t\t\t<\/span>\n\t\t\t\t\t\t\t\t\t<span class=\"elementor-button-text\">beafzea<\/span>\n\t\t\t\t\t<\/span>\n\t\t\t\t\t<\/a>\n\t\t\t\t<\/div>\n\t\t\t\t\t\t<\/div>\n\t\t\t\t<\/div>\n\t\t\t\t\t<\/div>\n\t\t<\/div>\n\t\t\t\t\t<\/div>\n\t\t<\/section>\n\t\t\t\t<\/div>\n\t\t","protected":false},"excerpt":{"rendered":"<p><a class=\"more-link\" href=\"https:\/\/sites.usp.br\/bemestaranimal\/pagina-1\/\"><span class=\"more-text\">Continue reading <span class=\"icon-long-arrow-right\"><\/span><\/span><\/a><\/p>\n","protected":false},"author":1,"featured_media":0,"parent":0,"menu_order":0,"comment_status":"closed","ping_status":"closed","template":"elementor_header_footer","meta":{"footnotes":"","_links_to":"","_links_to_target":""},"categories":[],"tags":[],"class_list":["post-62","page","type-page","status-publish","hentry","post"],"_links":{"self":[{"href":"https:\/\/sites.usp.br\/bemestaranimal\/wp-json\/wp\/v2\/pages\/62","targetHints":{"allow":["GET"]}}],"collection":[{"href":"https:\/\/sites.usp.br\/bemestaranimal\/wp-json\/wp\/v2\/pages"}],"about":[{"href":"https:\/\/sites.usp.br\/bemestaranimal\/wp-json\/wp\/v2\/types\/page"}],"author":[{"embeddable":true,"href":"https:\/\/sites.usp.br\/bemestaranimal\/wp-json\/wp\/v2\/users\/1"}],"replies":[{"embeddable":true,"href":"https:\/\/sites.usp.br\/bemestaranimal\/wp-json\/wp\/v2\/comments?post=62"}],"version-history":[{"count":4,"href":"https:\/\/sites.usp.br\/bemestaranimal\/wp-json\/wp\/v2\/pages\/62\/revisions"}],"predecessor-version":[{"id":901,"href":"https:\/\/sites.usp.br\/bemestaranimal\/wp-json\/wp\/v2\/pages\/62\/revisions\/901"}],"wp:attachment":[{"href":"https:\/\/sites.usp.br\/bemestaranimal\/wp-json\/wp\/v2\/media?parent=62"}],"wp:term":[{"taxonomy":"category","embeddable":true,"href":"https:\/\/sites.usp.br\/bemestaranimal\/wp-json\/wp\/v2\/categories?post=62"},{"taxonomy":"post_tag","embeddable":true,"href":"https:\/\/sites.usp.br\/bemestaranimal\/wp-json\/wp\/v2\/tags?post=62"}],"curies":[{"name":"wp","href":"https:\/\/api.w.org\/{rel}","templated":true}]}}