{"id":79,"date":"2014-02-24T16:51:20","date_gmt":"2014-02-24T18:51:20","guid":{"rendered":"http:\/\/sites.usp.br\/bemestaranimal\/?page_id=79"},"modified":"2024-08-22T12:57:49","modified_gmt":"2024-08-22T14:57:49","slug":"pagina-inicial","status":"publish","type":"page","link":"https:\/\/sites.usp.br\/bemestaranimal\/","title":{"rendered":"inicio"},"content":{"rendered":"\t\t<div data-elementor-type=\"wp-post\" data-elementor-id=\"79\" class=\"elementor elementor-79\" data-elementor-post-type=\"page\">\n\t\t\t\t\t\t<section class=\"elementor-section elementor-top-section elementor-element elementor-element-1a0774e8 elementor-section-boxed elementor-section-height-default elementor-section-height-default\" data-id=\"1a0774e8\" data-element_type=\"section\">\n\t\t\t\t\t\t<div class=\"elementor-container elementor-column-gap-default\">\n\t\t\t\t\t<div class=\"elementor-column elementor-col-100 elementor-top-column elementor-element elementor-element-707ab61b\" data-id=\"707ab61b\" data-element_type=\"column\">\n\t\t\t<div class=\"elementor-widget-wrap elementor-element-populated\">\n\t\t\t\t\t\t<div class=\"elementor-element elementor-element-80f2b01 elementor-widget elementor-widget-heading\" data-id=\"80f2b01\" data-element_type=\"widget\" data-widget_type=\"heading.default\">\n\t\t\t\t<div class=\"elementor-widget-container\">\n\t\t\t<h2 class=\"elementor-heading-title elementor-size-default\">Seja bem-vindo \u00e0 nossa plataforma dedicada ao Bem-Estar Animal (BEA)!<\/h2>\t\t<\/div>\n\t\t\t\t<\/div>\n\t\t\t\t\t<\/div>\n\t\t<\/div>\n\t\t\t\t\t<\/div>\n\t\t<\/section>\n\t\t\t\t<section class=\"elementor-section elementor-top-section elementor-element elementor-element-253d45c elementor-section-boxed elementor-section-height-default elementor-section-height-default\" data-id=\"253d45c\" data-element_type=\"section\">\n\t\t\t\t\t\t<div class=\"elementor-container elementor-column-gap-default\">\n\t\t\t\t\t<div class=\"elementor-column elementor-col-100 elementor-top-column elementor-element elementor-element-aa8688a\" data-id=\"aa8688a\" data-element_type=\"column\">\n\t\t\t<div class=\"elementor-widget-wrap elementor-element-populated\">\n\t\t\t\t\t\t<div class=\"elementor-element elementor-element-72e21ae elementor-widget__width-inherit elementor-arrows-position-inside elementor-pagination-position-outside elementor-invisible elementor-widget elementor-widget-image-carousel\" data-id=\"72e21ae\" data-element_type=\"widget\" data-settings=\"{&quot;slides_to_show&quot;:&quot;1&quot;,&quot;autoplay_speed&quot;:4000,&quot;_animation&quot;:&quot;fadeIn&quot;,&quot;navigation&quot;:&quot;both&quot;,&quot;autoplay&quot;:&quot;yes&quot;,&quot;pause_on_hover&quot;:&quot;yes&quot;,&quot;pause_on_interaction&quot;:&quot;yes&quot;,&quot;infinite&quot;:&quot;yes&quot;,&quot;effect&quot;:&quot;slide&quot;,&quot;speed&quot;:500}\" data-widget_type=\"image-carousel.default\">\n\t\t\t\t<div class=\"elementor-widget-container\">\n\t\t\t\t\t<div class=\"elementor-image-carousel-wrapper swiper\" dir=\"ltr\">\n\t\t\t<div class=\"elementor-image-carousel swiper-wrapper\" aria-live=\"off\">\n\t\t\t\t\t\t\t\t<div class=\"swiper-slide\" role=\"group\" aria-roledescription=\"slide\" aria-label=\"1 de 4\"><figure class=\"swiper-slide-inner\"><img decoding=\"async\" class=\"swiper-slide-image\" src=\"https:\/\/sites.usp.br\/bemestaranimal\/wp-content\/uploads\/sites\/1273\/2024\/01\/Saiba-o-que-sao-e-a-diferenca-entre-eles.png\" alt=\"Saiba o que s\u00e3o e a diferen\u00e7a entre eles\" \/><\/figure><\/div><div class=\"swiper-slide\" role=\"group\" aria-roledescription=\"slide\" aria-label=\"2 de 4\"><figure class=\"swiper-slide-inner\"><img decoding=\"async\" class=\"swiper-slide-image\" src=\"https:\/\/sites.usp.br\/bemestaranimal\/wp-content\/uploads\/sites\/1273\/2024\/01\/Saiba-o-que-sao-e-a-diferenca-entre-eles-1.png\" alt=\"Saiba o que s\u00e3o e a diferen\u00e7a entre eles (1)\" \/><\/figure><\/div><div class=\"swiper-slide\" role=\"group\" aria-roledescription=\"slide\" aria-label=\"3 de 4\"><figure class=\"swiper-slide-inner\"><img decoding=\"async\" class=\"swiper-slide-image\" src=\"https:\/\/sites.usp.br\/bemestaranimal\/wp-content\/uploads\/sites\/1273\/2024\/01\/Saiba-o-que-sao-e-a-diferenca-entre-eles-2.png\" alt=\"Saiba o que s\u00e3o e a diferen\u00e7a entre eles (2)\" \/><\/figure><\/div><div class=\"swiper-slide\" role=\"group\" aria-roledescription=\"slide\" aria-label=\"4 de 4\"><figure class=\"swiper-slide-inner\"><img decoding=\"async\" class=\"swiper-slide-image\" src=\"https:\/\/sites.usp.br\/bemestaranimal\/wp-content\/uploads\/sites\/1273\/2024\/01\/Saiba-o-que-sao-e-a-diferenca-entre-eles-3.png\" alt=\"Saiba o que s\u00e3o e a diferen\u00e7a entre eles (3)\" \/><\/figure><\/div>\t\t\t<\/div>\n\t\t\t\t\t\t\t\t\t\t\t\t<div class=\"elementor-swiper-button elementor-swiper-button-prev\" role=\"button\" tabindex=\"0\">\n\t\t\t\t\t\t<i aria-hidden=\"true\" class=\"eicon-chevron-left\"><\/i>\t\t\t\t\t<\/div>\n\t\t\t\t\t<div class=\"elementor-swiper-button elementor-swiper-button-next\" role=\"button\" tabindex=\"0\">\n\t\t\t\t\t\t<i aria-hidden=\"true\" class=\"eicon-chevron-right\"><\/i>\t\t\t\t\t<\/div>\n\t\t\t\t\n\t\t\t\t\t\t\t\t\t<div class=\"swiper-pagination\"><\/div>\n\t\t\t\t\t\t\t\t\t<\/div>\n\t\t\t\t<\/div>\n\t\t\t\t<\/div>\n\t\t\t\t<div class=\"elementor-element elementor-element-459629f elementor-widget elementor-widget-html\" data-id=\"459629f\" data-element_type=\"widget\" data-widget_type=\"html.default\">\n\t\t\t\t<div class=\"elementor-widget-container\">\n\t\t\t<script>\n    'use strict';\n    document.addEventListener\n    ('DOMContentLoaded', function () {\n    var filteredImages = document\n        .querySelectorAll('.swiper-slide');\n\n    var links = [\n        'https:\/\/sites.usp.br\/bemestaranimal\/quizz\/',\n        ' https:\/\/sites.usp.br\/bemestaranimal\/elementor-664\/',\n        'https:\/\/sites.usp.br\/bemestaranimal\/trabalhos-3\/',\n        'https:\/\/sites.usp.br\/bemestaranimal\/olimpiadas\/',\n         \n        'https:\/\/sites.usp.br\/bemestaranimal\/quizz\/',\n        ' https:\/\/sites.usp.br\/bemestaranimal\/elementor-664\/',\n        'https:\/\/sites.usp.br\/bemestaranimal\/trabalhos-3\/',\n        'https:\/\/sites.usp.br\/bemestaranimal\/olimpiadas\/',\n\n         'https:\/\/sites.usp.br\/bemestaranimal\/quizz\/',\n        ' https:\/\/sites.usp.br\/bemestaranimal\/elementor-664\/',\n        'https:\/\/sites.usp.br\/bemestaranimal\/trabalhos-3\/',\n        'https:\/\/sites.usp.br\/bemestaranimal\/olimpiadas\/'\n    ];\nvar _loope = function _loope(i) {\n    filteredImages[i].addEventListener\n            ('click', function () {\n            location = links[i];\n    });\n}\nfor (var i = 0; i < filteredImages\n    .length; i++) {\n    _loope(i);\n    }\n\n});\n<\/script>\n<style>\n    .swiper-slide {\n    cursor: pointer;\n    }\n<\/style>\t\t<\/div>\n\t\t\t\t<\/div>\n\t\t\t\t\t<\/div>\n\t\t<\/div>\n\t\t\t\t\t<\/div>\n\t\t<\/section>\n\t\t\t\t<section class=\"elementor-section elementor-top-section elementor-element elementor-element-9a9c2b0 elementor-section-boxed elementor-section-height-default elementor-section-height-default\" data-id=\"9a9c2b0\" data-element_type=\"section\">\n\t\t\t\t\t\t<div class=\"elementor-container elementor-column-gap-default\">\n\t\t\t\t\t<div class=\"elementor-column elementor-col-100 elementor-top-column elementor-element elementor-element-bd64d28\" data-id=\"bd64d28\" data-element_type=\"column\">\n\t\t\t<div class=\"elementor-widget-wrap elementor-element-populated\">\n\t\t\t\t\t\t<div class=\"elementor-element elementor-element-97585db elementor-widget elementor-widget-text-editor\" data-id=\"97585db\" data-element_type=\"widget\" data-widget_type=\"text-editor.default\">\n\t\t\t\t<div class=\"elementor-widget-container\">\n\t\t\t\t\t\t\t<p>Aqui voc\u00ea encontrar\u00e1 recursos e informa\u00e7\u00f5es para promover o cuidado e o respeito aos animais, al\u00e9m de apoio para disserta\u00e7\u00f5es!<\/p><p>Nossa miss\u00e3o \u00e9 criar um espa\u00e7o inclusivo e educativo, onde todas as pessoas possam aprender, compartilhar e colaborar para garantir o bem-estar dos nossos amigos de quatro patas, penas, nadadeiras e muito mais! Esse ambiente \u00e9 nosso, explore-o, aprenda e fa\u00e7a a diferen\u00e7a!<\/p>\t\t\t\t\t\t<\/div>\n\t\t\t\t<\/div>\n\t\t\t\t\t<\/div>\n\t\t<\/div>\n\t\t\t\t\t<\/div>\n\t\t<\/section>\n\t\t\t\t<section class=\"elementor-section elementor-top-section elementor-element elementor-element-e7002a7 elementor-section-boxed elementor-section-height-default elementor-section-height-default\" data-id=\"e7002a7\" data-element_type=\"section\">\n\t\t\t\t\t\t<div class=\"elementor-container elementor-column-gap-default\">\n\t\t\t\t\t<div class=\"elementor-column elementor-col-100 elementor-top-column elementor-element elementor-element-d1f86dc\" data-id=\"d1f86dc\" data-element_type=\"column\">\n\t\t\t<div class=\"elementor-widget-wrap\">\n\t\t\t\t\t\t\t<\/div>\n\t\t<\/div>\n\t\t\t\t\t<\/div>\n\t\t<\/section>\n\t\t\t\t<\/div>\n\t\t","protected":false},"excerpt":{"rendered":"<p><a class=\"more-link\" href=\"https:\/\/sites.usp.br\/bemestaranimal\/\"><span class=\"more-text\">Continue reading <span class=\"icon-long-arrow-right\"><\/span><\/span><\/a><\/p>\n","protected":false},"author":1,"featured_media":0,"parent":0,"menu_order":0,"comment_status":"closed","ping_status":"closed","template":"elementor_header_footer","meta":{"footnotes":"","_links_to":"","_links_to_target":""},"categories":[],"tags":[],"class_list":["post-79","page","type-page","status-publish","hentry","post"],"_links":{"self":[{"href":"https:\/\/sites.usp.br\/bemestaranimal\/wp-json\/wp\/v2\/pages\/79","targetHints":{"allow":["GET"]}}],"collection":[{"href":"https:\/\/sites.usp.br\/bemestaranimal\/wp-json\/wp\/v2\/pages"}],"about":[{"href":"https:\/\/sites.usp.br\/bemestaranimal\/wp-json\/wp\/v2\/types\/page"}],"author":[{"embeddable":true,"href":"https:\/\/sites.usp.br\/bemestaranimal\/wp-json\/wp\/v2\/users\/1"}],"replies":[{"embeddable":true,"href":"https:\/\/sites.usp.br\/bemestaranimal\/wp-json\/wp\/v2\/comments?post=79"}],"version-history":[{"count":4,"href":"https:\/\/sites.usp.br\/bemestaranimal\/wp-json\/wp\/v2\/pages\/79\/revisions"}],"predecessor-version":[{"id":902,"href":"https:\/\/sites.usp.br\/bemestaranimal\/wp-json\/wp\/v2\/pages\/79\/revisions\/902"}],"wp:attachment":[{"href":"https:\/\/sites.usp.br\/bemestaranimal\/wp-json\/wp\/v2\/media?parent=79"}],"wp:term":[{"taxonomy":"category","embeddable":true,"href":"https:\/\/sites.usp.br\/bemestaranimal\/wp-json\/wp\/v2\/categories?post=79"},{"taxonomy":"post_tag","embeddable":true,"href":"https:\/\/sites.usp.br\/bemestaranimal\/wp-json\/wp\/v2\/tags?post=79"}],"curies":[{"name":"wp","href":"https:\/\/api.w.org\/{rel}","templated":true}]}}