{"id":818,"date":"2024-08-22T11:15:23","date_gmt":"2024-08-22T13:15:23","guid":{"rendered":"https:\/\/sites.usp.br\/bemestaranimal\/?page_id=818"},"modified":"2024-08-22T15:07:16","modified_gmt":"2024-08-22T17:07:16","slug":"trabalhos-3","status":"publish","type":"page","link":"https:\/\/sites.usp.br\/bemestaranimal\/trabalhos-3\/","title":{"rendered":"Trabalhos-final"},"content":{"rendered":"\t\t<div data-elementor-type=\"wp-page\" data-elementor-id=\"818\" class=\"elementor elementor-818\" data-elementor-post-type=\"page\">\n\t\t\t\t\t\t<section class=\"elementor-section elementor-top-section elementor-element elementor-element-0c40bcd elementor-section-boxed elementor-section-height-default elementor-section-height-default\" data-id=\"0c40bcd\" data-element_type=\"section\">\n\t\t\t\t\t\t<div class=\"elementor-container elementor-column-gap-default\">\n\t\t\t\t\t<div class=\"elementor-column elementor-col-100 elementor-top-column elementor-element elementor-element-35121d6\" data-id=\"35121d6\" data-element_type=\"column\">\n\t\t\t<div class=\"elementor-widget-wrap elementor-element-populated\">\n\t\t\t\t\t\t<div class=\"elementor-element elementor-element-641239c elementor-widget elementor-widget-heading\" data-id=\"641239c\" data-element_type=\"widget\" data-widget_type=\"heading.default\">\n\t\t\t\t<div class=\"elementor-widget-container\">\n\t\t\t<h2 class=\"elementor-heading-title elementor-size-default\">Trabalhos cient\u00edficos<\/h2>\t\t<\/div>\n\t\t\t\t<\/div>\n\t\t\t\t<div class=\"elementor-element elementor-element-1a7220c elementor-widget elementor-widget-text-editor\" data-id=\"1a7220c\" data-element_type=\"widget\" data-widget_type=\"text-editor.default\">\n\t\t\t\t<div class=\"elementor-widget-container\">\n\t\t\t\t\t\t\t<p>Abaixo tem alguns trabalhos cient\u00edficos, n\u00e3o s\u00f3 realizados na Universidade de S\u00e3o Paulo, mas que a t\u00e9matica \u00e9 Bem-Estar animal! Aproveite para aumentar seus conhecimentos ou utilizar no meio acad\u00eamico!<\/p>\t\t\t\t\t\t<\/div>\n\t\t\t\t<\/div>\n\t\t\t\t\t<\/div>\n\t\t<\/div>\n\t\t\t\t\t<\/div>\n\t\t<\/section>\n\t\t\t\t<section class=\"elementor-section elementor-top-section elementor-element elementor-element-94559a3 elementor-section-boxed elementor-section-height-default elementor-section-height-default\" data-id=\"94559a3\" data-element_type=\"section\">\n\t\t\t\t\t\t<div class=\"elementor-container elementor-column-gap-default\">\n\t\t\t\t\t<div class=\"elementor-column elementor-col-100 elementor-top-column elementor-element elementor-element-9a6ddda\" data-id=\"9a6ddda\" data-element_type=\"column\">\n\t\t\t<div class=\"elementor-widget-wrap elementor-element-populated\">\n\t\t\t\t\t\t<div class=\"elementor-element elementor-element-35b3980 elementor-grid-3 elementor-grid-tablet-2 elementor-grid-mobile-1 elementor-posts--thumbnail-top elementor-widget elementor-widget-posts\" data-id=\"35b3980\" data-element_type=\"widget\" data-settings=\"{&quot;pagination_type&quot;:&quot;prev_next&quot;,&quot;classic_columns&quot;:&quot;3&quot;,&quot;classic_columns_tablet&quot;:&quot;2&quot;,&quot;classic_columns_mobile&quot;:&quot;1&quot;,&quot;classic_row_gap&quot;:{&quot;unit&quot;:&quot;px&quot;,&quot;size&quot;:35,&quot;sizes&quot;:[]},&quot;classic_row_gap_tablet&quot;:{&quot;unit&quot;:&quot;px&quot;,&quot;size&quot;:&quot;&quot;,&quot;sizes&quot;:[]},&quot;classic_row_gap_mobile&quot;:{&quot;unit&quot;:&quot;px&quot;,&quot;size&quot;:&quot;&quot;,&quot;sizes&quot;:[]}}\" data-widget_type=\"posts.classic\">\n\t\t\t\t<div class=\"elementor-widget-container\">\n\t\t\t\t\t<div class=\"elementor-posts-container elementor-posts elementor-posts--skin-classic elementor-grid\">\n\t\t\t\t<article class=\"elementor-post elementor-grid-item post-739 post type-post status-publish format-standard hentry category-trabalhos\">\n\t\t\t\t<div class=\"elementor-post__text\">\n\t\t\t\t<h3 class=\"elementor-post__title\">\n\t\t\t<a href=\"https:\/\/sites.usp.br\/bemestaranimal\/evolucao-da-ciencia-do-bem-estar-animal-uma-breve-revisao-sobre-aspectos-conceituais-e-metodologicos\/\" >\n\t\t\t\tEvolu\u00e7\u00e3o da ci\u00eancia do bem-estar animal: Uma breve revis\u00e3o sobre aspectos conceituais e metodol\u00f3gicos\t\t\t<\/a>\n\t\t<\/h3>\n\t\t\t\t<div class=\"elementor-post__meta-data\">\n\t\t\t\t\t<span class=\"elementor-post-date\">\n\t\t\t28\/08\/2018\t\t<\/span>\n\t\t\t\t<span class=\"elementor-post-avatar\">\n\t\t\tNenhum coment\u00e1rio\t\t<\/span>\n\t\t\t\t<\/div>\n\t\t\t\t<div class=\"elementor-post__excerpt\">\n\t\t\t\t\t<\/div>\n\t\t\n\t\t<a class=\"elementor-post__read-more\" href=\"https:\/\/sites.usp.br\/bemestaranimal\/evolucao-da-ciencia-do-bem-estar-animal-uma-breve-revisao-sobre-aspectos-conceituais-e-metodologicos\/\" aria-label=\"Read more about Evolu\u00e7\u00e3o da ci\u00eancia do bem-estar animal: Uma breve revis\u00e3o sobre aspectos conceituais e metodol\u00f3gicos\" tabindex=\"-1\" >\n\t\t\tLeia mais \u00bb\t\t<\/a>\n\n\t\t\t\t<\/div>\n\t\t\t\t<\/article>\n\t\t\t\t<article class=\"elementor-post elementor-grid-item post-733 post type-post status-publish format-standard hentry category-trabalhos\">\n\t\t\t\t<div class=\"elementor-post__text\">\n\t\t\t\t<h3 class=\"elementor-post__title\">\n\t\t\t<a href=\"https:\/\/sites.usp.br\/bemestaranimal\/industria-de-alimentos-de-origem-animal-riscos-e-oportunidades-para-o-setor-decorrentes-das-politicas-de-bem-estar-animal\/\" >\n\t\t\t\tInd\u00fastria de alimentos de origem animal: riscos e oportunidades para o setor decorrentes das pol\u00edticas de bem-estar animal\t\t\t<\/a>\n\t\t<\/h3>\n\t\t\t\t<div class=\"elementor-post__meta-data\">\n\t\t\t\t\t<span class=\"elementor-post-date\">\n\t\t\t21\/05\/2018\t\t<\/span>\n\t\t\t\t<span class=\"elementor-post-avatar\">\n\t\t\tNenhum coment\u00e1rio\t\t<\/span>\n\t\t\t\t<\/div>\n\t\t\t\t<div class=\"elementor-post__excerpt\">\n\t\t\t\t\t<\/div>\n\t\t\n\t\t<a class=\"elementor-post__read-more\" href=\"https:\/\/sites.usp.br\/bemestaranimal\/industria-de-alimentos-de-origem-animal-riscos-e-oportunidades-para-o-setor-decorrentes-das-politicas-de-bem-estar-animal\/\" aria-label=\"Read more about Ind\u00fastria de alimentos de origem animal: riscos e oportunidades para o setor decorrentes das pol\u00edticas de bem-estar animal\" tabindex=\"-1\" >\n\t\t\tLeia mais \u00bb\t\t<\/a>\n\n\t\t\t\t<\/div>\n\t\t\t\t<\/article>\n\t\t\t\t<article class=\"elementor-post elementor-grid-item post-741 post type-post status-publish format-standard hentry category-trabalhos\">\n\t\t\t\t<div class=\"elementor-post__text\">\n\t\t\t\t<h3 class=\"elementor-post__title\">\n\t\t\t<a href=\"https:\/\/sites.usp.br\/bemestaranimal\/bem-estar-animal-e-cuidados-com-os-animais\/\" >\n\t\t\t\tBem-estar animal e cuidados com os animais\t\t\t<\/a>\n\t\t<\/h3>\n\t\t\t\t<div class=\"elementor-post__meta-data\">\n\t\t\t\t\t<span class=\"elementor-post-date\">\n\t\t\t01\/05\/2018\t\t<\/span>\n\t\t\t\t<span class=\"elementor-post-avatar\">\n\t\t\tNenhum coment\u00e1rio\t\t<\/span>\n\t\t\t\t<\/div>\n\t\t\t\t<div class=\"elementor-post__excerpt\">\n\t\t\t\t\t<\/div>\n\t\t\n\t\t<a class=\"elementor-post__read-more\" href=\"https:\/\/sites.usp.br\/bemestaranimal\/bem-estar-animal-e-cuidados-com-os-animais\/\" aria-label=\"Read more about Bem-estar animal e cuidados com os animais\" tabindex=\"-1\" >\n\t\t\tLeia mais \u00bb\t\t<\/a>\n\n\t\t\t\t<\/div>\n\t\t\t\t<\/article>\n\t\t\t\t<article class=\"elementor-post elementor-grid-item post-852 post type-post status-publish format-standard hentry category-trabalhos\">\n\t\t\t\t<div class=\"elementor-post__text\">\n\t\t\t\t<h3 class=\"elementor-post__title\">\n\t\t\t<a href=\"https:\/\/sites.usp.br\/bemestaranimal\/projeto-carroceiro\/\" >\n\t\t\t\tProjeto carroceiro\t\t\t<\/a>\n\t\t<\/h3>\n\t\t\t\t<div class=\"elementor-post__meta-data\">\n\t\t\t\t\t<span class=\"elementor-post-date\">\n\t\t\t15\/08\/2011\t\t<\/span>\n\t\t\t\t<span class=\"elementor-post-avatar\">\n\t\t\tNenhum coment\u00e1rio\t\t<\/span>\n\t\t\t\t<\/div>\n\t\t\t\t<div class=\"elementor-post__excerpt\">\n\t\t\t\t\t<\/div>\n\t\t\n\t\t<a class=\"elementor-post__read-more\" href=\"https:\/\/sites.usp.br\/bemestaranimal\/projeto-carroceiro\/\" aria-label=\"Read more about Projeto carroceiro\" tabindex=\"-1\" >\n\t\t\tLeia mais \u00bb\t\t<\/a>\n\n\t\t\t\t<\/div>\n\t\t\t\t<\/article>\n\t\t\t\t<article class=\"elementor-post elementor-grid-item post-865 post type-post status-publish format-standard hentry category-trabalhos\">\n\t\t\t\t<div class=\"elementor-post__text\">\n\t\t\t\t<h3 class=\"elementor-post__title\">\n\t\t\t<a href=\"https:\/\/sites.usp.br\/bemestaranimal\/diferenciacao-por-qualidade-de-carne-bovina-com-os-animais\/\" >\n\t\t\t\tDiferencia\u00e7\u00e3o por qualidade de carne bovina com os animais\t\t\t<\/a>\n\t\t<\/h3>\n\t\t\t\t<div class=\"elementor-post__meta-data\">\n\t\t\t\t\t<span class=\"elementor-post-date\">\n\t\t\t01\/10\/2008\t\t<\/span>\n\t\t\t\t<span class=\"elementor-post-avatar\">\n\t\t\tNenhum coment\u00e1rio\t\t<\/span>\n\t\t\t\t<\/div>\n\t\t\t\t<div class=\"elementor-post__excerpt\">\n\t\t\t\t\t<\/div>\n\t\t\n\t\t<a class=\"elementor-post__read-more\" href=\"https:\/\/sites.usp.br\/bemestaranimal\/diferenciacao-por-qualidade-de-carne-bovina-com-os-animais\/\" aria-label=\"Read more about Diferencia\u00e7\u00e3o por qualidade de carne bovina com os animais\" tabindex=\"-1\" >\n\t\t\tLeia mais \u00bb\t\t<\/a>\n\n\t\t\t\t<\/div>\n\t\t\t\t<\/article>\n\t\t\t\t<article class=\"elementor-post elementor-grid-item post-737 post type-post status-publish format-standard hentry category-trabalhos\">\n\t\t\t\t<div class=\"elementor-post__text\">\n\t\t\t\t<h3 class=\"elementor-post__title\">\n\t\t\t<a href=\"https:\/\/sites.usp.br\/bemestaranimal\/bem-estar-animal-qual-e-a-novidade\/\" >\n\t\t\t\tBem-estar animal: qual \u00e9 a novidade?\t\t\t<\/a>\n\t\t<\/h3>\n\t\t\t\t<div class=\"elementor-post__meta-data\">\n\t\t\t\t\t<span class=\"elementor-post-date\">\n\t\t\t01\/01\/2007\t\t<\/span>\n\t\t\t\t<span class=\"elementor-post-avatar\">\n\t\t\tNenhum coment\u00e1rio\t\t<\/span>\n\t\t\t\t<\/div>\n\t\t\t\t<div class=\"elementor-post__excerpt\">\n\t\t\t\t\t<\/div>\n\t\t\n\t\t<a class=\"elementor-post__read-more\" href=\"https:\/\/sites.usp.br\/bemestaranimal\/bem-estar-animal-qual-e-a-novidade\/\" aria-label=\"Read more about Bem-estar animal: qual \u00e9 a novidade?\" tabindex=\"-1\" >\n\t\t\tLeia mais \u00bb\t\t<\/a>\n\n\t\t\t\t<\/div>\n\t\t\t\t<\/article>\n\t\t\t\t<article class=\"elementor-post elementor-grid-item post-735 post type-post status-publish format-standard hentry category-trabalhos\">\n\t\t\t\t<div class=\"elementor-post__text\">\n\t\t\t\t<h3 class=\"elementor-post__title\">\n\t\t\t<a href=\"https:\/\/sites.usp.br\/bemestaranimal\/analise-economica-e-bem-estar-animal-em-sistemas-de-producao-alternativos-uma-proposta-metodologica\/\" >\n\t\t\t\tAn\u00e1lise econ\u00f4mica e bem-estar animal em sistemas de produ\u00e7\u00e3o alternativos: uma proposta metodol\u00f3gica\t\t\t<\/a>\n\t\t<\/h3>\n\t\t\t\t<div class=\"elementor-post__meta-data\">\n\t\t\t\t\t<span class=\"elementor-post-date\">\n\t\t\t01\/01\/2007\t\t<\/span>\n\t\t\t\t<span class=\"elementor-post-avatar\">\n\t\t\tNenhum coment\u00e1rio\t\t<\/span>\n\t\t\t\t<\/div>\n\t\t\t\t<div class=\"elementor-post__excerpt\">\n\t\t\t\t\t<\/div>\n\t\t\n\t\t<a class=\"elementor-post__read-more\" href=\"https:\/\/sites.usp.br\/bemestaranimal\/analise-economica-e-bem-estar-animal-em-sistemas-de-producao-alternativos-uma-proposta-metodologica\/\" aria-label=\"Read more about An\u00e1lise econ\u00f4mica e bem-estar animal em sistemas de produ\u00e7\u00e3o alternativos: uma proposta metodol\u00f3gica\" tabindex=\"-1\" >\n\t\t\tLeia mais \u00bb\t\t<\/a>\n\n\t\t\t\t<\/div>\n\t\t\t\t<\/article>\n\t\t\t\t<article class=\"elementor-post elementor-grid-item post-96 post type-post status-publish format-standard hentry category-trabalhos\">\n\t\t\t\t<div class=\"elementor-post__text\">\n\t\t\t\t<h3 class=\"elementor-post__title\">\n\t\t\t<a href=\"https:\/\/sites.usp.br\/bemestaranimal\/bioclimatico\/\" >\n\t\t\t\tEstudo do comportamento bioclim\u00e1tico de matrizes su\u00ednas alojadas em baias individuais e coletivas, com \u00eanfase no bem-estar animal na fase de gesta\u00e7\u00e3o\t\t\t<\/a>\n\t\t<\/h3>\n\t\t\t\t<div class=\"elementor-post__meta-data\">\n\t\t\t\t\t<span class=\"elementor-post-date\">\n\t\t\t21\/07\/2006\t\t<\/span>\n\t\t\t\t<span class=\"elementor-post-avatar\">\n\t\t\tNenhum coment\u00e1rio\t\t<\/span>\n\t\t\t\t<\/div>\n\t\t\t\t<div class=\"elementor-post__excerpt\">\n\t\t\t\t\t<\/div>\n\t\t\n\t\t<a class=\"elementor-post__read-more\" href=\"https:\/\/sites.usp.br\/bemestaranimal\/bioclimatico\/\" aria-label=\"Read more about Estudo do comportamento bioclim\u00e1tico de matrizes su\u00ednas alojadas em baias individuais e coletivas, com \u00eanfase no bem-estar animal na fase de gesta\u00e7\u00e3o\" tabindex=\"-1\" >\n\t\t\tLeia mais \u00bb\t\t<\/a>\n\n\t\t\t\t<\/div>\n\t\t\t\t<\/article>\n\t\t\t\t<\/div>\n\t\t\n\t\t\t\t<\/div>\n\t\t\t\t<\/div>\n\t\t\t\t\t<\/div>\n\t\t<\/div>\n\t\t\t\t\t<\/div>\n\t\t<\/section>\n\t\t\t\t<\/div>\n\t\t","protected":false},"excerpt":{"rendered":"<p><a class=\"more-link\" href=\"https:\/\/sites.usp.br\/bemestaranimal\/bioclimatico\/\"><span class=\"more-text\">Continue reading <span class=\"icon-long-arrow-right\"><\/span><\/span><\/a><\/p>\n","protected":false},"author":23787,"featured_media":0,"parent":0,"menu_order":0,"comment_status":"closed","ping_status":"closed","template":"elementor_header_footer","meta":{"footnotes":"","_links_to":"","_links_to_target":""},"categories":[],"tags":[],"class_list":["post-818","page","type-page","status-publish","hentry","post"],"_links":{"self":[{"href":"https:\/\/sites.usp.br\/bemestaranimal\/wp-json\/wp\/v2\/pages\/818","targetHints":{"allow":["GET"]}}],"collection":[{"href":"https:\/\/sites.usp.br\/bemestaranimal\/wp-json\/wp\/v2\/pages"}],"about":[{"href":"https:\/\/sites.usp.br\/bemestaranimal\/wp-json\/wp\/v2\/types\/page"}],"author":[{"embeddable":true,"href":"https:\/\/sites.usp.br\/bemestaranimal\/wp-json\/wp\/v2\/users\/23787"}],"replies":[{"embeddable":true,"href":"https:\/\/sites.usp.br\/bemestaranimal\/wp-json\/wp\/v2\/comments?post=818"}],"version-history":[{"count":4,"href":"https:\/\/sites.usp.br\/bemestaranimal\/wp-json\/wp\/v2\/pages\/818\/revisions"}],"predecessor-version":[{"id":915,"href":"https:\/\/sites.usp.br\/bemestaranimal\/wp-json\/wp\/v2\/pages\/818\/revisions\/915"}],"wp:attachment":[{"href":"https:\/\/sites.usp.br\/bemestaranimal\/wp-json\/wp\/v2\/media?parent=818"}],"wp:term":[{"taxonomy":"category","embeddable":true,"href":"https:\/\/sites.usp.br\/bemestaranimal\/wp-json\/wp\/v2\/categories?post=818"},{"taxonomy":"post_tag","embeddable":true,"href":"https:\/\/sites.usp.br\/bemestaranimal\/wp-json\/wp\/v2\/tags?post=818"}],"curies":[{"name":"wp","href":"https:\/\/api.w.org\/{rel}","templated":true}]}}