{"id":176,"date":"2024-03-21T19:25:52","date_gmt":"2024-03-21T21:25:52","guid":{"rendered":"https:\/\/sites.usp.br\/bes\/?page_id=176"},"modified":"2025-06-24T17:23:26","modified_gmt":"2025-06-24T19:23:26","slug":"pesquisa","status":"publish","type":"page","link":"https:\/\/sites.usp.br\/bes\/pesquisa\/","title":{"rendered":"Pesquisa"},"content":{"rendered":"<p><strong>LINHA DE PESQUISA: SEXUALIDADE HUMANA<\/strong><\/p>\n<p>&nbsp;<\/p>\n<p style=\"text-align: center;\">Projeto de pesquisa de p\u00f3s doutorado: \u201c<strong>Investiga\u00e7\u00e3o de estrat\u00e9gias de promo\u00e7\u00e3o de sa\u00fade mental e combate ao estigma LGBTQIAPN+<\/strong><br \/>\n<strong>Pesquisadoras<\/strong>: Dra. Anthonieta Looman Mafra, Gabriela Nunes (projeto apoiado pela CNPq)<\/p>\n<p style=\"text-align: justify; padding-left: 40px;\">Este projeto busca avaliar o impacto de interven\u00e7\u00f5es psicossociais e educacionais na sa\u00fade mental de pessoas LGBTQIAPN+ e no combate ao estigma contra essa popula\u00e7\u00e3o. A pesquisa aborda o aumento de transtornos mentais, como ansiedade e depress\u00e3o, entre LGBTQIAPN+, frequentemente causado pelo estigma e discrimina\u00e7\u00e3o social. O estudo est\u00e1 sendo realizado em duas partes: uma com foco em interven\u00e7\u00f5es educacionais envolvendo 90 adolescentes e outra com interven\u00e7\u00f5es psicossociais com 716 adultos. Os participantes ser\u00e3o divididos entre grupos que receberam ou n\u00e3o as interven\u00e7\u00f5es. O objetivo \u00e9 desenvolver estrat\u00e9gias de apoio psicossocial e educacional para melhorar a qualidade de vida LGBTQIAPN+ e fornecer dados que possam orientar futuras interven\u00e7\u00f5es e pol\u00edticas p\u00fablicas no contexto brasileiro.<\/p>\n<p>&nbsp;<\/p>\n<p style=\"text-align: center;\">Projeto de pesquisa de doutorado: \u201c<strong>Diferentes tipos de homossexualidade masculina testados atrav\u00e9s de diferentes biomarcadores e aspectos psico-socio-sexuais<\/strong><br \/>\n<strong>Pesquisador<\/strong>: Bruno Henrique Amaral (projeto apoiado pela CNPq)<\/p>\n<p style=\"text-align: justify; padding-left: 40px;\">Este projeto de doutorado investiga a diversidade dentro da popula\u00e7\u00e3o homossexual masculina, que, apesar de ser frequentemente tratada como homog\u00eanea, apresenta subculturas com diferen\u00e7as comportamentais e psicol\u00f3gicas significativas, como Ursos, Twinks, e Drag Queens. Dividida em tr\u00eas estudos, a pesquisa aborda vari\u00e1veis como sociossexualidade, autoestima, e conformidade de g\u00eanero, al\u00e9m de explorar biomarcadores de sexualidade e estilo de vida. Resultados preliminares indicam que essas subculturas diferem em aspectos fundamentais, com implica\u00e7\u00f5es relevantes para interven\u00e7\u00f5es em sa\u00fade p\u00fablica e bem-estar.<\/p>\n<p>&nbsp;<\/p>\n<p style=\"text-align: center;\">Projeto de pesquisa de doutorado: \u201c<strong>O impacto do Senso de Humor na Din\u00e2mica das <\/strong><strong>Rela\u00e7\u00f5es Amorosas<\/strong><br \/>\n<strong>Pesquisadores<\/strong>: Leonardo Cezar Silva Costa, Mateus Cardeal (projeto apoiado pela CAPES)<\/p>\n<p style=\"text-align: justify; padding-left: 40px;\">Este projeto explora como diferentes estilos de humor influenciam a escolha de parceiros e a qualidade dos relacionamentos rom\u00e2nticos, desde as primeiras impress\u00f5es at\u00e9 as rela\u00e7\u00f5es de longo prazo. A pesquisa utiliza uma abordagem etol\u00f3gica e de psicologia sexual, aplicando question\u00e1rios sobre estilos de humor e simulando perfis de namoro online para avaliar prefer\u00eancias na produ\u00e7\u00e3o e aprecia\u00e7\u00e3o do humor. Tamb\u00e9m inclui an\u00e1lise n\u00e3o verbal de intera\u00e7\u00f5es de casais j\u00e1 estabelecidos. O estudo examina diferen\u00e7as entre homens e mulheres e o papel do humor na satisfa\u00e7\u00e3o e bem-estar dos casais, com base em fatores evolutivos e sociais.<\/p>\n<p>&nbsp;<\/p>\n<p style=\"text-align: center;\">Projeto de pesquisa de mestrado: \u201c<strong>Atra\u00e7\u00e3o por Tra\u00e7os Antissociais e Mecanismos de Sele\u00e7\u00e3o de Parceiros<\/strong><br \/>\n<strong>Pesquisadora<\/strong>: <span style=\"font-weight: 400;\">Katharina P. da Silva (<\/span>projeto apoiado pela CNPq)<\/p>\n<p style=\"text-align: justify; padding-left: 40px;\">Este projeto investiga a atra\u00e7\u00e3o por indiv\u00edduos com tra\u00e7os de personalidade antissociais, como aqueles presentes na Tr\u00edade Sombria (Machiavelismo, narcisismo e psicopatia). O estudo testa dois mecanismos: homogamia, que sugere que pessoas com altos n\u00edveis de tra\u00e7os antissociais preferem parceiros com tra\u00e7os semelhantes, e a hip\u00f3tese de &#8220;subproduto de desejabilidade,&#8221; que prop\u00f5e que esses tra\u00e7os podem ser vistos como atraentes quando combinados com caracter\u00edsticas desej\u00e1veis (como beleza ou prest\u00edgio). Resultados preliminares indicam que a homogamia \u00e9 um fator forte, enquanto o &#8220;subproduto de desejabilidade&#8221; n\u00e3o foi confirmado.<\/p>\n<p>&nbsp;<\/p>\n<p style=\"text-align: center;\">Projeto de pesquisa de mestrado: \u201c<strong>Dimens\u00f5es cognitivo-afetivas em mulheres com e sem dificuldades duradouras <\/strong><strong>\u00a0para atingir o orgasmo<\/strong><br \/>\n<strong>Pesquisadora<\/strong>: Let\u00edcia Rosa de Paiva<\/p>\n<p style=\"text-align: justify; padding-left: 40px;\">Este projeto investiga como fatores cognitivo-afetivos influenciam o transtorno do orgasmo, focando em mulheres com anorgasmia prim\u00e1ria, uma dificuldade de atingir orgasmo ao longo da vida. A pesquisa compara essas mulheres com aquelas sem problemas org\u00e1smicos, explorando diferen\u00e7as em dimens\u00f5es cognitivas e afetivas. Dados an\u00f4nimos s\u00e3o coletados online de mulheres cisg\u00eanero, analisados com modelos estat\u00edsticos, buscando associa\u00e7\u00f5es entre anorgasmia prim\u00e1ria e diferentes fatores, al\u00e9m da frequ\u00eancia de orgasmos.<\/p>\n<p>&nbsp;<\/p>\n<p style=\"text-align: center;\">Projeto de pesquisa de mestrado:\u00a0 \u201c<em><strong><b>Manifesta\u00e7\u00e3o De Sele\u00e7\u00e3o De Parceiros Nos Crit\u00e9rios De Busca Em Aplicativos De Relacionamento\u201d <\/b><\/strong><\/em><br \/>\n<strong>Pesquisadora<\/strong>: Eliana Vaz F\u00e1vero<\/p>\n<p style=\"text-align: justify;\">Esta pesquisa investiga como os usu\u00e1rios de aplicativos de relacionamento selecionam parceiros, explorando a influ\u00eancia da autoestima, autoavalia\u00e7\u00e3o como parceiro rom\u00e2ntico e sociosexualidade. As inten\u00e7\u00f5es dos usu\u00e1rios (ficar, namorar, casar, ter ou n\u00e3o rela\u00e7\u00f5es sexuais) e as caracter\u00edsticas desejadas em um parceiro ideal ser\u00e3o analisadas. Com uma amostra diversificada em g\u00eanero, orienta\u00e7\u00e3o sexual e faixa et\u00e1ria, o estudo busca compreender as prefer\u00eancias e estrat\u00e9gias sexuais adotadas, al\u00e9m de explorar as vantagens e desvantagens percebidas no uso desses aplicativos. A abordagem \u00e9 fundamentada na psicologia evolucionista, buscando contribuir para uma compreens\u00e3o mais abrangente e inclusiva das din\u00e2micas relacionais mediadas por tecnologia no contexto brasileiro.<\/p>\n<p>&nbsp;<\/p>\n<p class=\"ds-markdown-paragraph\" style=\"text-align: center;\"><em>Projeto de pesquisa de mestrado:\u00a0 <strong>&#8220;A Influ\u00eancia da Maquiagem na Percep\u00e7\u00e3o Facial e Aten\u00e7\u00e3o&#8221;<\/strong><\/em><br \/>\n<strong>Pesquisadora<\/strong>: Fernanda Rebello<\/p>\n<p class=\"ds-markdown-paragraph\" style=\"text-align: justify;\">A maquiagem como modifica\u00e7\u00e3o facial representa um fen\u00f4meno universal psicologicamente relevante nas intera\u00e7\u00f5es sociais humanas. Embora estudos reconhe\u00e7am seu potencial como est\u00edmulo supernormal, permanece em aberto se t\u00e9cnicas isoladas (como \u00eanfase nos olhos versus pele) seguem padr\u00f5es distintos de percep\u00e7\u00e3o inconsciente e aten\u00e7\u00e3o consciente. Este projeto visa determinar se a maquiagem funciona como um est\u00edmulo perceptual unificado ou como elementos independentes com assinaturas atencionais \u00fanicas.\u00a0Utilizando um banco de imagens de 34 brasileiras em cinco est\u00e1gios progressivos de maquiagem, o estudo cria tr\u00eas variantes experimentais via Photoshop: (1) modifica\u00e7\u00f5es focadas na pele (base\/contorno), (2) realce dram\u00e1tico dos olhos, e (3) ajustes nos l\u00e1bios com cores vibrantes &#8211; todas aplicadas sobre rostos sem maquiagem. Com rastreamento ocular de 68 observadores, mede-se precisamente a aten\u00e7\u00e3o visual em duas janelas temporais: os primeiros 300 milissegundos (percep\u00e7\u00e3o imediata, analisada via regress\u00e3o log\u00edstica multinomial) e 1000 milissegundos (aten\u00e7\u00e3o sustentada, avaliada por tempo de fixa\u00e7\u00e3o). Os resultados testar\u00e3o a teoria do est\u00edmulo supernormal em um novo contexto aplicado.<\/p>\n<p>&nbsp;<\/p>\n<p class=\"ds-markdown-paragraph\" style=\"text-align: center;\"><em>Projeto de pesquisa de mestrado:\u00a0 <strong>&#8220;Prefer\u00eancias Rom\u00e2nticas e Sociossexualidade em Indiv\u00edduos Bissexuais&#8221;<\/strong><\/em><br \/>\n<strong>Pesquisador<\/strong>: Jeferson Morais<\/p>\n<p class=\"ds-markdown-paragraph\" style=\"text-align: justify;\">Este estudo investiga as prefer\u00eancias rom\u00e2nticas e sexuais de bissexuais, abordando uma lacuna na literatura que tradicionalmente foca em popula\u00e7\u00f5es heterossexuais e homossexuais. Embora pesquisas tenham explorado estrat\u00e9gias de sele\u00e7\u00e3o de parceiros nesses grupos, indiv\u00edduos bissexuais &#8211; atra\u00eddos por m\u00faltiplos g\u00eaneros &#8211; permanecem subestudados, apesar de sua posi\u00e7\u00e3o \u00fanica na din\u00e2mica afetivo-sexual. O projeto examina especificamente se bissexuais demonstram prefer\u00eancias consistentes entre g\u00eaneros ou estrat\u00e9gias distintas dependendo do g\u00eanero do parceiro. Atrav\u00e9s de uma abordagem quantitativo-descritiva, analisa dados de: (1) question\u00e1rios sociodemogr\u00e1ficos, (2) Invent\u00e1rio de Orienta\u00e7\u00e3o Sociossexual (SOI-R-Brasil), e (3) Question\u00e1rio de Autoavalia\u00e7\u00e3o, Parceiro Ideal e Real. Participantes responder\u00e3o aos instrumentos duas vezes, avaliando prefer\u00eancias para g\u00eaneros diferentes em cada ocasi\u00e3o. Assim, o estudo distinguir\u00e1 os efeitos do sexo do indiv\u00edduo, orienta\u00e7\u00e3o sexual e g\u00eanero do parceiro nas estrat\u00e9gias de sele\u00e7\u00e3o.<\/p>\n<p>&nbsp;<\/p>\n<p><strong>LINHA DE PESQUISA: COMPORTAMENTO SEXUAL DE MACACO PREGO<\/strong><\/p>\n<p style=\"text-align: justify;\">Projeto de pesquisa de p\u00f3s doutorado: \u201c<strong>Desenvolvimento do comportamento sexual em macacos-prego selvagens<\/strong>\u201d (Respons\u00e1vel Dra. Irene Delval, projeto apoiado pela FAPESP)<\/p>\n<p style=\"text-align: justify; padding-left: 40px;\">Este projeto investiga o desenvolvimento do comportamento sexual em duas esp\u00e9cies de macacos-prego selvagens (Sapajus libidinosus e S. xanthosternos). O estudo in\u00edcio de sexualidade durante a ontog\u00eanese, comparando a flexibilidade ou rigidez desses comportamentos nas duas popula\u00e7\u00f5es. Com foco nos primeiros tr\u00eas anos de vida, est\u00e3o sendo avaliadas frequ\u00eancias comportamentais, diferen\u00e7as entre machos e f\u00eameas, contextos e parceiros preferidos. A pesquisa busca revelar aspectos inovadores da sexualidade infantil, contribuindo para a compreens\u00e3o da plasticidade e diversidade do comportamento sexual em primatas.<\/p>\n<p style=\"text-align: justify;\">Projeto de pesquisa de inicia\u00e7\u00e3o cient\u00edfica: &#8220;<strong>Desenvolvimento do comportamento sexual em jovens de macacos-prego selvagens (<em>Sapajus libidinosus<\/em>)<\/strong>&#8221; (Respons\u00e1vel Juan Caixeta Mendes Ribeiro, projeto apoiado pela FAPESP)<\/p>\n<p style=\"text-align: justify; padding-left: 40px;\">Este subprojeto investiga o comportamento sexual de macacos-prego juvenis (Sapajus libidinosus) entre 18 e 36 meses de idade, analisando varia\u00e7\u00f5es de acordo com sexo e idade. O estudo categoriza as intera\u00e7\u00f5es sexuais mais frequentes, identifica os contextos nos quais esses comportamentos ocorrem (como brincadeira, alimenta\u00e7\u00e3o e intera\u00e7\u00f5es afiliativas) e avalia prefer\u00eancias de parceiros dentro e fora da esta\u00e7\u00e3o reprodutiva. Ao longo de duas esta\u00e7\u00f5es anuais, o comportamento de 10 indiv\u00edduos, 5 machos e 5 f\u00eameas, est\u00e1 sendo monitorado para entender as varia\u00e7\u00f5es intersexuais e as din\u00e2micas de suas intera\u00e7\u00f5es.<\/p>\n<p>&nbsp;<\/p>\n<p><strong>LINHA DE PESQUISA: COMPORTAMENTO SOCIAL HUMANO<\/strong><\/p>\n<p>&nbsp;<\/p>\n<p style=\"text-align: justify;\">Projeto de pesquisa de p\u00f3s doutorado: \u201c<strong>Psicologia moral evolucionista e percep\u00e7\u00e3o da corrup\u00e7\u00e3o no Brasil de 2022-2023<\/strong>\u201d (Respons\u00e1vel Dra. P\u00e2mela Cortez)<\/p>\n<p style=\"text-align: justify; padding-left: 40px;\">Este projeto investiga como a psicologia moral evolucionista pode explicar a aten\u00e7\u00e3o desproporcional dada \u00e0 corrup\u00e7\u00e3o no contexto pol\u00edtico brasileiro. A hip\u00f3tese central \u00e9 que a corrup\u00e7\u00e3o \u00e9 vista como um comportamento de trapa\u00e7a em larga escala, mobilizando construtos psicol\u00f3gicos associados \u00e0 moralidade. O estudo explora a rela\u00e7\u00e3o entre funda\u00e7\u00f5es e emo\u00e7\u00f5es morais e a percep\u00e7\u00e3o da corrup\u00e7\u00e3o, tanto de forma abstrata quanto aplicada a pol\u00edticos de diferentes ideologias. Utilizando as elei\u00e7\u00f5es presidenciais de 2022 como um experimento quase-natural, o projeto acompanha uma amostra de eleitores em duas fases: logo ap\u00f3s as elei\u00e7\u00f5es de 2022 e novamente em 2024, quando o fervor eleitoral diminuiu. A an\u00e1lise compara percep\u00e7\u00f5es individuais e poss\u00edveis mudan\u00e7as entre os dois per\u00edodos de coleta, buscando entender como a moralidade influencia a percep\u00e7\u00e3o da corrup\u00e7\u00e3o.<\/p>\n<p>&nbsp;<\/p>\n<p style=\"text-align: justify;\">Projeto de pesquisa de doutorado: \u201c<strong>Impacto de uma atividade de lazer em rela\u00e7\u00f5es sociais<\/strong>\u201d (Respons\u00e1vel Yago Luksevicius de Moraes, projeto apoiado pela CNPq)<\/p>\n<p style=\"text-align: justify; padding-left: 40px;\">Jogar \u00e9 um comportamento universal semelhante ao brincar, caracterizado por regras formais e desafios, geralmente em forma de competi\u00e7\u00e3o. Sua import\u00e2ncia se estende a v\u00e1rias \u00e1reas, incluindo a educa\u00e7\u00e3o e a sa\u00fade. Enquanto teorias evolucionistas enfatizam o papel dos jogos na competi\u00e7\u00e3o e avalia\u00e7\u00e3o de habilidades, as ci\u00eancias sociais destacam sua capacidade de formar la\u00e7os sociais. Este estudo junta as \u00e1reas e investiga como jogos facilitam a forma\u00e7\u00e3o de la\u00e7os sociais e a avalia\u00e7\u00e3o de habilidades em potenciais aliados e rivais. Indiv\u00edduos desconhecidos foram pareados e participaram de jogos e dramatiza\u00e7\u00f5es em ordem alternada, com medi\u00e7\u00f5es de intimidade e fitness potencial. Resultados preliminares indicam que o jogo aumenta a intimidade, sem diferen\u00e7as significativas entre os sexos, enquanto a dramatiza\u00e7\u00e3o mostra um efeito mais forte em homens. A pesquisa oferece insights sobre o papel dos jogos na forma\u00e7\u00e3o de rela\u00e7\u00f5es sociais e avalia\u00e7\u00e3o de\u00a0compet\u00eancias.<\/p>\n<p>&nbsp;<\/p>\n<p style=\"text-align: justify;\">Projeto de pesquisa de mestrado: \u201c<strong>Herdabilidade da Criatividade em G\u00eameos Brasileiros<\/strong>\u201d (Respons\u00e1vel Vitor Costa, projeto apoiado pela CNPq)<\/p>\n<div class=\"flex max-w-full flex-col flex-grow\">\n<div class=\"min-h-8 text-message flex w-full flex-col items-end gap-2 whitespace-normal break-words [.text-message+&amp;]:mt-5\" dir=\"auto\" data-message-author-role=\"assistant\" data-message-id=\"f678d8ff-590c-479a-86c0-c3b2a1503fd3\">\n<div class=\"flex w-full flex-col gap-1 empty:hidden first:pt-[3px]\">\n<div class=\"markdown prose w-full break-words dark:prose-invert light\">\n<p style=\"text-align: justify; padding-left: 40px;\">Este projeto investiga a base gen\u00e9tica da criatividade em uma amostra de g\u00eameos brasileiros, explorando tamb\u00e9m a influ\u00eancia de fatores sociodemogr\u00e1ficos e a propens\u00e3o art\u00edstica. O estudo utiliza o m\u00e9todo de Design Cl\u00e1ssico da Pesquisa com G\u00eameos e conta inicialmente com 168 participantes. Ser\u00e3o aplicados question\u00e1rios de criatividade e zigosidade, com os dados analisados por meio do openMX e regress\u00e3o m\u00faltipla. O objetivo \u00e9 fornecer dados pioneiros sobre a herdabilidade da criatividade no Brasil, compar\u00e1veis a estudos de popula\u00e7\u00f5es do hemisf\u00e9rio norte.<\/p>\n<\/div>\n<\/div>\n<\/div>\n<\/div>\n<p>&nbsp;<\/p>\n<p style=\"text-align: justify; padding-left: 40px;\">\n","protected":false},"excerpt":{"rendered":"<p>LINHA DE PESQUISA: SEXUALIDADE HUMANA &nbsp; Projeto de pesquisa de p\u00f3s doutorado: \u201cInvestiga\u00e7\u00e3o de estrat\u00e9gias de promo\u00e7\u00e3o de sa\u00fade mental e combate ao estigma LGBTQIAPN+ Pesquisadoras: Dra. Anthonieta Looman Mafra, Gabriela Nunes (projeto apoiado pela CNPq) Este projeto busca avaliar o impacto de interven\u00e7\u00f5es psicossociais e educacionais na sa\u00fade mental de pessoas LGBTQIAPN+ e no [&hellip;]<\/p>\n","protected":false},"author":23986,"featured_media":0,"parent":0,"menu_order":0,"comment_status":"closed","ping_status":"closed","template":"","meta":{"footnotes":"","_links_to":"","_links_to_target":""},"class_list":["post-176","page","type-page","status-publish","hentry"],"_links":{"self":[{"href":"https:\/\/sites.usp.br\/bes\/wp-json\/wp\/v2\/pages\/176","targetHints":{"allow":["GET"]}}],"collection":[{"href":"https:\/\/sites.usp.br\/bes\/wp-json\/wp\/v2\/pages"}],"about":[{"href":"https:\/\/sites.usp.br\/bes\/wp-json\/wp\/v2\/types\/page"}],"author":[{"embeddable":true,"href":"https:\/\/sites.usp.br\/bes\/wp-json\/wp\/v2\/users\/23986"}],"replies":[{"embeddable":true,"href":"https:\/\/sites.usp.br\/bes\/wp-json\/wp\/v2\/comments?post=176"}],"version-history":[{"count":4,"href":"https:\/\/sites.usp.br\/bes\/wp-json\/wp\/v2\/pages\/176\/revisions"}],"predecessor-version":[{"id":439,"href":"https:\/\/sites.usp.br\/bes\/wp-json\/wp\/v2\/pages\/176\/revisions\/439"}],"wp:attachment":[{"href":"https:\/\/sites.usp.br\/bes\/wp-json\/wp\/v2\/media?parent=176"}],"curies":[{"name":"wp","href":"https:\/\/api.w.org\/{rel}","templated":true}]}}