{"id":26,"date":"2013-11-21T19:00:33","date_gmt":"2013-11-21T19:00:33","guid":{"rendered":"http:\/\/sites.usp.br\/bes\/?page_id=26"},"modified":"2025-06-23T12:25:01","modified_gmt":"2025-06-23T14:25:01","slug":"contato","status":"publish","type":"page","link":"https:\/\/sites.usp.br\/bes\/contato\/","title":{"rendered":"Trabalhe Conosco\/Work with us"},"content":{"rendered":"<p><a href=\"https:\/\/sites.usp.br\/bes\/contato\/#:~:text=T%C3%AAm%20interesse%20em%20participar%20de%20nossas%20pesquisas%3F%20Segue%20os%20seguintes%20links%3A%C2%A0\"><strong>Colabora\u00e7\u00e3o (Portugu\u00eas)<\/strong><\/a><\/p>\n<p><a href=\"https:\/\/sites.usp.br\/bes\/contato\/#:~:text=We%20welcome%20researchers%20and%20students%20interested%20in%20participating%20in%20our%20studies%20or%20joining%20our%20lab%20through%20research%20internships%2C%20Master%E2%80%99s%2C%20PhD%2C%20or%20postdoctoral%20positions.\"><strong>Work with us (English)<\/strong><\/a><\/p>\n<p><a href=\"https:\/\/sites.usp.br\/bes\/contato\/#:~:text=____________________________________________-,Ouros%20laborat%C3%B3rios%20Brasileiros\/Other%20Brazilian%20labs%C2%A0,-Laborat%C3%B3rio%20de%20Evolu%C3%A7%C3%A3o\"><strong>Ouros laborat\u00f3rios Brasileiros\/Other Brazilian labs\u00a0<\/strong><\/a><\/p>\n<p>_______________________________________________________________<\/p>\n<p><strong>T\u00eam interesse em participar de nossas pesquisas? Segue os seguintes links:\u00a0<\/strong><\/p>\n<p>Pesquisa sobre percep\u00e7\u00e3o de comportamento n\u00e3o verbal &#8211; para participar clique <a href=\"https:\/\/cuhumanities.az1.qualtrics.com\/jfe\/form\/SV_6SttGTvn8sGdxvo\">AQUI<\/a><\/p>\n<p><strong>T\u00eam interesse em fazer Inicia\u00e7\u00e3o cient\u00edfica, Metrado, Doutorado,\u00a0 ou P\u00f3s doutorado? <\/strong>Para mestrado e doutorado, fique atento ao edital publicado 2 vezes por ano no site do <a href=\"https:\/\/www.ip.usp.br\/site\/psicologia-experimental-pse\/\">IPUSP<\/a>. Em geral, as recomenda\u00e7\u00f5es s\u00e3o:<\/p>\n<ol>\n<li>Conhecimento b\u00e1sico de\u00a0 teorias psicol\u00f3gicas, especificamente de etologia e psicologia evolucionsta. Para come\u00e7ar, pode estudar:<\/li>\n<\/ol>\n<p style=\"padding-left: 40px;\">Yamamoto, E. &amp; Valentova, J.V. (2018). <strong><a href=\"https:\/\/repositorio.ufrn.br\/jspui\/bitstream\/123456789\/26065\/5\/Manual%20da%20psicologia%20evolucionista.pdf\">Manual da Psicologia Evolucionista<\/a><\/strong>. EDUFRN: Natal, p. 839, ISBN: 978-85-425-0833-8<\/p>\n<p style=\"padding-left: 40px;\">ALBUQUERQUE, U.P.; VALENTOVA, J.V.; VARELLA, M.A.C. (2024). <a href=\"https:\/\/canal6.com.br\/livros_loja\/Ebook_Bases_Ecologicas_2ed.pdf\"><strong>Bases ecol\u00f3gicas e evolutivas do comportamento humano<\/strong><\/a>. 2.ed. Bauru, SP: Canal 6. DOI 10.52050\/9788579176555.<\/p>\n<p>2. Conhecimento b\u00e1sico de an\u00e1lise estat\u00edstica de dados quantitativos. Para come\u00e7ar, pode estudar o curso de Estat\u00edstica n\u00edvel I <a href=\"https:\/\/www.youtube.com\/watch?v=OkzBoo0GhfU&amp;list=PLZjaOxYREinvactJNtUHibf5GDW2JsPFL\">AQUI<\/a>.<\/p>\n<p>3. Conhecimento b\u00e1sico de ci\u00eancia. Para come\u00e7ar, pode estudar:<\/p>\n<p style=\"padding-left: 40px;\">ALBUQUERQUE, U.P., PONTES, W. (2020). <a href=\"https:\/\/canal6.com.br\/livros_loja\/Ebook_O_que_voce_precisa_saber_ciencia.pdf\"><strong>O que voc\u00ea precisa saber sobre Ci\u00eancia para n\u00e3o passar vergonha<\/strong><\/a>. 1. ed. Recife, PE: Nupeea.<\/p>\n<p>Se quiser entrar em contato, pode preencher o seguinte formul\u00e1rio ou falar diretamente com a Profa. Jaroslava: jaroslava@usp.br<\/p>\n\n<div class=\"wpcf7 no-js\" id=\"wpcf7-f25-o1\" lang=\"pt-BR\" dir=\"ltr\" data-wpcf7-id=\"25\">\n<div class=\"screen-reader-response\"><p role=\"status\" aria-live=\"polite\" aria-atomic=\"true\"><\/p> <ul><\/ul><\/div>\n<form action=\"\/bes\/wp-json\/wp\/v2\/pages\/26#wpcf7-f25-o1\" method=\"post\" class=\"wpcf7-form init\" aria-label=\"Formul\u00e1rios de contato\" novalidate=\"novalidate\" data-status=\"init\">\n<fieldset class=\"hidden-fields-container\"><input type=\"hidden\" name=\"_wpcf7\" value=\"25\" \/><input type=\"hidden\" name=\"_wpcf7_version\" value=\"6.1.5\" \/><input type=\"hidden\" name=\"_wpcf7_locale\" value=\"pt_BR\" \/><input type=\"hidden\" name=\"_wpcf7_unit_tag\" value=\"wpcf7-f25-o1\" \/><input type=\"hidden\" name=\"_wpcf7_container_post\" value=\"0\" \/><input type=\"hidden\" name=\"_wpcf7_posted_data_hash\" value=\"\" \/><input type=\"hidden\" name=\"_wpcf7_recaptcha_response\" value=\"\" \/>\n<\/fieldset>\n<p>Seu nome (obrigat\u00f3rio)\n<\/p>\n<p><span class=\"wpcf7-form-control-wrap\" data-name=\"your-name\"><input size=\"40\" maxlength=\"400\" class=\"wpcf7-form-control wpcf7-text wpcf7-validates-as-required\" aria-required=\"true\" aria-invalid=\"false\" value=\"\" type=\"text\" name=\"your-name\" \/><\/span>\n<\/p>\n<p>Seu e-mail (obrigat\u00f3rio)\n<\/p>\n<p><span class=\"wpcf7-form-control-wrap\" data-name=\"your-email\"><input size=\"40\" maxlength=\"400\" class=\"wpcf7-form-control wpcf7-email wpcf7-validates-as-required wpcf7-text wpcf7-validates-as-email\" aria-required=\"true\" aria-invalid=\"false\" value=\"\" type=\"email\" name=\"your-email\" \/><\/span>\n<\/p>\n<p>Assunto\n<\/p>\n<p><span class=\"wpcf7-form-control-wrap\" data-name=\"your-subject\"><input size=\"40\" maxlength=\"400\" class=\"wpcf7-form-control wpcf7-text\" aria-invalid=\"false\" value=\"\" type=\"text\" name=\"your-subject\" \/><\/span>\n<\/p>\n<p>Sua mensagem\n<\/p>\n<p><span class=\"wpcf7-form-control-wrap\" data-name=\"your-message\"><textarea cols=\"40\" rows=\"10\" maxlength=\"2000\" class=\"wpcf7-form-control wpcf7-textarea\" aria-invalid=\"false\" name=\"your-message\"><\/textarea><\/span>\n<\/p>\n<p><input class=\"wpcf7-form-control wpcf7-submit has-spinner\" type=\"submit\" value=\"Enviar\" \/>\n<\/p><div class=\"wpcf7-response-output\" aria-hidden=\"true\"><\/div>\n<\/form>\n<\/div>\n\n<p>&nbsp;<\/p>\n<p>___________________________________________________________________________<\/p>\n<p class=\"ds-markdown-paragraph\">We welcome researchers and students interested in participating in our studies or joining our lab through research internships, Master&#8217;s, PhD, or postdoctoral positions.<\/p>\n<p class=\"ds-markdown-paragraph\"><strong>For Prospective Researchers<\/strong><br \/>\n<em>Master&#8217;s\/PhD applicants<\/em>:<\/p>\n<ul>\n<li>\n<p class=\"ds-markdown-paragraph\">Check the graduate admission notices on the <a href=\"https:\/\/www.ip.usp.br\/\" target=\"_blank\" rel=\"noopener noreferrer\">IP-USP website<\/a><\/p>\n<\/li>\n<li>\n<p class=\"ds-markdown-paragraph\">Recommended preparation includes:<\/p>\n<ul>\n<li>\n<p class=\"ds-markdown-paragraph\">Foundational knowledge in evolutionary psychology and human ethology<\/p>\n<\/li>\n<li>\n<p class=\"ds-markdown-paragraph\">Basic quantitative data analysis skills<\/p>\n<\/li>\n<li>\n<p class=\"ds-markdown-paragraph\">General scientific literacy<\/p>\n<\/li>\n<\/ul>\n<\/li>\n<\/ul>\n<p class=\"ds-markdown-paragraph\"><em>Postdoctoral candidates<\/em>:<br \/>\nContact us directly to discuss potential projects aligned with our research lines.<\/p>\n<p class=\"ds-markdown-paragraph\"><strong>Get in Touch<\/strong><br \/>\nComplete our\u00a0 interest form or email Prof. Jaroslava Valentova at: <a href=\"https:\/\/mailto:jaroslava@usp.br\/\" target=\"_blank\" rel=\"noopener noreferrer\">jaroslava@usp.br<\/a><\/p>\n<p>____________________________________________<\/p>\n<p><strong>Ouros laborat\u00f3rios Brasileiros\/Other Brazilian labs\u00a0<\/strong><\/p>\n<div class=\"x9f619 xjbqb8w x15mokao x1ga7v0g x16uus16 xbiv7yw x1uhb9sk x1plvlek xryxfnj x1c4vz4f x2lah0s x1q0g3np xqjyukv x1oa3qoh x6s0dn4 x1amjocr x78zum5 xl56j7k\"><span class=\"x1lliihq x1plvlek xryxfnj x1n2onr6 x1ji0vk5 x18bv5gf x193iq5w xeuugli x1fj9vlw x13faqbe x1vvkbs x1s928wv xhkezso x1gmr53x x1cpjm7i x1fgarty x1943h6x x1i0vuye xvs91rp x1s688f x5n08af x10wh9bi xpm28yp x8viiok x1o7cslx\" dir=\"auto\">Laborat\u00f3rio de Evolu\u00e7\u00e3o do Comportamento Humano (UFRN)\u00a0 <\/span>https:\/\/www.instagram.com\/lech_ufrn\/?igsh=bGtlZ3J2ZGtmZWFs#<\/div>\n<div><\/div>\n<div><span class=\"x1lliihq x1plvlek xryxfnj x1n2onr6 x1ji0vk5 x18bv5gf x193iq5w xeuugli x1fj9vlw x13faqbe x1vvkbs x1s928wv xhkezso x1gmr53x x1cpjm7i x1fgarty x1943h6x x1i0vuye xvs91rp x1s688f x5n08af x10wh9bi xpm28yp x8viiok x1o7cslx\" dir=\"auto\">Laborat\u00f3rio de Pesquisa em Psicologia Social (PUC Rio)<\/span><\/div>\n<div>https:\/\/www.l2ps.org\/<\/div>\n<div><\/div>\n<div>\n<div class=\"x9f619 xjbqb8w x15mokao x1ga7v0g x16uus16 xbiv7yw x1uhb9sk x1plvlek xryxfnj x1c4vz4f x2lah0s x1q0g3np xqjyukv x1oa3qoh x6s0dn4 x1amjocr x78zum5 xl56j7k\"><span class=\"x1lliihq x1plvlek xryxfnj x1n2onr6 x1ji0vk5 x18bv5gf x193iq5w xeuugli x1fj9vlw x13faqbe x1vvkbs x1s928wv xhkezso x1gmr53x x1cpjm7i x1fgarty x1943h6x x1i0vuye xvs91rp x1s688f x5n08af x10wh9bi xpm28yp x8viiok x1o7cslx\" dir=\"auto\">Lab Psicologia Evolucionista (UnB)<\/span><\/div>\n<div>https:\/\/www.instagram.com\/labpeunb\/<\/div>\n<\/div>\n<div><\/div>\n<div>Grupo de Estudos Avancados em Psicologia Evolucionista (UFPA)<\/div>\n<div>https:\/\/linktr.ee\/geapeufpa<\/div>\n<div><\/div>\n<div>\n<div>\n<div>\n<div><span class=\"_ap3a _aaco _aacu _aacx _aad7 _aade\" dir=\"auto\">Laborat\u00f3rio de Ecologia e Evolu\u00e7\u00e3o de Sistemas Socioecol\u00f3gicos (UFPA)<\/span><\/div>\n<div>https:\/\/www.instagram.com\/lealabb\/<\/div>\n<\/div>\n<\/div>\n<\/div>\n","protected":false},"excerpt":{"rendered":"<p>Colabora\u00e7\u00e3o (Portugu\u00eas) Work with us (English) Ouros laborat\u00f3rios Brasileiros\/Other Brazilian labs\u00a0 _______________________________________________________________ T\u00eam interesse em participar de nossas pesquisas? Segue os seguintes links:\u00a0 Pesquisa sobre percep\u00e7\u00e3o de comportamento n\u00e3o verbal &#8211; para participar clique AQUI T\u00eam interesse em fazer Inicia\u00e7\u00e3o cient\u00edfica, Metrado, Doutorado,\u00a0 ou P\u00f3s doutorado? Para mestrado e doutorado, fique atento ao edital publicado [&hellip;]<\/p>\n","protected":false},"author":1,"featured_media":0,"parent":0,"menu_order":0,"comment_status":"closed","ping_status":"closed","template":"","meta":{"footnotes":"","_links_to":"","_links_to_target":""},"class_list":["post-26","page","type-page","status-publish","hentry"],"_links":{"self":[{"href":"https:\/\/sites.usp.br\/bes\/wp-json\/wp\/v2\/pages\/26","targetHints":{"allow":["GET"]}}],"collection":[{"href":"https:\/\/sites.usp.br\/bes\/wp-json\/wp\/v2\/pages"}],"about":[{"href":"https:\/\/sites.usp.br\/bes\/wp-json\/wp\/v2\/types\/page"}],"author":[{"embeddable":true,"href":"https:\/\/sites.usp.br\/bes\/wp-json\/wp\/v2\/users\/1"}],"replies":[{"embeddable":true,"href":"https:\/\/sites.usp.br\/bes\/wp-json\/wp\/v2\/comments?post=26"}],"version-history":[{"count":6,"href":"https:\/\/sites.usp.br\/bes\/wp-json\/wp\/v2\/pages\/26\/revisions"}],"predecessor-version":[{"id":435,"href":"https:\/\/sites.usp.br\/bes\/wp-json\/wp\/v2\/pages\/26\/revisions\/435"}],"wp:attachment":[{"href":"https:\/\/sites.usp.br\/bes\/wp-json\/wp\/v2\/media?parent=26"}],"curies":[{"name":"wp","href":"https:\/\/api.w.org\/{rel}","templated":true}]}}