{"id":79,"date":"2014-02-24T16:51:20","date_gmt":"2014-02-24T18:51:20","guid":{"rendered":"http:\/\/sites.usp.br\/bes\/?page_id=79"},"modified":"2024-03-24T12:29:59","modified_gmt":"2024-03-24T14:29:59","slug":"pagina-inicial","status":"publish","type":"page","link":"https:\/\/sites.usp.br\/bes\/","title":{"rendered":"QUEM SOMOS"},"content":{"rendered":"<p dir=\"ltr\" data-placeholder=\"Translation\" aria-label=\"Translated text\" data-ved=\"2ahUKEwiq4Yf8g4OFAxU-LLkGHXz6CeUQ3ewLegQIAhAU\"><span class=\"Y2IQFc\" lang=\"pt\">Nosso laborat\u00f3rio estuda diferentes aspectos do comportamento humano a partir de uma perspectiva cient\u00edfica, psicobiol\u00f3gica, incluindo fatores proximais e distais que influenciam o comportamento e a psicologia humana. <\/span><\/p>\n<p class=\"tw-data-text tw-text-large tw-ta\" dir=\"ltr\" style=\"text-align: justify;\" data-placeholder=\"Translation\" aria-label=\"Translated text\" data-ved=\"2ahUKEwiq4Yf8g4OFAxU-LLkGHXz6CeUQ3ewLegQIAhAU\"><span class=\"Y2IQFc\" lang=\"pt\">Partimos das abordagens da Etologia humana, Psicologia Evolucionista, Evolu\u00e7\u00e3o cultural, Ecologia comportamental, e \u00e1reas afins. O maior foco \u00e9 sexualidade humana, relacionamentos, e personalidade. <\/span><\/p>\n<p class=\"tw-data-text tw-text-large tw-ta\" dir=\"ltr\" style=\"text-align: justify;\" data-placeholder=\"Translation\" aria-label=\"Translated text\" data-ved=\"2ahUKEwiq4Yf8g4OFAxU-LLkGHXz6CeUQ3ewLegQIAhAU\"><span class=\"Y2IQFc\" lang=\"pt\">Investigamos principalmente diversos comportamentos sexuais, como por exemplo: <\/span><\/p>\n<ul>\n<li><span class=\"Y2IQFc\" lang=\"pt\">orienta\u00e7\u00f5es sexuais; <\/span><\/li>\n<li class=\"tw-data-text tw-text-large tw-ta\" dir=\"ltr\" style=\"text-align: justify;\" data-placeholder=\"Translation\" aria-label=\"Translated text\" data-ved=\"2ahUKEwiq4Yf8g4OFAxU-LLkGHXz6CeUQ3ewLegQIAhAU\"><span class=\"Y2IQFc\" lang=\"pt\">sociossexualidade; <\/span><\/li>\n<li class=\"tw-data-text tw-text-large tw-ta\" dir=\"ltr\" style=\"text-align: justify;\" data-placeholder=\"Translation\" aria-label=\"Translated text\" data-ved=\"2ahUKEwiq4Yf8g4OFAxU-LLkGHXz6CeUQ3ewLegQIAhAU\"><span class=\"Y2IQFc\" lang=\"pt\">diferentes tipos de relacionamento (ex. monog\u00e2mico e consensualmente n\u00e3o monog\u00e2mico); <\/span><\/li>\n<li class=\"tw-data-text tw-text-large tw-ta\" dir=\"ltr\" style=\"text-align: justify;\" data-placeholder=\"Translation\" aria-label=\"Translated text\" data-ved=\"2ahUKEwiq4Yf8g4OFAxU-LLkGHXz6CeUQ3ewLegQIAhAU\"><span class=\"Y2IQFc\" lang=\"pt\">din\u00e2mica de relacionamento de longo prazo (ex. amor, ci\u00fame); <\/span><\/li>\n<li class=\"tw-data-text tw-text-large tw-ta\" dir=\"ltr\" style=\"text-align: justify;\" data-placeholder=\"Translation\" aria-label=\"Translated text\" data-ved=\"2ahUKEwiq4Yf8g4OFAxU-LLkGHXz6CeUQ3ewLegQIAhAU\"><span class=\"Y2IQFc\" lang=\"pt\">prefer\u00eancias de parcerias sexuais e rom\u00e2nticas; <\/span><\/li>\n<li class=\"tw-data-text tw-text-large tw-ta\" dir=\"ltr\" style=\"text-align: justify;\" data-placeholder=\"Translation\" aria-label=\"Translated text\" data-ved=\"2ahUKEwiq4Yf8g4OFAxU-LLkGHXz6CeUQ3ewLegQIAhAU\"><span class=\"Y2IQFc\" lang=\"pt\">atratividade de rostos, corpos, vozes e cheiros; <\/span><\/li>\n<li class=\"tw-data-text tw-text-large tw-ta\" dir=\"ltr\" style=\"text-align: justify;\" data-placeholder=\"Translation\" aria-label=\"Translated text\" data-ved=\"2ahUKEwiq4Yf8g4OFAxU-LLkGHXz6CeUQ3ewLegQIAhAU\"><span class=\"Y2IQFc\" lang=\"pt\">modifica\u00e7\u00f5es na apar\u00eancia (uso de maquiagem); <\/span><\/li>\n<li class=\"tw-data-text tw-text-large tw-ta\" dir=\"ltr\" style=\"text-align: justify;\" data-placeholder=\"Translation\" aria-label=\"Translated text\" data-ved=\"2ahUKEwiq4Yf8g4OFAxU-LLkGHXz6CeUQ3ewLegQIAhAU\"><span class=\"Y2IQFc\" lang=\"pt\">percep\u00e7\u00e3o social; <\/span><\/li>\n<li class=\"tw-data-text tw-text-large tw-ta\" dir=\"ltr\" style=\"text-align: justify;\" data-placeholder=\"Translation\" aria-label=\"Translated text\" data-ved=\"2ahUKEwiq4Yf8g4OFAxU-LLkGHXz6CeUQ3ewLegQIAhAU\"><span class=\"Y2IQFc\" lang=\"pt\">repulsa e nojo sexual; <\/span><\/li>\n<li class=\"tw-data-text tw-text-large tw-ta\" dir=\"ltr\" style=\"text-align: justify;\" data-placeholder=\"Translation\" aria-label=\"Translated text\" data-ved=\"2ahUKEwiq4Yf8g4OFAxU-LLkGHXz6CeUQ3ewLegQIAhAU\"><span class=\"Y2IQFc\" lang=\"pt\">subculturas gays; <\/span><\/li>\n<li class=\"tw-data-text tw-text-large tw-ta\" dir=\"ltr\" style=\"text-align: justify;\" data-placeholder=\"Translation\" aria-label=\"Translated text\" data-ved=\"2ahUKEwiq4Yf8g4OFAxU-LLkGHXz6CeUQ3ewLegQIAhAU\"><span class=\"Y2IQFc\" lang=\"pt\">orgasmo e suas fun\u00e7\u00f5es, <\/span><\/li>\n<li class=\"tw-data-text tw-text-large tw-ta\" dir=\"ltr\" style=\"text-align: justify;\" data-placeholder=\"Translation\" aria-label=\"Translated text\" data-ved=\"2ahUKEwiq4Yf8g4OFAxU-LLkGHXz6CeUQ3ewLegQIAhAU\"><span class=\"Y2IQFc\" lang=\"pt\">e outros. <\/span><\/li>\n<\/ul>\n<p class=\"tw-data-text tw-text-large tw-ta\" dir=\"ltr\" style=\"text-justify: center;\" data-placeholder=\"Translation\" aria-label=\"Translated text\" data-ved=\"2ahUKEwiq4Yf8g4OFAxU-LLkGHXz6CeUQ3ewLegQIAhAU\"><span class=\"Y2IQFc\" lang=\"pt\">Tamb\u00e9m trabalhamos com outros temas, como: <\/span><\/p>\n<ul>\n<li class=\"tw-data-text tw-text-large tw-ta\" dir=\"ltr\" style=\"text-justify: center;\" data-placeholder=\"Translation\" aria-label=\"Translated text\" data-ved=\"2ahUKEwiq4Yf8g4OFAxU-LLkGHXz6CeUQ3ewLegQIAhAU\"><span class=\"Y2IQFc\" lang=\"pt\">brincadeira e jogos; <\/span><\/li>\n<li class=\"tw-data-text tw-text-large tw-ta\" dir=\"ltr\" style=\"text-justify: center;\" data-placeholder=\"Translation\" aria-label=\"Translated text\" data-ved=\"2ahUKEwiq4Yf8g4OFAxU-LLkGHXz6CeUQ3ewLegQIAhAU\"><span class=\"Y2IQFc\" lang=\"pt\">esporte e atividades f\u00edsicas; <\/span><\/li>\n<li class=\"tw-data-text tw-text-large tw-ta\" dir=\"ltr\" style=\"text-justify: center;\" data-placeholder=\"Translation\" aria-label=\"Translated text\" data-ved=\"2ahUKEwiq4Yf8g4OFAxU-LLkGHXz6CeUQ3ewLegQIAhAU\"><span class=\"Y2IQFc\" lang=\"pt\">motiva\u00e7\u00f5es e emo\u00e7\u00f5es; <\/span><\/li>\n<li class=\"tw-data-text tw-text-large tw-ta\" dir=\"ltr\" style=\"text-justify: center;\" data-placeholder=\"Translation\" aria-label=\"Translated text\" data-ved=\"2ahUKEwiq4Yf8g4OFAxU-LLkGHXz6CeUQ3ewLegQIAhAU\"><span class=\"Y2IQFc\" lang=\"pt\">comportamento art\u00edstico e criativo; <\/span><\/li>\n<li class=\"tw-data-text tw-text-large tw-ta\" dir=\"ltr\" style=\"text-justify: center;\" data-placeholder=\"Translation\" aria-label=\"Translated text\" data-ved=\"2ahUKEwiq4Yf8g4OFAxU-LLkGHXz6CeUQ3ewLegQIAhAU\"><span class=\"Y2IQFc\" lang=\"pt\">humor e outros.<\/span><\/li>\n<\/ul>\n","protected":false},"excerpt":{"rendered":"<p>Nosso laborat\u00f3rio estuda diferentes aspectos do comportamento humano a partir de uma perspectiva cient\u00edfica, psicobiol\u00f3gica, incluindo fatores proximais e distais que influenciam o comportamento e a psicologia humana. Partimos das abordagens da Etologia humana, Psicologia Evolucionista, Evolu\u00e7\u00e3o cultural, Ecologia comportamental, e \u00e1reas afins. O maior foco \u00e9 sexualidade humana, relacionamentos, e personalidade. Investigamos principalmente diversos [&hellip;]<\/p>\n","protected":false},"author":1,"featured_media":0,"parent":0,"menu_order":0,"comment_status":"closed","ping_status":"closed","template":"","meta":{"footnotes":"","_links_to":"","_links_to_target":""},"class_list":["post-79","page","type-page","status-publish","hentry"],"_links":{"self":[{"href":"https:\/\/sites.usp.br\/bes\/wp-json\/wp\/v2\/pages\/79","targetHints":{"allow":["GET"]}}],"collection":[{"href":"https:\/\/sites.usp.br\/bes\/wp-json\/wp\/v2\/pages"}],"about":[{"href":"https:\/\/sites.usp.br\/bes\/wp-json\/wp\/v2\/types\/page"}],"author":[{"embeddable":true,"href":"https:\/\/sites.usp.br\/bes\/wp-json\/wp\/v2\/users\/1"}],"replies":[{"embeddable":true,"href":"https:\/\/sites.usp.br\/bes\/wp-json\/wp\/v2\/comments?post=79"}],"version-history":[{"count":5,"href":"https:\/\/sites.usp.br\/bes\/wp-json\/wp\/v2\/pages\/79\/revisions"}],"predecessor-version":[{"id":205,"href":"https:\/\/sites.usp.br\/bes\/wp-json\/wp\/v2\/pages\/79\/revisions\/205"}],"wp:attachment":[{"href":"https:\/\/sites.usp.br\/bes\/wp-json\/wp\/v2\/media?parent=79"}],"curies":[{"name":"wp","href":"https:\/\/api.w.org\/{rel}","templated":true}]}}