{"id":271,"date":"2024-04-02T17:43:10","date_gmt":"2024-04-02T20:43:10","guid":{"rendered":"https:\/\/sites.usp.br\/biblifd\/?page_id=271"},"modified":"2024-09-12T13:52:22","modified_gmt":"2024-09-12T16:52:22","slug":"dedalus","status":"publish","type":"page","link":"https:\/\/sites.usp.br\/biblifd\/dedalus\/","title":{"rendered":"Dedalus"},"content":{"rendered":"\t\t<div data-elementor-type=\"wp-page\" data-elementor-id=\"271\" class=\"elementor elementor-271\" data-elementor-post-type=\"page\">\n\t\t\t\t\t\t<section class=\"elementor-section elementor-top-section elementor-element elementor-element-aa5b660 elementor-section-boxed elementor-section-height-default elementor-section-height-default elementor-invisible\" data-id=\"aa5b660\" data-element_type=\"section\" data-settings=\"{&quot;animation&quot;:&quot;fadeIn&quot;,&quot;animation_delay&quot;:1000}\">\n\t\t\t\t\t\t<div class=\"elementor-container elementor-column-gap-default\">\n\t\t\t\t\t<div class=\"elementor-column elementor-col-100 elementor-top-column elementor-element elementor-element-5e6328b\" data-id=\"5e6328b\" data-element_type=\"column\">\n\t\t\t<div class=\"elementor-widget-wrap elementor-element-populated\">\n\t\t\t\t\t\t<div class=\"elementor-element elementor-element-c8ee82c elementor-widget elementor-widget-image\" data-id=\"c8ee82c\" data-element_type=\"widget\" data-widget_type=\"image.default\">\n\t\t\t\t<div class=\"elementor-widget-container\">\n\t\t\t\t\t\t\t\t\t\t\t\t\t\t<a href=\"https:\/\/dedalus.usp.br\/\">\n\t\t\t\t\t\t\t<img fetchpriority=\"high\" decoding=\"async\" width=\"483\" height=\"141\" src=\"https:\/\/sites.usp.br\/biblifd\/wp-content\/uploads\/sites\/1285\/2024\/09\/Logo-Dedalus-maior.png\" class=\"attachment-large size-large wp-image-4263\" alt=\"\" srcset=\"https:\/\/sites.usp.br\/biblifd\/wp-content\/uploads\/sites\/1285\/2024\/09\/Logo-Dedalus-maior.png 483w, https:\/\/sites.usp.br\/biblifd\/wp-content\/uploads\/sites\/1285\/2024\/09\/Logo-Dedalus-maior-300x88.png 300w\" sizes=\"(max-width: 483px) 100vw, 483px\" \/>\t\t\t\t\t\t\t\t<\/a>\n\t\t\t\t\t\t\t\t\t\t\t\t\t<\/div>\n\t\t\t\t<\/div>\n\t\t\t\t<div class=\"elementor-element elementor-element-3bd2be0 elementor-widget elementor-widget-text-editor\" data-id=\"3bd2be0\" data-element_type=\"widget\" data-widget_type=\"text-editor.default\">\n\t\t\t\t<div class=\"elementor-widget-container\">\n\t\t\t\t\t\t\t<p>Banco de dados eletr\u00f4nico implantado em 1985 que serve como cat\u00e1logo geral dos acervos bibliogr\u00e1ficos da Universidade de S\u00e3o Paulo (USP). Desde a d\u00e9cada de 1990, possibilita a todo o p\u00fablico consultar e pesquisar <a href=\"https:\/\/dedalus.usp.br\/\"><strong>pela internet<\/strong><\/a> todas as obras de interesse acad\u00eamico e geral distribu\u00eddas por todo o conjunto de bibliotecas da universidade &#8211; que, hoje, engloba 60 bibliotecas f\u00edsicas anexas \u00e0s unidades, aos institutos, aos centros de pesquisa e aos museus dos diversos campi da USP, al\u00e9m de um n\u00famero expressivo de bibliotecas digitais.<\/p><p>Ao <strong>p\u00fablico geral<\/strong>, permite buscar e localizar livros, monografias, teses, disserta\u00e7\u00f5es, revistas, artigos, folhetos, pe\u00e7as de teatro, partituras, materiais cartogr\u00e1ficos e trabalhos produzidos por docentes da USP presentes nas prateleiras das bibliotecas f\u00edsicas da universidade, bem como encontrar links de acesso a e-books e outras fontes de conte\u00fados de acesso aberto dispon\u00edveis em meio eletr\u00f4nico. Adicionalmente a essas funcionalidades, permite a <strong>pessoas com v\u00ednculo ativo junto \u00e0 universidade\u00a0<\/strong>acessar o sistema de empr\u00e9stimo unificado da USP, gerenciar os materiais que emprestaram, verificar datas de renova\u00e7\u00e3o e devolu\u00e7\u00e3o, solicitar reservas de materiais, renovar empr\u00e9stimos, consultar livros eletr\u00f4nicos e fontes de informa\u00e7\u00f5es digitais assinados pela USP, entre outras utilidades.<\/p><p>Para instru\u00e7\u00f5es de uso do Banco de Dados Bibliogr\u00e1ficos da USP &#8211; Dedalus, consulte o tutorial a seguir:<\/p>\t\t\t\t\t\t<\/div>\n\t\t\t\t<\/div>\n\t\t\t\t<div class=\"elementor-element elementor-element-070f15f elementor-widget elementor-widget-pdf_viewer\" data-id=\"070f15f\" data-element_type=\"widget\" data-widget_type=\"pdf_viewer.default\">\n\t\t\t\t<div class=\"elementor-widget-container\">\n\t\t\t<iframe src=\"https:\/\/docs.google.com\/viewer?url=https:\/\/sites.usp.br\/biblifd\/wp-content\/uploads\/sites\/1285\/2024\/09\/Tutorial-Dedalus.pdf&amp;embedded=true\" style=\"display: block; margin-left: auto; margin-right: auto; width: 970px; height: 625px;\" frameborder=\"1\" marginheight=\"0px\" marginwidth=\"0px\" allowfullscreen><\/iframe>\t\t<\/div>\n\t\t\t\t<\/div>\n\t\t\t\t\t<\/div>\n\t\t<\/div>\n\t\t\t\t\t<\/div>\n\t\t<\/section>\n\t\t\t\t<\/div>\n\t\t","protected":false},"excerpt":{"rendered":"<p>Banco de dados eletr\u00f4nico implantado em 1985 que serve como cat\u00e1logo geral dos acervos bibliogr\u00e1ficos da Universidade de S\u00e3o Paulo (USP). Desde a d\u00e9cada de 1990, possibilita a todo o<a href=\"https:\/\/sites.usp.br\/biblifd\/dedalus\/\">[&#8230;]<\/a><\/p>\n","protected":false},"author":22717,"featured_media":0,"parent":0,"menu_order":0,"comment_status":"closed","ping_status":"closed","template":"elementor_header_footer","meta":{"footnotes":"","_links_to":"","_links_to_target":""},"class_list":["post-271","page","type-page","status-publish","hentry"],"_links":{"self":[{"href":"https:\/\/sites.usp.br\/biblifd\/wp-json\/wp\/v2\/pages\/271","targetHints":{"allow":["GET"]}}],"collection":[{"href":"https:\/\/sites.usp.br\/biblifd\/wp-json\/wp\/v2\/pages"}],"about":[{"href":"https:\/\/sites.usp.br\/biblifd\/wp-json\/wp\/v2\/types\/page"}],"author":[{"embeddable":true,"href":"https:\/\/sites.usp.br\/biblifd\/wp-json\/wp\/v2\/users\/22717"}],"replies":[{"embeddable":true,"href":"https:\/\/sites.usp.br\/biblifd\/wp-json\/wp\/v2\/comments?post=271"}],"version-history":[{"count":4,"href":"https:\/\/sites.usp.br\/biblifd\/wp-json\/wp\/v2\/pages\/271\/revisions"}],"predecessor-version":[{"id":4509,"href":"https:\/\/sites.usp.br\/biblifd\/wp-json\/wp\/v2\/pages\/271\/revisions\/4509"}],"wp:attachment":[{"href":"https:\/\/sites.usp.br\/biblifd\/wp-json\/wp\/v2\/media?parent=271"}],"curies":[{"name":"wp","href":"https:\/\/api.w.org\/{rel}","templated":true}]}}