{"id":277,"date":"2024-04-02T17:43:48","date_gmt":"2024-04-02T20:43:48","guid":{"rendered":"https:\/\/sites.usp.br\/biblifd\/?page_id=277"},"modified":"2024-09-12T13:52:05","modified_gmt":"2024-09-12T16:52:05","slug":"iusdata","status":"publish","type":"page","link":"https:\/\/sites.usp.br\/biblifd\/iusdata\/","title":{"rendered":"IusData"},"content":{"rendered":"\t\t<div data-elementor-type=\"wp-page\" data-elementor-id=\"277\" class=\"elementor elementor-277\" data-elementor-post-type=\"page\">\n\t\t\t\t\t\t<section class=\"elementor-section elementor-top-section elementor-element elementor-element-c49a234 elementor-section-boxed elementor-section-height-default elementor-section-height-default elementor-invisible\" data-id=\"c49a234\" data-element_type=\"section\" data-settings=\"{&quot;animation&quot;:&quot;fadeIn&quot;,&quot;animation_delay&quot;:1000}\">\n\t\t\t\t\t\t<div class=\"elementor-container elementor-column-gap-default\">\n\t\t\t\t\t<div class=\"elementor-column elementor-col-100 elementor-top-column elementor-element elementor-element-8268145\" data-id=\"8268145\" data-element_type=\"column\">\n\t\t\t<div class=\"elementor-widget-wrap elementor-element-populated\">\n\t\t\t\t\t\t<div class=\"elementor-element elementor-element-d4f95f2 elementor-widget elementor-widget-image\" data-id=\"d4f95f2\" data-element_type=\"widget\" data-widget_type=\"image.default\">\n\t\t\t\t<div class=\"elementor-widget-container\">\n\t\t\t\t\t\t\t\t\t\t\t\t\t\t<a href=\"https:\/\/intranet.direito.usp.br\/iusdata\">\n\t\t\t\t\t\t\t<img fetchpriority=\"high\" decoding=\"async\" width=\"513\" height=\"160\" src=\"https:\/\/sites.usp.br\/biblifd\/wp-content\/uploads\/sites\/1285\/2024\/04\/Logo-IusData-8.png\" class=\"attachment-large size-large wp-image-1666\" alt=\"\" srcset=\"https:\/\/sites.usp.br\/biblifd\/wp-content\/uploads\/sites\/1285\/2024\/04\/Logo-IusData-8.png 513w, https:\/\/sites.usp.br\/biblifd\/wp-content\/uploads\/sites\/1285\/2024\/04\/Logo-IusData-8-300x94.png 300w\" sizes=\"(max-width: 513px) 100vw, 513px\" \/>\t\t\t\t\t\t\t\t<\/a>\n\t\t\t\t\t\t\t\t\t\t\t\t\t<\/div>\n\t\t\t\t<\/div>\n\t\t\t\t<div class=\"elementor-element elementor-element-177152a elementor-widget elementor-widget-text-editor\" data-id=\"177152a\" data-element_type=\"widget\" data-widget_type=\"text-editor.default\">\n\t\t\t\t<div class=\"elementor-widget-container\">\n\t\t\t\t\t\t\t<p>Base de <strong>dados referenciais<\/strong> que, por meio de sua <strong><a href=\"https:\/\/intranet.direito.usp.br\/iusdata\">interface web<\/a><\/strong>, permite ao <strong>p\u00fablico geral<\/strong> pesquisar e localizar <strong>apenas artigos publicados em peri\u00f3dicos (revistas, boletins, jornais, etc.) acad\u00eamicos e jur\u00eddicos nacionais e internacionais impressos<\/strong> que passaram a integrar o acervo da Biblioteca da Faculdade de Direito <strong>a partir de 1986<\/strong>. Usu\u00e1rios devem se atentar ao fato de que ela <strong>permite apenas descobrir a localiza\u00e7\u00e3o<\/strong> de um artigo espec\u00edfico dentro de nosso acervo impresso e <strong>recuperar informa\u00e7\u00f5es referenciais<\/strong> de artigos de interesse publicados em peri\u00f3dicos presentes em nossas prateleiras, como <strong>t\u00edtulo completo, autores, peri\u00f3dico em que foram publicados, p\u00e1ginas em que se encontram, principais assuntos que abordam e local, ano e m\u00eas de publica\u00e7\u00e3o<\/strong>, <strong>n\u00e3o possiblitando<\/strong>, por\u00e9m, <strong>acesso virtual ao seu conte\u00fado<\/strong>.<\/p><p>Com exce\u00e7\u00e3o daqueles de autoria de docentes da USP, os artigos cujas refer\u00eancias e localiza\u00e7\u00f5es est\u00e3o contidas na base IusData n\u00e3o podem ser encontrados no banco de dados bibliogr\u00e1ficos <a href=\"https:\/\/dedalus.usp.br\/\">Dedalus<\/a> ou no <a href=\"https:\/\/buscaintegrada.usp.br\/\">Portal de Busca Integrada<\/a>.<\/p><p>As <strong>buscas<\/strong> na base IusData podem ser realizadas <b>a partir de assuntos, de autores, de t\u00edtulos de artigos, dos peri\u00f3dicos, do ano, do local e do idioma em que foram publicados<\/b>. Pesquisas mais detalhadas requerem o emprego de operadores booleanos. Para informa\u00e7\u00f5es sobre o uso desses e outros recursos, confira o tutorial para uso da base de dados IusData que disponibilizamos a seguir:\u00a0<\/p>\t\t\t\t\t\t<\/div>\n\t\t\t\t<\/div>\n\t\t\t\t<div class=\"elementor-element elementor-element-8bf1551 elementor-widget elementor-widget-pdf_viewer\" data-id=\"8bf1551\" data-element_type=\"widget\" data-widget_type=\"pdf_viewer.default\">\n\t\t\t\t<div class=\"elementor-widget-container\">\n\t\t\t<iframe src=\"https:\/\/docs.google.com\/viewer?url=https:\/\/sites.usp.br\/biblifd\/wp-content\/uploads\/sites\/1285\/2024\/09\/Tutorial-IusData.pdf&amp;embedded=true\" style=\"display: block; margin-left: auto; margin-right: auto; width: 970px; height: 625px;\" frameborder=\"1\" marginheight=\"0px\" marginwidth=\"0px\" allowfullscreen><\/iframe>\t\t<\/div>\n\t\t\t\t<\/div>\n\t\t\t\t\t<\/div>\n\t\t<\/div>\n\t\t\t\t\t<\/div>\n\t\t<\/section>\n\t\t\t\t<\/div>\n\t\t","protected":false},"excerpt":{"rendered":"<p>Base de dados referenciais que, por meio de sua interface web, permite ao p\u00fablico geral pesquisar e localizar apenas artigos publicados em peri\u00f3dicos (revistas, boletins, jornais, etc.) acad\u00eamicos e jur\u00eddicos<a href=\"https:\/\/sites.usp.br\/biblifd\/iusdata\/\">[&#8230;]<\/a><\/p>\n","protected":false},"author":22717,"featured_media":0,"parent":0,"menu_order":0,"comment_status":"closed","ping_status":"closed","template":"elementor_header_footer","meta":{"footnotes":"","_links_to":"","_links_to_target":""},"class_list":["post-277","page","type-page","status-publish","hentry"],"_links":{"self":[{"href":"https:\/\/sites.usp.br\/biblifd\/wp-json\/wp\/v2\/pages\/277","targetHints":{"allow":["GET"]}}],"collection":[{"href":"https:\/\/sites.usp.br\/biblifd\/wp-json\/wp\/v2\/pages"}],"about":[{"href":"https:\/\/sites.usp.br\/biblifd\/wp-json\/wp\/v2\/types\/page"}],"author":[{"embeddable":true,"href":"https:\/\/sites.usp.br\/biblifd\/wp-json\/wp\/v2\/users\/22717"}],"replies":[{"embeddable":true,"href":"https:\/\/sites.usp.br\/biblifd\/wp-json\/wp\/v2\/comments?post=277"}],"version-history":[{"count":4,"href":"https:\/\/sites.usp.br\/biblifd\/wp-json\/wp\/v2\/pages\/277\/revisions"}],"predecessor-version":[{"id":4506,"href":"https:\/\/sites.usp.br\/biblifd\/wp-json\/wp\/v2\/pages\/277\/revisions\/4506"}],"wp:attachment":[{"href":"https:\/\/sites.usp.br\/biblifd\/wp-json\/wp\/v2\/media?parent=277"}],"curies":[{"name":"wp","href":"https:\/\/api.w.org\/{rel}","templated":true}]}}