{"id":334,"date":"2024-04-02T17:53:14","date_gmt":"2024-04-02T20:53:14","guid":{"rendered":"https:\/\/sites.usp.br\/biblifd\/?page_id=334"},"modified":"2024-04-02T17:53:14","modified_gmt":"2024-04-02T20:53:14","slug":"comunicacao-e-divulgacao-cientifica","status":"publish","type":"page","link":"https:\/\/sites.usp.br\/biblifd\/comunicacao-e-divulgacao-cientifica\/","title":{"rendered":"Comunica\u00e7\u00e3o e divulga\u00e7\u00e3o cient\u00edfica"},"content":{"rendered":"","protected":false},"excerpt":{"rendered":"","protected":false},"author":22717,"featured_media":0,"parent":0,"menu_order":0,"comment_status":"closed","ping_status":"closed","template":"","meta":{"footnotes":"","_links_to":"","_links_to_target":""},"class_list":["post-334","page","type-page","status-publish","hentry"],"_links":{"self":[{"href":"https:\/\/sites.usp.br\/biblifd\/wp-json\/wp\/v2\/pages\/334","targetHints":{"allow":["GET"]}}],"collection":[{"href":"https:\/\/sites.usp.br\/biblifd\/wp-json\/wp\/v2\/pages"}],"about":[{"href":"https:\/\/sites.usp.br\/biblifd\/wp-json\/wp\/v2\/types\/page"}],"author":[{"embeddable":true,"href":"https:\/\/sites.usp.br\/biblifd\/wp-json\/wp\/v2\/users\/22717"}],"replies":[{"embeddable":true,"href":"https:\/\/sites.usp.br\/biblifd\/wp-json\/wp\/v2\/comments?post=334"}],"version-history":[{"count":1,"href":"https:\/\/sites.usp.br\/biblifd\/wp-json\/wp\/v2\/pages\/334\/revisions"}],"predecessor-version":[{"id":336,"href":"https:\/\/sites.usp.br\/biblifd\/wp-json\/wp\/v2\/pages\/334\/revisions\/336"}],"wp:attachment":[{"href":"https:\/\/sites.usp.br\/biblifd\/wp-json\/wp\/v2\/media?parent=334"}],"curies":[{"name":"wp","href":"https:\/\/api.w.org\/{rel}","templated":true}]}}