{"id":4054,"date":"2024-08-28T15:06:10","date_gmt":"2024-08-28T18:06:10","guid":{"rendered":"https:\/\/sites.usp.br\/biblifd\/?page_id=4054"},"modified":"2025-11-06T14:24:06","modified_gmt":"2025-11-06T17:24:06","slug":"turnitin","status":"publish","type":"page","link":"https:\/\/sites.usp.br\/biblifd\/turnitin\/","title":{"rendered":"Turnitin"},"content":{"rendered":"\t\t<div data-elementor-type=\"wp-page\" data-elementor-id=\"4054\" class=\"elementor elementor-4054\" data-elementor-post-type=\"page\">\n\t\t\t\t\t\t<section class=\"elementor-section elementor-top-section elementor-element elementor-element-aa5c3e9 elementor-section-boxed elementor-section-height-default elementor-section-height-default elementor-invisible\" data-id=\"aa5c3e9\" data-element_type=\"section\" data-settings=\"{&quot;animation&quot;:&quot;fadeIn&quot;,&quot;animation_delay&quot;:1000}\">\n\t\t\t\t\t\t<div class=\"elementor-container elementor-column-gap-default\">\n\t\t\t\t\t<div class=\"elementor-column elementor-col-100 elementor-top-column elementor-element elementor-element-dd0442a\" data-id=\"dd0442a\" data-element_type=\"column\">\n\t\t\t<div class=\"elementor-widget-wrap elementor-element-populated\">\n\t\t\t\t\t\t<div class=\"elementor-element elementor-element-2fffa7c elementor-widget elementor-widget-image\" data-id=\"2fffa7c\" data-element_type=\"widget\" data-widget_type=\"image.default\">\n\t\t\t\t<div class=\"elementor-widget-container\">\n\t\t\t\t\t\t\t\t\t\t\t\t\t\t<a href=\"http:\/\/www.turnitin.com\">\n\t\t\t\t\t\t\t<img fetchpriority=\"high\" decoding=\"async\" width=\"640\" height=\"196\" src=\"https:\/\/sites.usp.br\/biblifd\/wp-content\/uploads\/sites\/1285\/2024\/08\/Logo-Turnitin-1024.png\" class=\"attachment-large size-large wp-image-4073\" alt=\"\" srcset=\"https:\/\/sites.usp.br\/biblifd\/wp-content\/uploads\/sites\/1285\/2024\/08\/Logo-Turnitin-1024.png 1024w, https:\/\/sites.usp.br\/biblifd\/wp-content\/uploads\/sites\/1285\/2024\/08\/Logo-Turnitin-1024-300x92.png 300w, https:\/\/sites.usp.br\/biblifd\/wp-content\/uploads\/sites\/1285\/2024\/08\/Logo-Turnitin-1024-768x236.png 768w\" sizes=\"(max-width: 640px) 100vw, 640px\" \/>\t\t\t\t\t\t\t\t<\/a>\n\t\t\t\t\t\t\t\t\t\t\t\t\t<\/div>\n\t\t\t\t<\/div>\n\t\t\t\t\t<\/div>\n\t\t<\/div>\n\t\t\t\t\t<\/div>\n\t\t<\/section>\n\t\t\t\t<section class=\"elementor-section elementor-top-section elementor-element elementor-element-5b27d55 elementor-section-boxed elementor-section-height-default elementor-section-height-default elementor-invisible\" data-id=\"5b27d55\" data-element_type=\"section\" data-settings=\"{&quot;animation&quot;:&quot;fadeIn&quot;,&quot;animation_delay&quot;:1000}\">\n\t\t\t\t\t\t<div class=\"elementor-container elementor-column-gap-default\">\n\t\t\t\t\t<div class=\"elementor-column elementor-col-50 elementor-top-column elementor-element elementor-element-22b1f3a\" data-id=\"22b1f3a\" data-element_type=\"column\">\n\t\t\t<div class=\"elementor-widget-wrap elementor-element-populated\">\n\t\t\t\t\t\t<div class=\"elementor-element elementor-element-6a62b95 elementor-widget elementor-widget-text-editor\" data-id=\"6a62b95\" data-element_type=\"widget\" data-widget_type=\"text-editor.default\">\n\t\t\t\t<div class=\"elementor-widget-container\">\n\t\t\t\t\t\t\t<p><a href=\"http:\/\/www.turnitin.com\">Turnitin<\/a> \u00e9 uma ferramenta dedicada \u00e0 verifica\u00e7\u00e3o de similaridade entre textos que tem por objetivo prevenir a ocorr\u00eancia de pl\u00e1gios. Ela \u00e9 especialmente \u00fatil durante o processo de elabora\u00e7\u00e3o e escrita de artigos, monografias, teses, disserta\u00e7\u00f5es e demais trabalhos acad\u00eamicos, pois permite que seus autores identifiquem passagens do texto e cita\u00e7\u00f5es que, em meio ao atribulado processo de reda\u00e7\u00e3o, por descuido, n\u00e3o tenham sido devidamente creditadas, apresentadas &#8211; isto \u00e9, que estejam em desacordo com as normas t\u00e9cnicas de cita\u00e7\u00e3o &#8211; ou ainda que mere\u00e7am maior aten\u00e7\u00e3o e reformula\u00e7\u00e3o por apresentarem elevada semelhan\u00e7a com textos de outros autores.<\/p>\n\n<p>Com exce\u00e7\u00e3o dos docentes vinculados a programas de gradua\u00e7\u00e3o e p\u00f3s-gradua\u00e7\u00e3o, que s\u00e3o credenciados para uso da ferramenta diretamente pela <a href=\"https:\/\/www.abcd.usp.br\/\">Ag\u00eancia de Bibliotecas e Cole\u00e7\u00f5es Digitais (ABCD) da USP<\/a>, discentes, egressos cadastrados na <a href=\"https:\/\/www.alumni.usp.br\/\">plataforma Alumni USP<\/a> e funcion\u00e1rios da Faculdade de Direito podem usufruir desses recursos preenchendo o formul\u00e1rio de inscri\u00e7\u00e3o na esta\u00e7\u00e3o de autochecagem do Turnitin dispon\u00edvel ao lado\/abaixo. Ap\u00f3s o preenchimento do formul\u00e1rio, os inscritos recebem um e-mail de boas-vindas do Turnitin acompanhado de um link para a cria\u00e7\u00e3o de uma senha de acesso. Conclu\u00edda essa etapa, j\u00e1 \u00e9 poss\u00edvel acessar a ferramenta por meio do endere\u00e7o de e-mail informado no preenchimento do formul\u00e1rio de inscri\u00e7\u00e3o &#8211; o qual recomendamos que seja, preferencialmente, um e-mail institucional da USP &#8211; e da senha criada. No primeiro acesso, \u00e9 solicitado que os usu\u00e1rios definam uma pergunta e uma resposta secreta para recupera\u00e7\u00e3o da senha em caso de esquecimento e que concordem com os termos de uso da plataforma Turnitin. Finalizados todos esses tr\u00e2mites, o usu\u00e1rio poder\u00e1 acessar o servi\u00e7o diretamente <a href=\"http:\/\/www.turnitin.com\">no endere\u00e7o da plataforma na internet<\/a>, sem a necessidade de estar conectado \u00e0 rede privada da universidade por meio do software de conex\u00e3o remota VPN-USP.<\/p>\n\n<p>Na <strong>esta\u00e7\u00e3o de autochecagem<\/strong>, os usu\u00e1rios podem submeter seus trabalhos e avaliar o grau de similaridade com autonomia, sem depender do suporte de docentes, e com sua privacidade resguardada, sem que o uso que fazem da ferramenta seja monitorado por qualquer indiv\u00edduo. Os textos submetidos s\u00e3o comparados \u00e0queles encontrados na web, na base de artigos indexados <a href=\"https:\/\/www.crossref.org\/\">Crossref<\/a>, em uma base de dados contendo publica\u00e7\u00f5es coletadas ao longo de mais de 10 anos e em outra contendo trabalhos de estudantes de algumas institui\u00e7\u00f5es clientes do Turnitin. Em quest\u00e3o de minutos, os usu\u00e1rios t\u00eam acesso a um robusto relat\u00f3rio de similaridade, no qual trechos dos textos em que foram encontradas similaridades s\u00e3o destacados, inclusive as passagens devidamente citadas &#8211; o que simplifica a tarefa de revisar as cita\u00e7\u00f5es para se certificar de que elas est\u00e3o em concord\u00e2ncia com as normas t\u00e9cnicas de apresenta\u00e7\u00e3o.<\/p>\n\n<p>Os arquivos a serem submetidos devem ter,<strong> no m\u00e1ximo, 100 MB, no m\u00ednimo, 20 palavras e, no m\u00e1ximo, 800 p\u00e1ginas de conte\u00fado escrito<\/strong> e podem estar nos <strong>formatos Microsoft Word, Power Point, WordPerfect, PostScript, PDF, HTML, RTF, OpenOffice (ODT), Hangul (HWP), Google Docs ou textos simples<\/strong>. A verifica\u00e7\u00e3o de similaridade \u00e9 realizada em todos os conte\u00fados em formato de texto &#8211; inclusive tabelas e equa\u00e7\u00f5es que estiverem em formato de texto e n\u00e3o em formato de imagem. \u00c9 poss\u00edvel solicitar <strong>at\u00e9 quatro verifica\u00e7\u00f5es de similaridade de um mesmo arquivo num per\u00edodo de 24 horas<\/strong>; alcan\u00e7ado esse limite, novas verifica\u00e7\u00f5es s\u00f3 poder\u00e3o ser realizadas ap\u00f3s o fim desse prazo.<\/p>\n\n<p>Confira mais informa\u00e7\u00f5es, outras funcionalidades e orienta\u00e7\u00f5es de uso detalhadas do Turnitin em:<\/p>\n\n<a href=\"https:\/\/www.abcd.usp.br\/apoio-pesquisador\/integridade-prevencao-plagio\/turnitin-ferramenta-prevencao-plagio\/\">Ag\u00eancia de Bibliotecas e Cole\u00e7\u00f5es Digitais (ABCD) da USP &#8211; Integridade e Preven\u00e7\u00e3o do Pl\u00e1gio<\/a><br>\n\n<a href=\"http:\/\/www.prpg.usp.br\/attachments\/article\/3565\/turnitin2017_tutorial_final20170214.pdf\">Tutorial para Uso do Turnitin<\/a><br>\n\n<a href=\"https:\/\/cutt.ly\/TurnitinAlunos_5nov2020\">Webinar Turnitin para Alunos USP &#8211; 20\/11\/2020<\/a><br>\n\n<a href=\"https:\/\/guides.turnitin.com\/hc\/en-us\/articles\/24008452116749-Welcome-to-Turnitin-Guides\">Turnitin Guides<\/a>\t\t\t\t\t\t<\/div>\n\t\t\t\t<\/div>\n\t\t\t\t\t<\/div>\n\t\t<\/div>\n\t\t\t\t<div class=\"elementor-column elementor-col-50 elementor-top-column elementor-element elementor-element-f861dc2\" data-id=\"f861dc2\" data-element_type=\"column\">\n\t\t\t<div class=\"elementor-widget-wrap elementor-element-populated\">\n\t\t\t\t\t\t<div class=\"elementor-element elementor-element-1858f9f elementor-widget elementor-widget-text-editor\" data-id=\"1858f9f\" data-element_type=\"widget\" data-widget_type=\"text-editor.default\">\n\t\t\t\t<div class=\"elementor-widget-container\">\n\t\t\t\t\t\t\t<iframe src=\"https:\/\/docs.google.com\/forms\/d\/e\/1FAIpQLSfjIvdqO8yzGZkpO8Ews70pROr7lYOd7U3zhijULEKgu0IebQ\/viewform?embedded=true\" width=\"640\" height=\"1732\" frameborder=\"0\" marginheight=\"0\" marginwidth=\"0\">Carregando\u2026<\/iframe>\t\t\t\t\t\t<\/div>\n\t\t\t\t<\/div>\n\t\t\t\t\t<\/div>\n\t\t<\/div>\n\t\t\t\t\t<\/div>\n\t\t<\/section>\n\t\t\t\t<\/div>\n\t\t","protected":false},"excerpt":{"rendered":"<p>Turnitin \u00e9 uma ferramenta dedicada \u00e0 verifica\u00e7\u00e3o de similaridade entre textos que tem por objetivo prevenir a ocorr\u00eancia de pl\u00e1gios. Ela \u00e9 especialmente \u00fatil durante o processo de elabora\u00e7\u00e3o e<a href=\"https:\/\/sites.usp.br\/biblifd\/turnitin\/\">[&#8230;]<\/a><\/p>\n","protected":false},"author":22717,"featured_media":0,"parent":0,"menu_order":0,"comment_status":"closed","ping_status":"closed","template":"elementor_header_footer","meta":{"footnotes":"","_links_to":"","_links_to_target":""},"class_list":["post-4054","page","type-page","status-publish","hentry"],"_links":{"self":[{"href":"https:\/\/sites.usp.br\/biblifd\/wp-json\/wp\/v2\/pages\/4054","targetHints":{"allow":["GET"]}}],"collection":[{"href":"https:\/\/sites.usp.br\/biblifd\/wp-json\/wp\/v2\/pages"}],"about":[{"href":"https:\/\/sites.usp.br\/biblifd\/wp-json\/wp\/v2\/types\/page"}],"author":[{"embeddable":true,"href":"https:\/\/sites.usp.br\/biblifd\/wp-json\/wp\/v2\/users\/22717"}],"replies":[{"embeddable":true,"href":"https:\/\/sites.usp.br\/biblifd\/wp-json\/wp\/v2\/comments?post=4054"}],"version-history":[{"count":4,"href":"https:\/\/sites.usp.br\/biblifd\/wp-json\/wp\/v2\/pages\/4054\/revisions"}],"predecessor-version":[{"id":5443,"href":"https:\/\/sites.usp.br\/biblifd\/wp-json\/wp\/v2\/pages\/4054\/revisions\/5443"}],"wp:attachment":[{"href":"https:\/\/sites.usp.br\/biblifd\/wp-json\/wp\/v2\/media?parent=4054"}],"curies":[{"name":"wp","href":"https:\/\/api.w.org\/{rel}","templated":true}]}}