{"id":5453,"date":"2025-11-24T15:44:49","date_gmt":"2025-11-24T18:44:49","guid":{"rendered":"https:\/\/sites.usp.br\/biblifd\/?page_id=5453"},"modified":"2025-11-24T20:22:05","modified_gmt":"2025-11-24T23:22:05","slug":"distribuicao-do-acervo","status":"publish","type":"page","link":"https:\/\/sites.usp.br\/biblifd\/distribuicao-do-acervo\/","title":{"rendered":"Distribui\u00e7\u00e3o do acervo"},"content":{"rendered":"\t\t<div data-elementor-type=\"wp-page\" data-elementor-id=\"5453\" class=\"elementor elementor-5453\" data-elementor-post-type=\"page\">\n\t\t\t\t\t\t<section class=\"elementor-section elementor-top-section elementor-element elementor-element-43501fb elementor-section-boxed elementor-section-height-default elementor-section-height-default elementor-invisible\" data-id=\"43501fb\" data-element_type=\"section\" data-settings=\"{&quot;animation&quot;:&quot;fadeIn&quot;,&quot;animation_delay&quot;:1000}\">\n\t\t\t\t\t\t<div class=\"elementor-container elementor-column-gap-default\">\n\t\t\t\t\t<div class=\"elementor-column elementor-col-100 elementor-top-column elementor-element elementor-element-d386b46\" data-id=\"d386b46\" data-element_type=\"column\">\n\t\t\t<div class=\"elementor-widget-wrap elementor-element-populated\">\n\t\t\t\t\t\t<div class=\"elementor-element elementor-element-597193f elementor-widget elementor-widget-heading\" data-id=\"597193f\" data-element_type=\"widget\" data-widget_type=\"heading.default\">\n\t\t\t\t<div class=\"elementor-widget-container\">\n\t\t\t<div class=\"elementor-heading-title elementor-size-default\">Distribui\u00e7\u00e3o dos acervos<\/div>\t\t<\/div>\n\t\t\t\t<\/div>\n\t\t\t\t\t<\/div>\n\t\t<\/div>\n\t\t\t\t\t<\/div>\n\t\t<\/section>\n\t\t\t\t<section class=\"elementor-section elementor-top-section elementor-element elementor-element-783bd93 elementor-section-boxed elementor-section-height-default elementor-section-height-default\" data-id=\"783bd93\" data-element_type=\"section\">\n\t\t\t\t\t\t<div class=\"elementor-container elementor-column-gap-default\">\n\t\t\t\t\t<div class=\"elementor-column elementor-col-100 elementor-top-column elementor-element elementor-element-ed34af2\" data-id=\"ed34af2\" data-element_type=\"column\">\n\t\t\t<div class=\"elementor-widget-wrap elementor-element-populated\">\n\t\t\t\t\t\t<div class=\"elementor-element elementor-element-01e3549 elementor-widget elementor-widget-text-editor\" data-id=\"01e3549\" data-element_type=\"widget\" data-widget_type=\"text-editor.default\">\n\t\t\t\t<div class=\"elementor-widget-container\">\n\t\t\t\t\t\t\t<p><span style=\"background-color: inherit;\">Ao longo dos anos, os espa\u00e7os ocupados pela Biblioteca da Faculdade de Direito da USP passaram por diversas reconfigura\u00e7\u00f5es. A \u00faltima grande mudan\u00e7a se deu no ano de 2011, quando a Biblioteca Circulante e as bibliotecas departamentais, que ocupavam praticamente todo o corredor na ala norte do segundo andar do pr\u00e9dio hist\u00f3rico do Largo S\u00e3o Francisco, foram realocadas para dar lugar a salas de aula. Parte desses acervos foi transferida para um edif\u00edcio situado na adjacente Rua Senador Feij\u00f3 e, diante das limita\u00e7\u00f5es do novo endere\u00e7o, outra parte deles teve de retornar ao Pr\u00e9dio Hist\u00f3rico, sendo desmembrada e reabrigada em 3 salas localizadas em seu andar t\u00e9rreo e em uma situada em seu segundo andar, de modo que a atual distribui\u00e7\u00e3o dos acervos encontra-se da seguinte forma:<\/span><\/p>\t\t\t\t\t\t<\/div>\n\t\t\t\t<\/div>\n\t\t\t\t\t<\/div>\n\t\t<\/div>\n\t\t\t\t\t<\/div>\n\t\t<\/section>\n\t\t\t\t<section class=\"elementor-section elementor-top-section elementor-element elementor-element-5b90b80 elementor-section-boxed elementor-section-height-default elementor-section-height-default\" data-id=\"5b90b80\" data-element_type=\"section\">\n\t\t\t\t\t\t<div class=\"elementor-container elementor-column-gap-default\">\n\t\t\t\t\t<div class=\"elementor-column elementor-col-50 elementor-top-column elementor-element elementor-element-d8dbc37\" data-id=\"d8dbc37\" data-element_type=\"column\">\n\t\t\t<div class=\"elementor-widget-wrap elementor-element-populated\">\n\t\t\t\t\t\t<div class=\"elementor-element elementor-element-0e15d95 elementor-widget elementor-widget-text-editor\" data-id=\"0e15d95\" data-element_type=\"widget\" data-widget_type=\"text-editor.default\">\n\t\t\t\t<div class=\"elementor-widget-container\">\n\t\t\t\t\t\t\t<div style=\"width: 100%;\"><div style=\"position: relative; padding-bottom: 56.25%; padding-top: 0; height: 0;\"><iframe title=\"Confira aqui a distribui\u00e7\u00e3o dos acervos\" frameborder=\"0\" width=\"1200\" height=\"675\" style=\"position: absolute; top: 0; left: 0; width: 100%; height: 100%;\" src=\"https:\/\/view.genially.com\/6914eeae26254ceb89e9f00a\" type=\"text\/html\" allowscriptaccess=\"always\" allowfullscreen=\"true\" scrolling=\"yes\" allownetworking=\"all\"><\/iframe> <\/div> <\/div>\t\t\t\t\t\t<\/div>\n\t\t\t\t<\/div>\n\t\t\t\t\t<\/div>\n\t\t<\/div>\n\t\t\t\t<div class=\"elementor-column elementor-col-50 elementor-top-column elementor-element elementor-element-a7ad88b\" data-id=\"a7ad88b\" data-element_type=\"column\">\n\t\t\t<div class=\"elementor-widget-wrap elementor-element-populated\">\n\t\t\t\t\t\t<div class=\"elementor-element elementor-element-9f84213 elementor-widget elementor-widget-text-editor\" data-id=\"9f84213\" data-element_type=\"widget\" data-widget_type=\"text-editor.default\">\n\t\t\t\t<div class=\"elementor-widget-container\">\n\t\t\t\t\t\t\t<div class=\"x14z9mp xat24cr x1lziwak x1vvkbs xtlvy1s x126k92a\">\n<div dir=\"auto\"><span style=\"color: white;\"><strong>Pr\u00e9dio Hist\u00f3rico<\/strong><\/span><\/div><div dir=\"auto\"><a href=\"https:\/\/www.google.com\/maps\/place\/Largo+S%C3%A3o+Francisco,+95+-+Centro+Hist%C3%B3rico+de+S%C3%A3o+Paulo,+S%C3%A3o+Paulo+-+SP,+01005-010\/@-23.550011,-46.6368728,17z\/data=!3m1!4b1!4m6!3m5!1s0x94ce59aca0e42321:0xb894a12d0412f441!8m2!3d-23.550011!4d-46.6368728!16s%2Fg%2F11rgf8zyc6?authuser=0&amp;entry=ttu&amp;g_ep=EgoyMDI1MTExNy4wIKXMDSoASAFQAw%3D%3D\">Largo S\u00e3o Francisco, 95<\/a><\/div>\n<div dir=\"auto\"><\/div>\n<\/div><br>\n<div class=\"x14z9mp xat24cr x1lziwak x1vvkbs xtlvy1s x126k92a\">\n<div dir=\"auto\">Servi\u00e7o de Atendimento ao Usu\u00e1rio (SAU) &#8211; 1\u00ba andar<\/div>\n<div dir=\"auto\">tel.: (11) 3111-4053<\/div>\n<div dir=\"auto\"><\/div>\n<\/div>\n<div class=\"x14z9mp xat24cr x1lziwak x1vvkbs xtlvy1s x126k92a\">\n<div dir=\"auto\">Biblioteca Central (BC) &#8211; 1\u00ba andar<\/div>\n<div dir=\"auto\">tel.: (11) 3111-4052<\/div>\n<div dir=\"auto\"><\/div>\n<\/div>\n<div class=\"x14z9mp xat24cr x1lziwak x1vvkbs xtlvy1s x126k92a\">\n<div dir=\"auto\">Bibliotecas de Direito Internacional (DIN), de Direito Comercial (DCO), de Direito Civil (DCV) e de Direito do Trabalho e da Seguridade Social (DTB) &#8211; com exce\u00e7\u00e3o de peri\u00f3dicos e folhetos &#8211; T\u00e9rreo<\/div>\n<div dir=\"auto\">tel.: (11) 3111-4058<\/div>\n<div dir=\"auto\"><\/div>\n<\/div>\n<div class=\"x14z9mp xat24cr x1lziwak x1vvkbs xtlvy1s x126k92a\">\n<div dir=\"auto\">Sala de Peri\u00f3dicos de DIN, DPC\/DPM, DTB, DCO e DCV &#8211; 2\u00ba andar<\/div>\n<div dir=\"auto\">tel.: (11) 3111-4062<\/div>\n<div dir=\"auto\"><\/div>\n<\/div>\n<div class=\"x14z9mp xat24cr x1lziwak x1vvkbs xtlvy1s x126k92a\">\n<div dir=\"auto\">Pr\u00e9dio Anexo IV<\/div>\n<div dir=\"auto\"><a href=\"https:\/\/www.google.com\/maps\/place\/R.+Sen.+Feij%C3%B3,+197+-+S%C3%A9,+S%C3%A3o+Paulo+-+SP,+01006-001\/@-23.5503123,-46.6363452,17z\/data=!3m1!4b1!4m6!3m5!1s0x94ce59ab66917b49:0x7197e1c0603a6fbf!8m2!3d-23.5503123!4d-46.6363452!16s%2Fg%2F11c2d2v4c1?authuser=0&amp;entry=ttu&amp;g_ep=EgoyMDI1MTExNy4wIKXMDSoASAFQAw%3D%3D\">Rua Senador Feij\u00f3, 197<\/a><\/div>\n<div dir=\"auto\"><\/div>\n<\/div>\n<div class=\"x14z9mp xat24cr x1lziwak x1vvkbs xtlvy1s x126k92a\">\n<div dir=\"auto\">Biblioteca Circulante (BCI) &#8211; 2\u00ba andar tel.: (11) 3111-4194<\/div>\n<\/div>\n<div class=\"x14z9mp xat24cr x1lziwak x1vvkbs xtlvy1s x126k92a\">\n<div dir=\"auto\">Biblioteca de Direito Processual e de Direito Penal, Medicina Forense e Criminologia (DPC\/DPM) e de folhetos de DPC\/DPM, DIN, DCO, DCV e DTB &#8211; 3\u00ba andar<\/div>\n<div dir=\"auto\">tel.: (11) 3111-4192<\/div>\n<div dir=\"auto\"><\/div>\n<\/div>\n<div class=\"x14z9mp xat24cr x1lziwak x1vvkbs xtlvy1s x126k92a\">\n<div dir=\"auto\">Bibliotecas de Filosofia e Teoria Geral do Direito (DFD), de Direito do Estado (DES) e de Direito Econ\u00f4mico e Financeiro (DEF) &#8211; inclui livros, teses, disserta\u00e7\u00f5es, peri\u00f3dicos e folhetos desses tr\u00eas acervos &#8211; 4\u00ba andar<\/div>\n<div dir=\"auto\">tel.: (11) 3111-4193<\/div>\n<\/div>\t\t\t\t\t\t<\/div>\n\t\t\t\t<\/div>\n\t\t\t\t\t<\/div>\n\t\t<\/div>\n\t\t\t\t\t<\/div>\n\t\t<\/section>\n\t\t\t\t<\/div>\n\t\t","protected":false},"excerpt":{"rendered":"<p>Distribui\u00e7\u00e3o dos acervos Ao longo dos anos, os espa\u00e7os ocupados pela Biblioteca da Faculdade de Direito da USP passaram por diversas reconfigura\u00e7\u00f5es. A \u00faltima grande mudan\u00e7a se deu no ano<a href=\"https:\/\/sites.usp.br\/biblifd\/distribuicao-do-acervo\/\">[&#8230;]<\/a><\/p>\n","protected":false},"author":22717,"featured_media":0,"parent":0,"menu_order":0,"comment_status":"closed","ping_status":"closed","template":"elementor_header_footer","meta":{"footnotes":"","_links_to":"","_links_to_target":""},"class_list":["post-5453","page","type-page","status-publish","hentry"],"_links":{"self":[{"href":"https:\/\/sites.usp.br\/biblifd\/wp-json\/wp\/v2\/pages\/5453","targetHints":{"allow":["GET"]}}],"collection":[{"href":"https:\/\/sites.usp.br\/biblifd\/wp-json\/wp\/v2\/pages"}],"about":[{"href":"https:\/\/sites.usp.br\/biblifd\/wp-json\/wp\/v2\/types\/page"}],"author":[{"embeddable":true,"href":"https:\/\/sites.usp.br\/biblifd\/wp-json\/wp\/v2\/users\/22717"}],"replies":[{"embeddable":true,"href":"https:\/\/sites.usp.br\/biblifd\/wp-json\/wp\/v2\/comments?post=5453"}],"version-history":[{"count":4,"href":"https:\/\/sites.usp.br\/biblifd\/wp-json\/wp\/v2\/pages\/5453\/revisions"}],"predecessor-version":[{"id":5524,"href":"https:\/\/sites.usp.br\/biblifd\/wp-json\/wp\/v2\/pages\/5453\/revisions\/5524"}],"wp:attachment":[{"href":"https:\/\/sites.usp.br\/biblifd\/wp-json\/wp\/v2\/media?parent=5453"}],"curies":[{"name":"wp","href":"https:\/\/api.w.org\/{rel}","templated":true}]}}