{"id":1291,"date":"2016-08-03T11:18:18","date_gmt":"2016-08-03T14:18:18","guid":{"rendered":"http:\/\/sites.usp.br\/biocel-tecidual\/?page_id=1291"},"modified":"2018-11-13T16:13:55","modified_gmt":"2018-11-13T18:13:55","slug":"defesa","status":"publish","type":"page","link":"https:\/\/sites.usp.br\/biocel-tecidual\/en\/defesa\/","title":{"rendered":"Defense"},"content":{"rendered":"<p>Students who have passed the qualifying examination and who have submitted the final copies at the Office of Graduate Studies (SPG) within the maximum regimental period, may request to defend the Master\u2019s or Doctoral degree.<\/p>\n<p><span style=\"text-decoration: underline\">Ethics Commission<\/span> \u2013 All research projects to obtain Master\u2019s and\/or Doctoral degrees must be submitted to the ICB\u2019s Ethics Commission for Research on Humans or Laboratory Animals. A copy of the protocol must be included in all copies of the Master\u2019s Thesis or Doctoral Dissertation submitted to the SPG\/ICB.<\/p>\n<p><b>Deadline for Submitting Copies of Thesis\/Dissertation<\/b><\/p>\n<ul>\n<li>MASTER\u2019S DEGREE: 30 months<\/li>\n<li>DOCTORATE WITH MASTER\u2019S DEGREE: 48 months or 60 months (48 months for students active on 17 May 2005 and who opted to change the deadline; 60 months for those who enrolled after this date.)<\/li>\n<li>DIRECT DOCTORATE: 60 months or 72 months (60 months for students active on 17 May 2005 and who opted to change the deadline; 72 months for those who enrolled after this date.)<\/li>\n<\/ul>\n<p>As determined by the Graduate Studies Commission (22 June 2005), according to guidelines of the Dean\u2019s Office of Graduate Studies (<i>Pr\u00f3-Reitoria de P\u00f3s-Gradua\u00e7\u00e3o<\/i>): \u201cFrom this date forward, copies of Theses and Dissertations destined to the Library, after defense thereof, cannot be corrected. In the event there is an indication of the Judging Commission for such procedure, the student shall provide a new copy with the respective corrections, which should be submitted in the Library to be attached to the original copy sent by the Office of Graduate Studies. The new copy must convey the information that the document is a revised edition.\u201d<\/p>\n<p>* For Master\u2019s Degree students who enrolled in or after January 2008: It is recommended to submit to the Program\u2019s Graduate Studies Office, along with the suggestion of the examination panel, at least one QualisA paper (SUBMITTED or ACCEPTED) as lead author. This work should be related to the Master\u2019s thesis.<\/p>\n<p><b>Number of copies required:<\/b><\/p>\n<p>Master\u2019s degree: eight (8) copies<br \/>\nDoctorate: twelve (12) copies<\/p>\n<p>As determined by CoPGr Resolution 5401 of 18 April 2007, a pdf version of the thesis\/dissertation must be submitted along with the hard copies.<\/p>\n<p>The indication of the Judging Committee must have been approved within 60 days <span style=\"text-decoration: underline\">from the submission of the thesis or dissertation<\/span>. After this period, the designation of the Judging Commission, or any change in the composition of the one already approved by the CPG, is the responsibility of the Board of Standards and Appeals of the Graduate Studies Office.<\/p>\n<p><b>The deadline for defense of thesis or dissertation will be ninety days, counted from the approval of the judging committee by the Graduate Studies Commission.<\/b><\/p>\n<p>\u00a7 1. \u00a0Failure to meet the deadline established immediately above shall result in the loss of the right of defense.<\/p>\n<p><span style=\"text-decoration: underline\">Notes:<\/span><br \/>\na) The covers of theses and dissertations are standardized and can be obtained at the ICB Library.<\/p>\n<p>b) Copies must be submitted to the Office of Graduate Studies by the last business day prior to the deadline for submitting of copies, if such deadline falls on a weekend, holiday and optional days officially set by the civil calendar and by the Institution.<br \/>\nc) Documents required for submitting Copies at the Office of Graduate Studies:<\/p>\n<p>\u2013 Copies of Thesis or Dissertation containing the Library Catalog Sheet issued by the ICB Library and Protocol of the ICB Research Ethics Commission;<\/p>\n<p>\u2013 Advisor\u2019s declaration of consent;<br \/>\n\u2013 Completion of the Form of the USP Cultural Heritage Commission;<br \/>\n\u2013 Summary of the purpose of the paper for dissemination purposes.<\/p>\n<p><span style=\"text-decoration: underline\">Composition of the Judging Committee \u2013 the CPG\/ICB is responsible for nominating the members of the Judging Committee:<br \/>\n<\/span>I. All members nominated to compose the Judging Committees for Theses and Dissertations must have a Doctoral degree.<\/p>\n<p>II. In the composition of the Judging Committee, a non-faculty member elected by at least two thirds of the members of the CPG may be nominated. At most, one non-faculty member for Master\u2019s Degree and two non-faculty members for Doctoral degrees will be allowed.<\/p>\n<p>III. Participation of the candidate\u2019s relatives (up to the third degree of kinship) on the Thesis or Dissertation Judging Committee is forbidden.<\/p>","protected":false},"excerpt":{"rendered":"<p>Students who have passed the qualifying examination and who have submitted the final copies at the Office of Graduate Studies (SPG) within the maximum regimental period, may request to defend the Master\u2019s or Doctoral degree. Ethics Commission \u2013 All research projects to obtain Master\u2019s and\/or Doctoral degrees must be submitted to the ICB\u2019s Ethics Commission for Research on Humans or Laboratory Animals. A copy of the protocol must be included in all copies of the Master\u2019s Thesis or Doctoral Dissertation submitted to the SPG\/ICB. Deadline for Submitting Copies of Thesis\/Dissertation MASTER\u2019S DEGREE: 30 months DOCTORATE WITH MASTER\u2019S DEGREE: 48 months or 60 months (48 months for students active on 17 May 2005 and who opted to change the deadline; 60 months for those who enrolled after this date.) DIRECT DOCTORATE: 60 months or 72 months (60 months for students active on 17 May 2005 and who opted to change the deadline; 72 months for those who enrolled after this date.) As determined by the Graduate Studies Commission (22 June 2005), according to guidelines of the Dean\u2019s Office of Graduate Studies (Pr\u00f3-Reitoria de P\u00f3s-Gradua\u00e7\u00e3o): \u201cFrom this date forward, copies of Theses and Dissertations destined to the Library, after defense thereof, cannot [&#8230;]<\/p>\n","protected":false},"author":148,"featured_media":0,"parent":0,"menu_order":0,"comment_status":"closed","ping_status":"closed","template":"","meta":{"footnotes":"","_links_to":"","_links_to_target":""},"class_list":["post-1291","page","type-page","status-publish","hentry"],"_links":{"self":[{"href":"https:\/\/sites.usp.br\/biocel-tecidual\/en\/wp-json\/wp\/v2\/pages\/1291","targetHints":{"allow":["GET"]}}],"collection":[{"href":"https:\/\/sites.usp.br\/biocel-tecidual\/en\/wp-json\/wp\/v2\/pages"}],"about":[{"href":"https:\/\/sites.usp.br\/biocel-tecidual\/en\/wp-json\/wp\/v2\/types\/page"}],"author":[{"embeddable":true,"href":"https:\/\/sites.usp.br\/biocel-tecidual\/en\/wp-json\/wp\/v2\/users\/148"}],"replies":[{"embeddable":true,"href":"https:\/\/sites.usp.br\/biocel-tecidual\/en\/wp-json\/wp\/v2\/comments?post=1291"}],"version-history":[{"count":4,"href":"https:\/\/sites.usp.br\/biocel-tecidual\/en\/wp-json\/wp\/v2\/pages\/1291\/revisions"}],"predecessor-version":[{"id":2126,"href":"https:\/\/sites.usp.br\/biocel-tecidual\/en\/wp-json\/wp\/v2\/pages\/1291\/revisions\/2126"}],"wp:attachment":[{"href":"https:\/\/sites.usp.br\/biocel-tecidual\/en\/wp-json\/wp\/v2\/media?parent=1291"}],"curies":[{"name":"wp","href":"https:\/\/api.w.org\/{rel}","templated":true}]}}