{"id":1195,"date":"2016-08-01T15:39:07","date_gmt":"2016-08-01T18:39:07","guid":{"rendered":"http:\/\/sites.usp.br\/biocel-tecidual\/?page_id=1195"},"modified":"2018-01-22T12:07:19","modified_gmt":"2018-01-22T14:07:19","slug":"apresentacao-2","status":"publish","type":"page","link":"https:\/\/sites.usp.br\/biocel-tecidual\/es\/apresentacao-2\/","title":{"rendered":"(Portugu\u00eas) Apresenta\u00e7\u00e3o"},"content":{"rendered":"<p>El Programa de Posgrado en Biolog\u00eda Celular y de Tejidos (PBC&amp;T), tiene como misi\u00f3n formar docentes\/investigadores plenamente capacitados para actuar en Instituciones de Educaci\u00f3n Superior o Instituciones de Investigaci\u00f3n y Desarrollo Tecnol\u00f3gico, en las \u00e1reas de Biologia Celular, de Tejidos y Desarrollo, principalmente en Brasil y Am\u00e9rica Latina.<\/p>\n<p>El PBC&amp;T tiene como caracter\u00edsticas: la atuaci\u00f3n multidisciplinar, la flexibilizaci\u00f3n, la internacionalizaci\u00f3n cresciente y el est\u00edmulo para la ampliaci\u00f3n del \u00e1rea de Biologia del Desarrollo y de la investigaci\u00f3n enfocada en la innovaci\u00f3n tecnol\u00f3gica. El PBC&amp;T \u00a0se mantiene en constante sinton\u00eda com los posgrados en Brasil \u00a0y en el mundo y \u00a0tambi\u00e9n con las necesidades de una sociedad que cambia cada vez m\u00e1s r\u00e1pidamente. En este sentido, el PBC&amp;T estimula tutores y alumnos a interctuar entre si y con otras instituciones nacionales e internacionales, para publicar con calidad y divulgar los resultados obtenidos.<\/p>\n<p>Adicionalmente, considerando el contexto social en el \u00e1rea de la educaci\u00f3n b\u00e1sica, el PBC&amp;T cre\u00f3, en colaboraci\u00f3n con la EFAP de la Secretar\u00eda de Educaci\u00f3n del Estado de S\u00e3o Paulo, un curso a distancia en Biolog\u00eda Celular dirigido a la atualizaci\u00f3n de los profesores de educaci\u00f3n fundamental y media. De esta forma, el PBC&amp;T busca alcanzar sus metas y contribuir \u00a0en el escenario cient\u00edfico, acad\u00e9mico y social.<\/p>","protected":false},"excerpt":{"rendered":"<p>El Programa de Posgrado en Biolog\u00eda Celular y de Tejidos (PBC&amp;T), tiene como misi\u00f3n formar docentes\/investigadores plenamente capacitados para actuar en Instituciones de Educaci\u00f3n Superior o Instituciones de Investigaci\u00f3n y Desarrollo Tecnol\u00f3gico, en las \u00e1reas de Biologia Celular, de Tejidos y Desarrollo, principalmente en Brasil y Am\u00e9rica Latina. El PBC&amp;T tiene como caracter\u00edsticas: la atuaci\u00f3n multidisciplinar, la flexibilizaci\u00f3n, la internacionalizaci\u00f3n cresciente y el est\u00edmulo para la ampliaci\u00f3n del \u00e1rea de Biologia del Desarrollo y de la investigaci\u00f3n enfocada en la innovaci\u00f3n tecnol\u00f3gica. El PBC&amp;T \u00a0se mantiene en constante sinton\u00eda com los posgrados en Brasil \u00a0y en el mundo y \u00a0tambi\u00e9n con las necesidades de una sociedad que cambia cada vez m\u00e1s r\u00e1pidamente. En este sentido, el PBC&amp;T estimula tutores y alumnos a interctuar entre si y con otras instituciones nacionales e internacionales, para publicar con calidad y divulgar los resultados obtenidos. Adicionalmente, considerando el contexto social en el \u00e1rea de la educaci\u00f3n b\u00e1sica, el PBC&amp;T cre\u00f3, en colaboraci\u00f3n con la EFAP de la Secretar\u00eda de Educaci\u00f3n del Estado de S\u00e3o Paulo, un curso a distancia en Biolog\u00eda Celular dirigido a la atualizaci\u00f3n de los profesores de educaci\u00f3n fundamental y media. De esta forma, el PBC&amp;T busca alcanzar sus metas y [&#8230;]<\/p>\n","protected":false},"author":148,"featured_media":0,"parent":0,"menu_order":0,"comment_status":"closed","ping_status":"closed","template":"","meta":{"footnotes":"","_links_to":"","_links_to_target":""},"class_list":["post-1195","page","type-page","status-publish","hentry"],"_links":{"self":[{"href":"https:\/\/sites.usp.br\/biocel-tecidual\/es\/wp-json\/wp\/v2\/pages\/1195","targetHints":{"allow":["GET"]}}],"collection":[{"href":"https:\/\/sites.usp.br\/biocel-tecidual\/es\/wp-json\/wp\/v2\/pages"}],"about":[{"href":"https:\/\/sites.usp.br\/biocel-tecidual\/es\/wp-json\/wp\/v2\/types\/page"}],"author":[{"embeddable":true,"href":"https:\/\/sites.usp.br\/biocel-tecidual\/es\/wp-json\/wp\/v2\/users\/148"}],"replies":[{"embeddable":true,"href":"https:\/\/sites.usp.br\/biocel-tecidual\/es\/wp-json\/wp\/v2\/comments?post=1195"}],"version-history":[{"count":4,"href":"https:\/\/sites.usp.br\/biocel-tecidual\/es\/wp-json\/wp\/v2\/pages\/1195\/revisions"}],"predecessor-version":[{"id":1997,"href":"https:\/\/sites.usp.br\/biocel-tecidual\/es\/wp-json\/wp\/v2\/pages\/1195\/revisions\/1997"}],"wp:attachment":[{"href":"https:\/\/sites.usp.br\/biocel-tecidual\/es\/wp-json\/wp\/v2\/media?parent=1195"}],"curies":[{"name":"wp","href":"https:\/\/api.w.org\/{rel}","templated":true}]}}