{"id":1207,"date":"2016-08-01T15:40:53","date_gmt":"2016-08-01T18:40:53","guid":{"rendered":"http:\/\/sites.usp.br\/biocel-tecidual\/?page_id=1207"},"modified":"2018-01-22T12:18:48","modified_gmt":"2018-01-22T14:18:48","slug":"orientadores","status":"publish","type":"page","link":"https:\/\/sites.usp.br\/biocel-tecidual\/es\/orientadores\/","title":{"rendered":"Orientadores"},"content":{"rendered":"<p><\/p>\n<ul>\n<li><span style=\"text-decoration: underline\"><a href=\"http:\/\/buscatextual.cnpq.br\/buscatextual\/visualizacv.do?id=K4761251U1\" target=\"_blank\" rel=\"noopener noreferrer\">Alison Colquhoun\u00a0<\/a><\/span><\/li>\n<li><a href=\"http:\/\/buscatextual.cnpq.br\/buscatextual\/visualizacv.do?id=K4777994P8\">Carolina Beltrame del Debbio<\/a><\/li>\n<li><a href=\"http:\/\/buscatextual.cnpq.br\/buscatextual\/visualizacv.do?id=K4784359Y9\" target=\"_blank\" rel=\"noopener noreferrer\">Chao Yun Irene Yan<\/a><\/li>\n<li><a href=\"http:\/\/buscatextual.cnpq.br\/buscatextual\/visualizacv.do?id=K4780847U8\" target=\"_blank\" rel=\"noopener noreferrer\">D\u00e2nia Emi Hamassaki<\/a><\/li>\n<li><a href=\"http:\/\/buscatextual.cnpq.br\/buscatextual\/visualizacv.do?id=K4780893T5\" target=\"_blank\" rel=\"noopener noreferrer\">Edna Teruko Kimura<\/a><\/li>\n<li><a href=\"http:\/\/buscatextual.cnpq.br\/buscatextual\/visualizacv.do?id=K4787059J9\" target=\"_blank\" rel=\"noopener noreferrer\">Estela Bevilacqua<\/a><\/li>\n<li><a href=\"http:\/\/buscatextual.cnpq.br\/buscatextual\/visualizacv.do?id=K4700035E6\" target=\"_blank\" rel=\"noopener noreferrer\">Fernanda Ortis<\/a><\/li>\n<li><a href=\"http:\/\/buscatextual.cnpq.br\/buscatextual\/visualizacv.do?id=K4783548Y7\" target=\"_blank\" rel=\"noopener noreferrer\">Gl\u00e1ucia Maria Machado-Santelli<\/a><\/li>\n<li><a href=\"http:\/\/buscatextual.cnpq.br\/buscatextual\/visualizacv.do?id=K4787002J4\" target=\"_blank\" rel=\"noopener noreferrer\">Jo\u00e3o Gustavo Pessini Amarante Mendes<\/a><\/li>\n<li><a href=\"http:\/\/buscatextual.cnpq.br\/buscatextual\/visualizacv.do?id=K4713587D6\" target=\"_blank\" rel=\"noopener noreferrer\">Jos\u00e9 C\u00e9sar Rosa Neto<\/a><\/li>\n<li><a href=\"http:\/\/buscatextual.cnpq.br\/buscatextual\/visualizacv.do?id=K4790649H9\" target=\"_blank\" rel=\"noopener noreferrer\">Jose Roberto Machado Cunha da Silva<\/a><\/li>\n<li><a href=\"http:\/\/buscatextual.cnpq.br\/buscatextual\/visualizacv.do?id=K4781403Y7\" target=\"_blank\" rel=\"noopener noreferrer\">Jos\u00e9 Xavier-Neto<\/a><\/li>\n<li><a href=\"http:\/\/buscatextual.cnpq.br\/buscatextual\/visualizacv.do?id=K4721856H4\" target=\"_blank\" rel=\"noopener noreferrer\">Maria In\u00eas Borella<\/a><\/li>\n<li><a href=\"http:\/\/buscatextual.cnpq.br\/buscatextual\/visualizacv.do?id=K4792572D5\" target=\"_blank\" rel=\"noopener noreferrer\">Mar\u00edlia Seelaender<\/a><\/li>\n<li><a href=\"http:\/\/buscatextual.cnpq.br\/buscatextual\/visualizacv.do?id=K4704811P7\" target=\"_blank\" rel=\"noopener noreferrer\">Marilene Hohmuth Lopes<\/a><\/li>\n<li><a href=\"http:\/\/buscatextual.cnpq.br\/buscatextual\/visualizacv.do?id=K4784012J9\" target=\"_blank\" rel=\"noopener noreferrer\">Marinilce Fagundes dos Santos<\/a><\/li>\n<li><a href=\"http:\/\/buscatextual.cnpq.br\/buscatextual\/visualizacv.do?id=K4721711E1\" target=\"_blank\" rel=\"noopener noreferrer\">Nathalie Cella<\/a><\/li>\n<li><a href=\"http:\/\/lattes.cnpq.br\/4777447588508123\" target=\"_blank\" rel=\"noopener noreferrer\">Patr\u00edcia Coltri<\/a><\/li>\n<li><a href=\"http:\/\/buscatextual.cnpq.br\/buscatextual\/visualizacv.do?id=K4707341J4\" target=\"_blank\" rel=\"noopener noreferrer\">Patr\u00edcia Gama<\/a><\/li>\n<li><a href=\"http:\/\/buscatextual.cnpq.br\/buscatextual\/visualizacv.do?id=K4799712T6\" target=\"_blank\" rel=\"noopener noreferrer\">Ruy Gastaldoni Jaeger<\/a><\/li>\n<li><a href=\"http:\/\/buscatextual.cnpq.br\/buscatextual\/visualizacv.do?id=K4787597Z2\">Telma Zorn<\/a><\/li>\n<li><a href=\"http:\/\/buscatextual.cnpq.br\/buscatextual\/visualizacv.do?id=K4707480A6\" target=\"_blank\" rel=\"noopener noreferrer\">Vanessa Morais Freitas<\/a><\/li>\n<\/ul>\n<p><\/p>","protected":false},"excerpt":{"rendered":"<p>Alison Colquhoun\u00a0 Carolina Beltrame del Debbio Chao Yun Irene Yan D\u00e2nia Emi Hamassaki Edna Teruko Kimura Estela Bevilacqua Fernanda Ortis Gl\u00e1ucia Maria Machado-Santelli Jo\u00e3o Gustavo Pessini Amarante Mendes Jos\u00e9 C\u00e9sar Rosa Neto Jose Roberto Machado Cunha da Silva Jos\u00e9 Xavier-Neto Maria In\u00eas Borella Mar\u00edlia Seelaender Marilene Hohmuth Lopes Marinilce Fagundes dos Santos Nathalie Cella Patr\u00edcia Coltri Patr\u00edcia Gama Ruy Gastaldoni Jaeger Telma Zorn Vanessa Morais Freitas<\/p>\n","protected":false},"author":148,"featured_media":0,"parent":0,"menu_order":0,"comment_status":"closed","ping_status":"closed","template":"","meta":{"footnotes":"","_links_to":"","_links_to_target":""},"class_list":["post-1207","page","type-page","status-publish","hentry"],"_links":{"self":[{"href":"https:\/\/sites.usp.br\/biocel-tecidual\/es\/wp-json\/wp\/v2\/pages\/1207","targetHints":{"allow":["GET"]}}],"collection":[{"href":"https:\/\/sites.usp.br\/biocel-tecidual\/es\/wp-json\/wp\/v2\/pages"}],"about":[{"href":"https:\/\/sites.usp.br\/biocel-tecidual\/es\/wp-json\/wp\/v2\/types\/page"}],"author":[{"embeddable":true,"href":"https:\/\/sites.usp.br\/biocel-tecidual\/es\/wp-json\/wp\/v2\/users\/148"}],"replies":[{"embeddable":true,"href":"https:\/\/sites.usp.br\/biocel-tecidual\/es\/wp-json\/wp\/v2\/comments?post=1207"}],"version-history":[{"count":4,"href":"https:\/\/sites.usp.br\/biocel-tecidual\/es\/wp-json\/wp\/v2\/pages\/1207\/revisions"}],"predecessor-version":[{"id":2002,"href":"https:\/\/sites.usp.br\/biocel-tecidual\/es\/wp-json\/wp\/v2\/pages\/1207\/revisions\/2002"}],"wp:attachment":[{"href":"https:\/\/sites.usp.br\/biocel-tecidual\/es\/wp-json\/wp\/v2\/media?parent=1207"}],"curies":[{"name":"wp","href":"https:\/\/api.w.org\/{rel}","templated":true}]}}