{"id":1735,"date":"2017-03-03T13:06:45","date_gmt":"2017-03-03T16:06:45","guid":{"rendered":"http:\/\/sites.usp.br\/biocel-tecidual\/?page_id=1735"},"modified":"2017-07-03T11:00:54","modified_gmt":"2017-07-03T14:00:54","slug":"formularios","status":"publish","type":"page","link":"https:\/\/sites.usp.br\/biocel-tecidual\/es\/formularios\/","title":{"rendered":"(Portugu\u00eas) Formul\u00e1rios"},"content":{"rendered":"<p class=\"qtranxs-available-languages-message qtranxs-available-languages-message-es\">Disculpa, pero esta entrada est\u00e1 disponible s\u00f3lo en <a href=\"https:\/\/sites.usp.br\/biocel-tecidual\/pt\/wp-json\/wp\/v2\/pages\/1735\" class=\"qtranxs-available-language-link qtranxs-available-language-link-pt\" title=\"Portugu\u00eas\">Portugu\u00eas<\/a>.<\/p>","protected":false},"excerpt":{"rendered":"<p>Disculpa, pero esta entrada est\u00e1 disponible s\u00f3lo en Portugu\u00eas.<\/p>\n","protected":false},"author":377,"featured_media":0,"parent":0,"menu_order":0,"comment_status":"closed","ping_status":"closed","template":"","meta":{"footnotes":"","_links_to":"","_links_to_target":""},"class_list":["post-1735","page","type-page","status-publish","hentry"],"_links":{"self":[{"href":"https:\/\/sites.usp.br\/biocel-tecidual\/es\/wp-json\/wp\/v2\/pages\/1735","targetHints":{"allow":["GET"]}}],"collection":[{"href":"https:\/\/sites.usp.br\/biocel-tecidual\/es\/wp-json\/wp\/v2\/pages"}],"about":[{"href":"https:\/\/sites.usp.br\/biocel-tecidual\/es\/wp-json\/wp\/v2\/types\/page"}],"author":[{"embeddable":true,"href":"https:\/\/sites.usp.br\/biocel-tecidual\/es\/wp-json\/wp\/v2\/users\/377"}],"replies":[{"embeddable":true,"href":"https:\/\/sites.usp.br\/biocel-tecidual\/es\/wp-json\/wp\/v2\/comments?post=1735"}],"version-history":[{"count":3,"href":"https:\/\/sites.usp.br\/biocel-tecidual\/es\/wp-json\/wp\/v2\/pages\/1735\/revisions"}],"predecessor-version":[{"id":1880,"href":"https:\/\/sites.usp.br\/biocel-tecidual\/es\/wp-json\/wp\/v2\/pages\/1735\/revisions\/1880"}],"wp:attachment":[{"href":"https:\/\/sites.usp.br\/biocel-tecidual\/es\/wp-json\/wp\/v2\/media?parent=1735"}],"curies":[{"name":"wp","href":"https:\/\/api.w.org\/{rel}","templated":true}]}}