{"id":1770,"date":"2017-03-06T12:57:37","date_gmt":"2017-03-06T15:57:37","guid":{"rendered":"http:\/\/sites.usp.br\/biocel-tecidual\/?page_id=1770"},"modified":"2018-01-22T13:10:12","modified_gmt":"2018-01-22T15:10:12","slug":"cursos-de-capacitacao-obrigatorios","status":"publish","type":"page","link":"https:\/\/sites.usp.br\/biocel-tecidual\/es\/cursos-de-capacitacao-obrigatorios\/","title":{"rendered":"(Portugu\u00eas) Cursos de Capacita\u00e7\u00e3o Obrigat\u00f3rios"},"content":{"rendered":"<p class=\"qtranxs-available-languages-message qtranxs-available-languages-message-es\">Disculpa, pero esta entrada est\u00e1 disponible s\u00f3lo en <a href=\"https:\/\/sites.usp.br\/biocel-tecidual\/pt\/wp-json\/wp\/v2\/pages\/1770\" class=\"qtranxs-available-language-link qtranxs-available-language-link-pt\" title=\"Portugu\u00eas\">Portugu\u00eas<\/a> y <a href=\"https:\/\/sites.usp.br\/biocel-tecidual\/en\/wp-json\/wp\/v2\/pages\/1770\" class=\"qtranxs-available-language-link qtranxs-available-language-link-en\" title=\"English\">English<\/a>.<\/p>","protected":false},"excerpt":{"rendered":"<p>Disculpa, pero esta entrada est\u00e1 disponible s\u00f3lo en Portugu\u00eas y English.<\/p>\n","protected":false},"author":377,"featured_media":0,"parent":0,"menu_order":0,"comment_status":"closed","ping_status":"closed","template":"","meta":{"footnotes":"","_links_to":"","_links_to_target":""},"class_list":["post-1770","page","type-page","status-publish","hentry"],"_links":{"self":[{"href":"https:\/\/sites.usp.br\/biocel-tecidual\/es\/wp-json\/wp\/v2\/pages\/1770","targetHints":{"allow":["GET"]}}],"collection":[{"href":"https:\/\/sites.usp.br\/biocel-tecidual\/es\/wp-json\/wp\/v2\/pages"}],"about":[{"href":"https:\/\/sites.usp.br\/biocel-tecidual\/es\/wp-json\/wp\/v2\/types\/page"}],"author":[{"embeddable":true,"href":"https:\/\/sites.usp.br\/biocel-tecidual\/es\/wp-json\/wp\/v2\/users\/377"}],"replies":[{"embeddable":true,"href":"https:\/\/sites.usp.br\/biocel-tecidual\/es\/wp-json\/wp\/v2\/comments?post=1770"}],"version-history":[{"count":4,"href":"https:\/\/sites.usp.br\/biocel-tecidual\/es\/wp-json\/wp\/v2\/pages\/1770\/revisions"}],"predecessor-version":[{"id":2010,"href":"https:\/\/sites.usp.br\/biocel-tecidual\/es\/wp-json\/wp\/v2\/pages\/1770\/revisions\/2010"}],"wp:attachment":[{"href":"https:\/\/sites.usp.br\/biocel-tecidual\/es\/wp-json\/wp\/v2\/media?parent=1770"}],"curies":[{"name":"wp","href":"https:\/\/api.w.org\/{rel}","templated":true}]}}