{"id":1195,"date":"2016-08-01T15:39:07","date_gmt":"2016-08-01T18:39:07","guid":{"rendered":"http:\/\/sites.usp.br\/biocel-tecidual\/?page_id=1195"},"modified":"2018-01-22T12:07:19","modified_gmt":"2018-01-22T14:07:19","slug":"apresentacao-2","status":"publish","type":"page","link":"https:\/\/sites.usp.br\/biocel-tecidual\/apresentacao-2\/","title":{"rendered":"Apresenta\u00e7\u00e3o"},"content":{"rendered":"<p><span style=\"color: #ff6600\"><strong>MISS\u00c3O<\/strong><\/span><br \/>\nO Programa de P\u00f3s-Gradua\u00e7\u00e3o em Biologia Celular e Tecidual (PBC&amp;T) tem como miss\u00e3o formar docentes\/pesquisadores plenamente capacitados para atuar em Institui\u00e7\u00f5es de Ensino Superior ou Institui\u00e7\u00f5es de Pesquisa e Desenvolvimento Tecnol\u00f3gico nas \u00e1reas de Biologia Celular, Tecidual e do Desenvolvimento, principalmente no Brasil e Am\u00e9rica Latina.<\/p>\n<p>Dentre os objetivos espec\u00edficos pautados nos \u00faltimos anos, tem-se:<\/p>\n<ol>\n<li>Incentivar, ampliar e refor\u00e7ar COLABORA\u00c7\u00d5ES entre orientadores do Programa, e destes com outros Programas;<\/li>\n<li>Aumentar a PRODU\u00c7\u00c3O INTELECTUAL de QUALIDADE e de sua INSER\u00c7\u00c3O na \u00e1rea acad\u00eamica internacional, considerando-se especialmente a participa\u00e7\u00e3o de DISCENTES e egressos;<\/li>\n<li>Fortalecer LINHAS de pesquisa, ampliando o QUADRO de orientadores;<\/li>\n<li>Fortalecer as atividades voltadas para INTERNACIONALIZA\u00c7\u00c3O;<\/li>\n<li>Manter a INSER\u00c7\u00c3O nos contextos acad\u00eamico e social, com foco na melhoria da prepara\u00e7\u00e3o de PROFISSIONAIS que atuem em ensino fundamental e m\u00e9dio.Consideramos que estas metas tamb\u00e9m ir\u00e3o contribuir para o aumento da COMPETITIVIDADE de nossos egressos no mercado.<\/li>\n<\/ol>\n<p>O PBC&amp;T tem como caracter\u00edsticas: atua\u00e7\u00e3o multidisciplinar, flexibiliza\u00e7\u00e3o, internacionaliza\u00e7\u00e3o crescente, e est\u00edmulo para amplia\u00e7\u00e3o da \u00e1rea de Biologia do Desenvolvimento e da pesquisa voltada para a inova\u00e7\u00e3o tecnol\u00f3gica.<\/p>\n<p>O PBC&amp;T \u00a0mant\u00e9m em constante sintonia com a P\u00f3s-Gradua\u00e7\u00e3o no Brasil e no mundo e tamb\u00e9m com as necessidades de uma sociedade que muda cada vez mais rapidamente. Nesse sentido, o PBC&amp;T estimula orientadores e alunos a interagirem entre si e tamb\u00e9m com outras Institui\u00e7\u00f5es nacionais e internacionais, para publicar com qualidade e divulgar os resultados obtidos. Al\u00e9m disso, considerando o contexto social na \u00e1rea de educa\u00e7\u00e3o b\u00e1sica, o PBC&amp;T tem um curso de educa\u00e7\u00e3o a\u00a0dist\u00e2ncia em Biologia Celular voltado para a atualiza\u00e7\u00e3o de professores do ensino fundamental e m\u00e9dio. Este curso \u00e9 homologado pela Escola de Forma\u00e7\u00e3o e Aperfei\u00e7oamento de Professores &#8220;Paulo Renato Souza&#8221; da Secretaria de Educa\u00e7\u00e3o deo Estado de S\u00e3o Paulo, e tamb\u00e9m integra as atividades do Instituto Nacional de Ci\u00eancia e Tecnologia INFABIC (CNPq). Dessa forma, o PBC&amp;T procura atingir suas metas e contribuir no cen\u00e1rio cient\u00edfico, acad\u00eamico e social.<\/p>\n<p><strong><span style=\"color: #ff6600\">INFRAESTRUTURA<\/span><\/strong><\/p>\n<p>Com cerca de 21 orientadores, a p\u00f3s-gradua\u00e7\u00e3o aborda de forma variada aspectos importantes da biologia e fisiologia celular.<\/p>\n<p>As principais atividades de pesquisa em desenvolvimento nos laborat\u00f3rios do Departamento podem ser agrupadas em seis grandes temas:<\/p>\n<ul>\n<li>Biologia da C\u00e9lula Tumoral<\/li>\n<li>Biologia da Reprodu\u00e7\u00e3o Animal<\/li>\n<li>Prolifera\u00e7\u00e3o, Diferencia\u00e7\u00e3o e Morte Celular<\/li>\n<li>Metabolismo Celular<\/li>\n<li>Matriz Extracelular Mineralizada e N\u00e3o Mineralizada<\/li>\n<li>Neurobiologia<\/li>\n<li>Biologia do Desenvolvimento<\/li>\n<\/ul>\n<p>Outros aspectos como Mecanismos da Inflama\u00e7\u00e3o e Prot\u00e9olise Celular tamb\u00e9m est\u00e3o sendo abordados.<\/p>\n<p>O Departmento disp\u00f5e de s\u00f3lida infraestrutura material e humana\u00a0para a\u00a0pesquisa nas linhas supracitadas. Laborat\u00f3rios modernos e bem equipados, recursos de inform\u00e1tica e uma das melhores bibliotecas cient\u00edficas do pa\u00eds s\u00e3o algumas das facilidades oferecidas aos que aqui desenvolvem seus estudos p\u00f3s-graduados.<\/p>\n<h4><\/h4>\n<p><\/p>","protected":false},"excerpt":{"rendered":"<p>MISS\u00c3O O Programa de P\u00f3s-Gradua\u00e7\u00e3o em Biologia Celular e Tecidual (PBC&amp;T) tem como miss\u00e3o formar docentes\/pesquisadores plenamente capacitados para atuar em Institui\u00e7\u00f5es de Ensino Superior ou Institui\u00e7\u00f5es de Pesquisa e Desenvolvimento Tecnol\u00f3gico nas \u00e1reas de Biologia Celular, Tecidual e do Desenvolvimento, principalmente no Brasil e Am\u00e9rica Latina. Dentre os objetivos espec\u00edficos pautados nos \u00faltimos anos, tem-se: Incentivar, ampliar e refor\u00e7ar COLABORA\u00c7\u00d5ES entre orientadores do Programa, e destes com outros Programas; Aumentar a PRODU\u00c7\u00c3O INTELECTUAL de QUALIDADE e de sua INSER\u00c7\u00c3O na \u00e1rea acad\u00eamica internacional, considerando-se especialmente a participa\u00e7\u00e3o de DISCENTES e egressos; Fortalecer LINHAS de pesquisa, ampliando o QUADRO de orientadores; Fortalecer as atividades voltadas para INTERNACIONALIZA\u00c7\u00c3O; Manter a INSER\u00c7\u00c3O nos contextos acad\u00eamico e social, com foco na melhoria da prepara\u00e7\u00e3o de PROFISSIONAIS que atuem em ensino fundamental e m\u00e9dio.Consideramos que estas metas tamb\u00e9m ir\u00e3o contribuir para o aumento da COMPETITIVIDADE de nossos egressos no mercado. O PBC&amp;T tem como caracter\u00edsticas: atua\u00e7\u00e3o multidisciplinar, flexibiliza\u00e7\u00e3o, internacionaliza\u00e7\u00e3o crescente, e est\u00edmulo para amplia\u00e7\u00e3o da \u00e1rea de Biologia do Desenvolvimento e da pesquisa voltada para a inova\u00e7\u00e3o tecnol\u00f3gica. O PBC&amp;T \u00a0mant\u00e9m em constante sintonia com a P\u00f3s-Gradua\u00e7\u00e3o no Brasil e no mundo e tamb\u00e9m com as necessidades de uma sociedade que muda cada vez [&#8230;]<\/p>\n","protected":false},"author":148,"featured_media":0,"parent":0,"menu_order":0,"comment_status":"closed","ping_status":"closed","template":"","meta":{"footnotes":"","_links_to":"","_links_to_target":""},"class_list":["post-1195","page","type-page","status-publish","hentry"],"_links":{"self":[{"href":"https:\/\/sites.usp.br\/biocel-tecidual\/wp-json\/wp\/v2\/pages\/1195","targetHints":{"allow":["GET"]}}],"collection":[{"href":"https:\/\/sites.usp.br\/biocel-tecidual\/wp-json\/wp\/v2\/pages"}],"about":[{"href":"https:\/\/sites.usp.br\/biocel-tecidual\/wp-json\/wp\/v2\/types\/page"}],"author":[{"embeddable":true,"href":"https:\/\/sites.usp.br\/biocel-tecidual\/wp-json\/wp\/v2\/users\/148"}],"replies":[{"embeddable":true,"href":"https:\/\/sites.usp.br\/biocel-tecidual\/wp-json\/wp\/v2\/comments?post=1195"}],"version-history":[{"count":4,"href":"https:\/\/sites.usp.br\/biocel-tecidual\/wp-json\/wp\/v2\/pages\/1195\/revisions"}],"predecessor-version":[{"id":1997,"href":"https:\/\/sites.usp.br\/biocel-tecidual\/wp-json\/wp\/v2\/pages\/1195\/revisions\/1997"}],"wp:attachment":[{"href":"https:\/\/sites.usp.br\/biocel-tecidual\/wp-json\/wp\/v2\/media?parent=1195"}],"curies":[{"name":"wp","href":"https:\/\/api.w.org\/{rel}","templated":true}]}}