{"id":1199,"date":"2016-08-01T15:39:38","date_gmt":"2016-08-01T18:39:38","guid":{"rendered":"http:\/\/sites.usp.br\/biocel-tecidual\/?page_id=1199"},"modified":"2017-10-02T16:33:33","modified_gmt":"2017-10-02T19:33:33","slug":"normas","status":"publish","type":"page","link":"https:\/\/sites.usp.br\/biocel-tecidual\/normas\/","title":{"rendered":"Normas"},"content":{"rendered":"<p><a href=\"http:\/\/www.leginf.usp.br\/?resolucao=resolucao-no-6542-de-18-de-abril-de-2013\" target=\"_blank\" rel=\"noopener noreferrer\">Regimento de P\u00f3s-Gradua\u00e7\u00e3o da USP<\/a><\/p>\n<p><span style=\"color: #ff6600\"><strong><strong>Normas do Programa de P\u00f3s-gradua\u00e7\u00e3o em Biologia Celular e Tecidual<\/strong><\/strong><\/span><\/p>\n<p>&nbsp;<\/p>\n<p>Aten\u00e7\u00e3o!!!! As normas do Programa foram modificadas, leia atentamente o documento abaixo.<\/p>\n<p>&nbsp;<\/p>\n<ul>\n<li>Normas vigente para matriculados \u00a0<strong>at\u00e9<\/strong> <strong>11\/agosto\/2014<\/strong>.\u00a0Clique <a href=\"http:\/\/biocel.icb.usp.br\/wp-content\/uploads\/2013\/08\/CCP-Ciencias-Biologia_Celular_e_Tecidual-ICB.pdf\" target=\"_blank\" rel=\"noopener noreferrer\">aqui<\/a> para fazer download.<\/li>\n<\/ul>\n<p>&nbsp;<\/p>\n<ul>\n<li>Normas vigente para matriculados <strong>a partir de\u00a0 12\/agosto\/2014<\/strong>. Clique <a href=\"http:\/\/biocel.icb.usp.br\/wp-content\/uploads\/2013\/08\/Normas_AprovadaCEAN_22_jul_2014_publicada_12_ago_2014.pdf\">aqui<\/a>\u00a0para fazer download<\/li>\n<\/ul>\n<p>&nbsp;<\/p>\n<ul>\n<li>Normas vigente para matriculados <strong>a partir de 26\/09\/2017<\/strong>. Clique <a href=\"http:\/\/sites.usp.br\/biocel-tecidual\/wp-content\/uploads\/sites\/226\/2016\/08\/ICB_CienciasBiologiaCelularTecidual_Altera\u00e7\u00e3oAprovada_CaN_18Set17_Normas-11.pdf\" target=\"_blank\" rel=\"noopener noreferrer\">aqui<\/a> para fazer download<\/li>\n<\/ul>\n<p><\/p>","protected":false},"excerpt":{"rendered":"<p>Regimento de P\u00f3s-Gradua\u00e7\u00e3o da USP Normas do Programa de P\u00f3s-gradua\u00e7\u00e3o em Biologia Celular e Tecidual &nbsp; Aten\u00e7\u00e3o!!!! As normas do Programa foram modificadas, leia atentamente o documento abaixo. &nbsp; Normas vigente para matriculados \u00a0at\u00e9 11\/agosto\/2014.\u00a0Clique aqui para fazer download. &nbsp; Normas vigente para matriculados a partir de\u00a0 12\/agosto\/2014. Clique aqui\u00a0para fazer download &nbsp; Normas vigente para matriculados a partir de 26\/09\/2017. Clique aqui para fazer download<\/p>\n","protected":false},"author":148,"featured_media":0,"parent":0,"menu_order":0,"comment_status":"closed","ping_status":"closed","template":"","meta":{"footnotes":"","_links_to":"","_links_to_target":""},"class_list":["post-1199","page","type-page","status-publish","hentry"],"_links":{"self":[{"href":"https:\/\/sites.usp.br\/biocel-tecidual\/wp-json\/wp\/v2\/pages\/1199","targetHints":{"allow":["GET"]}}],"collection":[{"href":"https:\/\/sites.usp.br\/biocel-tecidual\/wp-json\/wp\/v2\/pages"}],"about":[{"href":"https:\/\/sites.usp.br\/biocel-tecidual\/wp-json\/wp\/v2\/types\/page"}],"author":[{"embeddable":true,"href":"https:\/\/sites.usp.br\/biocel-tecidual\/wp-json\/wp\/v2\/users\/148"}],"replies":[{"embeddable":true,"href":"https:\/\/sites.usp.br\/biocel-tecidual\/wp-json\/wp\/v2\/comments?post=1199"}],"version-history":[{"count":4,"href":"https:\/\/sites.usp.br\/biocel-tecidual\/wp-json\/wp\/v2\/pages\/1199\/revisions"}],"predecessor-version":[{"id":1937,"href":"https:\/\/sites.usp.br\/biocel-tecidual\/wp-json\/wp\/v2\/pages\/1199\/revisions\/1937"}],"wp:attachment":[{"href":"https:\/\/sites.usp.br\/biocel-tecidual\/wp-json\/wp\/v2\/media?parent=1199"}],"curies":[{"name":"wp","href":"https:\/\/api.w.org\/{rel}","templated":true}]}}