{"id":1211,"date":"2016-08-01T15:41:30","date_gmt":"2016-08-01T18:41:30","guid":{"rendered":"http:\/\/sites.usp.br\/biocel-tecidual\/?page_id=1211"},"modified":"2017-03-09T13:44:12","modified_gmt":"2017-03-09T16:44:12","slug":"disciplinas","status":"publish","type":"page","link":"https:\/\/sites.usp.br\/biocel-tecidual\/disciplinas\/","title":{"rendered":"Prazos e Cr\u00e9ditos"},"content":{"rendered":"<p><\/p>\n<h4><a href=\"https:\/\/uspdigital.usp.br\/janus\/componente\/catalogoDisciplinasInicial.jsf?action=4&amp;tipo=D&amp;codcpg=42\" target=\"_blank\"><span style=\"color: #ff6600\">\u00a0DISCIPLINAS OBRIGAT\u00d3RIAS- Veja nas<\/span><\/a><a href=\"http:\/\/sites.usp.br\/biocel-tecidual\/informacoes-gerais\/normas\/\" target=\"_blank\"> Normas<\/a> em que voc\u00ea se enquadra, quais s\u00e3o as disciplinas que deve cumprir.<br \/>\n<span style=\"color: #ff6600\"><a style=\"color: #ff6600\" href=\"https:\/\/uspdigital.usp.br\/janus\/componente\/catalogoDisciplinasInicial.jsf?action=4&amp;tipo=D&amp;codcpg=42\" target=\"_blank\">Cat\u00e1logo Janus de Disciplinas &#8211;\u00a0Biologia Celular e Tecidual<\/a><\/span><\/h4>\n<h4><\/h4>\n<p><strong>Prazos<\/strong><\/p>\n<ul class=\"circle\">\n<li>Os prazos m\u00e1ximos para o dep\u00f3sito dos documentos s\u00e3o os seguintes:\n<ul class=\"disc\">\n<li>Disserta\u00e7\u00e3o de Mestrado: 30 (trinta) meses.<\/li>\n<li>Tese de Doutorado: 60 (sessenta) meses.<\/li>\n<li>Tese de Doutorado, sem obten\u00e7\u00e3o pr\u00e9via do t\u00edtulo de Mestre (Doutorado Direto): 72<br \/>\n(setenta e dois) meses.<\/li>\n<\/ul>\n<\/li>\n<\/ul>\n<p><strong>Cr\u00e9ditos<\/strong><\/p>\n<p>A integraliza\u00e7\u00e3o dos estudos necess\u00e1rios ao Grau de Mestre e Doutor, ser\u00e1 expressa em Unidades de Cr\u00e9dito. A Unidade de Cr\u00e9dito corresponde a quinze horas de atividades programadas.<\/p>\n<ol class=\"decimal\">\n<li>O candidato ao t\u00edtulo de Mestre dever\u00e1 completar no m\u00ednimo 96 (noventa e seis) cr\u00e9ditos, sendo:\n<ul class=\"disc\">\n<li>um m\u00ednimo de 32 (trinta e dois) cr\u00e9ditos em disciplinas;<\/li>\n<li>64 (sessenta e quatro) cr\u00e9ditos referentes ao preparo da Disserta\u00e7\u00e3o.<\/li>\n<\/ul>\n<\/li>\n<li>O candidato ao t\u00edtulo de Doutor, sem obten\u00e7\u00e3o pr\u00e9via do t\u00edtulo de Mestre (Doutorado Direto), dever\u00e1 completar no m\u00ednimo 192 (cento e noventa e dois) cr\u00e9ditos, sendo:\n<ul class=\"disc\">\n<li>um m\u00ednimo de 56 (cinquenta e seis) cr\u00e9ditos em disciplinas;<\/li>\n<li>136 (cento e trinta e seis) cr\u00e9ditos referentes ao preparo da Tese.<\/li>\n<\/ul>\n<\/li>\n<li>O candidato ao t\u00edtulo de Doutor, portador do t\u00edtulo de Mestre, dever completar no m\u00ednimo 160 (cento e sessenta ) cr\u00e9ditos, sendo:\n<ul class=\"disc\">\n<li>pelo menos 24 (vinte e quatro) cr\u00e9ditos em disciplinas;<\/li>\n<li>136 (cento e trinta e seis) cr\u00e9ditos referentes ao preparo da Tese.<\/li>\n<\/ul>\n<\/li>\n<li>N\u00famero m\u00e1ximo de cr\u00e9ditos que podem ser atribu\u00eddos como cr\u00e9ditos especiais respeitado o limite de 50% dos cr\u00e9ditos obrigat\u00f3rios.\n<ul class=\"disc\">\n<li>Mestrado 16 cr\u00e9ditos<\/li>\n<li>Doutorado Direto 28 cr\u00e9ditos<\/li>\n<li>Doutorado c\/Mestrado 12 cr\u00e9ditos<\/li>\n<\/ul>\n<\/li>\n<\/ol>\n<p><strong>Quadro demonstrativo dos limites para atribui\u00e7\u00e3o de cr\u00e9ditos por atividades programadas ( Aplica\u00e7\u00e3o do Artigo 65 da Resolu\u00e7\u00e3o CoPGr 5473\/2009<\/strong><\/p>\n<table border=\"1\" cellspacing=\"0\" cellpadding=\"0\">\n<tbody>\n<tr>\n<td valign=\"top\" width=\"208\">N\u00edveis<\/td>\n<td valign=\"top\" width=\"193\">Limite de 50%<\/td>\n<\/tr>\n<tr>\n<td valign=\"top\" width=\"208\">Mestrado<\/td>\n<td valign=\"top\" width=\"193\">16 cr\u00e9ditos<\/td>\n<\/tr>\n<tr>\n<td valign=\"top\" width=\"208\">Doutorado Direto<\/td>\n<td valign=\"top\" width=\"193\">28 cr\u00e9ditos<\/td>\n<\/tr>\n<tr>\n<td valign=\"top\" width=\"208\">Doutorado c\/Mestrado<\/td>\n<td valign=\"top\" width=\"193\">12 cr\u00e9ditos<\/td>\n<\/tr>\n<\/tbody>\n<\/table>\n<p><strong>Aproveitamento de Cr\u00e9ditos:<\/strong><\/p>\n<ul class=\"disc\">\n<ul class=\"disc\">\n<li>Cr\u00e9ditos Isolados &#8211; realizada anteriormente ao ingresso no Curso e a sua inclus\u00e3o, acarretar\u00e1 na retroa\u00e7\u00e3o do prazo regimental a partir do in\u00edcio da primeira disciplina aproveitada.<\/li>\n<\/ul>\n<\/ul>\n<ul class=\"disc\">\n<ul class=\"disc\">\n<li>Cr\u00e9ditos externos (Artigo 78 do Regimento da P\u00f3s-Gradua\u00e7\u00e3o USP) &#8211; disciplinas realizadas em Programas de P\u00f3s-Gradua\u00e7\u00e3o &#8220;strictu-sensu&#8221; recomendadas pela CAPES, n\u00e3o pertencentes \u00e0 USP, incluindo UNICAMP e UNESP. Ser\u00e3o concedidos cr\u00e9ditos pela CPG\/ICB mediante apresenta\u00e7\u00e3o da avalia\u00e7\u00e3o final e a ementa da disciplina emitida pela institui\u00e7\u00e3o de origem.Limite m\u00e1ximo de atribui\u00e7\u00e3o ser\u00e1 de 1\/3 dos cr\u00e9ditos exigidos em disciplinas para cada n\u00edvel:Mestrado,\u00a0Doutorado Direto,\u00a0Doutorado c\/Mestrado: 10 cr\u00e9ditos,\u00a018 cr\u00e9ditos,\u00a08 cr\u00e9ditos, respectivamente<\/li>\n<\/ul>\n<\/ul>\n<ul class=\"disc\">\n<ul class=\"disc\">\n<li>Cr\u00e9ditos obtidos ap\u00f3s o exame de qualifica\u00e7\u00e3o do mestrado &#8211; poder\u00e3o ser computados para fins de Doutoramento, por\u00e9m, com a retroa\u00e7\u00e3o do prazo a partir da data da defesa do Mestrado.Observa\u00e7\u00e3o importante: O aluno em fase de defesa do T\u00edtulo de Mestre que estiver com a matr\u00edcula ativa em disciplina dever\u00e1 solicitar o seu cancelamento dentro do prazo fixado no calend\u00e1rio ou concluir a disciplina antes da defesa do Titulo.<\/li>\n<\/ul>\n<\/ul>\n<ul class=\"disc\">\n<ul class=\"disc\">\n<li>Poder\u00e3o, ainda, ser atribu\u00eddos os cr\u00e9ditos at\u00e9 o limite de 1\/3, ao aluno que, embora tendo cumprido integralmente um Curso de Mestrado fora da USP, n\u00e3o tenha, por raz\u00f5es diversas, obtido a equival\u00eancia do respectivo t\u00edtulo. O aproveitamento desses cr\u00e9ditos n\u00e3o implicar\u00e1 na retroa\u00e7\u00e3o do prazo regimental.<\/li>\n<\/ul>\n<\/ul>\n<ul class=\"disc\">\n<li>Cr\u00e9ditos obtidos em disciplinas de p\u00f3s-gradua\u00e7\u00e3o realizadas durante o Programa de Inicia\u00e7\u00e3o Cient\u00edfica reconhecida pela CPG\/ICB, poder\u00e3o ser computados no conjunto necess\u00e1rio para a obten\u00e7\u00e3o do t\u00edtulo de mestre ou doutor, desde que o aluno seja admitido em um destes Cursos, no prazo m\u00e1ximo de tr\u00eas anos ap\u00f3s a conclus\u00e3o da disciplina.<\/li>\n<\/ul>\n<p><strong>Tutoria e Monitoria<\/strong>\u00a0&#8211; realizada junto a alunos de Gradua\u00e7\u00e3o. A atividade de tutoria ou monitoria dever\u00e1 ser realizada de acordo com o Regimento Geral da USP.<\/p>\n<p><strong>Est\u00e1gios e Cursos Extra-Curriculares<\/strong>\u00a0&#8211; Os alunos dever\u00e3o obter autoriza\u00e7\u00e3o pr\u00e9via da CPG\/ICB para realiza\u00e7\u00e3o da atividade.<\/p>\n<p>A avalia\u00e7\u00e3o ser\u00e1 feira com base no m\u00e9rito da atividade desenvolvida e levar\u00e1 em considera\u00e7\u00e3o a dist\u00e2ncia geogr\u00e1fica:<\/p>\n<ul class=\"disc\">\n<li>Na mesma regi\u00e3o geogr\u00e1fica<\/li>\n<li>Nacional &#8211; fora da regi\u00e3o geogr\u00e1fica<\/li>\n<li>Internacional &#8211; exclu\u00eddo est\u00e1gio sandu\u00edche<\/li>\n<\/ul>\n<p><strong>Documenta\u00e7\u00e3o exigida:<\/strong><\/p>\n<ol class=\"lalpha\">\n<li>Para autoriza\u00e7\u00e3o pr\u00e9via:\n<ul class=\"disc\">\n<li>Carta de aceita\u00e7\u00e3o para realiza\u00e7\u00e3o do est\u00e1gio, emitido pela institui\u00e7\u00e3o de destino ou da inscri\u00e7\u00e3o para participa\u00e7\u00e3o no Curso.<\/li>\n<li>Plano de est\u00e1gio ou do programa do curso, contendo a carga hor\u00e1ria.<\/li>\n<\/ul>\n<\/li>\n<li>Para atribui\u00e7\u00e3o de cr\u00e9ditos pela atividade realizada:\n<ul class=\"disc\">\n<li>Certificado, Atestado ou Declara\u00e7\u00e3o da Institui\u00e7\u00e3o onde foi realizado o Est\u00e1gio, contendo a carga hor\u00e1ria total e avalia\u00e7\u00e3o, quando existir.<\/li>\n<li>Certificado, Atestado ou Declara\u00e7\u00e3o emitido pela Institui\u00e7\u00e3o promotora do Curso, contendo a carga hor\u00e1ria total, freq\u00fc\u00eancia e avalia\u00e7\u00e3o final, quando existir.<\/li>\n<\/ul>\n<\/li>\n<\/ol>\n<h4><\/h4>\n<p><\/p>","protected":false},"excerpt":{"rendered":"<p>\u00a0DISCIPLINAS OBRIGAT\u00d3RIAS- Veja nas Normas em que voc\u00ea se enquadra, quais s\u00e3o as disciplinas que deve cumprir. Cat\u00e1logo Janus de Disciplinas &#8211;\u00a0Biologia Celular e Tecidual Prazos Os prazos m\u00e1ximos para o dep\u00f3sito dos documentos s\u00e3o os seguintes: Disserta\u00e7\u00e3o de Mestrado: 30 (trinta) meses. Tese de Doutorado: 60 (sessenta) meses. Tese de Doutorado, sem obten\u00e7\u00e3o pr\u00e9via do t\u00edtulo de Mestre (Doutorado Direto): 72 (setenta e dois) meses. Cr\u00e9ditos A integraliza\u00e7\u00e3o dos estudos necess\u00e1rios ao Grau de Mestre e Doutor, ser\u00e1 expressa em Unidades de Cr\u00e9dito. A Unidade de Cr\u00e9dito corresponde a quinze horas de atividades programadas. O candidato ao t\u00edtulo de Mestre dever\u00e1 completar no m\u00ednimo 96 (noventa e seis) cr\u00e9ditos, sendo: um m\u00ednimo de 32 (trinta e dois) cr\u00e9ditos em disciplinas; 64 (sessenta e quatro) cr\u00e9ditos referentes ao preparo da Disserta\u00e7\u00e3o. O candidato ao t\u00edtulo de Doutor, sem obten\u00e7\u00e3o pr\u00e9via do t\u00edtulo de Mestre (Doutorado Direto), dever\u00e1 completar no m\u00ednimo 192 (cento e noventa e dois) cr\u00e9ditos, sendo: um m\u00ednimo de 56 (cinquenta e seis) cr\u00e9ditos em disciplinas; 136 (cento e trinta e seis) cr\u00e9ditos referentes ao preparo da Tese. O candidato ao t\u00edtulo de Doutor, portador do t\u00edtulo de Mestre, dever completar no m\u00ednimo 160 (cento e sessenta ) [&#8230;]<\/p>\n","protected":false},"author":148,"featured_media":0,"parent":0,"menu_order":0,"comment_status":"closed","ping_status":"closed","template":"page-full.php","meta":{"footnotes":"","_links_to":"","_links_to_target":""},"class_list":["post-1211","page","type-page","status-publish","hentry"],"_links":{"self":[{"href":"https:\/\/sites.usp.br\/biocel-tecidual\/wp-json\/wp\/v2\/pages\/1211","targetHints":{"allow":["GET"]}}],"collection":[{"href":"https:\/\/sites.usp.br\/biocel-tecidual\/wp-json\/wp\/v2\/pages"}],"about":[{"href":"https:\/\/sites.usp.br\/biocel-tecidual\/wp-json\/wp\/v2\/types\/page"}],"author":[{"embeddable":true,"href":"https:\/\/sites.usp.br\/biocel-tecidual\/wp-json\/wp\/v2\/users\/148"}],"replies":[{"embeddable":true,"href":"https:\/\/sites.usp.br\/biocel-tecidual\/wp-json\/wp\/v2\/comments?post=1211"}],"version-history":[{"count":6,"href":"https:\/\/sites.usp.br\/biocel-tecidual\/wp-json\/wp\/v2\/pages\/1211\/revisions"}],"predecessor-version":[{"id":1816,"href":"https:\/\/sites.usp.br\/biocel-tecidual\/wp-json\/wp\/v2\/pages\/1211\/revisions\/1816"}],"wp:attachment":[{"href":"https:\/\/sites.usp.br\/biocel-tecidual\/wp-json\/wp\/v2\/media?parent=1211"}],"curies":[{"name":"wp","href":"https:\/\/api.w.org\/{rel}","templated":true}]}}