{"id":1237,"date":"2016-08-02T11:17:23","date_gmt":"2016-08-02T14:17:23","guid":{"rendered":"http:\/\/sites.usp.br\/biocel-tecidual\/?page_id=1237"},"modified":"2017-03-24T06:10:43","modified_gmt":"2017-03-24T09:10:43","slug":"producao-cientifica","status":"publish","type":"page","link":"https:\/\/sites.usp.br\/biocel-tecidual\/producao-cientifica\/","title":{"rendered":"Produ\u00e7\u00e3o Cient\u00edfica"},"content":{"rendered":"<p><\/p>\n<h4><span style=\"color: #ff6600\">Produ\u00e7\u00e3o Cient\u00edfica-Ferramentas de Busca<br \/>\n<\/span><\/h4>\n<p><a href=\"https:\/\/sucupira.capes.gov.br\/sucupira\/public\/informacoes_programa\/informacoesPrograma.jsf;jsessionid=U48GVvacX8hOBSvOfnhf6Cs7.sucupira-203\" target=\"_blank\"><img loading=\"lazy\" decoding=\"async\" class=\"alignnone  wp-image-1783\" src=\"http:\/\/sites.usp.br\/biocel-tecidual\/wp-content\/uploads\/sites\/226\/2016\/08\/plataforma-sucupira-2-300x122.jpg\" alt=\"plataforma-sucupira-2\" width=\"236\" height=\"96\" \/><\/a><\/p>\n<p><a href=\"http:\/\/buscatextual.cnpq.br\/buscatextual\/busca.do?metodo=apresentar\" target=\"_blank\"><img loading=\"lazy\" decoding=\"async\" class=\"alignnone  wp-image-1785\" src=\"http:\/\/sites.usp.br\/biocel-tecidual\/wp-content\/uploads\/sites\/226\/2016\/08\/destaque-curriculo-lattes-300x169.png\" alt=\"destaque-curriculo-lattes\" width=\"241\" height=\"136\" srcset=\"https:\/\/sites.usp.br\/biocel-tecidual\/wp-content\/uploads\/sites\/226\/2016\/08\/destaque-curriculo-lattes-300x169.png 300w, https:\/\/sites.usp.br\/biocel-tecidual\/wp-content\/uploads\/sites\/226\/2016\/08\/destaque-curriculo-lattes-1024x578.png 1024w, https:\/\/sites.usp.br\/biocel-tecidual\/wp-content\/uploads\/sites\/226\/2016\/08\/destaque-curriculo-lattes-310x174.png 310w\" sizes=\"auto, (max-width: 241px) 100vw, 241px\" \/><\/a><\/p>\n<p><a href=\"https:\/\/uspdigital.usp.br\/datausp\/\" target=\"_blank\"><img loading=\"lazy\" decoding=\"async\" class=\"alignnone  wp-image-1786\" src=\"http:\/\/sites.usp.br\/biocel-tecidual\/wp-content\/uploads\/sites\/226\/2016\/08\/logo_PRP_web2-e1445000009504-300x97.png\" alt=\"logo_PRP_web2-e1445000009504\" width=\"254\" height=\"82\" srcset=\"https:\/\/sites.usp.br\/biocel-tecidual\/wp-content\/uploads\/sites\/226\/2016\/08\/logo_PRP_web2-e1445000009504-300x97.png 300w, https:\/\/sites.usp.br\/biocel-tecidual\/wp-content\/uploads\/sites\/226\/2016\/08\/logo_PRP_web2-e1445000009504.png 1000w\" sizes=\"auto, (max-width: 254px) 100vw, 254px\" \/><\/a><\/p>\n<p>Em 2016, orientadores (DP), discentes e egressos (5 anos) do PBC&amp;T publicaram 51 artigos. Segundo o qualis da (\u00e1rea CBI 2015), nove (17,6 %) foram publicados no estrato A1, nove (17,6 %) no estrato A2, vinte e um (41,2 %) no estrato B1, tr\u00eas (5,9 %) no estrato B2, sete (13,7 %) no estrato B3 e dois no estrato C (3,9 %). Sendo assim, 39 ARTIGOS (76,5 %) pertenciam a estratos MAIORES OU IGUAIS A B1.<\/p>\n<p>Em 2016, discentes e egressos do PBC&amp;T tiveram participa\u00e7\u00e3o muito boa na produ\u00e7\u00e3o cient\u00edfica do Programa: 72,5 % do total de artigos publicados, e 77 % daqueles em estratos &gt;= B1.<\/p>\n<p>Na an\u00e1lise do QUADRI\u00caNIO (qualis 2015), orientadores, discentes e egressos publicaram 207 artigos (estratos A1- B5):<\/p>\n<ul>\n<li>* A1: 21 (10,1 %)<\/li>\n<li>* A2: 40 (19,3 %)<\/li>\n<li>* B1: 80 (38,6 %)<\/li>\n<li>* B2: 28 (13,5 %)<\/li>\n<li>* B3: 27 (13,1 %)<\/li>\n<li>* B4: 11 (5,3 (%)<\/li>\n<li>* B5: zero<\/li>\n<\/ul>\n<p>Dos 207 artigos publicados, 141 (68 %) est\u00e3o em ESTRATOS &gt;= B1.<\/p>\n<p>Do total de artigos publicados no quadri\u00eanio, DISCENTES E EGRESSOS participaram de 118 ARTIGOS (57 %), e destes, 81 s\u00e3o &gt;= B1 (57,4 %).<\/p>","protected":false},"excerpt":{"rendered":"<p>Produ\u00e7\u00e3o Cient\u00edfica-Ferramentas de Busca Em 2016, orientadores (DP), discentes e egressos (5 anos) do PBC&amp;T publicaram 51 artigos. Segundo o qualis da (\u00e1rea CBI 2015), nove (17,6 %) foram publicados no estrato A1, nove (17,6 %) no estrato A2, vinte e um (41,2 %) no estrato B1, tr\u00eas (5,9 %) no estrato B2, sete (13,7 %) no estrato B3 e dois no estrato C (3,9 %). Sendo assim, 39 ARTIGOS (76,5 %) pertenciam a estratos MAIORES OU IGUAIS A B1. Em 2016, discentes e egressos do PBC&amp;T tiveram participa\u00e7\u00e3o muito boa na produ\u00e7\u00e3o cient\u00edfica do Programa: 72,5 % do total de artigos publicados, e 77 % daqueles em estratos &gt;= B1. Na an\u00e1lise do QUADRI\u00caNIO (qualis 2015), orientadores, discentes e egressos publicaram 207 artigos (estratos A1- B5): * A1: 21 (10,1 %) * A2: 40 (19,3 %) * B1: 80 (38,6 %) * B2: 28 (13,5 %) * B3: 27 (13,1 %) * B4: 11 (5,3 (%) * B5: zero Dos 207 artigos publicados, 141 (68 %) est\u00e3o em ESTRATOS &gt;= B1. Do total de artigos publicados no quadri\u00eanio, DISCENTES E EGRESSOS participaram de 118 ARTIGOS (57 %), e destes, 81 s\u00e3o &gt;= B1 (57,4 %).<\/p>\n","protected":false},"author":148,"featured_media":0,"parent":0,"menu_order":0,"comment_status":"closed","ping_status":"closed","template":"","meta":{"footnotes":"","_links_to":"","_links_to_target":""},"class_list":["post-1237","page","type-page","status-publish","hentry"],"_links":{"self":[{"href":"https:\/\/sites.usp.br\/biocel-tecidual\/wp-json\/wp\/v2\/pages\/1237","targetHints":{"allow":["GET"]}}],"collection":[{"href":"https:\/\/sites.usp.br\/biocel-tecidual\/wp-json\/wp\/v2\/pages"}],"about":[{"href":"https:\/\/sites.usp.br\/biocel-tecidual\/wp-json\/wp\/v2\/types\/page"}],"author":[{"embeddable":true,"href":"https:\/\/sites.usp.br\/biocel-tecidual\/wp-json\/wp\/v2\/users\/148"}],"replies":[{"embeddable":true,"href":"https:\/\/sites.usp.br\/biocel-tecidual\/wp-json\/wp\/v2\/comments?post=1237"}],"version-history":[{"count":6,"href":"https:\/\/sites.usp.br\/biocel-tecidual\/wp-json\/wp\/v2\/pages\/1237\/revisions"}],"predecessor-version":[{"id":1829,"href":"https:\/\/sites.usp.br\/biocel-tecidual\/wp-json\/wp\/v2\/pages\/1237\/revisions\/1829"}],"wp:attachment":[{"href":"https:\/\/sites.usp.br\/biocel-tecidual\/wp-json\/wp\/v2\/media?parent=1237"}],"curies":[{"name":"wp","href":"https:\/\/api.w.org\/{rel}","templated":true}]}}