{"id":1257,"date":"2016-08-02T11:24:34","date_gmt":"2016-08-02T14:24:34","guid":{"rendered":"http:\/\/sites.usp.br\/biocel-tecidual\/?page_id=1257"},"modified":"2018-02-15T14:47:50","modified_gmt":"2018-02-15T16:47:50","slug":"formularios-2","status":"publish","type":"page","link":"https:\/\/sites.usp.br\/biocel-tecidual\/formularios-2\/","title":{"rendered":"Formul\u00e1rios"},"content":{"rendered":"<p><\/p>\n<ul>\n<li><a href=\"https:\/\/ww2.icb.usp.br\/pos\/formularios\/\" target=\"_blank\" rel=\"noopener noreferrer\">Formul\u00e1rios da CPG-ICB\u00a0<\/a><\/li>\n<li><a href=\"http:\/\/biocel.icb.usp.br\/wp-content\/uploads\/2016\/09\/Formulario-de-Avaliacao-de-disciplina.doc\">Formul\u00e1rio de Avaliacao de Disciplina<\/a><\/li>\n<li><a href=\"http:\/\/sites.usp.br\/biocel-tecidual\/wp-content\/uploads\/sites\/226\/2016\/08\/FORMUL\u00c1RIO-INSCRI\u00c7\u00c3O-PPGBCT.docx\">FORMUL\u00c1RIO INSCRI\u00c7\u00c3O PPGBCT<\/a><\/li>\n<\/ul>\n<p><\/p>","protected":false},"excerpt":{"rendered":"<p>Formul\u00e1rios da CPG-ICB\u00a0 Formul\u00e1rio de Avaliacao de Disciplina FORMUL\u00c1RIO INSCRI\u00c7\u00c3O PPGBCT<\/p>\n","protected":false},"author":148,"featured_media":0,"parent":0,"menu_order":0,"comment_status":"closed","ping_status":"closed","template":"","meta":{"footnotes":"","_links_to":"","_links_to_target":""},"class_list":["post-1257","page","type-page","status-publish","hentry"],"_links":{"self":[{"href":"https:\/\/sites.usp.br\/biocel-tecidual\/wp-json\/wp\/v2\/pages\/1257","targetHints":{"allow":["GET"]}}],"collection":[{"href":"https:\/\/sites.usp.br\/biocel-tecidual\/wp-json\/wp\/v2\/pages"}],"about":[{"href":"https:\/\/sites.usp.br\/biocel-tecidual\/wp-json\/wp\/v2\/types\/page"}],"author":[{"embeddable":true,"href":"https:\/\/sites.usp.br\/biocel-tecidual\/wp-json\/wp\/v2\/users\/148"}],"replies":[{"embeddable":true,"href":"https:\/\/sites.usp.br\/biocel-tecidual\/wp-json\/wp\/v2\/comments?post=1257"}],"version-history":[{"count":4,"href":"https:\/\/sites.usp.br\/biocel-tecidual\/wp-json\/wp\/v2\/pages\/1257\/revisions"}],"predecessor-version":[{"id":2052,"href":"https:\/\/sites.usp.br\/biocel-tecidual\/wp-json\/wp\/v2\/pages\/1257\/revisions\/2052"}],"wp:attachment":[{"href":"https:\/\/sites.usp.br\/biocel-tecidual\/wp-json\/wp\/v2\/media?parent=1257"}],"curies":[{"name":"wp","href":"https:\/\/api.w.org\/{rel}","templated":true}]}}