{"id":1294,"date":"2016-08-03T11:18:48","date_gmt":"2016-08-03T14:18:48","guid":{"rendered":"http:\/\/sites.usp.br\/biocel-tecidual\/?page_id=1294"},"modified":"2018-01-22T18:26:43","modified_gmt":"2018-01-22T20:26:43","slug":"bolsas-e-auxilios","status":"publish","type":"page","link":"https:\/\/sites.usp.br\/biocel-tecidual\/bolsas-e-auxilios\/","title":{"rendered":"Bolsas e Aux\u00edlios"},"content":{"rendered":"<p><span style=\"color: #ff0000\"><strong>SOBRE BOLSAS NO PROGRAMA BC&amp;T<\/strong><\/span><\/p>\n<p>O Programa de P\u00f3s- Gradua\u00e7\u00e3o em Biologia Celular e Tecidual tem conceito cinco na CAPES, o que permite que o Programa atribua bolsas aos alunos de Mestrado e Doutorado. O n\u00famero de bolsas \u00e9 informado pelo pela Pr\u00f3- Reitoria de P\u00f3s- Gradua\u00e7\u00e3o USP anualmente, podendo aumentar ou diminuir de acordo com o or\u00e7amento das ag\u00eancias de fomento.<\/p>\n<p>As bolsas s\u00e3o administradas pelo Programa e devem ser anualmente renovadas. Sendo assim, tanto para a concess\u00e3o quanto para a renova\u00e7\u00e3o das bolsas, o Programa considera os crit\u00e9rios abaixo listados.<\/p>\n<p><span style=\"color: #ff0000\"><strong>CRIT\u00c9RIOS PARA CONCESS\u00c3O DE BOLSAS<\/strong><\/span><\/p>\n<p>A concess\u00e3o de uma bolsa \u00e9 feita no momento em que h\u00e1 disponibilidade dentro da cota do Programa, considerando:<\/p>\n<ol>\n<li>resultado da prova de conhecimentos realizada no ingresso ao Programa (<strong>para classifica\u00e7\u00e3o para bolsa a nota deve ser maior ou igual a 7,0<\/strong>)<\/li>\n<li>resultado final do exame de ingresso (segundo normas vigentes)<\/li>\n<\/ol>\n<p>A <strong>nota final<\/strong> \u00e9 calculada como a m\u00e9dia da prova escrita e\u00a0do desempenho no exame de ingresso, e deve ser <strong>maior ou igual a sete.<\/strong><\/p>\n<p>A prova de conhecimentos, cujo programa \u00e9 definido e publicado no Edital de Abertura do Processo Seletivo, \u00e9 aplicada por uma Comiss\u00e3o assessora designada pela CCP. Sua corre\u00e7\u00e3o \u00e9 independente da banca do exame de ingresso, realizada sempre por tr\u00eas docentes que trabalham separadamente, sem conhecimento da identidade dos candidatos. A nota final representa a m\u00e9dia dos tr\u00eas avaliadores.<\/p>\n<p>Por obedecer a todos esses crit\u00e9rios e fazer parte de um edital p\u00fablico de sele\u00e7\u00e3o, <strong>n\u00e3o se permite revis\u00e3o de prova.<\/strong><\/p>\n<p>A prova de conhecimentos pode ser realizada no m\u00e1ximo duas vezes, caso o aluno n\u00e3o atinja a nota necess\u00e1ria para a atribui\u00e7\u00e3o de bolsa (<strong>7,0<\/strong>).<\/p>\n<p>Caso o aluno n\u00e3o alcance o conceito m\u00ednimo para ingresso no programa (<strong>5,0<\/strong>), esta prova n\u00e3o ser\u00e1 considerada na contagem, pois ele n\u00e3o prosseguir\u00e1 para o exame de sele\u00e7\u00e3o.<\/p>\n<p>Em caso de aprova\u00e7\u00e3o na prova de conhecimentos com nota igual ou maior que <strong>7,0<\/strong> somente na segunda oportunidade, a m\u00e9dia do candidato ser\u00e1 <strong>calculada novamente<\/strong> levando em considera\u00e7\u00e3o a nota recebida no seu exame de sele\u00e7\u00e3o, e ele ser\u00e1 reclassificado junto aos ingressantes.<\/p>\n<p>Todas as cotas dispon\u00edveis ser\u00e3o ocupadas na sele\u00e7\u00e3o, desde que os crit\u00e9rios j\u00e1 descritos sejam observados. Se no momento da aprova\u00e7\u00e3o <strong>n\u00e3o houver disponibilidade<\/strong> de bolsa, o candidato aguardar\u00e1 at\u00e9 a libera\u00e7\u00e3o da cota, de acordo com a classifica\u00e7\u00e3o obtida (at\u00e9 o segundo lugar, no m\u00e1ximo). O tempo limite para essa classifica\u00e7\u00e3o \u00e9 o exame de ingresso seguinte, quando todos os que atenderem aos crit\u00e9rios ser\u00e3o reclassificados.<\/p>\n<p><span style=\"color: #ff0000\"><strong>CRIT\u00c9RIOS PARA RENOVA\u00c7\u00c3O ANUAL DE BOLSAS<\/strong><\/span><\/p>\n<p>Para CAPES e CNPq, a renova\u00e7\u00e3o das bolsas deve ser <strong>anual, n\u00e3o \u00e9 autom\u00e1tica<\/strong>, e deve obedecer aos seguintes crit\u00e9rios estabelecidos pelo Programa:<\/p>\n<ul>\n<li>desempenho do aluno, verificado nos relat\u00f3rios individuais e anuais do Programa;<\/li>\n<li>participa\u00e7\u00e3o em atividades organizadas pelo Programa de P\u00f3s- Gradua\u00e7\u00e3o: semana de recep\u00e7\u00e3o, reuni\u00f5es, assembleias e Retiro, por exemplo, (caso o aluno nao possa participar dever\u00e1 apresentar justificativa);<\/li>\n<li>participa\u00e7\u00e3o dos orientadores em atividades do Programa (ministrar disciplinas, inclusive) e colabora\u00e7\u00e3o para a coleta de informa\u00e7\u00f5es para o relat\u00f3rio anual CAPES, principalmente por meio de atualiza\u00e7\u00e3o frequente em bases de dados.<\/li>\n<\/ul>\n<p><a href=\"http:\/\/www.capes.gov.br\/bolsas\/bolsas-no-pais\/ds-e-proap\" target=\"_blank\" rel=\"noopener noreferrer\">Informa\u00e7\u00f5es CAPES sobre Bolsas<\/a><\/p>\n<p><a href=\"http:\/\/www.cnpq.br\/web\/guest\/apresentacao13\" target=\"_blank\" rel=\"noopener noreferrer\">Informa\u00e7\u00f5es CNPq sobre Bolsas<\/a><\/p>","protected":false},"excerpt":{"rendered":"<p>SOBRE BOLSAS NO PROGRAMA BC&amp;T O Programa de P\u00f3s- Gradua\u00e7\u00e3o em Biologia Celular e Tecidual tem conceito cinco na CAPES, o que permite que o Programa atribua bolsas aos alunos de Mestrado e Doutorado. O n\u00famero de bolsas \u00e9 informado pelo pela Pr\u00f3- Reitoria de P\u00f3s- Gradua\u00e7\u00e3o USP anualmente, podendo aumentar ou diminuir de acordo com o or\u00e7amento das ag\u00eancias de fomento. As bolsas s\u00e3o administradas pelo Programa e devem ser anualmente renovadas. Sendo assim, tanto para a concess\u00e3o quanto para a renova\u00e7\u00e3o das bolsas, o Programa considera os crit\u00e9rios abaixo listados. CRIT\u00c9RIOS PARA CONCESS\u00c3O DE BOLSAS A concess\u00e3o de uma bolsa \u00e9 feita no momento em que h\u00e1 disponibilidade dentro da cota do Programa, considerando: resultado da prova de conhecimentos realizada no ingresso ao Programa (para classifica\u00e7\u00e3o para bolsa a nota deve ser maior ou igual a 7,0) resultado final do exame de ingresso (segundo normas vigentes) A nota final \u00e9 calculada como a m\u00e9dia da prova escrita e\u00a0do desempenho no exame de ingresso, e deve ser maior ou igual a sete. A prova de conhecimentos, cujo programa \u00e9 definido e publicado no Edital de Abertura do Processo Seletivo, \u00e9 aplicada por uma Comiss\u00e3o assessora designada pela CCP. Sua [&#8230;]<\/p>\n","protected":false},"author":148,"featured_media":0,"parent":0,"menu_order":0,"comment_status":"closed","ping_status":"closed","template":"","meta":{"footnotes":"","_links_to":"","_links_to_target":""},"class_list":["post-1294","page","type-page","status-publish","hentry"],"_links":{"self":[{"href":"https:\/\/sites.usp.br\/biocel-tecidual\/wp-json\/wp\/v2\/pages\/1294","targetHints":{"allow":["GET"]}}],"collection":[{"href":"https:\/\/sites.usp.br\/biocel-tecidual\/wp-json\/wp\/v2\/pages"}],"about":[{"href":"https:\/\/sites.usp.br\/biocel-tecidual\/wp-json\/wp\/v2\/types\/page"}],"author":[{"embeddable":true,"href":"https:\/\/sites.usp.br\/biocel-tecidual\/wp-json\/wp\/v2\/users\/148"}],"replies":[{"embeddable":true,"href":"https:\/\/sites.usp.br\/biocel-tecidual\/wp-json\/wp\/v2\/comments?post=1294"}],"version-history":[{"count":4,"href":"https:\/\/sites.usp.br\/biocel-tecidual\/wp-json\/wp\/v2\/pages\/1294\/revisions"}],"predecessor-version":[{"id":2012,"href":"https:\/\/sites.usp.br\/biocel-tecidual\/wp-json\/wp\/v2\/pages\/1294\/revisions\/2012"}],"wp:attachment":[{"href":"https:\/\/sites.usp.br\/biocel-tecidual\/wp-json\/wp\/v2\/media?parent=1294"}],"curies":[{"name":"wp","href":"https:\/\/api.w.org\/{rel}","templated":true}]}}