{"id":1299,"date":"2016-08-03T11:23:19","date_gmt":"2016-08-03T14:23:19","guid":{"rendered":"http:\/\/sites.usp.br\/biocel-tecidual\/?page_id=1299"},"modified":"2018-01-22T12:21:22","modified_gmt":"2018-01-22T14:21:22","slug":"localizacao-e-equipe","status":"publish","type":"page","link":"https:\/\/sites.usp.br\/biocel-tecidual\/localizacao-e-equipe\/","title":{"rendered":"Localiza\u00e7\u00e3o e Equipe"},"content":{"rendered":"<p><span style=\"color: #ff6600\"><strong>Localiza\u00e7\u00e3o<\/strong><\/span><\/p>\n<p>Secretaria do Programa de PG em Biologia Celular e Tecidual<br \/>\nDepto. de Biologia Celular e do Desenvolvimento<br \/>\nInstituto de Ci\u00eancias Biom\u00e9dicas<br \/>\nAv. Prof. Lineu Prestes, 1524 s.419 &#8211; Cidade Universit\u00e1ria<br \/>\n05508-000 &#8211; S\u00e3o Paulo &#8211; SP<\/p>\n<p><span style=\"color: #ff6600\"><strong>Contato<\/strong><\/span><\/p>\n<p>Tania Cacheiro (ppg.biocelular@usp.br)<br \/>\ntel. (11) 3091-7306<\/p>\n<p><span style=\"color: #ff6600\"><strong>Hor\u00e1rio de Atendimento<\/strong><\/span><\/p>\n<p>Das 9h \u00e0s 11h<br \/>\nDas 13h \u00e0s 17h<\/p>","protected":false},"excerpt":{"rendered":"<p>Localiza\u00e7\u00e3o Secretaria do Programa de PG em Biologia Celular e Tecidual Depto. de Biologia Celular e do Desenvolvimento Instituto de Ci\u00eancias Biom\u00e9dicas Av. Prof. Lineu Prestes, 1524 s.419 &#8211; Cidade Universit\u00e1ria 05508-000 &#8211; S\u00e3o Paulo &#8211; SP Contato Tania Cacheiro (ppg.biocelular@usp.br) tel. (11) 3091-7306 Hor\u00e1rio de Atendimento Das 9h \u00e0s 11h Das 13h \u00e0s 17h<\/p>\n","protected":false},"author":148,"featured_media":0,"parent":0,"menu_order":0,"comment_status":"closed","ping_status":"closed","template":"","meta":{"footnotes":"","_links_to":"","_links_to_target":""},"class_list":["post-1299","page","type-page","status-publish","hentry"],"_links":{"self":[{"href":"https:\/\/sites.usp.br\/biocel-tecidual\/wp-json\/wp\/v2\/pages\/1299","targetHints":{"allow":["GET"]}}],"collection":[{"href":"https:\/\/sites.usp.br\/biocel-tecidual\/wp-json\/wp\/v2\/pages"}],"about":[{"href":"https:\/\/sites.usp.br\/biocel-tecidual\/wp-json\/wp\/v2\/types\/page"}],"author":[{"embeddable":true,"href":"https:\/\/sites.usp.br\/biocel-tecidual\/wp-json\/wp\/v2\/users\/148"}],"replies":[{"embeddable":true,"href":"https:\/\/sites.usp.br\/biocel-tecidual\/wp-json\/wp\/v2\/comments?post=1299"}],"version-history":[{"count":5,"href":"https:\/\/sites.usp.br\/biocel-tecidual\/wp-json\/wp\/v2\/pages\/1299\/revisions"}],"predecessor-version":[{"id":2003,"href":"https:\/\/sites.usp.br\/biocel-tecidual\/wp-json\/wp\/v2\/pages\/1299\/revisions\/2003"}],"wp:attachment":[{"href":"https:\/\/sites.usp.br\/biocel-tecidual\/wp-json\/wp\/v2\/media?parent=1299"}],"curies":[{"name":"wp","href":"https:\/\/api.w.org\/{rel}","templated":true}]}}